{"id":7330,"date":"2020-11-16T18:20:30","date_gmt":"2023-09-10T13:50:15","guid":{"rendered":"https:\/\/uuesaaluseveinitalu.ee\/toode\/rowan-apple-wine-750-ml\/"},"modified":"2024-11-19T17:04:32","modified_gmt":"2024-11-19T15:04:32","slug":"saaluse-sarmikas","status":"publish","type":"product","link":"https:\/\/uuesaaluseveinitalu.ee\/en\/toode\/saaluse-sarmikas\/","title":{"rendered":"Rowan- apple wine 750 ml"},"content":{"rendered":"<div>Alcohol 11 % vol, bottle 750 ml. A wine made from the 2021 harvest, which has reached a good balance after 2 years of aging.<\/div>\n<div>\n<p>Raw material: wild rowan berries grown in southern Estonia, mildly grown apples from the Uue-Saaluse wine farm.<\/p>\n<p>Appearance: straw yellow, clear and bright.<\/p>\n<p>Aroma: rowan berries are clearly noticeable in the fruity fragrance bouquet<\/p>\n<p>Taste: medium-bodied white semi-dry wine, the taste first reveals slightly bitter notes of mountain ash, complemented by the juiciness of apple, the sweet fruitiness of the wine manifests itself in the aftertaste<\/p>\n<p>Serving: chilled in a white wine glass at 10-12\u00b0C.<\/p>\n<p>Food recommendation: red fish, chicken, white cheese<\/p>\n<\/div>\n","protected":false},"excerpt":{"rendered":"<p>Alcohol 11 % vol, bottle 750 ml. A wine made from the 2021 harvest, which has reached a good balance after 2 years of aging. Raw material: wild rowan berries grown in southern Estonia, mildly grown apples from the Uue-Saaluse wine farm. Appearance: straw yellow, clear and bright. Aroma: rowan berries are clearly noticeable in [&hellip;]<\/p>\n","protected":false},"featured_media":4389,"comment_status":"closed","ping_status":"closed","template":"","meta":{"_acf_changed":false},"product_brand":[],"product_cat":[87],"product_tag":[127],"class_list":{"0":"post-7330","1":"product","2":"type-product","3":"status-publish","4":"has-post-thumbnail","6":"product_cat-wines","7":"product_tag-semi-dry","9":"first","10":"instock","11":"taxable","12":"shipping-taxable","13":"purchasable","14":"product-type-simple"},"acf":[],"yoast_head":"<!-- This site is optimized with the Yoast SEO plugin v24.3 - https:\/\/yoast.com\/wordpress\/plugins\/seo\/ -->\n<title>Rowan- apple wine 750 ml - Uue-Saaluse Veinitalu<\/title>\n<meta name=\"description\" content=\"The wine gets its special charm from rowan berries picked from our farm, softened by apple. Serve chilled at 8-10 \u00b0C. The wine is a good company wine, but also pairs well with white cheese and pork. The product has a local trade mark- Uma Mekk. The wine can be bought from farm shop or e-shop.\" \/>\n<meta name=\"robots\" content=\"index, follow, max-snippet:-1, max-image-preview:large, max-video-preview:-1\" \/>\n<link rel=\"canonical\" href=\"https:\/\/uuesaaluseveinitalu.ee\/en\/toode\/saaluse-sarmikas\/\" \/>\n<meta property=\"og:locale\" content=\"en_US\" \/>\n<meta property=\"og:type\" content=\"article\" \/>\n<meta property=\"og:title\" content=\"Rowan- apple wine 750 ml - Uue-Saaluse Veinitalu\" \/>\n<meta property=\"og:description\" content=\"The wine gets its special charm from rowan berries picked from our farm, softened by apple. Serve chilled at 8-10 \u00b0C. The wine is a good company wine, but also pairs well with white cheese and pork. The product has a local trade mark- Uma Mekk. The wine can be bought from farm shop or e-shop.\" \/>\n<meta property=\"og:url\" content=\"https:\/\/uuesaaluseveinitalu.ee\/en\/toode\/saaluse-sarmikas\/\" \/>\n<meta property=\"og:site_name\" content=\"Uue-Saaluse Veinitalu\" \/>\n<meta property=\"article:modified_time\" content=\"2024-11-19T15:04:32+00:00\" \/>\n<meta property=\"og:image\" content=\"https:\/\/uuesaaluseveinitalu.ee\/wp-content\/uploads\/2020\/07\/saaluse-sarmikas.jpg\" \/>\n\t<meta property=\"og:image:width\" content=\"800\" \/>\n\t<meta property=\"og:image:height\" content=\"1212\" \/>\n\t<meta property=\"og:image:type\" content=\"image\/jpeg\" \/>\n<meta name=\"twitter:card\" content=\"summary_large_image\" \/>\n<meta name=\"twitter:label1\" content=\"Est. reading time\" \/>\n\t<meta name=\"twitter:data1\" content=\"1 minute\" \/>\n<script type=\"application\/ld+json\" class=\"yoast-schema-graph\">{\"@context\":\"https:\/\/schema.org\",\"@graph\":[{\"@type\":\"WebPage\",\"@id\":\"https:\/\/uuesaaluseveinitalu.ee\/en\/toode\/saaluse-sarmikas\/\",\"url\":\"https:\/\/uuesaaluseveinitalu.ee\/en\/toode\/saaluse-sarmikas\/\",\"name\":\"Rowan- apple wine 750 ml - Uue-Saaluse Veinitalu\",\"isPartOf\":{\"@id\":\"https:\/\/uuesaaluseveinitalu.ee\/en\/#website\"},\"primaryImageOfPage\":{\"@id\":\"https:\/\/uuesaaluseveinitalu.ee\/en\/toode\/saaluse-sarmikas\/#primaryimage\"},\"image\":{\"@id\":\"https:\/\/uuesaaluseveinitalu.ee\/en\/toode\/saaluse-sarmikas\/#primaryimage\"},\"thumbnailUrl\":\"https:\/\/uuesaaluseveinitalu.ee\/wp-content\/uploads\/2020\/07\/saaluse-sarmikas.jpg\",\"datePublished\":\"2023-09-10T13:50:15+00:00\",\"dateModified\":\"2024-11-19T15:04:32+00:00\",\"description\":\"The wine gets its special charm from rowan berries picked from our farm, softened by apple. Serve chilled at 8-10 \u00b0C. The wine is a good company wine, but also pairs well with white cheese and pork. The product has a local trade mark- Uma Mekk. The wine can be bought from farm shop or e-shop.\",\"breadcrumb\":{\"@id\":\"https:\/\/uuesaaluseveinitalu.ee\/en\/toode\/saaluse-sarmikas\/#breadcrumb\"},\"inLanguage\":\"en-US\",\"potentialAction\":[{\"@type\":\"ReadAction\",\"target\":[\"https:\/\/uuesaaluseveinitalu.ee\/en\/toode\/saaluse-sarmikas\/\"]}]},{\"@type\":\"ImageObject\",\"inLanguage\":\"en-US\",\"@id\":\"https:\/\/uuesaaluseveinitalu.ee\/en\/toode\/saaluse-sarmikas\/#primaryimage\",\"url\":\"https:\/\/uuesaaluseveinitalu.ee\/wp-content\/uploads\/2020\/07\/saaluse-sarmikas.jpg\",\"contentUrl\":\"https:\/\/uuesaaluseveinitalu.ee\/wp-content\/uploads\/2020\/07\/saaluse-sarmikas.jpg\",\"width\":800,\"height\":1212},{\"@type\":\"BreadcrumbList\",\"@id\":\"https:\/\/uuesaaluseveinitalu.ee\/en\/toode\/saaluse-sarmikas\/#breadcrumb\",\"itemListElement\":[{\"@type\":\"ListItem\",\"position\":1,\"name\":\"Home\",\"item\":\"https:\/\/uuesaaluseveinitalu.ee\/en\/\"},{\"@type\":\"ListItem\",\"position\":2,\"name\":\"Shop\",\"item\":\"https:\/\/uuesaaluseveinitalu.ee\/en\/shop\/\"},{\"@type\":\"ListItem\",\"position\":3,\"name\":\"Rowan- apple wine 750 ml\"}]},{\"@type\":\"WebSite\",\"@id\":\"https:\/\/uuesaaluseveinitalu.ee\/en\/#website\",\"url\":\"https:\/\/uuesaaluseveinitalu.ee\/en\/\",\"name\":\"Uue-Saaluse Veinitalu\",\"description\":\"K\u00e4sit\u00f6\u00f6veinid Haanjamaalt!\",\"potentialAction\":[{\"@type\":\"SearchAction\",\"target\":{\"@type\":\"EntryPoint\",\"urlTemplate\":\"https:\/\/uuesaaluseveinitalu.ee\/en\/?s={search_term_string}\"},\"query-input\":{\"@type\":\"PropertyValueSpecification\",\"valueRequired\":true,\"valueName\":\"search_term_string\"}}],\"inLanguage\":\"en-US\"}]}<\/script>\n<!-- \/ Yoast SEO plugin. -->","yoast_head_json":{"title":"Rowan- apple wine 750 ml - Uue-Saaluse Veinitalu","description":"The wine gets its special charm from rowan berries picked from our farm, softened by apple. Serve chilled at 8-10 \u00b0C. The wine is a good company wine, but also pairs well with white cheese and pork. The product has a local trade mark- Uma Mekk. The wine can be bought from farm shop or e-shop.","robots":{"index":"index","follow":"follow","max-snippet":"max-snippet:-1","max-image-preview":"max-image-preview:large","max-video-preview":"max-video-preview:-1"},"canonical":"https:\/\/uuesaaluseveinitalu.ee\/en\/toode\/saaluse-sarmikas\/","og_locale":"en_US","og_type":"article","og_title":"Rowan- apple wine 750 ml - Uue-Saaluse Veinitalu","og_description":"The wine gets its special charm from rowan berries picked from our farm, softened by apple. Serve chilled at 8-10 \u00b0C. The wine is a good company wine, but also pairs well with white cheese and pork. The product has a local trade mark- Uma Mekk. The wine can be bought from farm shop or e-shop.","og_url":"https:\/\/uuesaaluseveinitalu.ee\/en\/toode\/saaluse-sarmikas\/","og_site_name":"Uue-Saaluse Veinitalu","article_modified_time":"2024-11-19T15:04:32+00:00","og_image":[{"width":800,"height":1212,"url":"https:\/\/uuesaaluseveinitalu.ee\/wp-content\/uploads\/2020\/07\/saaluse-sarmikas.jpg","type":"image\/jpeg"}],"twitter_card":"summary_large_image","twitter_misc":{"Est. reading time":"1 minute"},"schema":{"@context":"https:\/\/schema.org","@graph":[{"@type":"WebPage","@id":"https:\/\/uuesaaluseveinitalu.ee\/en\/toode\/saaluse-sarmikas\/","url":"https:\/\/uuesaaluseveinitalu.ee\/en\/toode\/saaluse-sarmikas\/","name":"Rowan- apple wine 750 ml - Uue-Saaluse Veinitalu","isPartOf":{"@id":"https:\/\/uuesaaluseveinitalu.ee\/en\/#website"},"primaryImageOfPage":{"@id":"https:\/\/uuesaaluseveinitalu.ee\/en\/toode\/saaluse-sarmikas\/#primaryimage"},"image":{"@id":"https:\/\/uuesaaluseveinitalu.ee\/en\/toode\/saaluse-sarmikas\/#primaryimage"},"thumbnailUrl":"https:\/\/uuesaaluseveinitalu.ee\/wp-content\/uploads\/2020\/07\/saaluse-sarmikas.jpg","datePublished":"2023-09-10T13:50:15+00:00","dateModified":"2024-11-19T15:04:32+00:00","description":"The wine gets its special charm from rowan berries picked from our farm, softened by apple. Serve chilled at 8-10 \u00b0C. The wine is a good company wine, but also pairs well with white cheese and pork. The product has a local trade mark- Uma Mekk. The wine can be bought from farm shop or e-shop.","breadcrumb":{"@id":"https:\/\/uuesaaluseveinitalu.ee\/en\/toode\/saaluse-sarmikas\/#breadcrumb"},"inLanguage":"en-US","potentialAction":[{"@type":"ReadAction","target":["https:\/\/uuesaaluseveinitalu.ee\/en\/toode\/saaluse-sarmikas\/"]}]},{"@type":"ImageObject","inLanguage":"en-US","@id":"https:\/\/uuesaaluseveinitalu.ee\/en\/toode\/saaluse-sarmikas\/#primaryimage","url":"https:\/\/uuesaaluseveinitalu.ee\/wp-content\/uploads\/2020\/07\/saaluse-sarmikas.jpg","contentUrl":"https:\/\/uuesaaluseveinitalu.ee\/wp-content\/uploads\/2020\/07\/saaluse-sarmikas.jpg","width":800,"height":1212},{"@type":"BreadcrumbList","@id":"https:\/\/uuesaaluseveinitalu.ee\/en\/toode\/saaluse-sarmikas\/#breadcrumb","itemListElement":[{"@type":"ListItem","position":1,"name":"Home","item":"https:\/\/uuesaaluseveinitalu.ee\/en\/"},{"@type":"ListItem","position":2,"name":"Shop","item":"https:\/\/uuesaaluseveinitalu.ee\/en\/shop\/"},{"@type":"ListItem","position":3,"name":"Rowan- apple wine 750 ml"}]},{"@type":"WebSite","@id":"https:\/\/uuesaaluseveinitalu.ee\/en\/#website","url":"https:\/\/uuesaaluseveinitalu.ee\/en\/","name":"Uue-Saaluse Veinitalu","description":"K\u00e4sit\u00f6\u00f6veinid Haanjamaalt!","potentialAction":[{"@type":"SearchAction","target":{"@type":"EntryPoint","urlTemplate":"https:\/\/uuesaaluseveinitalu.ee\/en\/?s={search_term_string}"},"query-input":{"@type":"PropertyValueSpecification","valueRequired":true,"valueName":"search_term_string"}}],"inLanguage":"en-US"}]}},"_links":{"self":[{"href":"https:\/\/uuesaaluseveinitalu.ee\/en\/wp-json\/wp\/v2\/product\/7330","targetHints":{"allow":["GET"]}}],"collection":[{"href":"https:\/\/uuesaaluseveinitalu.ee\/en\/wp-json\/wp\/v2\/product"}],"about":[{"href":"https:\/\/uuesaaluseveinitalu.ee\/en\/wp-json\/wp\/v2\/types\/product"}],"replies":[{"embeddable":true,"href":"https:\/\/uuesaaluseveinitalu.ee\/en\/wp-json\/wp\/v2\/comments?post=7330"}],"wp:featuredmedia":[{"embeddable":true,"href":"https:\/\/uuesaaluseveinitalu.ee\/en\/wp-json\/wp\/v2\/media\/4389"}],"wp:attachment":[{"href":"https:\/\/uuesaaluseveinitalu.ee\/en\/wp-json\/wp\/v2\/media?parent=7330"}],"wp:term":[{"taxonomy":"product_brand","embeddable":true,"href":"https:\/\/uuesaaluseveinitalu.ee\/en\/wp-json\/wp\/v2\/product_brand?post=7330"},{"taxonomy":"product_cat","embeddable":true,"href":"https:\/\/uuesaaluseveinitalu.ee\/en\/wp-json\/wp\/v2\/product_cat?post=7330"},{"taxonomy":"product_tag","embeddable":true,"href":"https:\/\/uuesaaluseveinitalu.ee\/en\/wp-json\/wp\/v2\/product_tag?post=7330"}],"curies":[{"name":"wp","href":"https:\/\/api.w.org\/{rel}","templated":true}]}}