{"id":7328,"date":"2023-07-26T16:47:21","date_gmt":"2023-09-10T13:09:28","guid":{"rendered":"https:\/\/uuesaaluseveinitalu.ee\/toode\/red-gooseberry-sparkling-wine-750ml-alk-11-vol\/"},"modified":"2023-09-10T16:09:28","modified_gmt":"2023-09-10T13:09:28","slug":"red-gooseberry-sparkling-wine-750ml","status":"publish","type":"product","link":"https:\/\/uuesaaluseveinitalu.ee\/en\/toode\/red-gooseberry-sparkling-wine-750ml\/","title":{"rendered":"Red gooseberry sparkling wine 750ml, alk 11 % vol"},"content":{"rendered":"<p>Semi-dry<\/p>\n<p><strong>Raw material<\/strong>: Red gooseberries from South Estonia<\/p>\n<p><strong>Appearance<\/strong>: Crimson red colour , clear, with light bubbles<\/p>\n<p><strong>Aroma<\/strong>: berry, fresh<\/p>\n<p><strong>Taste<\/strong>: Berries, rather semi-sweet, acid with medium intensity, red berries, raspberries, gooseberries, red currants can be felt in the taste<\/p>\n<p><strong>Serving<\/strong>: from a glass of sparkling wine or white wine 8-10\u00b0C.<\/p>\n<p><strong>Food recommendations<\/strong>: a good choice for desserts with berries, berry foams, meringue and ice cream go well.<\/p>\n","protected":false},"excerpt":{"rendered":"<p>Semi-dry Raw material: Red gooseberries from South Estonia Appearance: Crimson red colour , clear, with light bubbles Aroma: berry, fresh Taste: Berries, rather semi-sweet, acid with medium intensity, red berries, raspberries, gooseberries, red currants can be felt in the taste Serving: from a glass of sparkling wine or white wine 8-10\u00b0C. Food recommendations: a good [&hellip;]<\/p>\n","protected":false},"featured_media":7622,"comment_status":"closed","ping_status":"closed","template":"","meta":{"_acf_changed":false},"product_brand":[],"product_cat":[88],"product_tag":[],"class_list":{"0":"post-7328","1":"product","2":"type-product","3":"status-publish","4":"has-post-thumbnail","6":"product_cat-sparkling-wine","8":"first","9":"instock","10":"taxable","11":"shipping-taxable","12":"purchasable","13":"product-type-simple"},"acf":[],"yoast_head":"<!-- This site is optimized with the Yoast SEO plugin v24.3 - https:\/\/yoast.com\/wordpress\/plugins\/seo\/ -->\n<title>Red gooseberry sparkling wine 750ml, alk 11 % vol - Uue-Saaluse Veinitalu<\/title>\n<meta name=\"robots\" content=\"index, follow, max-snippet:-1, max-image-preview:large, max-video-preview:-1\" \/>\n<link rel=\"canonical\" href=\"https:\/\/uuesaaluseveinitalu.ee\/en\/toode\/red-gooseberry-sparkling-wine-750ml\/\" \/>\n<meta property=\"og:locale\" content=\"en_US\" \/>\n<meta property=\"og:type\" content=\"article\" \/>\n<meta property=\"og:title\" content=\"Red gooseberry sparkling wine 750ml, alk 11 % vol - Uue-Saaluse Veinitalu\" \/>\n<meta property=\"og:description\" content=\"Semi-dry Raw material: Red gooseberries from South Estonia Appearance: Crimson red colour , clear, with light bubbles Aroma: berry, fresh Taste: Berries, rather semi-sweet, acid with medium intensity, red berries, raspberries, gooseberries, red currants can be felt in the taste Serving: from a glass of sparkling wine or white wine 8-10\u00b0C. Food recommendations: a good [&hellip;]\" \/>\n<meta property=\"og:url\" content=\"https:\/\/uuesaaluseveinitalu.ee\/en\/toode\/red-gooseberry-sparkling-wine-750ml\/\" \/>\n<meta property=\"og:site_name\" content=\"Uue-Saaluse Veinitalu\" \/>\n<meta property=\"og:image\" content=\"https:\/\/uuesaaluseveinitalu.ee\/wp-content\/uploads\/2023\/07\/karusmari-v.jpg\" \/>\n\t<meta property=\"og:image:width\" content=\"800\" \/>\n\t<meta property=\"og:image:height\" content=\"800\" \/>\n\t<meta property=\"og:image:type\" content=\"image\/jpeg\" \/>\n<meta name=\"twitter:card\" content=\"summary_large_image\" \/>\n<script type=\"application\/ld+json\" class=\"yoast-schema-graph\">{\"@context\":\"https:\/\/schema.org\",\"@graph\":[{\"@type\":\"WebPage\",\"@id\":\"https:\/\/uuesaaluseveinitalu.ee\/en\/toode\/red-gooseberry-sparkling-wine-750ml\/\",\"url\":\"https:\/\/uuesaaluseveinitalu.ee\/en\/toode\/red-gooseberry-sparkling-wine-750ml\/\",\"name\":\"Red gooseberry sparkling wine 750ml, alk 11 % vol - Uue-Saaluse Veinitalu\",\"isPartOf\":{\"@id\":\"https:\/\/uuesaaluseveinitalu.ee\/en\/#website\"},\"primaryImageOfPage\":{\"@id\":\"https:\/\/uuesaaluseveinitalu.ee\/en\/toode\/red-gooseberry-sparkling-wine-750ml\/#primaryimage\"},\"image\":{\"@id\":\"https:\/\/uuesaaluseveinitalu.ee\/en\/toode\/red-gooseberry-sparkling-wine-750ml\/#primaryimage\"},\"thumbnailUrl\":\"https:\/\/uuesaaluseveinitalu.ee\/wp-content\/uploads\/2023\/07\/karusmari-v.jpg\",\"datePublished\":\"2023-09-10T13:09:28+00:00\",\"dateModified\":\"2023-09-10T13:09:28+00:00\",\"breadcrumb\":{\"@id\":\"https:\/\/uuesaaluseveinitalu.ee\/en\/toode\/red-gooseberry-sparkling-wine-750ml\/#breadcrumb\"},\"inLanguage\":\"en-US\",\"potentialAction\":[{\"@type\":\"ReadAction\",\"target\":[\"https:\/\/uuesaaluseveinitalu.ee\/en\/toode\/red-gooseberry-sparkling-wine-750ml\/\"]}]},{\"@type\":\"ImageObject\",\"inLanguage\":\"en-US\",\"@id\":\"https:\/\/uuesaaluseveinitalu.ee\/en\/toode\/red-gooseberry-sparkling-wine-750ml\/#primaryimage\",\"url\":\"https:\/\/uuesaaluseveinitalu.ee\/wp-content\/uploads\/2023\/07\/karusmari-v.jpg\",\"contentUrl\":\"https:\/\/uuesaaluseveinitalu.ee\/wp-content\/uploads\/2023\/07\/karusmari-v.jpg\",\"width\":800,\"height\":800},{\"@type\":\"BreadcrumbList\",\"@id\":\"https:\/\/uuesaaluseveinitalu.ee\/en\/toode\/red-gooseberry-sparkling-wine-750ml\/#breadcrumb\",\"itemListElement\":[{\"@type\":\"ListItem\",\"position\":1,\"name\":\"Home\",\"item\":\"https:\/\/uuesaaluseveinitalu.ee\/en\/\"},{\"@type\":\"ListItem\",\"position\":2,\"name\":\"Shop\",\"item\":\"https:\/\/uuesaaluseveinitalu.ee\/en\/shop\/\"},{\"@type\":\"ListItem\",\"position\":3,\"name\":\"Red gooseberry sparkling wine 750ml, alk 11 % vol\"}]},{\"@type\":\"WebSite\",\"@id\":\"https:\/\/uuesaaluseveinitalu.ee\/en\/#website\",\"url\":\"https:\/\/uuesaaluseveinitalu.ee\/en\/\",\"name\":\"Uue-Saaluse Veinitalu\",\"description\":\"K\u00e4sit\u00f6\u00f6veinid Haanjamaalt!\",\"potentialAction\":[{\"@type\":\"SearchAction\",\"target\":{\"@type\":\"EntryPoint\",\"urlTemplate\":\"https:\/\/uuesaaluseveinitalu.ee\/en\/?s={search_term_string}\"},\"query-input\":{\"@type\":\"PropertyValueSpecification\",\"valueRequired\":true,\"valueName\":\"search_term_string\"}}],\"inLanguage\":\"en-US\"}]}<\/script>\n<!-- \/ Yoast SEO plugin. -->","yoast_head_json":{"title":"Red gooseberry sparkling wine 750ml, alk 11 % vol - Uue-Saaluse Veinitalu","robots":{"index":"index","follow":"follow","max-snippet":"max-snippet:-1","max-image-preview":"max-image-preview:large","max-video-preview":"max-video-preview:-1"},"canonical":"https:\/\/uuesaaluseveinitalu.ee\/en\/toode\/red-gooseberry-sparkling-wine-750ml\/","og_locale":"en_US","og_type":"article","og_title":"Red gooseberry sparkling wine 750ml, alk 11 % vol - Uue-Saaluse Veinitalu","og_description":"Semi-dry Raw material: Red gooseberries from South Estonia Appearance: Crimson red colour , clear, with light bubbles Aroma: berry, fresh Taste: Berries, rather semi-sweet, acid with medium intensity, red berries, raspberries, gooseberries, red currants can be felt in the taste Serving: from a glass of sparkling wine or white wine 8-10\u00b0C. Food recommendations: a good [&hellip;]","og_url":"https:\/\/uuesaaluseveinitalu.ee\/en\/toode\/red-gooseberry-sparkling-wine-750ml\/","og_site_name":"Uue-Saaluse Veinitalu","og_image":[{"width":800,"height":800,"url":"https:\/\/uuesaaluseveinitalu.ee\/wp-content\/uploads\/2023\/07\/karusmari-v.jpg","type":"image\/jpeg"}],"twitter_card":"summary_large_image","schema":{"@context":"https:\/\/schema.org","@graph":[{"@type":"WebPage","@id":"https:\/\/uuesaaluseveinitalu.ee\/en\/toode\/red-gooseberry-sparkling-wine-750ml\/","url":"https:\/\/uuesaaluseveinitalu.ee\/en\/toode\/red-gooseberry-sparkling-wine-750ml\/","name":"Red gooseberry sparkling wine 750ml, alk 11 % vol - Uue-Saaluse Veinitalu","isPartOf":{"@id":"https:\/\/uuesaaluseveinitalu.ee\/en\/#website"},"primaryImageOfPage":{"@id":"https:\/\/uuesaaluseveinitalu.ee\/en\/toode\/red-gooseberry-sparkling-wine-750ml\/#primaryimage"},"image":{"@id":"https:\/\/uuesaaluseveinitalu.ee\/en\/toode\/red-gooseberry-sparkling-wine-750ml\/#primaryimage"},"thumbnailUrl":"https:\/\/uuesaaluseveinitalu.ee\/wp-content\/uploads\/2023\/07\/karusmari-v.jpg","datePublished":"2023-09-10T13:09:28+00:00","dateModified":"2023-09-10T13:09:28+00:00","breadcrumb":{"@id":"https:\/\/uuesaaluseveinitalu.ee\/en\/toode\/red-gooseberry-sparkling-wine-750ml\/#breadcrumb"},"inLanguage":"en-US","potentialAction":[{"@type":"ReadAction","target":["https:\/\/uuesaaluseveinitalu.ee\/en\/toode\/red-gooseberry-sparkling-wine-750ml\/"]}]},{"@type":"ImageObject","inLanguage":"en-US","@id":"https:\/\/uuesaaluseveinitalu.ee\/en\/toode\/red-gooseberry-sparkling-wine-750ml\/#primaryimage","url":"https:\/\/uuesaaluseveinitalu.ee\/wp-content\/uploads\/2023\/07\/karusmari-v.jpg","contentUrl":"https:\/\/uuesaaluseveinitalu.ee\/wp-content\/uploads\/2023\/07\/karusmari-v.jpg","width":800,"height":800},{"@type":"BreadcrumbList","@id":"https:\/\/uuesaaluseveinitalu.ee\/en\/toode\/red-gooseberry-sparkling-wine-750ml\/#breadcrumb","itemListElement":[{"@type":"ListItem","position":1,"name":"Home","item":"https:\/\/uuesaaluseveinitalu.ee\/en\/"},{"@type":"ListItem","position":2,"name":"Shop","item":"https:\/\/uuesaaluseveinitalu.ee\/en\/shop\/"},{"@type":"ListItem","position":3,"name":"Red gooseberry sparkling wine 750ml, alk 11 % vol"}]},{"@type":"WebSite","@id":"https:\/\/uuesaaluseveinitalu.ee\/en\/#website","url":"https:\/\/uuesaaluseveinitalu.ee\/en\/","name":"Uue-Saaluse Veinitalu","description":"K\u00e4sit\u00f6\u00f6veinid Haanjamaalt!","potentialAction":[{"@type":"SearchAction","target":{"@type":"EntryPoint","urlTemplate":"https:\/\/uuesaaluseveinitalu.ee\/en\/?s={search_term_string}"},"query-input":{"@type":"PropertyValueSpecification","valueRequired":true,"valueName":"search_term_string"}}],"inLanguage":"en-US"}]}},"_links":{"self":[{"href":"https:\/\/uuesaaluseveinitalu.ee\/en\/wp-json\/wp\/v2\/product\/7328","targetHints":{"allow":["GET"]}}],"collection":[{"href":"https:\/\/uuesaaluseveinitalu.ee\/en\/wp-json\/wp\/v2\/product"}],"about":[{"href":"https:\/\/uuesaaluseveinitalu.ee\/en\/wp-json\/wp\/v2\/types\/product"}],"replies":[{"embeddable":true,"href":"https:\/\/uuesaaluseveinitalu.ee\/en\/wp-json\/wp\/v2\/comments?post=7328"}],"wp:featuredmedia":[{"embeddable":true,"href":"https:\/\/uuesaaluseveinitalu.ee\/en\/wp-json\/wp\/v2\/media\/7622"}],"wp:attachment":[{"href":"https:\/\/uuesaaluseveinitalu.ee\/en\/wp-json\/wp\/v2\/media?parent=7328"}],"wp:term":[{"taxonomy":"product_brand","embeddable":true,"href":"https:\/\/uuesaaluseveinitalu.ee\/en\/wp-json\/wp\/v2\/product_brand?post=7328"},{"taxonomy":"product_cat","embeddable":true,"href":"https:\/\/uuesaaluseveinitalu.ee\/en\/wp-json\/wp\/v2\/product_cat?post=7328"},{"taxonomy":"product_tag","embeddable":true,"href":"https:\/\/uuesaaluseveinitalu.ee\/en\/wp-json\/wp\/v2\/product_tag?post=7328"}],"curies":[{"name":"wp","href":"https:\/\/api.w.org\/{rel}","templated":true}]}}