{"id":4372,"date":"2022-08-12T08:18:37","date_gmt":"2020-08-28T05:18:37","guid":{"rendered":"https:\/\/uuesaaluseveinitalu.ee\/toode\/japanese-quince-sparkling-wine\/"},"modified":"2023-10-10T14:34:31","modified_gmt":"2023-10-10T11:34:31","slug":"japanese-quince-sparkling-wine","status":"publish","type":"product","link":"https:\/\/uuesaaluseveinitalu.ee\/en\/toode\/japanese-quince-sparkling-wine\/","title":{"rendered":"Japanese quince sparkling wine 750ml"},"content":{"rendered":"<p>Demi-sec, 12 % vol, serve at 6-8 C.<br \/>\nThe wine has straw yellow color and light bubbles. There is fresh quince in both aroma and taste.<br \/>\nMade of Japanese quince fruits grown in South Estonia. Estonian craft fruit wine. Good choice for a welcome drink!<\/p>\n","protected":false},"excerpt":{"rendered":"<p>Demi-sec, 12 % vol, serve at 6-8 C. The wine has straw yellow color and light bubbles. There is fresh quince in both aroma and taste. Made of Japanese quince fruits grown in South Estonia. Estonian craft fruit wine. Good choice for a welcome drink!<\/p>\n","protected":false},"featured_media":7624,"comment_status":"closed","ping_status":"closed","template":"","meta":{"_acf_changed":false},"product_brand":[],"product_cat":[88],"product_tag":[],"class_list":{"0":"post-4372","1":"product","2":"type-product","3":"status-publish","4":"has-post-thumbnail","6":"product_cat-sparkling-wine","8":"first","9":"instock","10":"taxable","11":"shipping-taxable","12":"purchasable","13":"product-type-simple"},"acf":[],"yoast_head":"<!-- This site is optimized with the Yoast SEO plugin v24.3 - https:\/\/yoast.com\/wordpress\/plugins\/seo\/ -->\n<title>Japanese quince sparkling wine 750ml - Uue-Saaluse Veinitalu<\/title>\n<meta name=\"robots\" content=\"index, follow, max-snippet:-1, max-image-preview:large, max-video-preview:-1\" \/>\n<link rel=\"canonical\" href=\"https:\/\/uuesaaluseveinitalu.ee\/en\/toode\/japanese-quince-sparkling-wine\/\" \/>\n<meta property=\"og:locale\" content=\"en_US\" \/>\n<meta property=\"og:type\" content=\"article\" \/>\n<meta property=\"og:title\" content=\"Japanese quince sparkling wine 750ml - Uue-Saaluse Veinitalu\" \/>\n<meta property=\"og:description\" content=\"Demi-sec, 12 % vol, serve at 6-8 C. The wine has straw yellow color and light bubbles. There is fresh quince in both aroma and taste. Made of Japanese quince fruits grown in South Estonia. Estonian craft fruit wine. Good choice for a welcome drink!\" \/>\n<meta property=\"og:url\" content=\"https:\/\/uuesaaluseveinitalu.ee\/en\/toode\/japanese-quince-sparkling-wine\/\" \/>\n<meta property=\"og:site_name\" content=\"Uue-Saaluse Veinitalu\" \/>\n<meta property=\"article:modified_time\" content=\"2023-10-10T11:34:31+00:00\" \/>\n<meta property=\"og:image\" content=\"https:\/\/uuesaaluseveinitalu.ee\/wp-content\/uploads\/2022\/08\/ebakudoonia-vaike.jpg\" \/>\n\t<meta property=\"og:image:width\" content=\"800\" \/>\n\t<meta property=\"og:image:height\" content=\"800\" \/>\n\t<meta property=\"og:image:type\" content=\"image\/jpeg\" \/>\n<meta name=\"twitter:card\" content=\"summary_large_image\" \/>\n<script type=\"application\/ld+json\" class=\"yoast-schema-graph\">{\"@context\":\"https:\/\/schema.org\",\"@graph\":[{\"@type\":\"WebPage\",\"@id\":\"https:\/\/uuesaaluseveinitalu.ee\/en\/toode\/japanese-quince-sparkling-wine\/\",\"url\":\"https:\/\/uuesaaluseveinitalu.ee\/en\/toode\/japanese-quince-sparkling-wine\/\",\"name\":\"Japanese quince sparkling wine 750ml - Uue-Saaluse Veinitalu\",\"isPartOf\":{\"@id\":\"https:\/\/uuesaaluseveinitalu.ee\/en\/#website\"},\"primaryImageOfPage\":{\"@id\":\"https:\/\/uuesaaluseveinitalu.ee\/en\/toode\/japanese-quince-sparkling-wine\/#primaryimage\"},\"image\":{\"@id\":\"https:\/\/uuesaaluseveinitalu.ee\/en\/toode\/japanese-quince-sparkling-wine\/#primaryimage\"},\"thumbnailUrl\":\"https:\/\/uuesaaluseveinitalu.ee\/wp-content\/uploads\/2022\/08\/ebakudoonia-vaike.jpg\",\"datePublished\":\"2020-08-28T05:18:37+00:00\",\"dateModified\":\"2023-10-10T11:34:31+00:00\",\"breadcrumb\":{\"@id\":\"https:\/\/uuesaaluseveinitalu.ee\/en\/toode\/japanese-quince-sparkling-wine\/#breadcrumb\"},\"inLanguage\":\"en-US\",\"potentialAction\":[{\"@type\":\"ReadAction\",\"target\":[\"https:\/\/uuesaaluseveinitalu.ee\/en\/toode\/japanese-quince-sparkling-wine\/\"]}]},{\"@type\":\"ImageObject\",\"inLanguage\":\"en-US\",\"@id\":\"https:\/\/uuesaaluseveinitalu.ee\/en\/toode\/japanese-quince-sparkling-wine\/#primaryimage\",\"url\":\"https:\/\/uuesaaluseveinitalu.ee\/wp-content\/uploads\/2022\/08\/ebakudoonia-vaike.jpg\",\"contentUrl\":\"https:\/\/uuesaaluseveinitalu.ee\/wp-content\/uploads\/2022\/08\/ebakudoonia-vaike.jpg\",\"width\":800,\"height\":800},{\"@type\":\"BreadcrumbList\",\"@id\":\"https:\/\/uuesaaluseveinitalu.ee\/en\/toode\/japanese-quince-sparkling-wine\/#breadcrumb\",\"itemListElement\":[{\"@type\":\"ListItem\",\"position\":1,\"name\":\"Home\",\"item\":\"https:\/\/uuesaaluseveinitalu.ee\/en\/\"},{\"@type\":\"ListItem\",\"position\":2,\"name\":\"Shop\",\"item\":\"https:\/\/uuesaaluseveinitalu.ee\/en\/shop\/\"},{\"@type\":\"ListItem\",\"position\":3,\"name\":\"Japanese quince sparkling wine 750ml\"}]},{\"@type\":\"WebSite\",\"@id\":\"https:\/\/uuesaaluseveinitalu.ee\/en\/#website\",\"url\":\"https:\/\/uuesaaluseveinitalu.ee\/en\/\",\"name\":\"Uue-Saaluse Veinitalu\",\"description\":\"K\u00e4sit\u00f6\u00f6veinid Haanjamaalt!\",\"potentialAction\":[{\"@type\":\"SearchAction\",\"target\":{\"@type\":\"EntryPoint\",\"urlTemplate\":\"https:\/\/uuesaaluseveinitalu.ee\/en\/?s={search_term_string}\"},\"query-input\":{\"@type\":\"PropertyValueSpecification\",\"valueRequired\":true,\"valueName\":\"search_term_string\"}}],\"inLanguage\":\"en-US\"}]}<\/script>\n<!-- \/ Yoast SEO plugin. -->","yoast_head_json":{"title":"Japanese quince sparkling wine 750ml - Uue-Saaluse Veinitalu","robots":{"index":"index","follow":"follow","max-snippet":"max-snippet:-1","max-image-preview":"max-image-preview:large","max-video-preview":"max-video-preview:-1"},"canonical":"https:\/\/uuesaaluseveinitalu.ee\/en\/toode\/japanese-quince-sparkling-wine\/","og_locale":"en_US","og_type":"article","og_title":"Japanese quince sparkling wine 750ml - Uue-Saaluse Veinitalu","og_description":"Demi-sec, 12 % vol, serve at 6-8 C. The wine has straw yellow color and light bubbles. There is fresh quince in both aroma and taste. Made of Japanese quince fruits grown in South Estonia. Estonian craft fruit wine. Good choice for a welcome drink!","og_url":"https:\/\/uuesaaluseveinitalu.ee\/en\/toode\/japanese-quince-sparkling-wine\/","og_site_name":"Uue-Saaluse Veinitalu","article_modified_time":"2023-10-10T11:34:31+00:00","og_image":[{"width":800,"height":800,"url":"https:\/\/uuesaaluseveinitalu.ee\/wp-content\/uploads\/2022\/08\/ebakudoonia-vaike.jpg","type":"image\/jpeg"}],"twitter_card":"summary_large_image","schema":{"@context":"https:\/\/schema.org","@graph":[{"@type":"WebPage","@id":"https:\/\/uuesaaluseveinitalu.ee\/en\/toode\/japanese-quince-sparkling-wine\/","url":"https:\/\/uuesaaluseveinitalu.ee\/en\/toode\/japanese-quince-sparkling-wine\/","name":"Japanese quince sparkling wine 750ml - Uue-Saaluse Veinitalu","isPartOf":{"@id":"https:\/\/uuesaaluseveinitalu.ee\/en\/#website"},"primaryImageOfPage":{"@id":"https:\/\/uuesaaluseveinitalu.ee\/en\/toode\/japanese-quince-sparkling-wine\/#primaryimage"},"image":{"@id":"https:\/\/uuesaaluseveinitalu.ee\/en\/toode\/japanese-quince-sparkling-wine\/#primaryimage"},"thumbnailUrl":"https:\/\/uuesaaluseveinitalu.ee\/wp-content\/uploads\/2022\/08\/ebakudoonia-vaike.jpg","datePublished":"2020-08-28T05:18:37+00:00","dateModified":"2023-10-10T11:34:31+00:00","breadcrumb":{"@id":"https:\/\/uuesaaluseveinitalu.ee\/en\/toode\/japanese-quince-sparkling-wine\/#breadcrumb"},"inLanguage":"en-US","potentialAction":[{"@type":"ReadAction","target":["https:\/\/uuesaaluseveinitalu.ee\/en\/toode\/japanese-quince-sparkling-wine\/"]}]},{"@type":"ImageObject","inLanguage":"en-US","@id":"https:\/\/uuesaaluseveinitalu.ee\/en\/toode\/japanese-quince-sparkling-wine\/#primaryimage","url":"https:\/\/uuesaaluseveinitalu.ee\/wp-content\/uploads\/2022\/08\/ebakudoonia-vaike.jpg","contentUrl":"https:\/\/uuesaaluseveinitalu.ee\/wp-content\/uploads\/2022\/08\/ebakudoonia-vaike.jpg","width":800,"height":800},{"@type":"BreadcrumbList","@id":"https:\/\/uuesaaluseveinitalu.ee\/en\/toode\/japanese-quince-sparkling-wine\/#breadcrumb","itemListElement":[{"@type":"ListItem","position":1,"name":"Home","item":"https:\/\/uuesaaluseveinitalu.ee\/en\/"},{"@type":"ListItem","position":2,"name":"Shop","item":"https:\/\/uuesaaluseveinitalu.ee\/en\/shop\/"},{"@type":"ListItem","position":3,"name":"Japanese quince sparkling wine 750ml"}]},{"@type":"WebSite","@id":"https:\/\/uuesaaluseveinitalu.ee\/en\/#website","url":"https:\/\/uuesaaluseveinitalu.ee\/en\/","name":"Uue-Saaluse Veinitalu","description":"K\u00e4sit\u00f6\u00f6veinid Haanjamaalt!","potentialAction":[{"@type":"SearchAction","target":{"@type":"EntryPoint","urlTemplate":"https:\/\/uuesaaluseveinitalu.ee\/en\/?s={search_term_string}"},"query-input":{"@type":"PropertyValueSpecification","valueRequired":true,"valueName":"search_term_string"}}],"inLanguage":"en-US"}]}},"_links":{"self":[{"href":"https:\/\/uuesaaluseveinitalu.ee\/en\/wp-json\/wp\/v2\/product\/4372","targetHints":{"allow":["GET"]}}],"collection":[{"href":"https:\/\/uuesaaluseveinitalu.ee\/en\/wp-json\/wp\/v2\/product"}],"about":[{"href":"https:\/\/uuesaaluseveinitalu.ee\/en\/wp-json\/wp\/v2\/types\/product"}],"replies":[{"embeddable":true,"href":"https:\/\/uuesaaluseveinitalu.ee\/en\/wp-json\/wp\/v2\/comments?post=4372"}],"wp:featuredmedia":[{"embeddable":true,"href":"https:\/\/uuesaaluseveinitalu.ee\/en\/wp-json\/wp\/v2\/media\/7624"}],"wp:attachment":[{"href":"https:\/\/uuesaaluseveinitalu.ee\/en\/wp-json\/wp\/v2\/media?parent=4372"}],"wp:term":[{"taxonomy":"product_brand","embeddable":true,"href":"https:\/\/uuesaaluseveinitalu.ee\/en\/wp-json\/wp\/v2\/product_brand?post=4372"},{"taxonomy":"product_cat","embeddable":true,"href":"https:\/\/uuesaaluseveinitalu.ee\/en\/wp-json\/wp\/v2\/product_cat?post=4372"},{"taxonomy":"product_tag","embeddable":true,"href":"https:\/\/uuesaaluseveinitalu.ee\/en\/wp-json\/wp\/v2\/product_tag?post=4372"}],"curies":[{"name":"wp","href":"https:\/\/api.w.org\/{rel}","templated":true}]}}