{"id":4000,"date":"2021-05-13T13:31:54","date_gmt":"2020-05-13T13:31:54","guid":{"rendered":"https:\/\/uuesaaluseveinitalu.ee\/toode\/solaris-500ml\/"},"modified":"2022-05-24T20:43:07","modified_gmt":"2022-05-24T17:43:07","slug":"solaris-500ml","status":"publish","type":"product","link":"https:\/\/uuesaaluseveinitalu.ee\/en\/toode\/solaris-500ml\/","title":{"rendered":"Solaris 500ml"},"content":{"rendered":"<div>Solaris is a dry white wine, alc 12% vol, 500 ml. Made from grapes variety\u00a0 Solaris grown in Viljandi county, Mustla, by Heino S\u00e4inas. In the aroma there is gooseberry and hints of blackcurrant leaves. The taste also has hints of raw gooseberry and green apple. The wine is perfect for an aperitif, with white fish and chicken dishes. If you like Sauvignon Blanc, we think that the Nordic Solaris is similar to a wine made from this well-known grape variety. Serve chilled at 8-10 \u00b0 C.<\/div>\n<div>Batch size 395 pdl.<\/div>\n<div>Each bottle is numbered.<\/div>\n","protected":false},"excerpt":{"rendered":"<p>Solaris is a dry white wine, alc 12% vol, 500 ml. Made from grapes variety\u00a0 Solaris grown in Viljandi county, Mustla, by Heino S\u00e4inas. In the aroma there is gooseberry and hints of blackcurrant leaves. The taste also has hints of raw gooseberry and green apple. The wine is perfect for an aperitif, with white [&hellip;]<\/p>\n","protected":false},"featured_media":6922,"comment_status":"closed","ping_status":"closed","template":"","meta":{"_acf_changed":false},"product_brand":[],"product_cat":[87],"product_tag":[],"class_list":{"0":"post-4000","1":"product","2":"type-product","3":"status-publish","4":"has-post-thumbnail","6":"product_cat-wines","8":"first","9":"instock","10":"taxable","11":"shipping-taxable","12":"purchasable","13":"product-type-simple"},"acf":[],"yoast_head":"<!-- This site is optimized with the Yoast SEO plugin v24.3 - https:\/\/yoast.com\/wordpress\/plugins\/seo\/ -->\n<title>Solaris 500ml - Uue-Saaluse Veinitalu<\/title>\n<meta name=\"robots\" content=\"index, follow, max-snippet:-1, max-image-preview:large, max-video-preview:-1\" \/>\n<link rel=\"canonical\" href=\"https:\/\/uuesaaluseveinitalu.ee\/en\/toode\/solaris-500ml\/\" \/>\n<meta property=\"og:locale\" content=\"en_US\" \/>\n<meta property=\"og:type\" content=\"article\" \/>\n<meta property=\"og:title\" content=\"Solaris 500ml - Uue-Saaluse Veinitalu\" \/>\n<meta property=\"og:description\" content=\"Solaris is a dry white wine, alc 12% vol, 500 ml. Made from grapes variety\u00a0 Solaris grown in Viljandi county, Mustla, by Heino S\u00e4inas. In the aroma there is gooseberry and hints of blackcurrant leaves. The taste also has hints of raw gooseberry and green apple. The wine is perfect for an aperitif, with white [&hellip;]\" \/>\n<meta property=\"og:url\" content=\"https:\/\/uuesaaluseveinitalu.ee\/en\/toode\/solaris-500ml\/\" \/>\n<meta property=\"og:site_name\" content=\"Uue-Saaluse Veinitalu\" \/>\n<meta property=\"article:modified_time\" content=\"2022-05-24T17:43:07+00:00\" \/>\n<meta property=\"og:image\" content=\"https:\/\/uuesaaluseveinitalu.ee\/wp-content\/uploads\/2021\/05\/Solaris-e-pood-2.png\" \/>\n\t<meta property=\"og:image:width\" content=\"800\" \/>\n\t<meta property=\"og:image:height\" content=\"800\" \/>\n\t<meta property=\"og:image:type\" content=\"image\/png\" \/>\n<meta name=\"twitter:card\" content=\"summary_large_image\" \/>\n<script type=\"application\/ld+json\" class=\"yoast-schema-graph\">{\"@context\":\"https:\/\/schema.org\",\"@graph\":[{\"@type\":\"WebPage\",\"@id\":\"https:\/\/uuesaaluseveinitalu.ee\/en\/toode\/solaris-500ml\/\",\"url\":\"https:\/\/uuesaaluseveinitalu.ee\/en\/toode\/solaris-500ml\/\",\"name\":\"Solaris 500ml - Uue-Saaluse Veinitalu\",\"isPartOf\":{\"@id\":\"https:\/\/uuesaaluseveinitalu.ee\/en\/#website\"},\"primaryImageOfPage\":{\"@id\":\"https:\/\/uuesaaluseveinitalu.ee\/en\/toode\/solaris-500ml\/#primaryimage\"},\"image\":{\"@id\":\"https:\/\/uuesaaluseveinitalu.ee\/en\/toode\/solaris-500ml\/#primaryimage\"},\"thumbnailUrl\":\"https:\/\/uuesaaluseveinitalu.ee\/wp-content\/uploads\/2021\/05\/Solaris-e-pood.png\",\"datePublished\":\"2020-05-13T13:31:54+00:00\",\"dateModified\":\"2022-05-24T17:43:07+00:00\",\"breadcrumb\":{\"@id\":\"https:\/\/uuesaaluseveinitalu.ee\/en\/toode\/solaris-500ml\/#breadcrumb\"},\"inLanguage\":\"en-US\",\"potentialAction\":[{\"@type\":\"ReadAction\",\"target\":[\"https:\/\/uuesaaluseveinitalu.ee\/en\/toode\/solaris-500ml\/\"]}]},{\"@type\":\"ImageObject\",\"inLanguage\":\"en-US\",\"@id\":\"https:\/\/uuesaaluseveinitalu.ee\/en\/toode\/solaris-500ml\/#primaryimage\",\"url\":\"https:\/\/uuesaaluseveinitalu.ee\/wp-content\/uploads\/2021\/05\/Solaris-e-pood.png\",\"contentUrl\":\"https:\/\/uuesaaluseveinitalu.ee\/wp-content\/uploads\/2021\/05\/Solaris-e-pood.png\",\"width\":800,\"height\":800},{\"@type\":\"BreadcrumbList\",\"@id\":\"https:\/\/uuesaaluseveinitalu.ee\/en\/toode\/solaris-500ml\/#breadcrumb\",\"itemListElement\":[{\"@type\":\"ListItem\",\"position\":1,\"name\":\"Home\",\"item\":\"https:\/\/uuesaaluseveinitalu.ee\/en\/\"},{\"@type\":\"ListItem\",\"position\":2,\"name\":\"Shop\",\"item\":\"https:\/\/uuesaaluseveinitalu.ee\/en\/shop\/\"},{\"@type\":\"ListItem\",\"position\":3,\"name\":\"Solaris 500ml\"}]},{\"@type\":\"WebSite\",\"@id\":\"https:\/\/uuesaaluseveinitalu.ee\/en\/#website\",\"url\":\"https:\/\/uuesaaluseveinitalu.ee\/en\/\",\"name\":\"Uue-Saaluse Veinitalu\",\"description\":\"K\u00e4sit\u00f6\u00f6veinid Haanjamaalt!\",\"potentialAction\":[{\"@type\":\"SearchAction\",\"target\":{\"@type\":\"EntryPoint\",\"urlTemplate\":\"https:\/\/uuesaaluseveinitalu.ee\/en\/?s={search_term_string}\"},\"query-input\":{\"@type\":\"PropertyValueSpecification\",\"valueRequired\":true,\"valueName\":\"search_term_string\"}}],\"inLanguage\":\"en-US\"}]}<\/script>\n<!-- \/ Yoast SEO plugin. -->","yoast_head_json":{"title":"Solaris 500ml - Uue-Saaluse Veinitalu","robots":{"index":"index","follow":"follow","max-snippet":"max-snippet:-1","max-image-preview":"max-image-preview:large","max-video-preview":"max-video-preview:-1"},"canonical":"https:\/\/uuesaaluseveinitalu.ee\/en\/toode\/solaris-500ml\/","og_locale":"en_US","og_type":"article","og_title":"Solaris 500ml - Uue-Saaluse Veinitalu","og_description":"Solaris is a dry white wine, alc 12% vol, 500 ml. Made from grapes variety\u00a0 Solaris grown in Viljandi county, Mustla, by Heino S\u00e4inas. In the aroma there is gooseberry and hints of blackcurrant leaves. The taste also has hints of raw gooseberry and green apple. The wine is perfect for an aperitif, with white [&hellip;]","og_url":"https:\/\/uuesaaluseveinitalu.ee\/en\/toode\/solaris-500ml\/","og_site_name":"Uue-Saaluse Veinitalu","article_modified_time":"2022-05-24T17:43:07+00:00","og_image":[{"width":800,"height":800,"url":"https:\/\/uuesaaluseveinitalu.ee\/wp-content\/uploads\/2021\/05\/Solaris-e-pood-2.png","type":"image\/png"}],"twitter_card":"summary_large_image","schema":{"@context":"https:\/\/schema.org","@graph":[{"@type":"WebPage","@id":"https:\/\/uuesaaluseveinitalu.ee\/en\/toode\/solaris-500ml\/","url":"https:\/\/uuesaaluseveinitalu.ee\/en\/toode\/solaris-500ml\/","name":"Solaris 500ml - Uue-Saaluse Veinitalu","isPartOf":{"@id":"https:\/\/uuesaaluseveinitalu.ee\/en\/#website"},"primaryImageOfPage":{"@id":"https:\/\/uuesaaluseveinitalu.ee\/en\/toode\/solaris-500ml\/#primaryimage"},"image":{"@id":"https:\/\/uuesaaluseveinitalu.ee\/en\/toode\/solaris-500ml\/#primaryimage"},"thumbnailUrl":"https:\/\/uuesaaluseveinitalu.ee\/wp-content\/uploads\/2021\/05\/Solaris-e-pood.png","datePublished":"2020-05-13T13:31:54+00:00","dateModified":"2022-05-24T17:43:07+00:00","breadcrumb":{"@id":"https:\/\/uuesaaluseveinitalu.ee\/en\/toode\/solaris-500ml\/#breadcrumb"},"inLanguage":"en-US","potentialAction":[{"@type":"ReadAction","target":["https:\/\/uuesaaluseveinitalu.ee\/en\/toode\/solaris-500ml\/"]}]},{"@type":"ImageObject","inLanguage":"en-US","@id":"https:\/\/uuesaaluseveinitalu.ee\/en\/toode\/solaris-500ml\/#primaryimage","url":"https:\/\/uuesaaluseveinitalu.ee\/wp-content\/uploads\/2021\/05\/Solaris-e-pood.png","contentUrl":"https:\/\/uuesaaluseveinitalu.ee\/wp-content\/uploads\/2021\/05\/Solaris-e-pood.png","width":800,"height":800},{"@type":"BreadcrumbList","@id":"https:\/\/uuesaaluseveinitalu.ee\/en\/toode\/solaris-500ml\/#breadcrumb","itemListElement":[{"@type":"ListItem","position":1,"name":"Home","item":"https:\/\/uuesaaluseveinitalu.ee\/en\/"},{"@type":"ListItem","position":2,"name":"Shop","item":"https:\/\/uuesaaluseveinitalu.ee\/en\/shop\/"},{"@type":"ListItem","position":3,"name":"Solaris 500ml"}]},{"@type":"WebSite","@id":"https:\/\/uuesaaluseveinitalu.ee\/en\/#website","url":"https:\/\/uuesaaluseveinitalu.ee\/en\/","name":"Uue-Saaluse Veinitalu","description":"K\u00e4sit\u00f6\u00f6veinid Haanjamaalt!","potentialAction":[{"@type":"SearchAction","target":{"@type":"EntryPoint","urlTemplate":"https:\/\/uuesaaluseveinitalu.ee\/en\/?s={search_term_string}"},"query-input":{"@type":"PropertyValueSpecification","valueRequired":true,"valueName":"search_term_string"}}],"inLanguage":"en-US"}]}},"_links":{"self":[{"href":"https:\/\/uuesaaluseveinitalu.ee\/en\/wp-json\/wp\/v2\/product\/4000","targetHints":{"allow":["GET"]}}],"collection":[{"href":"https:\/\/uuesaaluseveinitalu.ee\/en\/wp-json\/wp\/v2\/product"}],"about":[{"href":"https:\/\/uuesaaluseveinitalu.ee\/en\/wp-json\/wp\/v2\/types\/product"}],"replies":[{"embeddable":true,"href":"https:\/\/uuesaaluseveinitalu.ee\/en\/wp-json\/wp\/v2\/comments?post=4000"}],"wp:featuredmedia":[{"embeddable":true,"href":"https:\/\/uuesaaluseveinitalu.ee\/en\/wp-json\/wp\/v2\/media\/6922"}],"wp:attachment":[{"href":"https:\/\/uuesaaluseveinitalu.ee\/en\/wp-json\/wp\/v2\/media?parent=4000"}],"wp:term":[{"taxonomy":"product_brand","embeddable":true,"href":"https:\/\/uuesaaluseveinitalu.ee\/en\/wp-json\/wp\/v2\/product_brand?post=4000"},{"taxonomy":"product_cat","embeddable":true,"href":"https:\/\/uuesaaluseveinitalu.ee\/en\/wp-json\/wp\/v2\/product_cat?post=4000"},{"taxonomy":"product_tag","embeddable":true,"href":"https:\/\/uuesaaluseveinitalu.ee\/en\/wp-json\/wp\/v2\/product_tag?post=4000"}],"curies":[{"name":"wp","href":"https:\/\/api.w.org\/{rel}","templated":true}]}}