{"id":3607,"date":"2022-09-21T14:11:43","date_gmt":"2019-11-05T14:11:43","guid":{"rendered":"https:\/\/koduveinid.ee\/toode\/black-currant-mulled-wine-glogi-750-ml\/"},"modified":"2020-06-01T00:02:48","modified_gmt":"2020-06-01T00:02:48","slug":"black-currant-mulled-wine-glogi-750-ml","status":"publish","type":"product","link":"https:\/\/uuesaaluseveinitalu.ee\/en\/toode\/black-currant-mulled-wine-glogi-750-ml\/","title":{"rendered":"Black currant mulled wine (gl\u00f6gi) 750 ml"},"content":{"rendered":"<p>Alcohol level 12% vol.\u00a0 The wine is made out of ecological blackcurrants, that were grown in Ostrova berry farm in Setomaa during the hot and sunny summer of 2018. The wine is semi-sweet, enriched with different spices. Before using warm up to 70\u00b0C. If desired add raisins, orange peel, almonds.<\/p>\n","protected":false},"excerpt":{"rendered":"<p>Alcohol level 12% vol.\u00a0 The wine is made out of ecological blackcurrants, that were grown in Ostrova berry farm in Setomaa during the hot and sunny summer of 2018. The wine is semi-sweet, enriched with different spices. Before using warm up to 70\u00b0C. If desired add raisins, orange peel, almonds.<\/p>\n","protected":false},"featured_media":8233,"comment_status":"closed","ping_status":"closed","template":"","meta":{"_acf_changed":false},"product_brand":[],"product_cat":[87],"product_tag":[],"class_list":{"0":"post-3607","1":"product","2":"type-product","3":"status-publish","4":"has-post-thumbnail","6":"product_cat-wines","8":"first","9":"outofstock","10":"taxable","11":"shipping-taxable","12":"purchasable","13":"product-type-simple"},"acf":[],"yoast_head":"<!-- This site is optimized with the Yoast SEO plugin v24.3 - https:\/\/yoast.com\/wordpress\/plugins\/seo\/ -->\n<title>Black currant mulled wine (gl\u00f6gi) 750 ml - Uue-Saaluse Veinitalu<\/title>\n<meta name=\"robots\" content=\"index, follow, max-snippet:-1, max-image-preview:large, max-video-preview:-1\" \/>\n<link rel=\"canonical\" href=\"https:\/\/uuesaaluseveinitalu.ee\/en\/toode\/black-currant-mulled-wine-glogi-750-ml\/\" \/>\n<meta property=\"og:locale\" content=\"en_US\" \/>\n<meta property=\"og:type\" content=\"article\" \/>\n<meta property=\"og:title\" content=\"Black currant mulled wine (gl\u00f6gi) 750 ml - Uue-Saaluse Veinitalu\" \/>\n<meta property=\"og:description\" content=\"Alcohol level 12% vol.\u00a0 The wine is made out of ecological blackcurrants, that were grown in Ostrova berry farm in Setomaa during the hot and sunny summer of 2018. The wine is semi-sweet, enriched with different spices. Before using warm up to 70\u00b0C. If desired add raisins, orange peel, almonds.\" \/>\n<meta property=\"og:url\" content=\"https:\/\/uuesaaluseveinitalu.ee\/en\/toode\/black-currant-mulled-wine-glogi-750-ml\/\" \/>\n<meta property=\"og:site_name\" content=\"Uue-Saaluse Veinitalu\" \/>\n<meta property=\"article:modified_time\" content=\"2020-06-01T00:02:48+00:00\" \/>\n<meta property=\"og:image\" content=\"https:\/\/uuesaaluseveinitalu.ee\/wp-content\/uploads\/2022\/09\/mustsostra-hoogvein.jpg\" \/>\n\t<meta property=\"og:image:width\" content=\"800\" \/>\n\t<meta property=\"og:image:height\" content=\"800\" \/>\n\t<meta property=\"og:image:type\" content=\"image\/jpeg\" \/>\n<meta name=\"twitter:card\" content=\"summary_large_image\" \/>\n<script type=\"application\/ld+json\" class=\"yoast-schema-graph\">{\"@context\":\"https:\/\/schema.org\",\"@graph\":[{\"@type\":\"WebPage\",\"@id\":\"https:\/\/uuesaaluseveinitalu.ee\/en\/toode\/black-currant-mulled-wine-glogi-750-ml\/\",\"url\":\"https:\/\/uuesaaluseveinitalu.ee\/en\/toode\/black-currant-mulled-wine-glogi-750-ml\/\",\"name\":\"Black currant mulled wine (gl\u00f6gi) 750 ml - Uue-Saaluse Veinitalu\",\"isPartOf\":{\"@id\":\"https:\/\/uuesaaluseveinitalu.ee\/en\/#website\"},\"primaryImageOfPage\":{\"@id\":\"https:\/\/uuesaaluseveinitalu.ee\/en\/toode\/black-currant-mulled-wine-glogi-750-ml\/#primaryimage\"},\"image\":{\"@id\":\"https:\/\/uuesaaluseveinitalu.ee\/en\/toode\/black-currant-mulled-wine-glogi-750-ml\/#primaryimage\"},\"thumbnailUrl\":\"https:\/\/uuesaaluseveinitalu.ee\/wp-content\/uploads\/2022\/09\/mustsostra-hoogvein.jpg\",\"datePublished\":\"2019-11-05T14:11:43+00:00\",\"dateModified\":\"2020-06-01T00:02:48+00:00\",\"breadcrumb\":{\"@id\":\"https:\/\/uuesaaluseveinitalu.ee\/en\/toode\/black-currant-mulled-wine-glogi-750-ml\/#breadcrumb\"},\"inLanguage\":\"en-US\",\"potentialAction\":[{\"@type\":\"ReadAction\",\"target\":[\"https:\/\/uuesaaluseveinitalu.ee\/en\/toode\/black-currant-mulled-wine-glogi-750-ml\/\"]}]},{\"@type\":\"ImageObject\",\"inLanguage\":\"en-US\",\"@id\":\"https:\/\/uuesaaluseveinitalu.ee\/en\/toode\/black-currant-mulled-wine-glogi-750-ml\/#primaryimage\",\"url\":\"https:\/\/uuesaaluseveinitalu.ee\/wp-content\/uploads\/2022\/09\/mustsostra-hoogvein.jpg\",\"contentUrl\":\"https:\/\/uuesaaluseveinitalu.ee\/wp-content\/uploads\/2022\/09\/mustsostra-hoogvein.jpg\",\"width\":800,\"height\":800},{\"@type\":\"BreadcrumbList\",\"@id\":\"https:\/\/uuesaaluseveinitalu.ee\/en\/toode\/black-currant-mulled-wine-glogi-750-ml\/#breadcrumb\",\"itemListElement\":[{\"@type\":\"ListItem\",\"position\":1,\"name\":\"Home\",\"item\":\"https:\/\/uuesaaluseveinitalu.ee\/en\/\"},{\"@type\":\"ListItem\",\"position\":2,\"name\":\"Shop\",\"item\":\"https:\/\/uuesaaluseveinitalu.ee\/en\/shop\/\"},{\"@type\":\"ListItem\",\"position\":3,\"name\":\"Black currant mulled wine (gl\u00f6gi) 750 ml\"}]},{\"@type\":\"WebSite\",\"@id\":\"https:\/\/uuesaaluseveinitalu.ee\/en\/#website\",\"url\":\"https:\/\/uuesaaluseveinitalu.ee\/en\/\",\"name\":\"Uue-Saaluse Veinitalu\",\"description\":\"K\u00e4sit\u00f6\u00f6veinid Haanjamaalt!\",\"potentialAction\":[{\"@type\":\"SearchAction\",\"target\":{\"@type\":\"EntryPoint\",\"urlTemplate\":\"https:\/\/uuesaaluseveinitalu.ee\/en\/?s={search_term_string}\"},\"query-input\":{\"@type\":\"PropertyValueSpecification\",\"valueRequired\":true,\"valueName\":\"search_term_string\"}}],\"inLanguage\":\"en-US\"}]}<\/script>\n<!-- \/ Yoast SEO plugin. -->","yoast_head_json":{"title":"Black currant mulled wine (gl\u00f6gi) 750 ml - Uue-Saaluse Veinitalu","robots":{"index":"index","follow":"follow","max-snippet":"max-snippet:-1","max-image-preview":"max-image-preview:large","max-video-preview":"max-video-preview:-1"},"canonical":"https:\/\/uuesaaluseveinitalu.ee\/en\/toode\/black-currant-mulled-wine-glogi-750-ml\/","og_locale":"en_US","og_type":"article","og_title":"Black currant mulled wine (gl\u00f6gi) 750 ml - Uue-Saaluse Veinitalu","og_description":"Alcohol level 12% vol.\u00a0 The wine is made out of ecological blackcurrants, that were grown in Ostrova berry farm in Setomaa during the hot and sunny summer of 2018. The wine is semi-sweet, enriched with different spices. Before using warm up to 70\u00b0C. If desired add raisins, orange peel, almonds.","og_url":"https:\/\/uuesaaluseveinitalu.ee\/en\/toode\/black-currant-mulled-wine-glogi-750-ml\/","og_site_name":"Uue-Saaluse Veinitalu","article_modified_time":"2020-06-01T00:02:48+00:00","og_image":[{"width":800,"height":800,"url":"https:\/\/uuesaaluseveinitalu.ee\/wp-content\/uploads\/2022\/09\/mustsostra-hoogvein.jpg","type":"image\/jpeg"}],"twitter_card":"summary_large_image","schema":{"@context":"https:\/\/schema.org","@graph":[{"@type":"WebPage","@id":"https:\/\/uuesaaluseveinitalu.ee\/en\/toode\/black-currant-mulled-wine-glogi-750-ml\/","url":"https:\/\/uuesaaluseveinitalu.ee\/en\/toode\/black-currant-mulled-wine-glogi-750-ml\/","name":"Black currant mulled wine (gl\u00f6gi) 750 ml - Uue-Saaluse Veinitalu","isPartOf":{"@id":"https:\/\/uuesaaluseveinitalu.ee\/en\/#website"},"primaryImageOfPage":{"@id":"https:\/\/uuesaaluseveinitalu.ee\/en\/toode\/black-currant-mulled-wine-glogi-750-ml\/#primaryimage"},"image":{"@id":"https:\/\/uuesaaluseveinitalu.ee\/en\/toode\/black-currant-mulled-wine-glogi-750-ml\/#primaryimage"},"thumbnailUrl":"https:\/\/uuesaaluseveinitalu.ee\/wp-content\/uploads\/2022\/09\/mustsostra-hoogvein.jpg","datePublished":"2019-11-05T14:11:43+00:00","dateModified":"2020-06-01T00:02:48+00:00","breadcrumb":{"@id":"https:\/\/uuesaaluseveinitalu.ee\/en\/toode\/black-currant-mulled-wine-glogi-750-ml\/#breadcrumb"},"inLanguage":"en-US","potentialAction":[{"@type":"ReadAction","target":["https:\/\/uuesaaluseveinitalu.ee\/en\/toode\/black-currant-mulled-wine-glogi-750-ml\/"]}]},{"@type":"ImageObject","inLanguage":"en-US","@id":"https:\/\/uuesaaluseveinitalu.ee\/en\/toode\/black-currant-mulled-wine-glogi-750-ml\/#primaryimage","url":"https:\/\/uuesaaluseveinitalu.ee\/wp-content\/uploads\/2022\/09\/mustsostra-hoogvein.jpg","contentUrl":"https:\/\/uuesaaluseveinitalu.ee\/wp-content\/uploads\/2022\/09\/mustsostra-hoogvein.jpg","width":800,"height":800},{"@type":"BreadcrumbList","@id":"https:\/\/uuesaaluseveinitalu.ee\/en\/toode\/black-currant-mulled-wine-glogi-750-ml\/#breadcrumb","itemListElement":[{"@type":"ListItem","position":1,"name":"Home","item":"https:\/\/uuesaaluseveinitalu.ee\/en\/"},{"@type":"ListItem","position":2,"name":"Shop","item":"https:\/\/uuesaaluseveinitalu.ee\/en\/shop\/"},{"@type":"ListItem","position":3,"name":"Black currant mulled wine (gl\u00f6gi) 750 ml"}]},{"@type":"WebSite","@id":"https:\/\/uuesaaluseveinitalu.ee\/en\/#website","url":"https:\/\/uuesaaluseveinitalu.ee\/en\/","name":"Uue-Saaluse Veinitalu","description":"K\u00e4sit\u00f6\u00f6veinid Haanjamaalt!","potentialAction":[{"@type":"SearchAction","target":{"@type":"EntryPoint","urlTemplate":"https:\/\/uuesaaluseveinitalu.ee\/en\/?s={search_term_string}"},"query-input":{"@type":"PropertyValueSpecification","valueRequired":true,"valueName":"search_term_string"}}],"inLanguage":"en-US"}]}},"_links":{"self":[{"href":"https:\/\/uuesaaluseveinitalu.ee\/en\/wp-json\/wp\/v2\/product\/3607","targetHints":{"allow":["GET"]}}],"collection":[{"href":"https:\/\/uuesaaluseveinitalu.ee\/en\/wp-json\/wp\/v2\/product"}],"about":[{"href":"https:\/\/uuesaaluseveinitalu.ee\/en\/wp-json\/wp\/v2\/types\/product"}],"replies":[{"embeddable":true,"href":"https:\/\/uuesaaluseveinitalu.ee\/en\/wp-json\/wp\/v2\/comments?post=3607"}],"wp:featuredmedia":[{"embeddable":true,"href":"https:\/\/uuesaaluseveinitalu.ee\/en\/wp-json\/wp\/v2\/media\/8233"}],"wp:attachment":[{"href":"https:\/\/uuesaaluseveinitalu.ee\/en\/wp-json\/wp\/v2\/media?parent=3607"}],"wp:term":[{"taxonomy":"product_brand","embeddable":true,"href":"https:\/\/uuesaaluseveinitalu.ee\/en\/wp-json\/wp\/v2\/product_brand?post=3607"},{"taxonomy":"product_cat","embeddable":true,"href":"https:\/\/uuesaaluseveinitalu.ee\/en\/wp-json\/wp\/v2\/product_cat?post=3607"},{"taxonomy":"product_tag","embeddable":true,"href":"https:\/\/uuesaaluseveinitalu.ee\/en\/wp-json\/wp\/v2\/product_tag?post=3607"}],"curies":[{"name":"wp","href":"https:\/\/api.w.org\/{rel}","templated":true}]}}