{"id":3605,"date":"2022-07-17T17:56:20","date_gmt":"2019-11-10T17:56:20","guid":{"rendered":"https:\/\/koduveinid.ee\/toode\/black-currant-spraktling-wine-ruben-750ml\/"},"modified":"2021-04-01T01:04:14","modified_gmt":"2021-03-31T22:04:14","slug":"black-currant-sprakling-wine-ruben-750ml","status":"publish","type":"product","link":"https:\/\/uuesaaluseveinitalu.ee\/en\/toode\/black-currant-sprakling-wine-ruben-750ml\/","title":{"rendered":"Black currant sprakling wine &#8220;Ruben&#8221; 750ml"},"content":{"rendered":"<p>Semi-seco. &#8216;Ruben&#8221;, the blackcurrant sparkling wine is a semi-dry red sparkling wine that has a nice taste of berries. Alcohol level 11%. The wine is made out of ecological blackcurrants, that were grown in Ostrova berry farm in Setomaa during the hot and sunny summer of 2018. This wine is like a red velvet, the light bubble that has been added to it makes it a bit more festive and sophisticated. Serve around 12-14\u00a0 \u00b0C in a white wine or champagne glass. If the italians have their own red, slightly sparkling wine Lambrusco, then for Estonians it is the blackcurrant sparkling wine. You can serve it with roast duck or turkey or hard cheeses, that have been cured at least 6 months.<\/p>\n","protected":false},"excerpt":{"rendered":"<p>Semi-seco. &#8216;Ruben&#8221;, the blackcurrant sparkling wine is a semi-dry red sparkling wine that has a nice taste of berries. Alcohol level 11%. The wine is made out of ecological blackcurrants, that were grown in Ostrova berry farm in Setomaa during the hot and sunny summer of 2018. This wine is like a red velvet, the [&hellip;]<\/p>\n","protected":false},"featured_media":4629,"comment_status":"closed","ping_status":"closed","template":"","meta":{"_acf_changed":false},"product_brand":[],"product_cat":[88],"product_tag":[],"class_list":{"0":"post-3605","1":"product","2":"type-product","3":"status-publish","4":"has-post-thumbnail","6":"product_cat-sparkling-wine","8":"first","9":"outofstock","10":"taxable","11":"shipping-taxable","12":"purchasable","13":"product-type-simple"},"acf":[],"yoast_head":"<!-- This site is optimized with the Yoast SEO plugin v24.3 - https:\/\/yoast.com\/wordpress\/plugins\/seo\/ -->\n<title>Black currant sprakling wine &quot;Ruben&quot; 750ml - Uue-Saaluse Veinitalu<\/title>\n<meta name=\"robots\" content=\"index, follow, max-snippet:-1, max-image-preview:large, max-video-preview:-1\" \/>\n<link rel=\"canonical\" href=\"https:\/\/uuesaaluseveinitalu.ee\/en\/toode\/black-currant-sprakling-wine-ruben-750ml\/\" \/>\n<meta property=\"og:locale\" content=\"en_US\" \/>\n<meta property=\"og:type\" content=\"article\" \/>\n<meta property=\"og:title\" content=\"Black currant sprakling wine &quot;Ruben&quot; 750ml - Uue-Saaluse Veinitalu\" \/>\n<meta property=\"og:description\" content=\"Semi-seco. &#8216;Ruben&#8221;, the blackcurrant sparkling wine is a semi-dry red sparkling wine that has a nice taste of berries. Alcohol level 11%. The wine is made out of ecological blackcurrants, that were grown in Ostrova berry farm in Setomaa during the hot and sunny summer of 2018. This wine is like a red velvet, the [&hellip;]\" \/>\n<meta property=\"og:url\" content=\"https:\/\/uuesaaluseveinitalu.ee\/en\/toode\/black-currant-sprakling-wine-ruben-750ml\/\" \/>\n<meta property=\"og:site_name\" content=\"Uue-Saaluse Veinitalu\" \/>\n<meta property=\"article:modified_time\" content=\"2021-03-31T22:04:14+00:00\" \/>\n<meta property=\"og:image\" content=\"https:\/\/uuesaaluseveinitalu.ee\/wp-content\/uploads\/2019\/11\/Ruben_hobe.jpg\" \/>\n\t<meta property=\"og:image:width\" content=\"1099\" \/>\n\t<meta property=\"og:image:height\" content=\"1107\" \/>\n\t<meta property=\"og:image:type\" content=\"image\/jpeg\" \/>\n<meta name=\"twitter:card\" content=\"summary_large_image\" \/>\n<meta name=\"twitter:label1\" content=\"Est. reading time\" \/>\n\t<meta name=\"twitter:data1\" content=\"1 minute\" \/>\n<script type=\"application\/ld+json\" class=\"yoast-schema-graph\">{\"@context\":\"https:\/\/schema.org\",\"@graph\":[{\"@type\":\"WebPage\",\"@id\":\"https:\/\/uuesaaluseveinitalu.ee\/en\/toode\/black-currant-sprakling-wine-ruben-750ml\/\",\"url\":\"https:\/\/uuesaaluseveinitalu.ee\/en\/toode\/black-currant-sprakling-wine-ruben-750ml\/\",\"name\":\"Black currant sprakling wine \\\"Ruben\\\" 750ml - Uue-Saaluse Veinitalu\",\"isPartOf\":{\"@id\":\"https:\/\/uuesaaluseveinitalu.ee\/en\/#website\"},\"primaryImageOfPage\":{\"@id\":\"https:\/\/uuesaaluseveinitalu.ee\/en\/toode\/black-currant-sprakling-wine-ruben-750ml\/#primaryimage\"},\"image\":{\"@id\":\"https:\/\/uuesaaluseveinitalu.ee\/en\/toode\/black-currant-sprakling-wine-ruben-750ml\/#primaryimage\"},\"thumbnailUrl\":\"https:\/\/uuesaaluseveinitalu.ee\/wp-content\/uploads\/2019\/11\/Ruben_hobe.jpg\",\"datePublished\":\"2019-11-10T17:56:20+00:00\",\"dateModified\":\"2021-03-31T22:04:14+00:00\",\"breadcrumb\":{\"@id\":\"https:\/\/uuesaaluseveinitalu.ee\/en\/toode\/black-currant-sprakling-wine-ruben-750ml\/#breadcrumb\"},\"inLanguage\":\"en-US\",\"potentialAction\":[{\"@type\":\"ReadAction\",\"target\":[\"https:\/\/uuesaaluseveinitalu.ee\/en\/toode\/black-currant-sprakling-wine-ruben-750ml\/\"]}]},{\"@type\":\"ImageObject\",\"inLanguage\":\"en-US\",\"@id\":\"https:\/\/uuesaaluseveinitalu.ee\/en\/toode\/black-currant-sprakling-wine-ruben-750ml\/#primaryimage\",\"url\":\"https:\/\/uuesaaluseveinitalu.ee\/wp-content\/uploads\/2019\/11\/Ruben_hobe.jpg\",\"contentUrl\":\"https:\/\/uuesaaluseveinitalu.ee\/wp-content\/uploads\/2019\/11\/Ruben_hobe.jpg\",\"width\":1099,\"height\":1107},{\"@type\":\"BreadcrumbList\",\"@id\":\"https:\/\/uuesaaluseveinitalu.ee\/en\/toode\/black-currant-sprakling-wine-ruben-750ml\/#breadcrumb\",\"itemListElement\":[{\"@type\":\"ListItem\",\"position\":1,\"name\":\"Home\",\"item\":\"https:\/\/uuesaaluseveinitalu.ee\/en\/\"},{\"@type\":\"ListItem\",\"position\":2,\"name\":\"Shop\",\"item\":\"https:\/\/uuesaaluseveinitalu.ee\/en\/shop\/\"},{\"@type\":\"ListItem\",\"position\":3,\"name\":\"Black currant sprakling wine &#8220;Ruben&#8221; 750ml\"}]},{\"@type\":\"WebSite\",\"@id\":\"https:\/\/uuesaaluseveinitalu.ee\/en\/#website\",\"url\":\"https:\/\/uuesaaluseveinitalu.ee\/en\/\",\"name\":\"Uue-Saaluse Veinitalu\",\"description\":\"K\u00e4sit\u00f6\u00f6veinid Haanjamaalt!\",\"potentialAction\":[{\"@type\":\"SearchAction\",\"target\":{\"@type\":\"EntryPoint\",\"urlTemplate\":\"https:\/\/uuesaaluseveinitalu.ee\/en\/?s={search_term_string}\"},\"query-input\":{\"@type\":\"PropertyValueSpecification\",\"valueRequired\":true,\"valueName\":\"search_term_string\"}}],\"inLanguage\":\"en-US\"}]}<\/script>\n<!-- \/ Yoast SEO plugin. -->","yoast_head_json":{"title":"Black currant sprakling wine \"Ruben\" 750ml - Uue-Saaluse Veinitalu","robots":{"index":"index","follow":"follow","max-snippet":"max-snippet:-1","max-image-preview":"max-image-preview:large","max-video-preview":"max-video-preview:-1"},"canonical":"https:\/\/uuesaaluseveinitalu.ee\/en\/toode\/black-currant-sprakling-wine-ruben-750ml\/","og_locale":"en_US","og_type":"article","og_title":"Black currant sprakling wine \"Ruben\" 750ml - Uue-Saaluse Veinitalu","og_description":"Semi-seco. &#8216;Ruben&#8221;, the blackcurrant sparkling wine is a semi-dry red sparkling wine that has a nice taste of berries. Alcohol level 11%. The wine is made out of ecological blackcurrants, that were grown in Ostrova berry farm in Setomaa during the hot and sunny summer of 2018. This wine is like a red velvet, the [&hellip;]","og_url":"https:\/\/uuesaaluseveinitalu.ee\/en\/toode\/black-currant-sprakling-wine-ruben-750ml\/","og_site_name":"Uue-Saaluse Veinitalu","article_modified_time":"2021-03-31T22:04:14+00:00","og_image":[{"width":1099,"height":1107,"url":"https:\/\/uuesaaluseveinitalu.ee\/wp-content\/uploads\/2019\/11\/Ruben_hobe.jpg","type":"image\/jpeg"}],"twitter_card":"summary_large_image","twitter_misc":{"Est. reading time":"1 minute"},"schema":{"@context":"https:\/\/schema.org","@graph":[{"@type":"WebPage","@id":"https:\/\/uuesaaluseveinitalu.ee\/en\/toode\/black-currant-sprakling-wine-ruben-750ml\/","url":"https:\/\/uuesaaluseveinitalu.ee\/en\/toode\/black-currant-sprakling-wine-ruben-750ml\/","name":"Black currant sprakling wine \"Ruben\" 750ml - Uue-Saaluse Veinitalu","isPartOf":{"@id":"https:\/\/uuesaaluseveinitalu.ee\/en\/#website"},"primaryImageOfPage":{"@id":"https:\/\/uuesaaluseveinitalu.ee\/en\/toode\/black-currant-sprakling-wine-ruben-750ml\/#primaryimage"},"image":{"@id":"https:\/\/uuesaaluseveinitalu.ee\/en\/toode\/black-currant-sprakling-wine-ruben-750ml\/#primaryimage"},"thumbnailUrl":"https:\/\/uuesaaluseveinitalu.ee\/wp-content\/uploads\/2019\/11\/Ruben_hobe.jpg","datePublished":"2019-11-10T17:56:20+00:00","dateModified":"2021-03-31T22:04:14+00:00","breadcrumb":{"@id":"https:\/\/uuesaaluseveinitalu.ee\/en\/toode\/black-currant-sprakling-wine-ruben-750ml\/#breadcrumb"},"inLanguage":"en-US","potentialAction":[{"@type":"ReadAction","target":["https:\/\/uuesaaluseveinitalu.ee\/en\/toode\/black-currant-sprakling-wine-ruben-750ml\/"]}]},{"@type":"ImageObject","inLanguage":"en-US","@id":"https:\/\/uuesaaluseveinitalu.ee\/en\/toode\/black-currant-sprakling-wine-ruben-750ml\/#primaryimage","url":"https:\/\/uuesaaluseveinitalu.ee\/wp-content\/uploads\/2019\/11\/Ruben_hobe.jpg","contentUrl":"https:\/\/uuesaaluseveinitalu.ee\/wp-content\/uploads\/2019\/11\/Ruben_hobe.jpg","width":1099,"height":1107},{"@type":"BreadcrumbList","@id":"https:\/\/uuesaaluseveinitalu.ee\/en\/toode\/black-currant-sprakling-wine-ruben-750ml\/#breadcrumb","itemListElement":[{"@type":"ListItem","position":1,"name":"Home","item":"https:\/\/uuesaaluseveinitalu.ee\/en\/"},{"@type":"ListItem","position":2,"name":"Shop","item":"https:\/\/uuesaaluseveinitalu.ee\/en\/shop\/"},{"@type":"ListItem","position":3,"name":"Black currant sprakling wine &#8220;Ruben&#8221; 750ml"}]},{"@type":"WebSite","@id":"https:\/\/uuesaaluseveinitalu.ee\/en\/#website","url":"https:\/\/uuesaaluseveinitalu.ee\/en\/","name":"Uue-Saaluse Veinitalu","description":"K\u00e4sit\u00f6\u00f6veinid Haanjamaalt!","potentialAction":[{"@type":"SearchAction","target":{"@type":"EntryPoint","urlTemplate":"https:\/\/uuesaaluseveinitalu.ee\/en\/?s={search_term_string}"},"query-input":{"@type":"PropertyValueSpecification","valueRequired":true,"valueName":"search_term_string"}}],"inLanguage":"en-US"}]}},"_links":{"self":[{"href":"https:\/\/uuesaaluseveinitalu.ee\/en\/wp-json\/wp\/v2\/product\/3605","targetHints":{"allow":["GET"]}}],"collection":[{"href":"https:\/\/uuesaaluseveinitalu.ee\/en\/wp-json\/wp\/v2\/product"}],"about":[{"href":"https:\/\/uuesaaluseveinitalu.ee\/en\/wp-json\/wp\/v2\/types\/product"}],"replies":[{"embeddable":true,"href":"https:\/\/uuesaaluseveinitalu.ee\/en\/wp-json\/wp\/v2\/comments?post=3605"}],"wp:featuredmedia":[{"embeddable":true,"href":"https:\/\/uuesaaluseveinitalu.ee\/en\/wp-json\/wp\/v2\/media\/4629"}],"wp:attachment":[{"href":"https:\/\/uuesaaluseveinitalu.ee\/en\/wp-json\/wp\/v2\/media?parent=3605"}],"wp:term":[{"taxonomy":"product_brand","embeddable":true,"href":"https:\/\/uuesaaluseveinitalu.ee\/en\/wp-json\/wp\/v2\/product_brand?post=3605"},{"taxonomy":"product_cat","embeddable":true,"href":"https:\/\/uuesaaluseveinitalu.ee\/en\/wp-json\/wp\/v2\/product_cat?post=3605"},{"taxonomy":"product_tag","embeddable":true,"href":"https:\/\/uuesaaluseveinitalu.ee\/en\/wp-json\/wp\/v2\/product_tag?post=3605"}],"curies":[{"name":"wp","href":"https:\/\/api.w.org\/{rel}","templated":true}]}}