{"id":3358,"date":"2022-09-28T18:15:36","date_gmt":"2019-09-15T18:15:36","guid":{"rendered":"https:\/\/koduveinid.ee\/toode\/chokeberry-black-currant-wine-750-ml\/"},"modified":"2021-12-01T23:00:21","modified_gmt":"2021-12-01T21:00:21","slug":"chokeberry-black-currant-wine-750-ml","status":"publish","type":"product","link":"https:\/\/uuesaaluseveinitalu.ee\/en\/toode\/chokeberry-black-currant-wine-750-ml\/","title":{"rendered":"Chokeberry black currant wine 750 ml"},"content":{"rendered":"<p>Chokeberry black currant wine, 750 ml, 11 % VOL, semi-dry. This wine hides the ripe notes from the sunny summer of 2018. In the wine you can taste the tannins from chokeberry and the berry taste from clack currant. The wine pairs well with matured cheeses and game meat.<\/p>\n","protected":false},"excerpt":{"rendered":"<p>Chokeberry black currant wine, 750 ml, 11 % VOL, semi-dry. This wine hides the ripe notes from the sunny summer of 2018. In the wine you can taste the tannins from chokeberry and the berry taste from clack currant. The wine pairs well with matured cheeses and game meat.<\/p>\n","protected":false},"featured_media":6776,"comment_status":"closed","ping_status":"closed","template":"","meta":{"_acf_changed":false},"product_brand":[],"product_cat":[87],"product_tag":[],"class_list":{"0":"post-3358","1":"product","2":"type-product","3":"status-publish","4":"has-post-thumbnail","6":"product_cat-wines","8":"first","9":"outofstock","10":"taxable","11":"shipping-taxable","12":"purchasable","13":"product-type-simple"},"acf":[],"yoast_head":"<!-- This site is optimized with the Yoast SEO plugin v24.3 - https:\/\/yoast.com\/wordpress\/plugins\/seo\/ -->\n<title>Chokeberry black currant wine 750 ml - Uue-Saaluse Veinitalu<\/title>\n<meta name=\"robots\" content=\"index, follow, max-snippet:-1, max-image-preview:large, max-video-preview:-1\" \/>\n<link rel=\"canonical\" href=\"https:\/\/uuesaaluseveinitalu.ee\/en\/toode\/chokeberry-black-currant-wine-750-ml\/\" \/>\n<meta property=\"og:locale\" content=\"en_US\" \/>\n<meta property=\"og:type\" content=\"article\" \/>\n<meta property=\"og:title\" content=\"Chokeberry black currant wine 750 ml - Uue-Saaluse Veinitalu\" \/>\n<meta property=\"og:description\" content=\"Chokeberry black currant wine, 750 ml, 11 % VOL, semi-dry. This wine hides the ripe notes from the sunny summer of 2018. In the wine you can taste the tannins from chokeberry and the berry taste from clack currant. The wine pairs well with matured cheeses and game meat.\" \/>\n<meta property=\"og:url\" content=\"https:\/\/uuesaaluseveinitalu.ee\/en\/toode\/chokeberry-black-currant-wine-750-ml\/\" \/>\n<meta property=\"og:site_name\" content=\"Uue-Saaluse Veinitalu\" \/>\n<meta property=\"article:modified_time\" content=\"2021-12-01T21:00:21+00:00\" \/>\n<meta property=\"og:image\" content=\"https:\/\/uuesaaluseveinitalu.ee\/wp-content\/uploads\/2022\/09\/moisaproua.png\" \/>\n\t<meta property=\"og:image:width\" content=\"800\" \/>\n\t<meta property=\"og:image:height\" content=\"800\" \/>\n\t<meta property=\"og:image:type\" content=\"image\/png\" \/>\n<meta name=\"twitter:card\" content=\"summary_large_image\" \/>\n<script type=\"application\/ld+json\" class=\"yoast-schema-graph\">{\"@context\":\"https:\/\/schema.org\",\"@graph\":[{\"@type\":\"WebPage\",\"@id\":\"https:\/\/uuesaaluseveinitalu.ee\/en\/toode\/chokeberry-black-currant-wine-750-ml\/\",\"url\":\"https:\/\/uuesaaluseveinitalu.ee\/en\/toode\/chokeberry-black-currant-wine-750-ml\/\",\"name\":\"Chokeberry black currant wine 750 ml - Uue-Saaluse Veinitalu\",\"isPartOf\":{\"@id\":\"https:\/\/uuesaaluseveinitalu.ee\/en\/#website\"},\"primaryImageOfPage\":{\"@id\":\"https:\/\/uuesaaluseveinitalu.ee\/en\/toode\/chokeberry-black-currant-wine-750-ml\/#primaryimage\"},\"image\":{\"@id\":\"https:\/\/uuesaaluseveinitalu.ee\/en\/toode\/chokeberry-black-currant-wine-750-ml\/#primaryimage\"},\"thumbnailUrl\":\"https:\/\/uuesaaluseveinitalu.ee\/wp-content\/uploads\/2022\/09\/moisaproua.png\",\"datePublished\":\"2019-09-15T18:15:36+00:00\",\"dateModified\":\"2021-12-01T21:00:21+00:00\",\"breadcrumb\":{\"@id\":\"https:\/\/uuesaaluseveinitalu.ee\/en\/toode\/chokeberry-black-currant-wine-750-ml\/#breadcrumb\"},\"inLanguage\":\"en-US\",\"potentialAction\":[{\"@type\":\"ReadAction\",\"target\":[\"https:\/\/uuesaaluseveinitalu.ee\/en\/toode\/chokeberry-black-currant-wine-750-ml\/\"]}]},{\"@type\":\"ImageObject\",\"inLanguage\":\"en-US\",\"@id\":\"https:\/\/uuesaaluseveinitalu.ee\/en\/toode\/chokeberry-black-currant-wine-750-ml\/#primaryimage\",\"url\":\"https:\/\/uuesaaluseveinitalu.ee\/wp-content\/uploads\/2022\/09\/moisaproua.png\",\"contentUrl\":\"https:\/\/uuesaaluseveinitalu.ee\/wp-content\/uploads\/2022\/09\/moisaproua.png\",\"width\":800,\"height\":800},{\"@type\":\"BreadcrumbList\",\"@id\":\"https:\/\/uuesaaluseveinitalu.ee\/en\/toode\/chokeberry-black-currant-wine-750-ml\/#breadcrumb\",\"itemListElement\":[{\"@type\":\"ListItem\",\"position\":1,\"name\":\"Home\",\"item\":\"https:\/\/uuesaaluseveinitalu.ee\/en\/\"},{\"@type\":\"ListItem\",\"position\":2,\"name\":\"Shop\",\"item\":\"https:\/\/uuesaaluseveinitalu.ee\/en\/shop\/\"},{\"@type\":\"ListItem\",\"position\":3,\"name\":\"Chokeberry black currant wine 750 ml\"}]},{\"@type\":\"WebSite\",\"@id\":\"https:\/\/uuesaaluseveinitalu.ee\/en\/#website\",\"url\":\"https:\/\/uuesaaluseveinitalu.ee\/en\/\",\"name\":\"Uue-Saaluse Veinitalu\",\"description\":\"K\u00e4sit\u00f6\u00f6veinid Haanjamaalt!\",\"potentialAction\":[{\"@type\":\"SearchAction\",\"target\":{\"@type\":\"EntryPoint\",\"urlTemplate\":\"https:\/\/uuesaaluseveinitalu.ee\/en\/?s={search_term_string}\"},\"query-input\":{\"@type\":\"PropertyValueSpecification\",\"valueRequired\":true,\"valueName\":\"search_term_string\"}}],\"inLanguage\":\"en-US\"}]}<\/script>\n<!-- \/ Yoast SEO plugin. -->","yoast_head_json":{"title":"Chokeberry black currant wine 750 ml - Uue-Saaluse Veinitalu","robots":{"index":"index","follow":"follow","max-snippet":"max-snippet:-1","max-image-preview":"max-image-preview:large","max-video-preview":"max-video-preview:-1"},"canonical":"https:\/\/uuesaaluseveinitalu.ee\/en\/toode\/chokeberry-black-currant-wine-750-ml\/","og_locale":"en_US","og_type":"article","og_title":"Chokeberry black currant wine 750 ml - Uue-Saaluse Veinitalu","og_description":"Chokeberry black currant wine, 750 ml, 11 % VOL, semi-dry. This wine hides the ripe notes from the sunny summer of 2018. In the wine you can taste the tannins from chokeberry and the berry taste from clack currant. The wine pairs well with matured cheeses and game meat.","og_url":"https:\/\/uuesaaluseveinitalu.ee\/en\/toode\/chokeberry-black-currant-wine-750-ml\/","og_site_name":"Uue-Saaluse Veinitalu","article_modified_time":"2021-12-01T21:00:21+00:00","og_image":[{"width":800,"height":800,"url":"https:\/\/uuesaaluseveinitalu.ee\/wp-content\/uploads\/2022\/09\/moisaproua.png","type":"image\/png"}],"twitter_card":"summary_large_image","schema":{"@context":"https:\/\/schema.org","@graph":[{"@type":"WebPage","@id":"https:\/\/uuesaaluseveinitalu.ee\/en\/toode\/chokeberry-black-currant-wine-750-ml\/","url":"https:\/\/uuesaaluseveinitalu.ee\/en\/toode\/chokeberry-black-currant-wine-750-ml\/","name":"Chokeberry black currant wine 750 ml - Uue-Saaluse Veinitalu","isPartOf":{"@id":"https:\/\/uuesaaluseveinitalu.ee\/en\/#website"},"primaryImageOfPage":{"@id":"https:\/\/uuesaaluseveinitalu.ee\/en\/toode\/chokeberry-black-currant-wine-750-ml\/#primaryimage"},"image":{"@id":"https:\/\/uuesaaluseveinitalu.ee\/en\/toode\/chokeberry-black-currant-wine-750-ml\/#primaryimage"},"thumbnailUrl":"https:\/\/uuesaaluseveinitalu.ee\/wp-content\/uploads\/2022\/09\/moisaproua.png","datePublished":"2019-09-15T18:15:36+00:00","dateModified":"2021-12-01T21:00:21+00:00","breadcrumb":{"@id":"https:\/\/uuesaaluseveinitalu.ee\/en\/toode\/chokeberry-black-currant-wine-750-ml\/#breadcrumb"},"inLanguage":"en-US","potentialAction":[{"@type":"ReadAction","target":["https:\/\/uuesaaluseveinitalu.ee\/en\/toode\/chokeberry-black-currant-wine-750-ml\/"]}]},{"@type":"ImageObject","inLanguage":"en-US","@id":"https:\/\/uuesaaluseveinitalu.ee\/en\/toode\/chokeberry-black-currant-wine-750-ml\/#primaryimage","url":"https:\/\/uuesaaluseveinitalu.ee\/wp-content\/uploads\/2022\/09\/moisaproua.png","contentUrl":"https:\/\/uuesaaluseveinitalu.ee\/wp-content\/uploads\/2022\/09\/moisaproua.png","width":800,"height":800},{"@type":"BreadcrumbList","@id":"https:\/\/uuesaaluseveinitalu.ee\/en\/toode\/chokeberry-black-currant-wine-750-ml\/#breadcrumb","itemListElement":[{"@type":"ListItem","position":1,"name":"Home","item":"https:\/\/uuesaaluseveinitalu.ee\/en\/"},{"@type":"ListItem","position":2,"name":"Shop","item":"https:\/\/uuesaaluseveinitalu.ee\/en\/shop\/"},{"@type":"ListItem","position":3,"name":"Chokeberry black currant wine 750 ml"}]},{"@type":"WebSite","@id":"https:\/\/uuesaaluseveinitalu.ee\/en\/#website","url":"https:\/\/uuesaaluseveinitalu.ee\/en\/","name":"Uue-Saaluse Veinitalu","description":"K\u00e4sit\u00f6\u00f6veinid Haanjamaalt!","potentialAction":[{"@type":"SearchAction","target":{"@type":"EntryPoint","urlTemplate":"https:\/\/uuesaaluseveinitalu.ee\/en\/?s={search_term_string}"},"query-input":{"@type":"PropertyValueSpecification","valueRequired":true,"valueName":"search_term_string"}}],"inLanguage":"en-US"}]}},"_links":{"self":[{"href":"https:\/\/uuesaaluseveinitalu.ee\/en\/wp-json\/wp\/v2\/product\/3358","targetHints":{"allow":["GET"]}}],"collection":[{"href":"https:\/\/uuesaaluseveinitalu.ee\/en\/wp-json\/wp\/v2\/product"}],"about":[{"href":"https:\/\/uuesaaluseveinitalu.ee\/en\/wp-json\/wp\/v2\/types\/product"}],"replies":[{"embeddable":true,"href":"https:\/\/uuesaaluseveinitalu.ee\/en\/wp-json\/wp\/v2\/comments?post=3358"}],"wp:featuredmedia":[{"embeddable":true,"href":"https:\/\/uuesaaluseveinitalu.ee\/en\/wp-json\/wp\/v2\/media\/6776"}],"wp:attachment":[{"href":"https:\/\/uuesaaluseveinitalu.ee\/en\/wp-json\/wp\/v2\/media?parent=3358"}],"wp:term":[{"taxonomy":"product_brand","embeddable":true,"href":"https:\/\/uuesaaluseveinitalu.ee\/en\/wp-json\/wp\/v2\/product_brand?post=3358"},{"taxonomy":"product_cat","embeddable":true,"href":"https:\/\/uuesaaluseveinitalu.ee\/en\/wp-json\/wp\/v2\/product_cat?post=3358"},{"taxonomy":"product_tag","embeddable":true,"href":"https:\/\/uuesaaluseveinitalu.ee\/en\/wp-json\/wp\/v2\/product_tag?post=3358"}],"curies":[{"name":"wp","href":"https:\/\/api.w.org\/{rel}","templated":true}]}}