{"id":8904,"date":"2025-12-07T16:41:42","date_gmt":"2025-12-07T14:41:42","guid":{"rendered":"https:\/\/uuesaaluseveinitalu.ee\/book-smoke-sauna-experience-at-uue-saaluse-winery\/"},"modified":"2026-04-07T17:18:43","modified_gmt":"2026-04-07T14:18:43","slug":"book-smoke-sauna-experience-at-uue-saaluse-winery","status":"publish","type":"page","link":"https:\/\/uuesaaluseveinitalu.ee\/en\/book-smoke-sauna-experience-at-uue-saaluse-winery\/","title":{"rendered":"Book smoke Sauna Experience at Uue-Saaluse Winery"},"content":{"rendered":"<div  class='flex_column av-ggccme-00e4fde7cb72e312f5bd7e8ca4fbdfd6 av_one_full  avia-builder-el-0  avia-builder-el-no-sibling  first flex_column_div  '     ><form action=\"https:\/\/uuesaaluseveinitalu.ee\/en\/book-smoke-sauna-experience-at-uue-saaluse-winery\/\" method=\"post\" data-fields-with-error=\"Found errors in the following field(s):\" class=\"avia_ajax_form av-form-labels-visible   avia-builder-el-1  avia-builder-el-no-sibling   \" data-avia-form-id=\"1\" data-avia-redirect='' ><h3 class=''>Book smoke Sauna Experience at Uue-Saaluse Winery<\/h3><fieldset><p class='  first_form  form_element form_element_half' id='element_avia_1_1'><label for=\"avia_1_1\">Name and surname <abbr class=\"required\" title=\"required\">*<\/abbr><\/label> <input name=\"avia_1_1\" class=\"text_input is_empty\" type=\"text\" id=\"avia_1_1\" value=\"\" \/><\/p><p class='  form_element form_element_half' id='element_avia_2_1'><label for=\"avia_2_1\">Phone <abbr class=\"required\" title=\"required\">*<\/abbr><\/label> <input name=\"avia_2_1\" class=\"text_input is_phone\" type=\"text\" id=\"avia_2_1\" value=\"\" \/><\/p><p class='  first_form  form_element form_element_half' id='element_avia_3_1'><label for=\"avia_3_1\">E-mail <abbr class=\"required\" title=\"required\">*<\/abbr><\/label> <input name=\"avia_3_1\" class=\"text_input is_email\" type=\"text\" id=\"avia_3_1\" value=\"\" \/><\/p><p class='  form_element form_element_half' id='element_avia_4_1'><label for=\"avia_4_1\">Size of the group <abbr class=\"required\" title=\"required\">*<\/abbr><\/label> <input name=\"avia_4_1\" class=\"text_input is_number\" type=\"text\" id=\"avia_4_1\" value=\"\" \/><\/p><p class='  first_form  form_element form_element_half' id='element_avia_5_1'><label for=\"avia_5_1\">Time of your booking <abbr class=\"required\" title=\"required\">*<\/abbr><\/label> <input name=\"avia_5_1\" class=\"avia_datepicker text_input is_empty\" type=\"text\" id=\"avia_5_1\" value=\"\" placeholder=\"DD \/ MM \/ YY\" inputmode=\"none\" \/><\/p><p class='  form_element form_element_half' id='element_avia_6_1'><label for=\"avia_6_1\">Time<\/label><select  name=\"avia_6_1\" class=\"select \" id=\"avia_6_1\"><option   value='11:00'>11:00<\/option><option   value='12:00'>12:00<\/option><option   value='13:00'>13:00<\/option><option   value='14:00'>14:00<\/option><option   value='15:00'>15:00<\/option><option   value='16:00'>16:00<\/option><option   value='17:00'>17:00<\/option><option   value='18:00'>18:00<\/option><option   value='19:00'>19:00<\/option><\/select><\/p><p class='  first_form  form_element form_fullwidth' id='element_avia_7_1'><label for=\"avia_7_1\">Smoke Sauna package <abbr class=\"required\" title=\"required\">*<\/abbr><\/label><select  name=\"avia_7_1\" class=\"select is_empty\" id=\"avia_7_1\"><option   value='Package No. 1 \u2013 Heated Smoke Sauna with a Guided Sauna Ritual'>Package No. 1 \u2013 Heated Smoke Sauna with a Guided Sauna Ritual<\/option><option   value='Package No. 2 \u2013 Heated Smoke Sauna (self-guided experience)'>Package No. 2 \u2013 Heated Smoke Sauna (self-guided experience)<\/option><\/select><\/p><p class='  first_form  form_element form_element_half' id='element_avia_8_1'><label for=\"avia_8_1\">Package <abbr class=\"required\" title=\"required\">*<\/abbr><\/label><select  name=\"avia_8_1\" class=\"select is_empty\" id=\"avia_8_1\"><option   value='Mini Package - Discovery tour in Uue-Saaluse Winery'>Mini Package - Discovery tour in Uue-Saaluse Winery<\/option><option   value='Standard Package - \u201eHow are you'>Standard Package - \u201eHow are you<\/option><option   value='little wine farm?\u201c'>little wine farm?\u201c<\/option><option   value='Premium Package - \u201eLuxurious journey into the world of craft wines\u201c'>Premium Package - \u201eLuxurious journey into the world of craft wines\u201c<\/option><\/select><\/p><p class='  form_element form_element_half' id='element_avia_9_1'><label for=\"avia_9_1\">Do you need catering? <abbr class=\"required\" title=\"required\">*<\/abbr><\/label><select  name=\"avia_9_1\" class=\"select is_empty\" id=\"avia_9_1\"><option   value='Yes'>Yes<\/option><option   value='No'>No<\/option><\/select><\/p><p class='  first_form  form_element form_fullwidth' id='element_avia_10_1'><label for=\"avia_10_1\" class=\"textare_label hidden textare_label_avia_10_1\">Additional information<\/label><textarea  name=\"avia_10_1\" class=\"text_area \" cols=\"40\" rows=\"7\" id=\"avia_10_1\" ><\/textarea><\/p><p class=\"hidden\"><input type=\"text\" name=\"avia_11_1\" class=\"hidden \" id=\"avia_11_1\" value=\"\" \/><\/p><p class='   form_element form_fullwidth' id='element_avia_12_1'><span class='value_verifier_label'>5 + 0 = ?<\/span><input name=\"avia_12_1_verifier\" type=\"hidden\" id=\"avia_12_1_verifier\" value=\"251414771\"\/><label for=\"avia_12_1\">Please prove that you are human by solving the equation <abbr class=\"required\" title=\"required\">*<\/abbr><\/label><input name=\"avia_12_1\" class=\"text_input captcha\" type=\"text\" id=\"avia_12_1\" value=\"\"\/><\/p><p class=\"form_element \"><input type=\"hidden\" value=\"1\" name=\"avia_generated_form1\" \/><input type=\"submit\" value=\"Send\" class=\"button\"  data-sending-label=\"Sending\"\/><\/p><\/fieldset><\/form><div id=\"ajaxresponse_1\" class=\"ajaxresponse ajaxresponse_1 hidden\"><\/div><\/div>\n","protected":false},"excerpt":{"rendered":"","protected":false},"author":1,"featured_media":0,"parent":0,"menu_order":0,"comment_status":"closed","ping_status":"closed","template":"","meta":{"_acf_changed":false,"footnotes":""},"class_list":["post-8904","page","type-page","status-publish","hentry"],"acf":[],"yoast_head":"<!-- This site is optimized with the Yoast SEO plugin v24.3 - https:\/\/yoast.com\/wordpress\/plugins\/seo\/ -->\n<title>Book smoke Sauna Experience at Uue-Saaluse Winery - Uue-Saaluse Veinitalu<\/title>\n<meta name=\"robots\" content=\"index, follow, max-snippet:-1, max-image-preview:large, max-video-preview:-1\" \/>\n<link rel=\"canonical\" href=\"https:\/\/uuesaaluseveinitalu.ee\/en\/book-smoke-sauna-experience-at-uue-saaluse-winery\/\" \/>\n<meta property=\"og:locale\" content=\"en_US\" \/>\n<meta property=\"og:type\" content=\"article\" \/>\n<meta property=\"og:title\" content=\"Book smoke Sauna Experience at Uue-Saaluse Winery - Uue-Saaluse Veinitalu\" \/>\n<meta property=\"og:url\" content=\"https:\/\/uuesaaluseveinitalu.ee\/en\/book-smoke-sauna-experience-at-uue-saaluse-winery\/\" \/>\n<meta property=\"og:site_name\" content=\"Uue-Saaluse Veinitalu\" \/>\n<meta property=\"article:modified_time\" content=\"2026-04-07T14:18:43+00:00\" \/>\n<meta name=\"twitter:card\" content=\"summary_large_image\" \/>\n<meta name=\"twitter:label1\" content=\"Est. reading time\" \/>\n\t<meta name=\"twitter:data1\" content=\"5 minutes\" \/>\n<script type=\"application\/ld+json\" class=\"yoast-schema-graph\">{\"@context\":\"https:\/\/schema.org\",\"@graph\":[{\"@type\":\"WebPage\",\"@id\":\"https:\/\/uuesaaluseveinitalu.ee\/en\/book-smoke-sauna-experience-at-uue-saaluse-winery\/\",\"url\":\"https:\/\/uuesaaluseveinitalu.ee\/en\/book-smoke-sauna-experience-at-uue-saaluse-winery\/\",\"name\":\"Book smoke Sauna Experience at Uue-Saaluse Winery - Uue-Saaluse Veinitalu\",\"isPartOf\":{\"@id\":\"https:\/\/uuesaaluseveinitalu.ee\/en\/#website\"},\"datePublished\":\"2025-12-07T14:41:42+00:00\",\"dateModified\":\"2026-04-07T14:18:43+00:00\",\"breadcrumb\":{\"@id\":\"https:\/\/uuesaaluseveinitalu.ee\/en\/book-smoke-sauna-experience-at-uue-saaluse-winery\/#breadcrumb\"},\"inLanguage\":\"en-US\",\"potentialAction\":[{\"@type\":\"ReadAction\",\"target\":[\"https:\/\/uuesaaluseveinitalu.ee\/en\/book-smoke-sauna-experience-at-uue-saaluse-winery\/\"]}]},{\"@type\":\"BreadcrumbList\",\"@id\":\"https:\/\/uuesaaluseveinitalu.ee\/en\/book-smoke-sauna-experience-at-uue-saaluse-winery\/#breadcrumb\",\"itemListElement\":[{\"@type\":\"ListItem\",\"position\":1,\"name\":\"Home\",\"item\":\"https:\/\/uuesaaluseveinitalu.ee\/en\/\"},{\"@type\":\"ListItem\",\"position\":2,\"name\":\"Book smoke Sauna Experience at Uue-Saaluse Winery\"}]},{\"@type\":\"WebSite\",\"@id\":\"https:\/\/uuesaaluseveinitalu.ee\/en\/#website\",\"url\":\"https:\/\/uuesaaluseveinitalu.ee\/en\/\",\"name\":\"Uue-Saaluse Veinitalu\",\"description\":\"K\u00e4sit\u00f6\u00f6veinid Haanjamaalt!\",\"potentialAction\":[{\"@type\":\"SearchAction\",\"target\":{\"@type\":\"EntryPoint\",\"urlTemplate\":\"https:\/\/uuesaaluseveinitalu.ee\/en\/?s={search_term_string}\"},\"query-input\":{\"@type\":\"PropertyValueSpecification\",\"valueRequired\":true,\"valueName\":\"search_term_string\"}}],\"inLanguage\":\"en-US\"}]}<\/script>\n<!-- \/ Yoast SEO plugin. -->","yoast_head_json":{"title":"Book smoke Sauna Experience at Uue-Saaluse Winery - Uue-Saaluse Veinitalu","robots":{"index":"index","follow":"follow","max-snippet":"max-snippet:-1","max-image-preview":"max-image-preview:large","max-video-preview":"max-video-preview:-1"},"canonical":"https:\/\/uuesaaluseveinitalu.ee\/en\/book-smoke-sauna-experience-at-uue-saaluse-winery\/","og_locale":"en_US","og_type":"article","og_title":"Book smoke Sauna Experience at Uue-Saaluse Winery - Uue-Saaluse Veinitalu","og_url":"https:\/\/uuesaaluseveinitalu.ee\/en\/book-smoke-sauna-experience-at-uue-saaluse-winery\/","og_site_name":"Uue-Saaluse Veinitalu","article_modified_time":"2026-04-07T14:18:43+00:00","twitter_card":"summary_large_image","twitter_misc":{"Est. reading time":"5 minutes"},"schema":{"@context":"https:\/\/schema.org","@graph":[{"@type":"WebPage","@id":"https:\/\/uuesaaluseveinitalu.ee\/en\/book-smoke-sauna-experience-at-uue-saaluse-winery\/","url":"https:\/\/uuesaaluseveinitalu.ee\/en\/book-smoke-sauna-experience-at-uue-saaluse-winery\/","name":"Book smoke Sauna Experience at Uue-Saaluse Winery - Uue-Saaluse Veinitalu","isPartOf":{"@id":"https:\/\/uuesaaluseveinitalu.ee\/en\/#website"},"datePublished":"2025-12-07T14:41:42+00:00","dateModified":"2026-04-07T14:18:43+00:00","breadcrumb":{"@id":"https:\/\/uuesaaluseveinitalu.ee\/en\/book-smoke-sauna-experience-at-uue-saaluse-winery\/#breadcrumb"},"inLanguage":"en-US","potentialAction":[{"@type":"ReadAction","target":["https:\/\/uuesaaluseveinitalu.ee\/en\/book-smoke-sauna-experience-at-uue-saaluse-winery\/"]}]},{"@type":"BreadcrumbList","@id":"https:\/\/uuesaaluseveinitalu.ee\/en\/book-smoke-sauna-experience-at-uue-saaluse-winery\/#breadcrumb","itemListElement":[{"@type":"ListItem","position":1,"name":"Home","item":"https:\/\/uuesaaluseveinitalu.ee\/en\/"},{"@type":"ListItem","position":2,"name":"Book smoke Sauna Experience at Uue-Saaluse Winery"}]},{"@type":"WebSite","@id":"https:\/\/uuesaaluseveinitalu.ee\/en\/#website","url":"https:\/\/uuesaaluseveinitalu.ee\/en\/","name":"Uue-Saaluse Veinitalu","description":"K\u00e4sit\u00f6\u00f6veinid Haanjamaalt!","potentialAction":[{"@type":"SearchAction","target":{"@type":"EntryPoint","urlTemplate":"https:\/\/uuesaaluseveinitalu.ee\/en\/?s={search_term_string}"},"query-input":{"@type":"PropertyValueSpecification","valueRequired":true,"valueName":"search_term_string"}}],"inLanguage":"en-US"}]}},"_links":{"self":[{"href":"https:\/\/uuesaaluseveinitalu.ee\/en\/wp-json\/wp\/v2\/pages\/8904","targetHints":{"allow":["GET"]}}],"collection":[{"href":"https:\/\/uuesaaluseveinitalu.ee\/en\/wp-json\/wp\/v2\/pages"}],"about":[{"href":"https:\/\/uuesaaluseveinitalu.ee\/en\/wp-json\/wp\/v2\/types\/page"}],"author":[{"embeddable":true,"href":"https:\/\/uuesaaluseveinitalu.ee\/en\/wp-json\/wp\/v2\/users\/1"}],"replies":[{"embeddable":true,"href":"https:\/\/uuesaaluseveinitalu.ee\/en\/wp-json\/wp\/v2\/comments?post=8904"}],"version-history":[{"count":4,"href":"https:\/\/uuesaaluseveinitalu.ee\/en\/wp-json\/wp\/v2\/pages\/8904\/revisions"}],"predecessor-version":[{"id":9094,"href":"https:\/\/uuesaaluseveinitalu.ee\/en\/wp-json\/wp\/v2\/pages\/8904\/revisions\/9094"}],"wp:attachment":[{"href":"https:\/\/uuesaaluseveinitalu.ee\/en\/wp-json\/wp\/v2\/media?parent=8904"}],"curies":[{"name":"wp","href":"https:\/\/api.w.org\/{rel}","templated":true}]}}