{"id":8893,"date":"2025-12-07T16:07:20","date_gmt":"2025-12-07T14:07:20","guid":{"rendered":"https:\/\/uuesaaluseveinitalu.ee\/smoke-sauna-experiences-at-uue-saaluse-winery\/"},"modified":"2026-03-23T11:57:56","modified_gmt":"2026-03-23T09:57:56","slug":"smoke-sauna-experiences-at-uue-saaluse-winery","status":"publish","type":"page","link":"https:\/\/uuesaaluseveinitalu.ee\/en\/smoke-sauna-experiences-at-uue-saaluse-winery\/","title":{"rendered":"Smoke Sauna Experiences at Uue-Saaluse Winery"},"content":{"rendered":"\n<style type=\"text\/css\" data-created_by=\"avia_inline_auto\" id=\"style-css-av-mivrw9df-33cd6fa7ee64db162f0e80919d509589\">\n#top .av-special-heading.av-mivrw9df-33cd6fa7ee64db162f0e80919d509589{\npadding-bottom:10px;\n}\nbody .av-special-heading.av-mivrw9df-33cd6fa7ee64db162f0e80919d509589 .av-special-heading-tag .heading-char{\nfont-size:25px;\n}\n.av-special-heading.av-mivrw9df-33cd6fa7ee64db162f0e80919d509589 .av-subheading{\nfont-size:15px;\n}\n<\/style>\n<div  class='av-special-heading av-mivrw9df-33cd6fa7ee64db162f0e80919d509589 av-special-heading-h1  avia-builder-el-0  el_before_av_one_half  avia-builder-el-first '><h1 class='av-special-heading-tag '  itemprop=\"headline\"  >Smoke Sauna Experiences at Uue-Saaluse Winery<\/h1><div class=\"special-heading-border\"><div class=\"special-heading-inner-border\"><\/div><\/div><\/div>\n<div class='flex_column_table av-elmxzh-206daed39616942140bf15e91a0d6928 sc-av_one_half av-equal-height-column-flextable'><div  class='flex_column av-elmxzh-206daed39616942140bf15e91a0d6928 av_one_half  avia-builder-el-1  el_after_av_heading  el_before_av_one_half  first flex_column_table_cell av-equal-height-column av-align-middle  '     ><section  class='av_textblock_section av-mivrtcm0-ed567098d763761618826216ab65ca5f '   itemscope=\"itemscope\" itemtype=\"https:\/\/schema.org\/CreativeWork\" ><div class='avia_textblock'  itemprop=\"text\" ><p>Uue-Saaluse Winery operates in the historic servants\u2019 house of Uue-Saaluse Manor, where we have been crafting wines since 2017. The labels of our wines depict the view of our lake and the old smoke sauna \u2014 the very same sauna built most likely in the early 1900s and renovated in 2007.   year<\/p>\n<p>For years, many visitors have asked about the possibility of experiencing our smoke sauna. We are now delighted to finally offer this unique tradition. Our sauna also has a small cinematic story: <strong>  2003. In 2003, the short film \u201cThe Devil Comes to the Sauna\u201d was filmed here.<\/p>\n<p><\/strong> Authors Peeter Urbla and Andres Maimik. Guests can also watch it on-site.<\/p>\n<p>The smoke sauna tradition of Old V\u00f5romaa has been inscribed on the UNESCO list of Intangible Cultural Heritage. We are proud that the smoke sauna tradition is still strongly alive here.<\/p>\n<\/div><\/section><\/div><div class='av-flex-placeholder'><\/div><div  class='flex_column av-csqp1p-fd5c09b33a803858cebd9395d3e41507 av_one_half  avia-builder-el-3  el_after_av_one_half  el_before_av_one_half  flex_column_table_cell av-equal-height-column av-align-middle  '     ><style type=\"text\/css\" data-created_by=\"avia_inline_auto\" id=\"style-css-av-mivrxf5e-121021ddf1f5d03dc68341cf21656893\">\n.avia-image-container.av-mivrxf5e-121021ddf1f5d03dc68341cf21656893 img.avia_image{\nbox-shadow:none;\n}\n.avia-image-container.av-mivrxf5e-121021ddf1f5d03dc68341cf21656893 .av-image-caption-overlay-center{\ncolor:#ffffff;\n}\n<\/style>\n<div  class='avia-image-container av-mivrxf5e-121021ddf1f5d03dc68341cf21656893 av-styling- avia-align-center  avia-builder-el-4  avia-builder-el-no-sibling '   itemprop=\"image\" itemscope=\"itemscope\" itemtype=\"https:\/\/schema.org\/ImageObject\" ><div class=\"avia-image-container-inner\"><div class=\"avia-image-overlay-wrap\"><img decoding=\"async\" fetchpriority=\"high\" class='wp-image-8880 avia-img-lazy-loading-not-8880 avia_image ' src=\"https:\/\/uuesaaluseveinitalu.ee\/wp-content\/uploads\/2025\/12\/juhendatud-saun.jpg\" alt='' title='juhendatud saun'  height=\"1639\" width=\"2456\"  itemprop=\"thumbnailUrl\" srcset=\"https:\/\/uuesaaluseveinitalu.ee\/wp-content\/uploads\/2025\/12\/juhendatud-saun.jpg 2456w, https:\/\/uuesaaluseveinitalu.ee\/wp-content\/uploads\/2025\/12\/juhendatud-saun-300x200.jpg 300w, https:\/\/uuesaaluseveinitalu.ee\/wp-content\/uploads\/2025\/12\/juhendatud-saun-1030x687.jpg 1030w, https:\/\/uuesaaluseveinitalu.ee\/wp-content\/uploads\/2025\/12\/juhendatud-saun-768x513.jpg 768w, https:\/\/uuesaaluseveinitalu.ee\/wp-content\/uploads\/2025\/12\/juhendatud-saun-1536x1025.jpg 1536w, https:\/\/uuesaaluseveinitalu.ee\/wp-content\/uploads\/2025\/12\/juhendatud-saun-2048x1367.jpg 2048w, https:\/\/uuesaaluseveinitalu.ee\/wp-content\/uploads\/2025\/12\/juhendatud-saun-1500x1001.jpg 1500w, https:\/\/uuesaaluseveinitalu.ee\/wp-content\/uploads\/2025\/12\/juhendatud-saun-705x470.jpg 705w, https:\/\/uuesaaluseveinitalu.ee\/wp-content\/uploads\/2025\/12\/juhendatud-saun-450x300.jpg 450w\" sizes=\"(max-width: 2456px) 100vw, 2456px\" \/><\/div><\/div><\/div><\/div><\/div><!--close column table wrapper. Autoclose: 1 --><\/p>\n<div  class='flex_column av-aqmfy5-208d60759054805df760d42aa4a2588d av_one_half  avia-builder-el-5  el_after_av_one_half  el_before_av_one_half  first flex_column_div  column-top-margin'     ><style type=\"text\/css\" data-created_by=\"avia_inline_auto\" id=\"style-css-av-mivrzf4f-2c08d33ae09678af1a4b850b5b92af8a\">\n.avia-image-container.av-mivrzf4f-2c08d33ae09678af1a4b850b5b92af8a img.avia_image{\nbox-shadow:none;\n}\n.avia-image-container.av-mivrzf4f-2c08d33ae09678af1a4b850b5b92af8a .av-image-caption-overlay-center{\ncolor:#ffffff;\n}\n<\/style>\n<div  class='avia-image-container av-mivrzf4f-2c08d33ae09678af1a4b850b5b92af8a av-styling- avia-align-center  avia-builder-el-6  avia-builder-el-no-sibling '   itemprop=\"image\" itemscope=\"itemscope\" itemtype=\"https:\/\/schema.org\/ImageObject\" ><div class=\"avia-image-container-inner\"><div class=\"avia-image-overlay-wrap\"><img decoding=\"async\" fetchpriority=\"high\" class='wp-image-8884 avia-img-lazy-loading-not-8884 avia_image ' src=\"https:\/\/uuesaaluseveinitalu.ee\/wp-content\/uploads\/2025\/12\/suitsusaunaelamus-scaled.jpg\" alt='' title='suitsusaunaelamus'  height=\"2560\" width=\"1709\"  itemprop=\"thumbnailUrl\" srcset=\"https:\/\/uuesaaluseveinitalu.ee\/wp-content\/uploads\/2025\/12\/suitsusaunaelamus-scaled.jpg 1709w, https:\/\/uuesaaluseveinitalu.ee\/wp-content\/uploads\/2025\/12\/suitsusaunaelamus-200x300.jpg 200w, https:\/\/uuesaaluseveinitalu.ee\/wp-content\/uploads\/2025\/12\/suitsusaunaelamus-687x1030.jpg 687w, https:\/\/uuesaaluseveinitalu.ee\/wp-content\/uploads\/2025\/12\/suitsusaunaelamus-768x1151.jpg 768w, https:\/\/uuesaaluseveinitalu.ee\/wp-content\/uploads\/2025\/12\/suitsusaunaelamus-1025x1536.jpg 1025w, https:\/\/uuesaaluseveinitalu.ee\/wp-content\/uploads\/2025\/12\/suitsusaunaelamus-1367x2048.jpg 1367w, https:\/\/uuesaaluseveinitalu.ee\/wp-content\/uploads\/2025\/12\/suitsusaunaelamus-1001x1500.jpg 1001w, https:\/\/uuesaaluseveinitalu.ee\/wp-content\/uploads\/2025\/12\/suitsusaunaelamus-471x705.jpg 471w, https:\/\/uuesaaluseveinitalu.ee\/wp-content\/uploads\/2025\/12\/suitsusaunaelamus-450x674.jpg 450w\" sizes=\"(max-width: 1709px) 100vw, 1709px\" \/><\/div><\/div><\/div><\/div>\n<div  class='flex_column av-9cd8rx-069665712080277bc9cbccdff6340bd3 av_one_half  avia-builder-el-7  el_after_av_one_half  el_before_av_one_half  flex_column_div  column-top-margin'     ><section  class='av_textblock_section av-mivru6pf-27484577c2b55c5f7ea6cba5ad432197 '   itemscope=\"itemscope\" itemtype=\"https:\/\/schema.org\/CreativeWork\" ><div class='avia_textblock'  itemprop=\"text\" ><h2><strong>Package No. 1 \u2013 Heated Smoke Sauna (self-guided experience)<\/strong><\/h2>\n<p><strong>Up to 8 people \/ \u20ac250<\/strong><\/p>\n<p><strong>Included in the package:<\/strong><\/p>\n<ul>\n<li>2 hours in a traditional smoke sauna<\/li>\n<li>Sauna towel, sauna hat, and drinking water<\/li>\n<li>Refreshing swim in <strong>Lake Saaluse Alaj\u00e4rv<\/strong>, located right next to the sauna<\/li>\n<\/ul>\n<p><strong>If desired, one of our visitor packages can be added to the sauna experience.<\/strong><\/p>\n<ol>\n<li><strong><a href=\"https:\/\/uuesaaluseveinitalu.ee\/en\/tour-packages\/discovery-tour-in-uue-saaluse-winery\/\" target=\"_blank\" rel=\"noopener\">Mini Package <\/a><\/strong>\u2013 tour + tasting of 3 wines with savoury biscuits \u2014 <strong>\u20ac17\/person<\/strong><\/li>\n<li><a href=\"https:\/\/uuesaaluseveinitalu.ee\/en\/tour-packages\/how-are-you-little-wine-farm\/\" target=\"_blank\" rel=\"noopener\"><strong>Standard Package<\/strong><\/a> \u2013 tour + tasting of 5 wines with snacks \u2014<strong> \u20ac22\/person<\/strong><\/li>\n<li><a href=\"https:\/\/uuesaaluseveinitalu.ee\/en\/tour-packages\/luxurious-journey-into-the-world-of-craft-wines\/\" target=\"_blank\" rel=\"noopener\"><strong>Premiumpakett<\/strong> <\/a>\u2013 ekskursioon + 5 veini pimedegusteerimine luksuslikuma suupistevalikuga \u2014 <strong>27 \u20ac\/in<\/strong><\/li>\n<\/ol>\n<p><strong>Additional option:<\/strong><\/p>\n<ul>\n<li>Kerge eine: ahjukartulid ja -k\u00f6\u00f6giviljad peekoniga <strong>v\u00f5i<\/strong> mulgipuder k\u00f5rnetega, lisandiks k\u00f6\u00f6giviljasalat \u2014 <strong>15 \u20ac. The food is served in buffee style. <\/strong><\/li>\n<\/ul>\n<p><strong>Booking information:<\/strong><br \/>\nPlease fill in the booking form. Your reservation is confirmed after a <strong>\u20ac250 prepayment<\/strong>, based on the invoice sent by email.<br \/>\nIf cancelled at least <strong>48 hours in advance<\/strong>, the prepayment will be refunded.<\/p>\n<\/div><\/section><br \/>\n<div  class='avia-button-wrap av-mivu0rdz-0929f6fefeef606cedddf61fae93f99b-wrap avia-button-center  avia-builder-el-9  el_after_av_textblock  avia-builder-el-last '><a href='https:\/\/uuesaaluseveinitalu.ee\/en\/book-smoke-sauna-experience-at-uue-saaluse-winery\/'  class='avia-button av-mivu0rdz-0929f6fefeef606cedddf61fae93f99b av-link-btn avia-icon_select-no avia-size-large avia-position-center avia-color-theme-color'   aria-label=\"Book\"><span class='avia_iconbox_title' >Book<\/span><\/a><\/div><\/p><\/div>\n<div  class='flex_column av-7m58cd-be228cec657aa5a64bfdb683dd4d7c00 av_one_half  avia-builder-el-10  el_after_av_one_half  el_before_av_one_half  first flex_column_div  column-top-margin'     ><section  class='av_textblock_section av-mivrvayd-47a921279ba01b6f60517bcea201e7bb '   itemscope=\"itemscope\" itemtype=\"https:\/\/schema.org\/CreativeWork\" ><div class='avia_textblock'  itemprop=\"text\" ><h2><strong>Package No. 2 \u2013 Heated Smoke Sauna with a Guided Sauna Ritual<\/strong><\/h2>\n<p><strong>Up to 8 people \/ \u20ac350<\/strong><\/p>\n<p><strong>Included in the package:<\/strong><\/p>\n<ul>\n<li>2 hours of guided smoke sauna<\/li>\n<li>Sauna towel, sauna hat, and drinking water<\/li>\n<li>Swimming in the lake (available both summer and winter)<\/li>\n<\/ul>\n<p>Your session is led by an <strong>experienced sauna guide<\/strong>, who conducts sauna rituals and creates a mindful and restorative experience.<br \/>\nDepending on the group\u2019s needs, the guide may use:<\/p>\n<ul>\n<li>whisks (viht)<\/li>\n<li>herbal infusions<\/li>\n<li>salt<\/li>\n<li>honey<\/li>\n<li>traditional sauna songs or spoken rituals<\/li>\n<\/ul>\n<p>Every guided sauna session is <strong>unique<\/strong>. Sometimes the sauna calls for the strength of the whisk; other times, soothing herbal compresses are needed. This is the charm of a guided sauna &#8211; each experience is different and offers something new.<br \/>\n<strong>You can read more about Helen here: <\/strong><a href=\"http:\/\/helenmoppel.ee\/saunanaiste-tutvustus\">helenmoppel.ee\/saunanaiste-tutvustus<\/a><\/p>\n<p><strong>If desired, one of our visitor packages can be added to the sauna experience.<\/strong><\/p>\n<ol>\n<li><a href=\"https:\/\/uuesaaluseveinitalu.ee\/en\/tour-packages\/discovery-tour-in-uue-saaluse-winery\/\" target=\"_blank\" rel=\"noopener\"><strong>Mini Package<\/strong><\/a> \u2013 tour + tasting of 3 wines<\/li>\n<li><a href=\"https:\/\/uuesaaluseveinitalu.ee\/en\/tour-packages\/how-are-you-little-wine-farm\/\" target=\"_blank\" rel=\"noopener\"><strong>Standard Package<\/strong><\/a> \u2013 tour + tasting of 5 wines with snacks<\/li>\n<li><a href=\"https:\/\/uuesaaluseveinitalu.ee\/en\/tour-packages\/luxurious-journey-into-the-world-of-craft-wines\/\" target=\"_blank\" rel=\"noopener\"> <strong>Premiumpakett<\/strong> <\/a> \u2013 ekskursioon + 5 veini pimedegusteerimine luksuslikuma suupistevalikuga<\/li>\n<\/ol>\n<p><strong>Additional option:<\/strong><\/p>\n<ul>\n<li>Kerge eine (ahjukartulid-k\u00f6\u00f6giviljad peekoniga v\u00f5i mulgipuder k\u00f5rnetega) + salat \u2014 <strong>15 \u20ac. The food is served in buffe style. <\/strong><\/li>\n<\/ul>\n<\/div><\/section><br \/>\n<div  class='avia-button-wrap av-2dne7x-61a273b05c0662a02ce361a1040f8976-wrap avia-button-center  avia-builder-el-12  el_after_av_textblock  avia-builder-el-last '><a href='https:\/\/uuesaaluseveinitalu.ee\/en\/book-smoke-sauna-experience-at-uue-saaluse-winery\/'  class='avia-button av-2dne7x-61a273b05c0662a02ce361a1040f8976 av-link-btn avia-icon_select-no avia-size-large avia-position-center avia-color-theme-color'   aria-label=\"Book\"><span class='avia_iconbox_title' >Book<\/span><\/a><\/div><\/p><\/div>\n<div  class='flex_column av-61qerx-be4755ba5bee000f45666fa51c01caa3 av_one_half  avia-builder-el-13  el_after_av_one_half  el_before_av_one_half  flex_column_div  column-top-margin'     ><style type=\"text\/css\" data-created_by=\"avia_inline_auto\" id=\"style-css-av-mivs19qr-584b201f57646bf6c16912dddc026a92\">\n.avia-image-container.av-mivs19qr-584b201f57646bf6c16912dddc026a92 img.avia_image{\nbox-shadow:none;\n}\n.avia-image-container.av-mivs19qr-584b201f57646bf6c16912dddc026a92 .av-image-caption-overlay-center{\ncolor:#ffffff;\n}\n<\/style>\n<div  class='avia-image-container av-mivs19qr-584b201f57646bf6c16912dddc026a92 av-styling- avia-align-center  avia-builder-el-14  avia-builder-el-no-sibling '   itemprop=\"image\" itemscope=\"itemscope\" itemtype=\"https:\/\/schema.org\/ImageObject\" ><div class=\"avia-image-container-inner\"><div class=\"avia-image-overlay-wrap\"><img decoding=\"async\" fetchpriority=\"high\" class='wp-image-8887 avia-img-lazy-loading-not-8887 avia_image ' src=\"https:\/\/uuesaaluseveinitalu.ee\/wp-content\/uploads\/2025\/12\/saunaminek-scaled.jpg\" alt='' title='saunaminek'  height=\"2560\" width=\"1708\"  itemprop=\"thumbnailUrl\" srcset=\"https:\/\/uuesaaluseveinitalu.ee\/wp-content\/uploads\/2025\/12\/saunaminek-scaled.jpg 1708w, https:\/\/uuesaaluseveinitalu.ee\/wp-content\/uploads\/2025\/12\/saunaminek-200x300.jpg 200w, https:\/\/uuesaaluseveinitalu.ee\/wp-content\/uploads\/2025\/12\/saunaminek-687x1030.jpg 687w, https:\/\/uuesaaluseveinitalu.ee\/wp-content\/uploads\/2025\/12\/saunaminek-768x1151.jpg 768w, https:\/\/uuesaaluseveinitalu.ee\/wp-content\/uploads\/2025\/12\/saunaminek-1025x1536.jpg 1025w, https:\/\/uuesaaluseveinitalu.ee\/wp-content\/uploads\/2025\/12\/saunaminek-1367x2048.jpg 1367w, https:\/\/uuesaaluseveinitalu.ee\/wp-content\/uploads\/2025\/12\/saunaminek-1001x1500.jpg 1001w, https:\/\/uuesaaluseveinitalu.ee\/wp-content\/uploads\/2025\/12\/saunaminek-470x705.jpg 470w, https:\/\/uuesaaluseveinitalu.ee\/wp-content\/uploads\/2025\/12\/saunaminek-450x674.jpg 450w\" sizes=\"(max-width: 1708px) 100vw, 1708px\" \/><\/div><\/div><\/div><\/div>\n<div  class='flex_column av-46m7r1-bb5c5c75c57a35733107fcabc6a10975 av_one_half  avia-builder-el-15  el_after_av_one_half  el_before_av_one_half  first flex_column_div  column-top-margin'     ><style type=\"text\/css\" data-created_by=\"avia_inline_auto\" id=\"style-css-av-mivs1u51-4aa1e6ee8039f34d759d9a53dfe41db2\">\n.avia-image-container.av-mivs1u51-4aa1e6ee8039f34d759d9a53dfe41db2 img.avia_image{\nbox-shadow:none;\n}\n.avia-image-container.av-mivs1u51-4aa1e6ee8039f34d759d9a53dfe41db2 .av-image-caption-overlay-center{\ncolor:#ffffff;\n}\n<\/style>\n<div  class='avia-image-container av-mivs1u51-4aa1e6ee8039f34d759d9a53dfe41db2 av-styling- avia-align-center  avia-builder-el-16  avia-builder-el-no-sibling '   itemprop=\"image\" itemscope=\"itemscope\" itemtype=\"https:\/\/schema.org\/ImageObject\" ><div class=\"avia-image-container-inner\"><div class=\"avia-image-overlay-wrap\"><img decoding=\"async\" fetchpriority=\"high\" class='wp-image-8889 avia-img-lazy-loading-not-8889 avia_image ' src=\"https:\/\/uuesaaluseveinitalu.ee\/wp-content\/uploads\/2025\/12\/jalad-voivad-mustaks-saada-scaled.jpg\" alt='' title='jalad v\u00f5ivad mustaks saada'  height=\"2560\" width=\"1709\"  itemprop=\"thumbnailUrl\" srcset=\"https:\/\/uuesaaluseveinitalu.ee\/wp-content\/uploads\/2025\/12\/jalad-voivad-mustaks-saada-scaled.jpg 1709w, https:\/\/uuesaaluseveinitalu.ee\/wp-content\/uploads\/2025\/12\/jalad-voivad-mustaks-saada-200x300.jpg 200w, https:\/\/uuesaaluseveinitalu.ee\/wp-content\/uploads\/2025\/12\/jalad-voivad-mustaks-saada-687x1030.jpg 687w, https:\/\/uuesaaluseveinitalu.ee\/wp-content\/uploads\/2025\/12\/jalad-voivad-mustaks-saada-768x1151.jpg 768w, https:\/\/uuesaaluseveinitalu.ee\/wp-content\/uploads\/2025\/12\/jalad-voivad-mustaks-saada-1025x1536.jpg 1025w, https:\/\/uuesaaluseveinitalu.ee\/wp-content\/uploads\/2025\/12\/jalad-voivad-mustaks-saada-1367x2048.jpg 1367w, https:\/\/uuesaaluseveinitalu.ee\/wp-content\/uploads\/2025\/12\/jalad-voivad-mustaks-saada-1001x1500.jpg 1001w, https:\/\/uuesaaluseveinitalu.ee\/wp-content\/uploads\/2025\/12\/jalad-voivad-mustaks-saada-471x705.jpg 471w, https:\/\/uuesaaluseveinitalu.ee\/wp-content\/uploads\/2025\/12\/jalad-voivad-mustaks-saada-450x674.jpg 450w\" sizes=\"(max-width: 1709px) 100vw, 1709px\" \/><\/div><\/div><\/div><\/div>\n<div  class='flex_column av-2dne7x-2-e367923507040d8c6d83c1b72b75d035 av_one_half  avia-builder-el-17  el_after_av_one_half  avia-builder-el-last  flex_column_div  column-top-margin'     ><section  class='av_textblock_section av-mivrvmu3-c4c050d43e4baaabfad02a775982c21e '   itemscope=\"itemscope\" itemtype=\"https:\/\/schema.org\/CreativeWork\" ><div class='avia_textblock'  itemprop=\"text\" ><h2><strong>Information for Sauna Guests<\/strong><\/h2>\n<p>Welcome to the Uue-Saaluse smoke sauna!<br \/>\nTo ensure a comfortable and enjoyable experience, please take note of the following:<\/p>\n<p><strong>Changing &amp; Equipment<\/strong><\/p>\n<ul>\n<li>Changing takes place in a private room in the main winery building<\/li>\n<li>A bathrobe is provided<\/li>\n<li>Sauna towels and sauna hats are available on-site<\/li>\n<li>You may bring slippers\/woollen footwear (the sauna is ~50 m from the main house)<\/li>\n<\/ul>\n<p><strong>During the Sauna<\/strong><\/p>\n<ul>\n<li>The lake is right next to the sauna &#8211; swimming is allowed and recommended<\/li>\n<li>After the sauna, you may shower in the main building if you wish<\/li>\n<\/ul>\n<p><strong>Health &amp; Safety<\/strong><\/p>\n<ul>\n<li>Please inform us of any <strong>allergies <\/strong>(herbal, food, etc.)<\/li>\n<li>Please inform us of any <strong>chronic health conditions<\/strong> (e.g., heart issues, diabetes)<\/li>\n<li>Please let us know if you are <strong>pregnant<\/strong><\/li>\n<li>We expect sauna guests to <strong>be sober<\/strong> and in good health \u2014 each person is responsible for their own wellbeing<\/li>\n<li>Alcohol consumption inside the sauna is<strong> not permitted<\/strong><\/li>\n<\/ul>\n<p><strong>Photos &amp; Sharing<\/strong><\/p>\n<p>Photography and filming are allowed in and around the sauna.<br \/>\nIf you share your photos publicly on social media, please tag us with:<br \/><strong>#UueSaaluseWineryAndSmokeSauna<\/strong><\/p>\n<\/div><\/section><\/div>\n","protected":false},"excerpt":{"rendered":"","protected":false},"author":1,"featured_media":0,"parent":0,"menu_order":0,"comment_status":"closed","ping_status":"closed","template":"","meta":{"_acf_changed":false,"footnotes":""},"class_list":["post-8893","page","type-page","status-publish","hentry"],"acf":[],"yoast_head":"<!-- This site is optimized with the Yoast SEO plugin v24.3 - https:\/\/yoast.com\/wordpress\/plugins\/seo\/ -->\n<title>Smoke Sauna Experiences at Uue-Saaluse Winery - Uue-Saaluse Veinitalu<\/title>\n<meta name=\"robots\" content=\"index, follow, max-snippet:-1, max-image-preview:large, max-video-preview:-1\" \/>\n<link rel=\"canonical\" href=\"https:\/\/uuesaaluseveinitalu.ee\/en\/smoke-sauna-experiences-at-uue-saaluse-winery\/\" \/>\n<meta property=\"og:locale\" content=\"en_US\" \/>\n<meta property=\"og:type\" content=\"article\" \/>\n<meta property=\"og:title\" content=\"Smoke Sauna Experiences at Uue-Saaluse Winery - Uue-Saaluse Veinitalu\" \/>\n<meta property=\"og:url\" content=\"https:\/\/uuesaaluseveinitalu.ee\/en\/smoke-sauna-experiences-at-uue-saaluse-winery\/\" \/>\n<meta property=\"og:site_name\" content=\"Uue-Saaluse Veinitalu\" \/>\n<meta property=\"article:modified_time\" content=\"2026-03-23T09:57:56+00:00\" \/>\n<meta name=\"twitter:card\" content=\"summary_large_image\" \/>\n<meta name=\"twitter:label1\" content=\"Est. reading time\" \/>\n\t<meta name=\"twitter:data1\" content=\"35 minutes\" \/>\n<script type=\"application\/ld+json\" class=\"yoast-schema-graph\">{\"@context\":\"https:\/\/schema.org\",\"@graph\":[{\"@type\":\"WebPage\",\"@id\":\"https:\/\/uuesaaluseveinitalu.ee\/en\/smoke-sauna-experiences-at-uue-saaluse-winery\/\",\"url\":\"https:\/\/uuesaaluseveinitalu.ee\/en\/smoke-sauna-experiences-at-uue-saaluse-winery\/\",\"name\":\"Smoke Sauna Experiences at Uue-Saaluse Winery - Uue-Saaluse Veinitalu\",\"isPartOf\":{\"@id\":\"https:\/\/uuesaaluseveinitalu.ee\/en\/#website\"},\"datePublished\":\"2025-12-07T14:07:20+00:00\",\"dateModified\":\"2026-03-23T09:57:56+00:00\",\"breadcrumb\":{\"@id\":\"https:\/\/uuesaaluseveinitalu.ee\/en\/smoke-sauna-experiences-at-uue-saaluse-winery\/#breadcrumb\"},\"inLanguage\":\"en-US\",\"potentialAction\":[{\"@type\":\"ReadAction\",\"target\":[\"https:\/\/uuesaaluseveinitalu.ee\/en\/smoke-sauna-experiences-at-uue-saaluse-winery\/\"]}]},{\"@type\":\"BreadcrumbList\",\"@id\":\"https:\/\/uuesaaluseveinitalu.ee\/en\/smoke-sauna-experiences-at-uue-saaluse-winery\/#breadcrumb\",\"itemListElement\":[{\"@type\":\"ListItem\",\"position\":1,\"name\":\"Home\",\"item\":\"https:\/\/uuesaaluseveinitalu.ee\/en\/\"},{\"@type\":\"ListItem\",\"position\":2,\"name\":\"Smoke Sauna Experiences at Uue-Saaluse Winery\"}]},{\"@type\":\"WebSite\",\"@id\":\"https:\/\/uuesaaluseveinitalu.ee\/en\/#website\",\"url\":\"https:\/\/uuesaaluseveinitalu.ee\/en\/\",\"name\":\"Uue-Saaluse Veinitalu\",\"description\":\"K\u00e4sit\u00f6\u00f6veinid Haanjamaalt!\",\"potentialAction\":[{\"@type\":\"SearchAction\",\"target\":{\"@type\":\"EntryPoint\",\"urlTemplate\":\"https:\/\/uuesaaluseveinitalu.ee\/en\/?s={search_term_string}\"},\"query-input\":{\"@type\":\"PropertyValueSpecification\",\"valueRequired\":true,\"valueName\":\"search_term_string\"}}],\"inLanguage\":\"en-US\"}]}<\/script>\n<!-- \/ Yoast SEO plugin. -->","yoast_head_json":{"title":"Smoke Sauna Experiences at Uue-Saaluse Winery - Uue-Saaluse Veinitalu","robots":{"index":"index","follow":"follow","max-snippet":"max-snippet:-1","max-image-preview":"max-image-preview:large","max-video-preview":"max-video-preview:-1"},"canonical":"https:\/\/uuesaaluseveinitalu.ee\/en\/smoke-sauna-experiences-at-uue-saaluse-winery\/","og_locale":"en_US","og_type":"article","og_title":"Smoke Sauna Experiences at Uue-Saaluse Winery - Uue-Saaluse Veinitalu","og_url":"https:\/\/uuesaaluseveinitalu.ee\/en\/smoke-sauna-experiences-at-uue-saaluse-winery\/","og_site_name":"Uue-Saaluse Veinitalu","article_modified_time":"2026-03-23T09:57:56+00:00","twitter_card":"summary_large_image","twitter_misc":{"Est. reading time":"35 minutes"},"schema":{"@context":"https:\/\/schema.org","@graph":[{"@type":"WebPage","@id":"https:\/\/uuesaaluseveinitalu.ee\/en\/smoke-sauna-experiences-at-uue-saaluse-winery\/","url":"https:\/\/uuesaaluseveinitalu.ee\/en\/smoke-sauna-experiences-at-uue-saaluse-winery\/","name":"Smoke Sauna Experiences at Uue-Saaluse Winery - Uue-Saaluse Veinitalu","isPartOf":{"@id":"https:\/\/uuesaaluseveinitalu.ee\/en\/#website"},"datePublished":"2025-12-07T14:07:20+00:00","dateModified":"2026-03-23T09:57:56+00:00","breadcrumb":{"@id":"https:\/\/uuesaaluseveinitalu.ee\/en\/smoke-sauna-experiences-at-uue-saaluse-winery\/#breadcrumb"},"inLanguage":"en-US","potentialAction":[{"@type":"ReadAction","target":["https:\/\/uuesaaluseveinitalu.ee\/en\/smoke-sauna-experiences-at-uue-saaluse-winery\/"]}]},{"@type":"BreadcrumbList","@id":"https:\/\/uuesaaluseveinitalu.ee\/en\/smoke-sauna-experiences-at-uue-saaluse-winery\/#breadcrumb","itemListElement":[{"@type":"ListItem","position":1,"name":"Home","item":"https:\/\/uuesaaluseveinitalu.ee\/en\/"},{"@type":"ListItem","position":2,"name":"Smoke Sauna Experiences at Uue-Saaluse Winery"}]},{"@type":"WebSite","@id":"https:\/\/uuesaaluseveinitalu.ee\/en\/#website","url":"https:\/\/uuesaaluseveinitalu.ee\/en\/","name":"Uue-Saaluse Veinitalu","description":"K\u00e4sit\u00f6\u00f6veinid Haanjamaalt!","potentialAction":[{"@type":"SearchAction","target":{"@type":"EntryPoint","urlTemplate":"https:\/\/uuesaaluseveinitalu.ee\/en\/?s={search_term_string}"},"query-input":{"@type":"PropertyValueSpecification","valueRequired":true,"valueName":"search_term_string"}}],"inLanguage":"en-US"}]}},"_links":{"self":[{"href":"https:\/\/uuesaaluseveinitalu.ee\/en\/wp-json\/wp\/v2\/pages\/8893","targetHints":{"allow":["GET"]}}],"collection":[{"href":"https:\/\/uuesaaluseveinitalu.ee\/en\/wp-json\/wp\/v2\/pages"}],"about":[{"href":"https:\/\/uuesaaluseveinitalu.ee\/en\/wp-json\/wp\/v2\/types\/page"}],"author":[{"embeddable":true,"href":"https:\/\/uuesaaluseveinitalu.ee\/en\/wp-json\/wp\/v2\/users\/1"}],"replies":[{"embeddable":true,"href":"https:\/\/uuesaaluseveinitalu.ee\/en\/wp-json\/wp\/v2\/comments?post=8893"}],"version-history":[{"count":5,"href":"https:\/\/uuesaaluseveinitalu.ee\/en\/wp-json\/wp\/v2\/pages\/8893\/revisions"}],"predecessor-version":[{"id":9046,"href":"https:\/\/uuesaaluseveinitalu.ee\/en\/wp-json\/wp\/v2\/pages\/8893\/revisions\/9046"}],"wp:attachment":[{"href":"https:\/\/uuesaaluseveinitalu.ee\/en\/wp-json\/wp\/v2\/media?parent=8893"}],"curies":[{"name":"wp","href":"https:\/\/api.w.org\/{rel}","templated":true}]}}