{"id":8179,"date":"2024-11-01T10:56:24","date_gmt":"2024-11-01T08:56:24","guid":{"rendered":"https:\/\/uuesaaluseveinitalu.ee\/tour-packages\/discovery-tour-in-uue-saaluse-winery\/"},"modified":"2024-11-01T10:56:24","modified_gmt":"2024-11-01T08:56:24","slug":"discovery-tour-in-uue-saaluse-winery","status":"publish","type":"page","link":"https:\/\/uuesaaluseveinitalu.ee\/en\/tour-packages\/discovery-tour-in-uue-saaluse-winery\/","title":{"rendered":"Discovery tour in Uue-Saaluse Winery"},"content":{"rendered":"<div class='flex_column_table av-8xd3dr-337ad97ab4bfab579c1d47991f94e82d sc-av_one_half av-equal-height-column-flextable'><div  class='flex_column av-8xd3dr-337ad97ab4bfab579c1d47991f94e82d av_one_half  avia-builder-el-0  el_before_av_one_half  avia-builder-el-first  first flex_column_table_cell av-equal-height-column av-align-middle  '     ><p>\n<style type=\"text\/css\" data-created_by=\"avia_inline_auto\" id=\"style-css-av-lt60uqtb-76c2831550a1a300401bb252079c6d22\">\n#top .av-special-heading.av-lt60uqtb-76c2831550a1a300401bb252079c6d22{\npadding-bottom:10px;\n}\nbody .av-special-heading.av-lt60uqtb-76c2831550a1a300401bb252079c6d22 .av-special-heading-tag .heading-char{\nfont-size:25px;\n}\n.av-special-heading.av-lt60uqtb-76c2831550a1a300401bb252079c6d22 .av-subheading{\nfont-size:15px;\n}\n<\/style>\n<div  class='av-special-heading av-lt60uqtb-76c2831550a1a300401bb252079c6d22 av-special-heading-h1  avia-builder-el-1  el_before_av_hr  avia-builder-el-first '><h1 class='av-special-heading-tag '  itemprop=\"headline\"  >Discovery tour in Uue-Saaluse Winery<\/h1><div class=\"special-heading-border\"><div class=\"special-heading-inner-border\"><\/div><\/div><\/div><br \/>\n\n<style type=\"text\/css\" data-created_by=\"avia_inline_auto\" id=\"style-css-av-lt60z7od-167c1ebc270589408f660c253a42d6fb\">\n#top .hr.hr-invisible.av-lt60z7od-167c1ebc270589408f660c253a42d6fb{\nheight:50px;\n}\n<\/style>\n<div  class='hr av-lt60z7od-167c1ebc270589408f660c253a42d6fb hr-invisible  avia-builder-el-2  el_after_av_heading  el_before_av_textblock '><span class='hr-inner '><span class=\"hr-inner-style\"><\/span><\/span><\/div><br \/>\n<section  class='av_textblock_section av-lt60va9o-9f61cbb7cf1b67373a887afe36e4b3a2 '   itemscope=\"itemscope\" itemtype=\"https:\/\/schema.org\/CreativeWork\" ><div class='avia_textblock'  itemprop=\"text\" ><p>Ideal for returning visitors or those with limited time, this package offers brief yet insightful farm tour in the wine cellar and the production unit, accompanied by 3 wine tastings with crackers.<\/p>\n<p><strong>Duration 1,5 hours. <\/strong> <strong>Price 15 \u20ac\/person, minimum fee for the service 60 \u20ac.<\/strong><\/p>\n<\/div><\/section><br \/>\n\n<style type=\"text\/css\" data-created_by=\"avia_inline_auto\" id=\"style-css-av-lt6108sh-05d410d2068574306e94ad992a38534c\">\n#top .hr.hr-invisible.av-lt6108sh-05d410d2068574306e94ad992a38534c{\nheight:30px;\n}\n<\/style>\n<div  class='hr av-lt6108sh-05d410d2068574306e94ad992a38534c hr-invisible  avia-builder-el-4  el_after_av_textblock  el_before_av_button '><span class='hr-inner '><span class=\"hr-inner-style\"><\/span><\/span><\/div><br \/>\n<div  class='avia-button-wrap av-lt61014s-4fa5759c36f95e6a792003cddfb1baaf-wrap avia-button-center  avia-builder-el-5  el_after_av_hr  avia-builder-el-last '><a href='https:\/\/uuesaaluseveinitalu.ee\/kulastuse-broneering\/'  class='avia-button av-lt61014s-4fa5759c36f95e6a792003cddfb1baaf av-link-btn avia-icon_select-no avia-size-large avia-position-center avia-color-theme-color'   aria-label=\"Contacts\"><span class='avia_iconbox_title' >Contacts<\/span><\/a><\/div><\/p><\/div><div class='av-flex-placeholder'><\/div><div  class='flex_column av-7iow33-57fc8310e3d853f3a64d3ad12b6ed7f8 av_one_half  avia-builder-el-6  el_after_av_one_half  el_before_av_section  avia-builder-el-last  flex_column_table_cell av-equal-height-column av-align-middle  '     ><div  class='avia-slideshow av-lt60xioz-b992bee1a02fba5b43d33f5d028104a7 avia-slideshow-1536x1536 av_slideshow avia-slide-slider  avia-builder-el-7  avia-builder-el-no-sibling  av-slideshow-ui av-control-default av-slideshow-autoplay av-loop-endless av-loop-manual-endless av-default-height-applied avia-slideshow-1' data-slideshow-options=\"{&quot;animation&quot;:&quot;slide&quot;,&quot;autoplay&quot;:true,&quot;loop_autoplay&quot;:&quot;endless&quot;,&quot;interval&quot;:5,&quot;loop_manual&quot;:&quot;manual-endless&quot;,&quot;autoplay_stopper&quot;:false,&quot;noNavigation&quot;:false,&quot;bg_slider&quot;:false,&quot;keep_padding&quot;:false,&quot;hoverpause&quot;:false,&quot;show_slide_delay&quot;:0}\"  itemprop=\"image\" itemscope=\"itemscope\" itemtype=\"https:\/\/schema.org\/ImageObject\" ><ul class='avia-slideshow-inner ' style='padding-bottom: 66.6666666667%;'><li  class='avia-slideshow-slide av-lt60xioz-b992bee1a02fba5b43d33f5d028104a7__0  slide-1 slide-odd'><div data-rel='slideshow-1' class='avia-slide-wrap '   ><img decoding=\"async\" fetchpriority=\"high\" class=\"wp-image-7653 avia-img-lazy-loading-not-7653\"  src=\"https:\/\/uuesaaluseveinitalu.ee\/wp-content\/uploads\/2024\/02\/JaHe_070323-Uue-Saaluse-veinitalu_006-1536x1024.jpg\" width=\"1536\" height=\"1024\" title='JaHe_070323 Uue-Saaluse veinitalu_006' alt=''  itemprop=\"thumbnailUrl\" srcset=\"https:\/\/uuesaaluseveinitalu.ee\/wp-content\/uploads\/2024\/02\/JaHe_070323-Uue-Saaluse-veinitalu_006-1536x1024.jpg 1536w, https:\/\/uuesaaluseveinitalu.ee\/wp-content\/uploads\/2024\/02\/JaHe_070323-Uue-Saaluse-veinitalu_006-300x200.jpg 300w, https:\/\/uuesaaluseveinitalu.ee\/wp-content\/uploads\/2024\/02\/JaHe_070323-Uue-Saaluse-veinitalu_006-1030x687.jpg 1030w, https:\/\/uuesaaluseveinitalu.ee\/wp-content\/uploads\/2024\/02\/JaHe_070323-Uue-Saaluse-veinitalu_006-768x512.jpg 768w, https:\/\/uuesaaluseveinitalu.ee\/wp-content\/uploads\/2024\/02\/JaHe_070323-Uue-Saaluse-veinitalu_006-2048x1365.jpg 2048w, https:\/\/uuesaaluseveinitalu.ee\/wp-content\/uploads\/2024\/02\/JaHe_070323-Uue-Saaluse-veinitalu_006-1500x1000.jpg 1500w, https:\/\/uuesaaluseveinitalu.ee\/wp-content\/uploads\/2024\/02\/JaHe_070323-Uue-Saaluse-veinitalu_006-705x470.jpg 705w, https:\/\/uuesaaluseveinitalu.ee\/wp-content\/uploads\/2024\/02\/JaHe_070323-Uue-Saaluse-veinitalu_006-450x300.jpg 450w\" sizes=\"(max-width: 1536px) 100vw, 1536px\" \/><\/div><\/li><li  class='avia-slideshow-slide av-lt60xioz-b992bee1a02fba5b43d33f5d028104a7__1  slide-2 slide-even'><div data-rel='slideshow-1' class='avia-slide-wrap '   ><img decoding=\"async\" fetchpriority=\"high\" class=\"wp-image-7649 avia-img-lazy-loading-not-7649\"  src=\"https:\/\/uuesaaluseveinitalu.ee\/wp-content\/uploads\/2024\/02\/maris-degusteerimas-Ylle-Jukk.jpg\" width=\"1200\" height=\"800\" title='maris degusteerimas Ylle Jukk' alt=''  itemprop=\"thumbnailUrl\" srcset=\"https:\/\/uuesaaluseveinitalu.ee\/wp-content\/uploads\/2024\/02\/maris-degusteerimas-Ylle-Jukk.jpg 1200w, https:\/\/uuesaaluseveinitalu.ee\/wp-content\/uploads\/2024\/02\/maris-degusteerimas-Ylle-Jukk-300x200.jpg 300w, https:\/\/uuesaaluseveinitalu.ee\/wp-content\/uploads\/2024\/02\/maris-degusteerimas-Ylle-Jukk-1030x687.jpg 1030w, https:\/\/uuesaaluseveinitalu.ee\/wp-content\/uploads\/2024\/02\/maris-degusteerimas-Ylle-Jukk-768x512.jpg 768w, https:\/\/uuesaaluseveinitalu.ee\/wp-content\/uploads\/2024\/02\/maris-degusteerimas-Ylle-Jukk-705x470.jpg 705w, https:\/\/uuesaaluseveinitalu.ee\/wp-content\/uploads\/2024\/02\/maris-degusteerimas-Ylle-Jukk-450x300.jpg 450w\" sizes=\"(max-width: 1200px) 100vw, 1200px\" \/><\/div><\/li><li  class='avia-slideshow-slide av-lt60xioz-b992bee1a02fba5b43d33f5d028104a7__2  slide-3 slide-odd'><div data-rel='slideshow-1' class='avia-slide-wrap '   ><img decoding=\"async\" fetchpriority=\"high\" class=\"wp-image-7651 avia-img-lazy-loading-not-7651\"  src=\"https:\/\/uuesaaluseveinitalu.ee\/wp-content\/uploads\/2024\/02\/maris-seletab-Ylle-Jukk.jpg\" width=\"1200\" height=\"800\" title='maris seletab Ylle Jukk' alt=''  itemprop=\"thumbnailUrl\" srcset=\"https:\/\/uuesaaluseveinitalu.ee\/wp-content\/uploads\/2024\/02\/maris-seletab-Ylle-Jukk.jpg 1200w, https:\/\/uuesaaluseveinitalu.ee\/wp-content\/uploads\/2024\/02\/maris-seletab-Ylle-Jukk-300x200.jpg 300w, https:\/\/uuesaaluseveinitalu.ee\/wp-content\/uploads\/2024\/02\/maris-seletab-Ylle-Jukk-1030x687.jpg 1030w, https:\/\/uuesaaluseveinitalu.ee\/wp-content\/uploads\/2024\/02\/maris-seletab-Ylle-Jukk-768x512.jpg 768w, https:\/\/uuesaaluseveinitalu.ee\/wp-content\/uploads\/2024\/02\/maris-seletab-Ylle-Jukk-705x470.jpg 705w, https:\/\/uuesaaluseveinitalu.ee\/wp-content\/uploads\/2024\/02\/maris-seletab-Ylle-Jukk-450x300.jpg 450w\" sizes=\"(max-width: 1200px) 100vw, 1200px\" \/><\/div><\/li><\/ul><div class='avia-slideshow-arrows avia-slideshow-controls' ><a href='#prev' class='prev-slide ' aria-hidden='true' data-av_icon='\ue87c' data-av_iconfont='entypo-fontello'  tabindex='-1'>Previous<\/a><a href='#next' class='next-slide ' aria-hidden='true' data-av_icon='\ue87d' data-av_iconfont='entypo-fontello'  tabindex='-1'>Next<\/a><\/div><div class='avia-slideshow-dots avia-slideshow-controls'><a href='#1' class='goto-slide active' >1<\/a><a href='#2' class='goto-slide ' >2<\/a><a href='#3' class='goto-slide ' >3<\/a><\/div><\/div><\/div><\/div><!--close column table wrapper. Autoclose: 1 --><\/p>\n<\/div><\/div><\/div><!-- close content main div --><\/div><\/div><div id='av_section_1'  class='avia-section av-68znov-928a955b82b95ebfc3d05e5e817d5ffb main_color avia-section-default avia-no-border-styling  avia-builder-el-8  el_after_av_one_half  avia-builder-el-last  avia-bg-style-scroll container_wrap fullsize'  ><div class='container av-section-cont-open' ><div class='template-page content  av-content-full alpha units'><div class='post-entry post-entry-type-page post-entry-8179'><div class='entry-content-wrapper clearfix'>\n\n<style type=\"text\/css\" data-created_by=\"avia_inline_auto\" id=\"style-css-av-lt617e9g-9c2617c10bb9c33a7730a1c0e538a1e4\">\n#top .hr.hr-invisible.av-lt617e9g-9c2617c10bb9c33a7730a1c0e538a1e4{\nheight:50px;\n}\n<\/style>\n<div  class='hr av-lt617e9g-9c2617c10bb9c33a7730a1c0e538a1e4 hr-invisible  avia-builder-el-9  el_before_av_one_half  avia-builder-el-first '><span class='hr-inner '><span class=\"hr-inner-style\"><\/span><\/span><\/div>\n<div  class='flex_column av-4ckqkf-47374d51546193c56ab98590acfd616c av_one_half  avia-builder-el-10  el_after_av_hr  el_before_av_one_half  first flex_column_div  '     ><section  class='av_textblock_section av-lt61424q-a5b9342e1c6e00b1b17e11ff700f8f2b '   itemscope=\"itemscope\" itemtype=\"https:\/\/schema.org\/CreativeWork\" ><div class='avia_textblock'  itemprop=\"text\" ><h3>Accommodation recommendations with our partners<\/h3>\n<ol>\n<li>Haanjamehe Farm Hotel and Spa. Located just 4 km from us, this unique farm combines the comfort of a hotel with a rustic feel. More information: <a href=\"https:\/\/haanjamehe.ee\/\" target=\"_blank\" rel=\"noopener\">https:\/\/haanjamehe.ee\/<\/a>. You can walk to the hotel along the Kavadi Lake hiking trail, with a 2 km shortcut.  <\/li>\n<li>Vaskna Tourist Farm in Haanja. 10 km from us, this charming family farm on the shore of Lake Vaskna offers peace and quiet in the picturesque hills of Haanja. More information: <a href=\"http:\/\/www.vaskna.ee\" target=\"_blank\" rel=\"noopener\">www.vaskna.ee<\/a>.  <\/li>\n<li>Glamp V\u00f5ru. A unique glamping experience for two among the fir trees of V\u00f5rumaa. For booking and info, contact <strong>glampvoru@gmail.com<\/strong>. Located 10 km away in the direction of V\u00f5ru. <\/li>\n<li>Haanjanaise Farm. 4.7 km away, Haanjanaise Farm is a lakeside retreat in nature. Established in 1935, it preserves the authenticity of an old Estonian farmhouse. Relaxation in peaceful natural surroundings is guaranteed. More information: <a href=\"https:\/\/villameri.ee\/majutus\/haanjanaise-talu\/\" target=\"_blank\" rel=\"noopener\">https:\/\/villameri.ee\/majutus\/haanjanaise-talu\/.<\/a>    <\/li>\n<\/ol>\n<\/div><\/section><\/div><div  class='flex_column av-356ga7-4a33b33d3087bde3b18d530ff0ed90e3 av_one_half  avia-builder-el-12  el_after_av_one_half  avia-builder-el-last  flex_column_div  '     ><section  class='av_textblock_section av-lt616lgf-595bb330e54471cd39a9a3612fb799f1 '   itemscope=\"itemscope\" itemtype=\"https:\/\/schema.org\/CreativeWork\" ><div class='avia_textblock'  itemprop=\"text\" ><h3>Nearby Attractions<\/h3>\n<ol>\n<li>Suur Munam\u00e4gi \u2013 the highest peak in the Baltics (318 m). Located 9.5 km away, the observation tower is open year-round. More information: <a href=\"https:\/\/suurmunamagi.ee\/\" target=\"_blank\" rel=\"noopener\">https:\/\/suurmunamagi.ee\/.<\/a>   <\/li>\n<li>Sarve Farm Zoo. Only 4.5 km away, Sarve Farm is home to alpacas, llamas, sheep, dwarf goats, dogs, cats, rabbits, geese, pheasants, chickens, roosters, ducks, rheas, and ostriches. More information: <a href=\"https:\/\/www.puhkaeestis.ee\/et\/sarve-taluloomaaed\" target=\"_blank\" rel=\"noopener\">https:\/\/www.puhkaeestis.ee\/et\/sarve-taluloomaaed.<\/a>   <\/li>\n<li>Mooska Farm offers a guided smoke sauna experience and smoked meat tastings. You can also arrange a tour of the farm to learn about smoke sauna traditions and enjoy tastings of smoked meat and homemade bread. More information: <a href=\"https:\/\/mooska.eu\/\" target=\"_blank\" rel=\"noopener\">https:\/\/mooska.eu\/.<\/a>  <\/li>\n<li>Telecommunication and Laptop Museum, located in R\u00f5uge Parish, Mustahamba village, H\u00e4llim\u00e4e Farm, V\u00f5rumaa. The museum exhibits vintage telephones, mobile phones, switchboards, and computers. Open by appointment at +372 514 8878 (Marko). More information: <a href=\"https:\/\/www.lanec.eu\/\" target=\"_blank\" rel=\"noopener\">https:\/\/www.lanec.eu\/.<\/a>  <\/li>\n<li>Rogosi Manor. This unique castle manor is located in Ruusm\u00e4e and includes an extraordinary wine cellar featuring Uue-Saaluse wines. More information: <a href=\"https:\/\/rogosimois.ee\/\" target=\"_blank\" rel=\"noopener\">https:\/\/rogosimois.ee\/.<\/a>   <\/li>\n<\/ol>\n<\/div><\/section><\/div>\n\n","protected":false},"excerpt":{"rendered":"","protected":false},"author":1,"featured_media":7737,"parent":8117,"menu_order":0,"comment_status":"closed","ping_status":"closed","template":"","meta":{"_acf_changed":false,"footnotes":""},"class_list":["post-8179","page","type-page","status-publish","has-post-thumbnail","hentry"],"acf":[],"yoast_head":"<!-- This site is optimized with the Yoast SEO plugin v24.3 - https:\/\/yoast.com\/wordpress\/plugins\/seo\/ -->\n<title>Discovery tour in Uue-Saaluse Winery - Uue-Saaluse Veinitalu<\/title>\n<meta name=\"robots\" content=\"index, follow, max-snippet:-1, max-image-preview:large, max-video-preview:-1\" \/>\n<link rel=\"canonical\" href=\"https:\/\/uuesaaluseveinitalu.ee\/en\/tour-packages\/discovery-tour-in-uue-saaluse-winery\/\" \/>\n<meta property=\"og:locale\" content=\"en_US\" \/>\n<meta property=\"og:type\" content=\"article\" \/>\n<meta property=\"og:title\" content=\"Discovery tour in Uue-Saaluse Winery - Uue-Saaluse Veinitalu\" \/>\n<meta property=\"og:url\" content=\"https:\/\/uuesaaluseveinitalu.ee\/en\/tour-packages\/discovery-tour-in-uue-saaluse-winery\/\" \/>\n<meta property=\"og:site_name\" content=\"Uue-Saaluse Veinitalu\" \/>\n<meta property=\"og:image\" content=\"https:\/\/uuesaaluseveinitalu.ee\/wp-content\/uploads\/2024\/02\/JaHe_070323-Uue-Saaluse-veinitalu_006-1-1030x687.jpg\" \/>\n<meta name=\"twitter:card\" content=\"summary_large_image\" \/>\n<meta name=\"twitter:image\" content=\"https:\/\/uuesaaluseveinitalu.ee\/wp-content\/uploads\/2024\/02\/JaHe_070323-Uue-Saaluse-veinitalu_006-1-1030x687.jpg\" \/>\n<meta name=\"twitter:label1\" content=\"Est. reading time\" \/>\n\t<meta name=\"twitter:data1\" content=\"13 minutes\" \/>\n<script type=\"application\/ld+json\" class=\"yoast-schema-graph\">{\"@context\":\"https:\/\/schema.org\",\"@graph\":[{\"@type\":\"WebPage\",\"@id\":\"https:\/\/uuesaaluseveinitalu.ee\/en\/tour-packages\/discovery-tour-in-uue-saaluse-winery\/\",\"url\":\"https:\/\/uuesaaluseveinitalu.ee\/en\/tour-packages\/discovery-tour-in-uue-saaluse-winery\/\",\"name\":\"Discovery tour in Uue-Saaluse Winery - Uue-Saaluse Veinitalu\",\"isPartOf\":{\"@id\":\"https:\/\/uuesaaluseveinitalu.ee\/en\/#website\"},\"primaryImageOfPage\":{\"@id\":\"https:\/\/uuesaaluseveinitalu.ee\/en\/tour-packages\/discovery-tour-in-uue-saaluse-winery\/#primaryimage\"},\"image\":{\"@id\":\"https:\/\/uuesaaluseveinitalu.ee\/en\/tour-packages\/discovery-tour-in-uue-saaluse-winery\/#primaryimage\"},\"thumbnailUrl\":\"https:\/\/uuesaaluseveinitalu.ee\/wp-content\/uploads\/2024\/02\/JaHe_070323-Uue-Saaluse-veinitalu_006-1-scaled-e1771329382559.jpg\",\"datePublished\":\"2024-11-01T08:56:24+00:00\",\"dateModified\":\"2024-11-01T08:56:24+00:00\",\"breadcrumb\":{\"@id\":\"https:\/\/uuesaaluseveinitalu.ee\/en\/tour-packages\/discovery-tour-in-uue-saaluse-winery\/#breadcrumb\"},\"inLanguage\":\"en-US\",\"potentialAction\":[{\"@type\":\"ReadAction\",\"target\":[\"https:\/\/uuesaaluseveinitalu.ee\/en\/tour-packages\/discovery-tour-in-uue-saaluse-winery\/\"]}]},{\"@type\":\"ImageObject\",\"inLanguage\":\"en-US\",\"@id\":\"https:\/\/uuesaaluseveinitalu.ee\/en\/tour-packages\/discovery-tour-in-uue-saaluse-winery\/#primaryimage\",\"url\":\"https:\/\/uuesaaluseveinitalu.ee\/wp-content\/uploads\/2024\/02\/JaHe_070323-Uue-Saaluse-veinitalu_006-1-scaled-e1771329382559.jpg\",\"contentUrl\":\"https:\/\/uuesaaluseveinitalu.ee\/wp-content\/uploads\/2024\/02\/JaHe_070323-Uue-Saaluse-veinitalu_006-1-scaled-e1771329382559.jpg\",\"width\":2560,\"height\":1707},{\"@type\":\"BreadcrumbList\",\"@id\":\"https:\/\/uuesaaluseveinitalu.ee\/en\/tour-packages\/discovery-tour-in-uue-saaluse-winery\/#breadcrumb\",\"itemListElement\":[{\"@type\":\"ListItem\",\"position\":1,\"name\":\"Home\",\"item\":\"https:\/\/uuesaaluseveinitalu.ee\/en\/\"},{\"@type\":\"ListItem\",\"position\":2,\"name\":\"Tour Packages\",\"item\":\"https:\/\/uuesaaluseveinitalu.ee\/en\/tour-packages\/\"},{\"@type\":\"ListItem\",\"position\":3,\"name\":\"Discovery tour in Uue-Saaluse Winery\"}]},{\"@type\":\"WebSite\",\"@id\":\"https:\/\/uuesaaluseveinitalu.ee\/en\/#website\",\"url\":\"https:\/\/uuesaaluseveinitalu.ee\/en\/\",\"name\":\"Uue-Saaluse Veinitalu\",\"description\":\"K\u00e4sit\u00f6\u00f6veinid Haanjamaalt!\",\"potentialAction\":[{\"@type\":\"SearchAction\",\"target\":{\"@type\":\"EntryPoint\",\"urlTemplate\":\"https:\/\/uuesaaluseveinitalu.ee\/en\/?s={search_term_string}\"},\"query-input\":{\"@type\":\"PropertyValueSpecification\",\"valueRequired\":true,\"valueName\":\"search_term_string\"}}],\"inLanguage\":\"en-US\"}]}<\/script>\n<!-- \/ Yoast SEO plugin. -->","yoast_head_json":{"title":"Discovery tour in Uue-Saaluse Winery - Uue-Saaluse Veinitalu","robots":{"index":"index","follow":"follow","max-snippet":"max-snippet:-1","max-image-preview":"max-image-preview:large","max-video-preview":"max-video-preview:-1"},"canonical":"https:\/\/uuesaaluseveinitalu.ee\/en\/tour-packages\/discovery-tour-in-uue-saaluse-winery\/","og_locale":"en_US","og_type":"article","og_title":"Discovery tour in Uue-Saaluse Winery - Uue-Saaluse Veinitalu","og_url":"https:\/\/uuesaaluseveinitalu.ee\/en\/tour-packages\/discovery-tour-in-uue-saaluse-winery\/","og_site_name":"Uue-Saaluse Veinitalu","og_image":[{"url":"https:\/\/uuesaaluseveinitalu.ee\/wp-content\/uploads\/2024\/02\/JaHe_070323-Uue-Saaluse-veinitalu_006-1-1030x687.jpg","type":"","width":"","height":""}],"twitter_card":"summary_large_image","twitter_image":"https:\/\/uuesaaluseveinitalu.ee\/wp-content\/uploads\/2024\/02\/JaHe_070323-Uue-Saaluse-veinitalu_006-1-1030x687.jpg","twitter_misc":{"Est. reading time":"13 minutes"},"schema":{"@context":"https:\/\/schema.org","@graph":[{"@type":"WebPage","@id":"https:\/\/uuesaaluseveinitalu.ee\/en\/tour-packages\/discovery-tour-in-uue-saaluse-winery\/","url":"https:\/\/uuesaaluseveinitalu.ee\/en\/tour-packages\/discovery-tour-in-uue-saaluse-winery\/","name":"Discovery tour in Uue-Saaluse Winery - Uue-Saaluse Veinitalu","isPartOf":{"@id":"https:\/\/uuesaaluseveinitalu.ee\/en\/#website"},"primaryImageOfPage":{"@id":"https:\/\/uuesaaluseveinitalu.ee\/en\/tour-packages\/discovery-tour-in-uue-saaluse-winery\/#primaryimage"},"image":{"@id":"https:\/\/uuesaaluseveinitalu.ee\/en\/tour-packages\/discovery-tour-in-uue-saaluse-winery\/#primaryimage"},"thumbnailUrl":"https:\/\/uuesaaluseveinitalu.ee\/wp-content\/uploads\/2024\/02\/JaHe_070323-Uue-Saaluse-veinitalu_006-1-scaled-e1771329382559.jpg","datePublished":"2024-11-01T08:56:24+00:00","dateModified":"2024-11-01T08:56:24+00:00","breadcrumb":{"@id":"https:\/\/uuesaaluseveinitalu.ee\/en\/tour-packages\/discovery-tour-in-uue-saaluse-winery\/#breadcrumb"},"inLanguage":"en-US","potentialAction":[{"@type":"ReadAction","target":["https:\/\/uuesaaluseveinitalu.ee\/en\/tour-packages\/discovery-tour-in-uue-saaluse-winery\/"]}]},{"@type":"ImageObject","inLanguage":"en-US","@id":"https:\/\/uuesaaluseveinitalu.ee\/en\/tour-packages\/discovery-tour-in-uue-saaluse-winery\/#primaryimage","url":"https:\/\/uuesaaluseveinitalu.ee\/wp-content\/uploads\/2024\/02\/JaHe_070323-Uue-Saaluse-veinitalu_006-1-scaled-e1771329382559.jpg","contentUrl":"https:\/\/uuesaaluseveinitalu.ee\/wp-content\/uploads\/2024\/02\/JaHe_070323-Uue-Saaluse-veinitalu_006-1-scaled-e1771329382559.jpg","width":2560,"height":1707},{"@type":"BreadcrumbList","@id":"https:\/\/uuesaaluseveinitalu.ee\/en\/tour-packages\/discovery-tour-in-uue-saaluse-winery\/#breadcrumb","itemListElement":[{"@type":"ListItem","position":1,"name":"Home","item":"https:\/\/uuesaaluseveinitalu.ee\/en\/"},{"@type":"ListItem","position":2,"name":"Tour Packages","item":"https:\/\/uuesaaluseveinitalu.ee\/en\/tour-packages\/"},{"@type":"ListItem","position":3,"name":"Discovery tour in Uue-Saaluse Winery"}]},{"@type":"WebSite","@id":"https:\/\/uuesaaluseveinitalu.ee\/en\/#website","url":"https:\/\/uuesaaluseveinitalu.ee\/en\/","name":"Uue-Saaluse Veinitalu","description":"K\u00e4sit\u00f6\u00f6veinid Haanjamaalt!","potentialAction":[{"@type":"SearchAction","target":{"@type":"EntryPoint","urlTemplate":"https:\/\/uuesaaluseveinitalu.ee\/en\/?s={search_term_string}"},"query-input":{"@type":"PropertyValueSpecification","valueRequired":true,"valueName":"search_term_string"}}],"inLanguage":"en-US"}]}},"_links":{"self":[{"href":"https:\/\/uuesaaluseveinitalu.ee\/en\/wp-json\/wp\/v2\/pages\/8179","targetHints":{"allow":["GET"]}}],"collection":[{"href":"https:\/\/uuesaaluseveinitalu.ee\/en\/wp-json\/wp\/v2\/pages"}],"about":[{"href":"https:\/\/uuesaaluseveinitalu.ee\/en\/wp-json\/wp\/v2\/types\/page"}],"author":[{"embeddable":true,"href":"https:\/\/uuesaaluseveinitalu.ee\/en\/wp-json\/wp\/v2\/users\/1"}],"replies":[{"embeddable":true,"href":"https:\/\/uuesaaluseveinitalu.ee\/en\/wp-json\/wp\/v2\/comments?post=8179"}],"version-history":[{"count":2,"href":"https:\/\/uuesaaluseveinitalu.ee\/en\/wp-json\/wp\/v2\/pages\/8179\/revisions"}],"predecessor-version":[{"id":8181,"href":"https:\/\/uuesaaluseveinitalu.ee\/en\/wp-json\/wp\/v2\/pages\/8179\/revisions\/8181"}],"up":[{"embeddable":true,"href":"https:\/\/uuesaaluseveinitalu.ee\/en\/wp-json\/wp\/v2\/pages\/8117"}],"wp:featuredmedia":[{"embeddable":true,"href":"https:\/\/uuesaaluseveinitalu.ee\/en\/wp-json\/wp\/v2\/media\/7737"}],"wp:attachment":[{"href":"https:\/\/uuesaaluseveinitalu.ee\/en\/wp-json\/wp\/v2\/media?parent=8179"}],"curies":[{"name":"wp","href":"https:\/\/api.w.org\/{rel}","templated":true}]}}