{"id":8150,"date":"2024-11-01T10:11:08","date_gmt":"2024-11-01T08:11:08","guid":{"rendered":"https:\/\/uuesaaluseveinitalu.ee\/tour-packages\/the-magical-world-of-wine-glasses\/"},"modified":"2024-11-01T10:11:08","modified_gmt":"2024-11-01T08:11:08","slug":"the-magical-world-of-wine-glasses","status":"publish","type":"page","link":"https:\/\/uuesaaluseveinitalu.ee\/en\/tour-packages\/the-magical-world-of-wine-glasses\/","title":{"rendered":"The magical world of wine glasses"},"content":{"rendered":"<div class='flex_column_table av-ndfvi6-3ac68007c0550f6323b64ae4b6965e84 sc-av_one_half av-equal-height-column-flextable'><div  class='flex_column av-ndfvi6-3ac68007c0550f6323b64ae4b6965e84 av_one_half  avia-builder-el-0  el_before_av_one_half  avia-builder-el-first  first flex_column_table_cell av-equal-height-column av-align-middle  '     ><p>\n<style type=\"text\/css\" data-created_by=\"avia_inline_auto\" id=\"style-css-av-lt62b4di-0c2d8dbb2cee4358c40b5030ab660d40\">\n#top .av-special-heading.av-lt62b4di-0c2d8dbb2cee4358c40b5030ab660d40{\npadding-bottom:10px;\n}\nbody .av-special-heading.av-lt62b4di-0c2d8dbb2cee4358c40b5030ab660d40 .av-special-heading-tag .heading-char{\nfont-size:25px;\n}\n.av-special-heading.av-lt62b4di-0c2d8dbb2cee4358c40b5030ab660d40 .av-subheading{\nfont-size:15px;\n}\n<\/style>\n<div  class='av-special-heading av-lt62b4di-0c2d8dbb2cee4358c40b5030ab660d40 av-special-heading-h1  avia-builder-el-1  el_before_av_hr  avia-builder-el-first '><h1 class='av-special-heading-tag '  itemprop=\"headline\"  >The magical world of wine glasses<\/h1><div class=\"special-heading-border\"><div class=\"special-heading-inner-border\"><\/div><\/div><\/div><br \/>\n\n<style type=\"text\/css\" data-created_by=\"avia_inline_auto\" id=\"style-css-av-m54sny-85541c252917762a751c5fc05fc95761\">\n#top .hr.hr-invisible.av-m54sny-85541c252917762a751c5fc05fc95761{\nheight:50px;\n}\n<\/style>\n<div  class='hr av-m54sny-85541c252917762a751c5fc05fc95761 hr-invisible  avia-builder-el-2  el_after_av_heading  el_before_av_textblock '><span class='hr-inner '><span class=\"hr-inner-style\"><\/span><\/span><\/div><br \/>\n<section  class='av_textblock_section av-lt62bfrf-17eb228f7d590b59225c00f92b4b1223 '   itemscope=\"itemscope\" itemtype=\"https:\/\/schema.org\/CreativeWork\" ><div class='avia_textblock'  itemprop=\"text\" ><p>Do you believe wine glasses create flavors? Join sommelier Maris Kivistik in exploring how the shape of a glass influences the flavor of wine. Taste 3 different wines \u2013 sparkling, white, and red \u2013 from various glasses to find the perfect match.<\/p>\n<p><strong>Price: 20 \u20ac\/person (maximum 24 participants, minimum fee 100 \u20ac.) <\/strong><\/p>\n<\/div><\/section><br \/>\n\n<style type=\"text\/css\" data-created_by=\"avia_inline_auto\" id=\"style-css-av-l62ske-17f55a62c8c17562b5c0433e5689410c\">\n#top .hr.hr-invisible.av-l62ske-17f55a62c8c17562b5c0433e5689410c{\nheight:30px;\n}\n<\/style>\n<div  class='hr av-l62ske-17f55a62c8c17562b5c0433e5689410c hr-invisible  avia-builder-el-4  el_after_av_textblock  el_before_av_button '><span class='hr-inner '><span class=\"hr-inner-style\"><\/span><\/span><\/div><br \/>\n<div  class='avia-button-wrap av-lt62bp82-f907d330d377ed908dc7bde7825abf5e-wrap avia-button-center  avia-builder-el-5  el_after_av_hr  avia-builder-el-last '><a href='https:\/\/uuesaaluseveinitalu.ee\/en\/book-your-visit\/'  class='avia-button av-lt62bp82-f907d330d377ed908dc7bde7825abf5e av-link-btn avia-icon_select-no avia-size-large avia-position-center avia-color-theme-color'   aria-label=\"Contacts\"><span class='avia_iconbox_title' >Contacts<\/span><\/a><\/div><\/p><\/div>\n<div class='av-flex-placeholder'><\/div><div  class='flex_column av-jow53i-0aaf64e0abae18724bdd1f3daaacc645 av_one_half  avia-builder-el-6  el_after_av_one_half  el_before_av_section  avia-builder-el-last  flex_column_table_cell av-equal-height-column av-align-middle  '     ><div  class='avia-slideshow av-h78h3y-ffaa238c9fa36a88bd7d21fc51e35857 avia-slideshow-portfolio av_slideshow avia-slide-slider  avia-builder-el-7  avia-builder-el-no-sibling  av-slideshow-ui av-control-default av-slideshow-autoplay av-loop-endless av-loop-manual-endless av-default-height-applied avia-slideshow-1' data-slideshow-options=\"{&quot;animation&quot;:&quot;slide&quot;,&quot;autoplay&quot;:true,&quot;loop_autoplay&quot;:&quot;endless&quot;,&quot;interval&quot;:5,&quot;loop_manual&quot;:&quot;manual-endless&quot;,&quot;autoplay_stopper&quot;:false,&quot;noNavigation&quot;:false,&quot;bg_slider&quot;:false,&quot;keep_padding&quot;:false,&quot;hoverpause&quot;:false,&quot;show_slide_delay&quot;:0}\"  itemprop=\"image\" itemscope=\"itemscope\" itemtype=\"https:\/\/schema.org\/ImageObject\" ><ul class='avia-slideshow-inner ' style='padding-bottom: 80.8080808081%;'><li  class='avia-slideshow-slide av-h78h3y-ffaa238c9fa36a88bd7d21fc51e35857__0  slide-1 slide-odd'><div data-rel='slideshow-1' class='avia-slide-wrap '   ><img decoding=\"async\" fetchpriority=\"high\" class=\"wp-image-8027 avia-img-lazy-loading-not-8027\"  src=\"https:\/\/uuesaaluseveinitalu.ee\/wp-content\/uploads\/2024\/09\/UueSaaluse_8719_LR1200-495x400.jpg\" width=\"495\" height=\"400\" title='UueSaaluse_8719_LR1200' alt=''  itemprop=\"thumbnailUrl\" srcset=\"https:\/\/uuesaaluseveinitalu.ee\/wp-content\/uploads\/2024\/09\/UueSaaluse_8719_LR1200-495x400.jpg 495w, https:\/\/uuesaaluseveinitalu.ee\/wp-content\/uploads\/2024\/09\/UueSaaluse_8719_LR1200-845x684.jpg 845w\" sizes=\"(max-width: 495px) 100vw, 495px\" \/><\/div><\/li><li  class='avia-slideshow-slide av-h78h3y-ffaa238c9fa36a88bd7d21fc51e35857__1  slide-2 slide-even'><div data-rel='slideshow-1' class='avia-slide-wrap '   ><img decoding=\"async\" fetchpriority=\"high\" class=\"wp-image-8029 avia-img-lazy-loading-not-8029\"  src=\"https:\/\/uuesaaluseveinitalu.ee\/wp-content\/uploads\/2024\/09\/UueSaaluse_8665_LR1200-495x400.jpg\" width=\"495\" height=\"400\" title='UueSaaluse_8665_LR1200' alt=''  itemprop=\"thumbnailUrl\"   \/><\/div><\/li><li  class='avia-slideshow-slide av-h78h3y-ffaa238c9fa36a88bd7d21fc51e35857__2  slide-3 slide-odd'><div data-rel='slideshow-1' class='avia-slide-wrap '   ><img decoding=\"async\" fetchpriority=\"high\" class=\"wp-image-7741 avia-img-lazy-loading-not-7741\"  src=\"https:\/\/uuesaaluseveinitalu.ee\/wp-content\/uploads\/2024\/02\/pilt-40-495x400.jpg\" width=\"495\" height=\"400\" title='pilt-40' alt=''  itemprop=\"thumbnailUrl\" srcset=\"https:\/\/uuesaaluseveinitalu.ee\/wp-content\/uploads\/2024\/02\/pilt-40-495x400.jpg 495w, https:\/\/uuesaaluseveinitalu.ee\/wp-content\/uploads\/2024\/02\/pilt-40-845x684.jpg 845w\" sizes=\"(max-width: 495px) 100vw, 495px\" \/><\/div><\/li><li  class='avia-slideshow-slide av-h78h3y-ffaa238c9fa36a88bd7d21fc51e35857__3  slide-4 slide-even'><div data-rel='slideshow-1' class='avia-slide-wrap '   ><img decoding=\"async\" fetchpriority=\"high\" class=\"wp-image-8031 avia-img-lazy-loading-not-8031\"  src=\"https:\/\/uuesaaluseveinitalu.ee\/wp-content\/uploads\/2024\/09\/U14A0435-Edit-495x400.jpg\" width=\"495\" height=\"400\" title='U14A0435-Edit' alt=''  itemprop=\"thumbnailUrl\"   \/><\/div><\/li><\/ul><div class='avia-slideshow-arrows avia-slideshow-controls' ><a href='#prev' class='prev-slide ' aria-hidden='true' data-av_icon='\ue87c' data-av_iconfont='entypo-fontello'  tabindex='-1'>Previous<\/a><a href='#next' class='next-slide ' aria-hidden='true' data-av_icon='\ue87d' data-av_iconfont='entypo-fontello'  tabindex='-1'>Next<\/a><\/div><div class='avia-slideshow-dots avia-slideshow-controls'><a href='#1' class='goto-slide active' >1<\/a><a href='#2' class='goto-slide ' >2<\/a><a href='#3' class='goto-slide ' >3<\/a><a href='#4' class='goto-slide ' >4<\/a><\/div><\/div><\/div><\/div><!--close column table wrapper. Autoclose: 1 --><\/div><\/div><\/div><!-- close content main div --><\/div><\/div><div id='av_section_1'  class='avia-section av-bis09a-86cbe8b210d91240a816eccaa20c0c1e main_color avia-section-default avia-no-border-styling  avia-builder-el-8  el_after_av_one_half  avia-builder-el-last  avia-bg-style-scroll container_wrap fullsize'  ><div class='container av-section-cont-open' ><div class='template-page content  av-content-full alpha units'><div class='post-entry post-entry-type-page post-entry-8150'><div class='entry-content-wrapper clearfix'>\n\n<style type=\"text\/css\" data-created_by=\"avia_inline_auto\" id=\"style-css-av-wkd1a-7fb74a7fb567910dec05229590540b3b\">\n#top .hr.hr-invisible.av-wkd1a-7fb74a7fb567910dec05229590540b3b{\nheight:50px;\n}\n<\/style>\n<div  class='hr av-wkd1a-7fb74a7fb567910dec05229590540b3b hr-invisible  avia-builder-el-9  el_before_av_one_half  avia-builder-el-first '><span class='hr-inner '><span class=\"hr-inner-style\"><\/span><\/span><\/div>\n<div  class='flex_column av-ru6hq-9fcdb58075927ba1c320303f554050e2 av_one_half  avia-builder-el-10  el_after_av_hr  el_before_av_one_half  first flex_column_div  '     ><section  class='av_textblock_section av-5zinim-d3af7b9e9fc7fa9ec91f3f4bed669cb0 '   itemscope=\"itemscope\" itemtype=\"https:\/\/schema.org\/CreativeWork\" ><div class='avia_textblock'  itemprop=\"text\" ><h3>Accommodation Recommendations with Our Partners<\/h3>\n<ol>\n<li>Haanjamehe Farm Hotel and Spa. Located just 4 km from us, this unique farm combines the comfort of a hotel with a rustic feel. More information: <a href=\"\" target=\"\" rel=\"noopener\">https:\/\/haanjamehe.ee\/<\/a>. You can walk to the hotel along the Kavadi Lake hiking trail, with a 2 km shortcut.  <\/li>\n<li>Vaskna Tourist Farm in Haanja. 10 km from us, this charming family farm on the shore of Lake Vaskna offers peace and quiet in the picturesque hills of Haanja. More information: <a href=\"\" target=\"\" rel=\"noopener\">www.vaskna.ee<\/a>.  <\/li>\n<li>Glamp V\u00f5ru. A unique glamping experience for two among the fir trees of V\u00f5rumaa. For booking and info, contact <strong>glampvoru@gmail.com<\/strong>. Located 10 km away in the direction of V\u00f5ru. <\/li>\n<li>Haanjanaise Farm. 4.7 km away, Haanjanaise Farm is a lakeside retreat in nature. Established in 1935, it preserves the authenticity of an old Estonian farmhouse. Relaxation in peaceful natural surroundings is guaranteed. More information: <a href=\"\" target=\"\" rel=\"noopener\">https:\/\/villameri.ee\/majutus\/haanjanaise-talu\/<\/a>.    <\/li>\n<\/ol>\n<\/div><\/section><\/div><div  class='flex_column av-3hk9q6-38943a6a566f79421899b8c0ecf569d0 av_one_half  avia-builder-el-12  el_after_av_one_half  avia-builder-el-last  flex_column_div  '     ><section  class='av_textblock_section av-1w3q4u-6daf554ed80db39ef90f26b8e9c0f91e '   itemscope=\"itemscope\" itemtype=\"https:\/\/schema.org\/CreativeWork\" ><div class='avia_textblock'  itemprop=\"text\" ><h3>Nearby Attractions<\/h3>\n<ol>\n<li>Suur Munam\u00e4gi \u2013 the highest peak in the Baltics (318 m). Located 9.5 km away, the observation tower is open year-round. More information: <a href=\"\" target=\"\" rel=\"noopener\">https:\/\/suurmunamagi.ee\/<\/a>.   <\/li>\n<li>Sarve Farm Zoo. Only 4.5 km away, Sarve Farm is home to alpacas, llamas, sheep, dwarf goats, dogs, cats, rabbits, geese, pheasants, chickens, roosters, ducks, rheas, and ostriches. More information: <a href=\"\" target=\"\" rel=\"noopener\">https:\/\/www.puhkaeestis.ee\/et\/sarve-taluloomaaed.<\/a>   <\/li>\n<li>Mooska Farm offers a guided smoke sauna experience and smoked meat tastings. You can also arrange a tour of the farm to learn about smoke sauna traditions and enjoy tastings of smoked meat and homemade bread. More information: <a href=\"https:\/\/mooska.eu\/\" target=\"_blank\" rel=\"noopener\">https:\/\/mooska.eu\/<\/a>.  <\/li>\n<li>Telecommunication and Laptop Museum, located in R\u00f5uge Parish, Mustahamba village, H\u00e4llim\u00e4e Farm, V\u00f5rumaa. The museum exhibits vintage telephones, mobile phones, switchboards, and computers. Open by appointment at +372 514 8878 (Marko). More information: <a href=\"https:\/\/www.lanec.eu\/\" target=\"_blank\" rel=\"noopener\">https:\/\/www.lanec.eu\/<\/a>.  <\/li>\n<li>Rogosi Manor. This unique castle manor is located in Ruusm\u00e4e and includes an extraordinary wine cellar featuring Uue-Saaluse wines. More information: <a href=\"https:\/\/rogosimois.ee\/\" target=\"_blank\" rel=\"noopener\">https:\/\/rogosimois.ee\/<\/a>.   <\/li>\n<\/ol>\n<\/div><\/section><\/div>\n<\/p>\n","protected":false},"excerpt":{"rendered":"","protected":false},"author":1,"featured_media":7741,"parent":8117,"menu_order":0,"comment_status":"closed","ping_status":"closed","template":"","meta":{"_acf_changed":false,"footnotes":""},"class_list":["post-8150","page","type-page","status-publish","has-post-thumbnail","hentry"],"acf":[],"yoast_head":"<!-- This site is optimized with the Yoast SEO plugin v24.3 - https:\/\/yoast.com\/wordpress\/plugins\/seo\/ -->\n<title>The magical world of wine glasses - Uue-Saaluse Veinitalu<\/title>\n<meta name=\"robots\" content=\"index, follow, max-snippet:-1, max-image-preview:large, max-video-preview:-1\" \/>\n<link rel=\"canonical\" href=\"https:\/\/uuesaaluseveinitalu.ee\/en\/tour-packages\/the-magical-world-of-wine-glasses\/\" \/>\n<meta property=\"og:locale\" content=\"en_US\" \/>\n<meta property=\"og:type\" content=\"article\" \/>\n<meta property=\"og:title\" content=\"The magical world of wine glasses - Uue-Saaluse Veinitalu\" \/>\n<meta property=\"og:url\" content=\"https:\/\/uuesaaluseveinitalu.ee\/en\/tour-packages\/the-magical-world-of-wine-glasses\/\" \/>\n<meta property=\"og:site_name\" content=\"Uue-Saaluse Veinitalu\" \/>\n<meta property=\"og:image\" content=\"https:\/\/uuesaaluseveinitalu.ee\/wp-content\/uploads\/2024\/02\/pilt-40-1030x687.jpg\" \/>\n<meta name=\"twitter:card\" content=\"summary_large_image\" \/>\n<meta name=\"twitter:image\" content=\"https:\/\/uuesaaluseveinitalu.ee\/wp-content\/uploads\/2024\/02\/pilt-40-1030x687.jpg\" \/>\n<meta name=\"twitter:label1\" content=\"Est. reading time\" \/>\n\t<meta name=\"twitter:data1\" content=\"13 minutes\" \/>\n<script type=\"application\/ld+json\" class=\"yoast-schema-graph\">{\"@context\":\"https:\/\/schema.org\",\"@graph\":[{\"@type\":\"WebPage\",\"@id\":\"https:\/\/uuesaaluseveinitalu.ee\/en\/tour-packages\/the-magical-world-of-wine-glasses\/\",\"url\":\"https:\/\/uuesaaluseveinitalu.ee\/en\/tour-packages\/the-magical-world-of-wine-glasses\/\",\"name\":\"The magical world of wine glasses - Uue-Saaluse Veinitalu\",\"isPartOf\":{\"@id\":\"https:\/\/uuesaaluseveinitalu.ee\/en\/#website\"},\"primaryImageOfPage\":{\"@id\":\"https:\/\/uuesaaluseveinitalu.ee\/en\/tour-packages\/the-magical-world-of-wine-glasses\/#primaryimage\"},\"image\":{\"@id\":\"https:\/\/uuesaaluseveinitalu.ee\/en\/tour-packages\/the-magical-world-of-wine-glasses\/#primaryimage\"},\"thumbnailUrl\":\"https:\/\/uuesaaluseveinitalu.ee\/wp-content\/uploads\/2024\/02\/pilt-40.jpg\",\"datePublished\":\"2024-11-01T08:11:08+00:00\",\"dateModified\":\"2024-11-01T08:11:08+00:00\",\"breadcrumb\":{\"@id\":\"https:\/\/uuesaaluseveinitalu.ee\/en\/tour-packages\/the-magical-world-of-wine-glasses\/#breadcrumb\"},\"inLanguage\":\"en-US\",\"potentialAction\":[{\"@type\":\"ReadAction\",\"target\":[\"https:\/\/uuesaaluseveinitalu.ee\/en\/tour-packages\/the-magical-world-of-wine-glasses\/\"]}]},{\"@type\":\"ImageObject\",\"inLanguage\":\"en-US\",\"@id\":\"https:\/\/uuesaaluseveinitalu.ee\/en\/tour-packages\/the-magical-world-of-wine-glasses\/#primaryimage\",\"url\":\"https:\/\/uuesaaluseveinitalu.ee\/wp-content\/uploads\/2024\/02\/pilt-40.jpg\",\"contentUrl\":\"https:\/\/uuesaaluseveinitalu.ee\/wp-content\/uploads\/2024\/02\/pilt-40.jpg\",\"width\":2400,\"height\":1600},{\"@type\":\"BreadcrumbList\",\"@id\":\"https:\/\/uuesaaluseveinitalu.ee\/en\/tour-packages\/the-magical-world-of-wine-glasses\/#breadcrumb\",\"itemListElement\":[{\"@type\":\"ListItem\",\"position\":1,\"name\":\"Home\",\"item\":\"https:\/\/uuesaaluseveinitalu.ee\/en\/\"},{\"@type\":\"ListItem\",\"position\":2,\"name\":\"Tour Packages\",\"item\":\"https:\/\/uuesaaluseveinitalu.ee\/en\/tour-packages\/\"},{\"@type\":\"ListItem\",\"position\":3,\"name\":\"The magical world of wine glasses\"}]},{\"@type\":\"WebSite\",\"@id\":\"https:\/\/uuesaaluseveinitalu.ee\/en\/#website\",\"url\":\"https:\/\/uuesaaluseveinitalu.ee\/en\/\",\"name\":\"Uue-Saaluse Veinitalu\",\"description\":\"K\u00e4sit\u00f6\u00f6veinid Haanjamaalt!\",\"potentialAction\":[{\"@type\":\"SearchAction\",\"target\":{\"@type\":\"EntryPoint\",\"urlTemplate\":\"https:\/\/uuesaaluseveinitalu.ee\/en\/?s={search_term_string}\"},\"query-input\":{\"@type\":\"PropertyValueSpecification\",\"valueRequired\":true,\"valueName\":\"search_term_string\"}}],\"inLanguage\":\"en-US\"}]}<\/script>\n<!-- \/ Yoast SEO plugin. -->","yoast_head_json":{"title":"The magical world of wine glasses - Uue-Saaluse Veinitalu","robots":{"index":"index","follow":"follow","max-snippet":"max-snippet:-1","max-image-preview":"max-image-preview:large","max-video-preview":"max-video-preview:-1"},"canonical":"https:\/\/uuesaaluseveinitalu.ee\/en\/tour-packages\/the-magical-world-of-wine-glasses\/","og_locale":"en_US","og_type":"article","og_title":"The magical world of wine glasses - Uue-Saaluse Veinitalu","og_url":"https:\/\/uuesaaluseveinitalu.ee\/en\/tour-packages\/the-magical-world-of-wine-glasses\/","og_site_name":"Uue-Saaluse Veinitalu","og_image":[{"url":"https:\/\/uuesaaluseveinitalu.ee\/wp-content\/uploads\/2024\/02\/pilt-40-1030x687.jpg","type":"","width":"","height":""}],"twitter_card":"summary_large_image","twitter_image":"https:\/\/uuesaaluseveinitalu.ee\/wp-content\/uploads\/2024\/02\/pilt-40-1030x687.jpg","twitter_misc":{"Est. reading time":"13 minutes"},"schema":{"@context":"https:\/\/schema.org","@graph":[{"@type":"WebPage","@id":"https:\/\/uuesaaluseveinitalu.ee\/en\/tour-packages\/the-magical-world-of-wine-glasses\/","url":"https:\/\/uuesaaluseveinitalu.ee\/en\/tour-packages\/the-magical-world-of-wine-glasses\/","name":"The magical world of wine glasses - Uue-Saaluse Veinitalu","isPartOf":{"@id":"https:\/\/uuesaaluseveinitalu.ee\/en\/#website"},"primaryImageOfPage":{"@id":"https:\/\/uuesaaluseveinitalu.ee\/en\/tour-packages\/the-magical-world-of-wine-glasses\/#primaryimage"},"image":{"@id":"https:\/\/uuesaaluseveinitalu.ee\/en\/tour-packages\/the-magical-world-of-wine-glasses\/#primaryimage"},"thumbnailUrl":"https:\/\/uuesaaluseveinitalu.ee\/wp-content\/uploads\/2024\/02\/pilt-40.jpg","datePublished":"2024-11-01T08:11:08+00:00","dateModified":"2024-11-01T08:11:08+00:00","breadcrumb":{"@id":"https:\/\/uuesaaluseveinitalu.ee\/en\/tour-packages\/the-magical-world-of-wine-glasses\/#breadcrumb"},"inLanguage":"en-US","potentialAction":[{"@type":"ReadAction","target":["https:\/\/uuesaaluseveinitalu.ee\/en\/tour-packages\/the-magical-world-of-wine-glasses\/"]}]},{"@type":"ImageObject","inLanguage":"en-US","@id":"https:\/\/uuesaaluseveinitalu.ee\/en\/tour-packages\/the-magical-world-of-wine-glasses\/#primaryimage","url":"https:\/\/uuesaaluseveinitalu.ee\/wp-content\/uploads\/2024\/02\/pilt-40.jpg","contentUrl":"https:\/\/uuesaaluseveinitalu.ee\/wp-content\/uploads\/2024\/02\/pilt-40.jpg","width":2400,"height":1600},{"@type":"BreadcrumbList","@id":"https:\/\/uuesaaluseveinitalu.ee\/en\/tour-packages\/the-magical-world-of-wine-glasses\/#breadcrumb","itemListElement":[{"@type":"ListItem","position":1,"name":"Home","item":"https:\/\/uuesaaluseveinitalu.ee\/en\/"},{"@type":"ListItem","position":2,"name":"Tour Packages","item":"https:\/\/uuesaaluseveinitalu.ee\/en\/tour-packages\/"},{"@type":"ListItem","position":3,"name":"The magical world of wine glasses"}]},{"@type":"WebSite","@id":"https:\/\/uuesaaluseveinitalu.ee\/en\/#website","url":"https:\/\/uuesaaluseveinitalu.ee\/en\/","name":"Uue-Saaluse Veinitalu","description":"K\u00e4sit\u00f6\u00f6veinid Haanjamaalt!","potentialAction":[{"@type":"SearchAction","target":{"@type":"EntryPoint","urlTemplate":"https:\/\/uuesaaluseveinitalu.ee\/en\/?s={search_term_string}"},"query-input":{"@type":"PropertyValueSpecification","valueRequired":true,"valueName":"search_term_string"}}],"inLanguage":"en-US"}]}},"_links":{"self":[{"href":"https:\/\/uuesaaluseveinitalu.ee\/en\/wp-json\/wp\/v2\/pages\/8150","targetHints":{"allow":["GET"]}}],"collection":[{"href":"https:\/\/uuesaaluseveinitalu.ee\/en\/wp-json\/wp\/v2\/pages"}],"about":[{"href":"https:\/\/uuesaaluseveinitalu.ee\/en\/wp-json\/wp\/v2\/types\/page"}],"author":[{"embeddable":true,"href":"https:\/\/uuesaaluseveinitalu.ee\/en\/wp-json\/wp\/v2\/users\/1"}],"replies":[{"embeddable":true,"href":"https:\/\/uuesaaluseveinitalu.ee\/en\/wp-json\/wp\/v2\/comments?post=8150"}],"version-history":[{"count":2,"href":"https:\/\/uuesaaluseveinitalu.ee\/en\/wp-json\/wp\/v2\/pages\/8150\/revisions"}],"predecessor-version":[{"id":8152,"href":"https:\/\/uuesaaluseveinitalu.ee\/en\/wp-json\/wp\/v2\/pages\/8150\/revisions\/8152"}],"up":[{"embeddable":true,"href":"https:\/\/uuesaaluseveinitalu.ee\/en\/wp-json\/wp\/v2\/pages\/8117"}],"wp:featuredmedia":[{"embeddable":true,"href":"https:\/\/uuesaaluseveinitalu.ee\/en\/wp-json\/wp\/v2\/media\/7741"}],"wp:attachment":[{"href":"https:\/\/uuesaaluseveinitalu.ee\/en\/wp-json\/wp\/v2\/media?parent=8150"}],"curies":[{"name":"wp","href":"https:\/\/api.w.org\/{rel}","templated":true}]}}