{"id":8138,"date":"2024-11-01T09:59:26","date_gmt":"2024-11-01T07:59:26","guid":{"rendered":"https:\/\/uuesaaluseveinitalu.ee\/tour-packages\/luxurious-journey-into-the-world-of-craft-wines\/"},"modified":"2024-11-01T09:59:27","modified_gmt":"2024-11-01T07:59:27","slug":"luxurious-journey-into-the-world-of-craft-wines","status":"publish","type":"page","link":"https:\/\/uuesaaluseveinitalu.ee\/en\/tour-packages\/luxurious-journey-into-the-world-of-craft-wines\/","title":{"rendered":"Luxurious journey into the world of craft wines"},"content":{"rendered":"<div class='flex_column_table av-t1g1wc-c3f4bce5e6c81c5b0f7ebaf2a688915a sc-av_one_half av-equal-height-column-flextable'><div  class='flex_column av-t1g1wc-c3f4bce5e6c81c5b0f7ebaf2a688915a av_one_half  avia-builder-el-0  el_before_av_one_half  avia-builder-el-first  first flex_column_table_cell av-equal-height-column av-align-middle  '     ><p>\n<style type=\"text\/css\" data-created_by=\"avia_inline_auto\" id=\"style-css-av-lt61jgcm-0d7a4bd0c316699231067064308d2212\">\n#top .av-special-heading.av-lt61jgcm-0d7a4bd0c316699231067064308d2212{\npadding-bottom:10px;\n}\nbody .av-special-heading.av-lt61jgcm-0d7a4bd0c316699231067064308d2212 .av-special-heading-tag .heading-char{\nfont-size:25px;\n}\n.av-special-heading.av-lt61jgcm-0d7a4bd0c316699231067064308d2212 .av-subheading{\nfont-size:15px;\n}\n<\/style>\n<div  class='av-special-heading av-lt61jgcm-0d7a4bd0c316699231067064308d2212 av-special-heading-h1  avia-builder-el-1  el_before_av_hr  avia-builder-el-first '><h1 class='av-special-heading-tag '  itemprop=\"headline\"  >Luxurious journey into the world of craft wines<\/h1><div class=\"special-heading-border\"><div class=\"special-heading-inner-border\"><\/div><\/div><\/div><br \/>\n\n<style type=\"text\/css\" data-created_by=\"avia_inline_auto\" id=\"style-css-av-rvrhu4-2ea3254cdd85cf074cb9dbcc343c79e9\">\n#top .hr.hr-invisible.av-rvrhu4-2ea3254cdd85cf074cb9dbcc343c79e9{\nheight:50px;\n}\n<\/style>\n<div  class='hr av-rvrhu4-2ea3254cdd85cf074cb9dbcc343c79e9 hr-invisible  avia-builder-el-2  el_after_av_heading  el_before_av_textblock '><span class='hr-inner '><span class=\"hr-inner-style\"><\/span><\/span><\/div><br \/>\n<section  class='av_textblock_section av-lt61ju2u-a4e6ee32a07cda5eb54280cd1eb307de '   itemscope=\"itemscope\" itemtype=\"https:\/\/schema.org\/CreativeWork\" ><div class='avia_textblock'  itemprop=\"text\" ><p>Perfect for families, groups, teams, and especially gourmets of local food. The package includes a tour of the wine cellar and the production unit with the wine master. Enjoy 5 blind tastings with a generous snack tray featuring local delicacies (local cheeses, meat smoked in a smoke sauna, fresh baked pot bread). Have fun during the blind tasting, where you have to guess what the wine is made from. The programme ends with a fun wine-themed Jeopardy! game. <\/p>\n<p><strong>Price: from 25 \u20ac\/person, minimum fee for the service 150 \u20ac. For an additional fee, you can order catering with a birthday cake. <\/strong>. Lisatasu eest on v\u00f5imalik juurde tellida toitlustust koos s\u00fcnnip\u00e4evatordiga. Pakett sobib perekondadele, s\u00f5pruskondadele, tiimidele ja eriti kohaliku toidu gurmaanidele.<\/p>\n<\/div><\/section><br \/>\n\n<style type=\"text\/css\" data-created_by=\"avia_inline_auto\" id=\"style-css-av-q3vwcc-f1ff14ac6fd05284ade035720a65b8dd\">\n#top .hr.hr-invisible.av-q3vwcc-f1ff14ac6fd05284ade035720a65b8dd{\nheight:30px;\n}\n<\/style>\n<div  class='hr av-q3vwcc-f1ff14ac6fd05284ade035720a65b8dd hr-invisible  avia-builder-el-4  el_after_av_textblock  el_before_av_button '><span class='hr-inner '><span class=\"hr-inner-style\"><\/span><\/span><\/div><br \/>\n<div  class='avia-button-wrap av-ndaikc-9fda4cca07e940551d7892898105a4c4-wrap avia-button-center  avia-builder-el-5  el_after_av_hr  avia-builder-el-last '><a href='https:\/\/uuesaaluseveinitalu.ee\/en\/book-your-visit\/'  class='avia-button av-ndaikc-9fda4cca07e940551d7892898105a4c4 av-link-btn avia-icon_select-no avia-size-large avia-position-center avia-color-theme-color'   aria-label=\"Contacts\"><span class='avia_iconbox_title' >Contacts<\/span><\/a><\/div><\/p><\/div>\n<div class='av-flex-placeholder'><\/div><div  class='flex_column av-mdk2u4-3e638717bc743476be6d5027acf47ff7 av_one_half  avia-builder-el-6  el_after_av_one_half  el_before_av_section  avia-builder-el-last  flex_column_table_cell av-equal-height-column av-align-middle  '     ><div  class='avia-slideshow av-lt61m52i-c047b0be2156074c165f1aaca09cc69d avia-slideshow-portfolio av_slideshow avia-slide-slider  avia-builder-el-7  avia-builder-el-no-sibling  av-slideshow-ui av-control-default av-slideshow-autoplay av-loop-endless av-loop-manual-endless av-default-height-applied avia-slideshow-1' data-slideshow-options=\"{&quot;animation&quot;:&quot;slide&quot;,&quot;autoplay&quot;:true,&quot;loop_autoplay&quot;:&quot;endless&quot;,&quot;interval&quot;:5,&quot;loop_manual&quot;:&quot;manual-endless&quot;,&quot;autoplay_stopper&quot;:false,&quot;noNavigation&quot;:false,&quot;bg_slider&quot;:false,&quot;keep_padding&quot;:false,&quot;hoverpause&quot;:false,&quot;show_slide_delay&quot;:0}\"  itemprop=\"image\" itemscope=\"itemscope\" itemtype=\"https:\/\/schema.org\/ImageObject\" ><ul class='avia-slideshow-inner ' style='padding-bottom: 80.8080808081%;'><li  class='avia-slideshow-slide av-lt61m52i-c047b0be2156074c165f1aaca09cc69d__0  slide-1 slide-odd'><div data-rel='slideshow-1' class='avia-slide-wrap '   ><img decoding=\"async\" fetchpriority=\"high\" class=\"wp-image-7678 avia-img-lazy-loading-not-7678\"  src=\"https:\/\/uuesaaluseveinitalu.ee\/wp-content\/uploads\/2024\/02\/IMG_9106-495x400.jpg\" width=\"495\" height=\"400\" title='IMG_9106' alt=''  itemprop=\"thumbnailUrl\" srcset=\"https:\/\/uuesaaluseveinitalu.ee\/wp-content\/uploads\/2024\/02\/IMG_9106-495x400.jpg 495w, https:\/\/uuesaaluseveinitalu.ee\/wp-content\/uploads\/2024\/02\/IMG_9106-300x241.jpg 300w, https:\/\/uuesaaluseveinitalu.ee\/wp-content\/uploads\/2024\/02\/IMG_9106-845x684.jpg 845w\" sizes=\"(max-width: 495px) 100vw, 495px\" \/><\/div><\/li><li  class='avia-slideshow-slide av-lt61m52i-c047b0be2156074c165f1aaca09cc69d__1  slide-2 slide-even'><div data-rel='slideshow-1' class='avia-slide-wrap '   ><img decoding=\"async\" fetchpriority=\"high\" class=\"wp-image-8045 avia-img-lazy-loading-not-8045\"  src=\"https:\/\/uuesaaluseveinitalu.ee\/wp-content\/uploads\/2024\/09\/JaHe_070323-Uue-Saaluse-veinitalu_011-495x400.jpg\" width=\"495\" height=\"400\" title='JaHe_070323 Uue-Saaluse veinitalu_011' alt=''  itemprop=\"thumbnailUrl\" srcset=\"https:\/\/uuesaaluseveinitalu.ee\/wp-content\/uploads\/2024\/09\/JaHe_070323-Uue-Saaluse-veinitalu_011-495x400.jpg 495w, https:\/\/uuesaaluseveinitalu.ee\/wp-content\/uploads\/2024\/09\/JaHe_070323-Uue-Saaluse-veinitalu_011-845x684.jpg 845w\" sizes=\"(max-width: 495px) 100vw, 495px\" \/><\/div><\/li><li  class='avia-slideshow-slide av-lt61m52i-c047b0be2156074c165f1aaca09cc69d__2  slide-3 slide-odd'><div data-rel='slideshow-1' class='avia-slide-wrap '   ><img decoding=\"async\" fetchpriority=\"high\" class=\"wp-image-8053 avia-img-lazy-loading-not-8053\"  src=\"https:\/\/uuesaaluseveinitalu.ee\/wp-content\/uploads\/2024\/09\/IMG_9207-495x400.jpg\" width=\"495\" height=\"400\" title='IMG_9207' alt=''  itemprop=\"thumbnailUrl\" srcset=\"https:\/\/uuesaaluseveinitalu.ee\/wp-content\/uploads\/2024\/09\/IMG_9207-495x400.jpg 495w, https:\/\/uuesaaluseveinitalu.ee\/wp-content\/uploads\/2024\/09\/IMG_9207-845x684.jpg 845w\" sizes=\"(max-width: 495px) 100vw, 495px\" \/><\/div><\/li><li  class='avia-slideshow-slide av-lt61m52i-c047b0be2156074c165f1aaca09cc69d__3  slide-4 slide-even'><div data-rel='slideshow-1' class='avia-slide-wrap '   ><img decoding=\"async\" fetchpriority=\"high\" class=\"wp-image-8047 avia-img-lazy-loading-not-8047\"  src=\"https:\/\/uuesaaluseveinitalu.ee\/wp-content\/uploads\/2024\/09\/IMG_8457-copy-495x400.jpg\" width=\"495\" height=\"400\" title='IMG_8457 copy' alt=''  itemprop=\"thumbnailUrl\" srcset=\"https:\/\/uuesaaluseveinitalu.ee\/wp-content\/uploads\/2024\/09\/IMG_8457-copy-495x400.jpg 495w, https:\/\/uuesaaluseveinitalu.ee\/wp-content\/uploads\/2024\/09\/IMG_8457-copy-845x684.jpg 845w\" sizes=\"(max-width: 495px) 100vw, 495px\" \/><\/div><\/li><li  class='avia-slideshow-slide av-lt61m52i-c047b0be2156074c165f1aaca09cc69d__4  slide-5 slide-odd'><div data-rel='slideshow-1' class='avia-slide-wrap '   ><img decoding=\"async\" fetchpriority=\"high\" class=\"wp-image-8049 avia-img-lazy-loading-not-8049\"  src=\"https:\/\/uuesaaluseveinitalu.ee\/wp-content\/uploads\/2024\/09\/IMG_7919-495x400.jpg\" width=\"495\" height=\"400\" title='IMG_7919' alt=''  itemprop=\"thumbnailUrl\" srcset=\"https:\/\/uuesaaluseveinitalu.ee\/wp-content\/uploads\/2024\/09\/IMG_7919-495x400.jpg 495w, https:\/\/uuesaaluseveinitalu.ee\/wp-content\/uploads\/2024\/09\/IMG_7919-845x684.jpg 845w\" sizes=\"(max-width: 495px) 100vw, 495px\" \/><\/div><\/li><li  class='avia-slideshow-slide av-lt61m52i-c047b0be2156074c165f1aaca09cc69d__5  slide-6 slide-even'><div data-rel='slideshow-1' class='avia-slide-wrap '   ><img decoding=\"async\" fetchpriority=\"high\" class=\"wp-image-8051 avia-img-lazy-loading-not-8051\"  src=\"https:\/\/uuesaaluseveinitalu.ee\/wp-content\/uploads\/2024\/09\/IMG_4999-495x400.jpg\" width=\"495\" height=\"400\" title='IMG_4999' alt=''  itemprop=\"thumbnailUrl\" srcset=\"https:\/\/uuesaaluseveinitalu.ee\/wp-content\/uploads\/2024\/09\/IMG_4999-495x400.jpg 495w, https:\/\/uuesaaluseveinitalu.ee\/wp-content\/uploads\/2024\/09\/IMG_4999-845x684.jpg 845w\" sizes=\"(max-width: 495px) 100vw, 495px\" \/><\/div><\/li><\/ul><div class='avia-slideshow-arrows avia-slideshow-controls' ><a href='#prev' class='prev-slide ' aria-hidden='true' data-av_icon='\ue87c' data-av_iconfont='entypo-fontello'  tabindex='-1'>Previous<\/a><a href='#next' class='next-slide ' aria-hidden='true' data-av_icon='\ue87d' data-av_iconfont='entypo-fontello'  tabindex='-1'>Next<\/a><\/div><div class='avia-slideshow-dots avia-slideshow-controls'><a href='#1' class='goto-slide active' >1<\/a><a href='#2' class='goto-slide ' >2<\/a><a href='#3' class='goto-slide ' >3<\/a><a href='#4' class='goto-slide ' >4<\/a><a href='#5' class='goto-slide ' >5<\/a><a href='#6' class='goto-slide ' >6<\/a><\/div><\/div><\/div><\/div><!--close column table wrapper. Autoclose: 1 --><\/div><\/div><\/div><!-- close content main div --><\/div><\/div><div id='av_section_1'  class='avia-section av-ah7c8c-9ba7fe61ebb3779fb9da5b69bae62813 main_color avia-section-default avia-no-border-styling  avia-builder-el-8  el_after_av_one_half  avia-builder-el-last  avia-bg-style-scroll container_wrap fullsize'  ><div class='container av-section-cont-open' ><div class='template-page content  av-content-full alpha units'><div class='post-entry post-entry-type-page post-entry-8138'><div class='entry-content-wrapper clearfix'>\n\n<style type=\"text\/css\" data-created_by=\"avia_inline_auto\" id=\"style-css-av-9favv0-b7025d70be12fa4a4b0434d1216ccdc2\">\n#top .hr.hr-invisible.av-9favv0-b7025d70be12fa4a4b0434d1216ccdc2{\nheight:50px;\n}\n<\/style>\n<div  class='hr av-9favv0-b7025d70be12fa4a4b0434d1216ccdc2 hr-invisible  avia-builder-el-9  el_before_av_one_half  avia-builder-el-first '><span class='hr-inner '><span class=\"hr-inner-style\"><\/span><\/span><\/div>\n<div  class='flex_column av-80tr70-25efcaaed2ab005aaeb478bfe08d8788 av_one_half  avia-builder-el-10  el_after_av_hr  el_before_av_one_half  first flex_column_div  '     ><section  class='av_textblock_section av-5m9r9o-26ff70000cadf967bb568fb74c618602 '   itemscope=\"itemscope\" itemtype=\"https:\/\/schema.org\/CreativeWork\" ><div class='avia_textblock'  itemprop=\"text\" ><h3>Accommodation Recommendations with Our Partners<\/h3>\n<ol>\n<li>Haanjamehe Farm Hotel and Spa. Located just 4 km from us, this unique farm combines the comfort of a hotel with a rustic feel. More information: <a href=\"https:\/\/haanjamehe.ee\/\" target=\"_blank\" rel=\"noopener\">https:\/\/haanjamehe.ee\/<\/a>. You can walk to the hotel along the Kavadi Lake hiking trail, with a 2 km shortcut.  <\/li>\n<li>Vaskna Tourist Farm in Haanja. 10 km from us, this charming family farm on the shore of Lake Vaskna offers peace and quiet in the picturesque hills of Haanja. More information: <a href=\"http:\/\/www.vaskna.ee\" target=\"_blank\" rel=\"noopener\">www.vaskna.ee<\/a>.  <\/li>\n<li>Glamp V\u00f5ru. A unique glamping experience for two among the fir trees of V\u00f5rumaa. For booking and info, contact <strong>glampvoru@gmail.com<\/strong>. Located 10 km away in the direction of V\u00f5ru. <\/li>\n<li>Haanjanaise Farm. 4.7 km away, Haanjanaise Farm is a lakeside retreat in nature. Established in 1935, it preserves the authenticity of an old Estonian farmhouse. Relaxation in peaceful natural surroundings is guaranteed. More information: <a href=\"https:\/\/villameri.ee\/majutus\/haanjanaise-talu\/\" target=\"_blank\" rel=\"noopener\">https:\/\/villameri.ee\/majutus\/haanjanaise-talu\/<\/a>.    <\/li>\n<\/ol>\n<\/div><\/section><\/div><div  class='flex_column av-3x1r4s-b23e274b4ea8608cd4d22dc87a34c842 av_one_half  avia-builder-el-12  el_after_av_one_half  avia-builder-el-last  flex_column_div  '     ><section  class='av_textblock_section av-1vfpwc-a4cd3fb26211a91d764a521d5c71ec96 '   itemscope=\"itemscope\" itemtype=\"https:\/\/schema.org\/CreativeWork\" ><div class='avia_textblock'  itemprop=\"text\" ><h3>Nearby Attractions<\/h3>\n<ol>\n<li>Suur Munam\u00e4gi \u2013 the highest peak in the Baltics (318 m). Located 9.5 km away, the observation tower is open year-round. More information: <a href=\"https:\/\/suurmunamagi.ee\/\" target=\"_blank\" rel=\"noopener\">https:\/\/suurmunamagi.ee\/<\/a>.   <\/li>\n<li>Sarve Farm Zoo. Only 4.5 km away, Sarve Farm is home to alpacas, llamas, sheep, dwarf goats, dogs, cats, rabbits, geese, pheasants, chickens, roosters, ducks, rheas, and ostriches. More information: <a href=\"https:\/\/www.puhkaeestis.ee\/et\/sarve-taluloomaaed\" target=\"_blank\" rel=\"noopener\">https:\/\/www.puhkaeestis.ee\/et\/sarve-taluloomaaed.<\/a>   <\/li>\n<li>Mooska Farm offers a guided smoke sauna experience and smoked meat tastings. You can also arrange a tour of the farm to learn about smoke sauna traditions and enjoy tastings of smoked meat and homemade bread. More information: <a href=\"https:\/\/mooska.eu\/\" target=\"_blank\" rel=\"noopener\">https:\/\/mooska.eu\/<\/a>.  <\/li>\n<li>Telecommunication and Laptop Museum, located in R\u00f5uge Parish, Mustahamba village, H\u00e4llim\u00e4e Farm, V\u00f5rumaa. The museum exhibits vintage telephones, mobile phones, switchboards, and computers. Open by appointment at +372 514 8878 (Marko). More information: <a href=\"https:\/\/www.lanec.eu\/\" target=\"_blank\" rel=\"noopener\">https:\/\/www.lanec.eu\/<\/a>.  <\/li>\n<li>Rogosi Manor. This unique castle manor is located in Ruusm\u00e4e and includes an extraordinary wine cellar featuring Uue-Saaluse wines. More information: <a href=\"https:\/\/rogosimois.ee\/\" target=\"_blank\" rel=\"noopener\">https:\/\/rogosimois.ee\/<\/a>.   <\/li>\n<\/ol>\n<\/div><\/section><\/div>\n<\/p>\n","protected":false},"excerpt":{"rendered":"","protected":false},"author":1,"featured_media":7686,"parent":8117,"menu_order":0,"comment_status":"closed","ping_status":"closed","template":"","meta":{"_acf_changed":false,"footnotes":""},"class_list":["post-8138","page","type-page","status-publish","has-post-thumbnail","hentry"],"acf":[],"yoast_head":"<!-- This site is optimized with the Yoast SEO plugin v24.3 - https:\/\/yoast.com\/wordpress\/plugins\/seo\/ -->\n<title>Luxurious journey into the world of craft wines - Uue-Saaluse Veinitalu<\/title>\n<meta name=\"robots\" content=\"index, follow, max-snippet:-1, max-image-preview:large, max-video-preview:-1\" \/>\n<link rel=\"canonical\" href=\"https:\/\/uuesaaluseveinitalu.ee\/en\/tour-packages\/luxurious-journey-into-the-world-of-craft-wines\/\" \/>\n<meta property=\"og:locale\" content=\"en_US\" \/>\n<meta property=\"og:type\" content=\"article\" \/>\n<meta property=\"og:title\" content=\"Luxurious journey into the world of craft wines - Uue-Saaluse Veinitalu\" \/>\n<meta property=\"og:url\" content=\"https:\/\/uuesaaluseveinitalu.ee\/en\/tour-packages\/luxurious-journey-into-the-world-of-craft-wines\/\" \/>\n<meta property=\"og:site_name\" content=\"Uue-Saaluse Veinitalu\" \/>\n<meta property=\"article:modified_time\" content=\"2024-11-01T07:59:27+00:00\" \/>\n<meta property=\"og:image\" content=\"https:\/\/uuesaaluseveinitalu.ee\/wp-content\/uploads\/2024\/02\/pilt-6-1030x687.jpg\" \/>\n<meta name=\"twitter:card\" content=\"summary_large_image\" \/>\n<meta name=\"twitter:image\" content=\"https:\/\/uuesaaluseveinitalu.ee\/wp-content\/uploads\/2024\/02\/pilt-6-1030x687.jpg\" \/>\n<meta name=\"twitter:label1\" content=\"Est. reading time\" \/>\n\t<meta name=\"twitter:data1\" content=\"14 minutes\" \/>\n<script type=\"application\/ld+json\" class=\"yoast-schema-graph\">{\"@context\":\"https:\/\/schema.org\",\"@graph\":[{\"@type\":\"WebPage\",\"@id\":\"https:\/\/uuesaaluseveinitalu.ee\/en\/tour-packages\/luxurious-journey-into-the-world-of-craft-wines\/\",\"url\":\"https:\/\/uuesaaluseveinitalu.ee\/en\/tour-packages\/luxurious-journey-into-the-world-of-craft-wines\/\",\"name\":\"Luxurious journey into the world of craft wines - Uue-Saaluse Veinitalu\",\"isPartOf\":{\"@id\":\"https:\/\/uuesaaluseveinitalu.ee\/en\/#website\"},\"primaryImageOfPage\":{\"@id\":\"https:\/\/uuesaaluseveinitalu.ee\/en\/tour-packages\/luxurious-journey-into-the-world-of-craft-wines\/#primaryimage\"},\"image\":{\"@id\":\"https:\/\/uuesaaluseveinitalu.ee\/en\/tour-packages\/luxurious-journey-into-the-world-of-craft-wines\/#primaryimage\"},\"thumbnailUrl\":\"https:\/\/uuesaaluseveinitalu.ee\/wp-content\/uploads\/2024\/02\/pilt-6.jpg\",\"datePublished\":\"2024-11-01T07:59:26+00:00\",\"dateModified\":\"2024-11-01T07:59:27+00:00\",\"breadcrumb\":{\"@id\":\"https:\/\/uuesaaluseveinitalu.ee\/en\/tour-packages\/luxurious-journey-into-the-world-of-craft-wines\/#breadcrumb\"},\"inLanguage\":\"en-US\",\"potentialAction\":[{\"@type\":\"ReadAction\",\"target\":[\"https:\/\/uuesaaluseveinitalu.ee\/en\/tour-packages\/luxurious-journey-into-the-world-of-craft-wines\/\"]}]},{\"@type\":\"ImageObject\",\"inLanguage\":\"en-US\",\"@id\":\"https:\/\/uuesaaluseveinitalu.ee\/en\/tour-packages\/luxurious-journey-into-the-world-of-craft-wines\/#primaryimage\",\"url\":\"https:\/\/uuesaaluseveinitalu.ee\/wp-content\/uploads\/2024\/02\/pilt-6.jpg\",\"contentUrl\":\"https:\/\/uuesaaluseveinitalu.ee\/wp-content\/uploads\/2024\/02\/pilt-6.jpg\",\"width\":2400,\"height\":1600},{\"@type\":\"BreadcrumbList\",\"@id\":\"https:\/\/uuesaaluseveinitalu.ee\/en\/tour-packages\/luxurious-journey-into-the-world-of-craft-wines\/#breadcrumb\",\"itemListElement\":[{\"@type\":\"ListItem\",\"position\":1,\"name\":\"Home\",\"item\":\"https:\/\/uuesaaluseveinitalu.ee\/en\/\"},{\"@type\":\"ListItem\",\"position\":2,\"name\":\"Tour Packages\",\"item\":\"https:\/\/uuesaaluseveinitalu.ee\/en\/tour-packages\/\"},{\"@type\":\"ListItem\",\"position\":3,\"name\":\"Luxurious journey into the world of craft wines\"}]},{\"@type\":\"WebSite\",\"@id\":\"https:\/\/uuesaaluseveinitalu.ee\/en\/#website\",\"url\":\"https:\/\/uuesaaluseveinitalu.ee\/en\/\",\"name\":\"Uue-Saaluse Veinitalu\",\"description\":\"K\u00e4sit\u00f6\u00f6veinid Haanjamaalt!\",\"potentialAction\":[{\"@type\":\"SearchAction\",\"target\":{\"@type\":\"EntryPoint\",\"urlTemplate\":\"https:\/\/uuesaaluseveinitalu.ee\/en\/?s={search_term_string}\"},\"query-input\":{\"@type\":\"PropertyValueSpecification\",\"valueRequired\":true,\"valueName\":\"search_term_string\"}}],\"inLanguage\":\"en-US\"}]}<\/script>\n<!-- \/ Yoast SEO plugin. -->","yoast_head_json":{"title":"Luxurious journey into the world of craft wines - Uue-Saaluse Veinitalu","robots":{"index":"index","follow":"follow","max-snippet":"max-snippet:-1","max-image-preview":"max-image-preview:large","max-video-preview":"max-video-preview:-1"},"canonical":"https:\/\/uuesaaluseveinitalu.ee\/en\/tour-packages\/luxurious-journey-into-the-world-of-craft-wines\/","og_locale":"en_US","og_type":"article","og_title":"Luxurious journey into the world of craft wines - Uue-Saaluse Veinitalu","og_url":"https:\/\/uuesaaluseveinitalu.ee\/en\/tour-packages\/luxurious-journey-into-the-world-of-craft-wines\/","og_site_name":"Uue-Saaluse Veinitalu","article_modified_time":"2024-11-01T07:59:27+00:00","og_image":[{"url":"https:\/\/uuesaaluseveinitalu.ee\/wp-content\/uploads\/2024\/02\/pilt-6-1030x687.jpg","type":"","width":"","height":""}],"twitter_card":"summary_large_image","twitter_image":"https:\/\/uuesaaluseveinitalu.ee\/wp-content\/uploads\/2024\/02\/pilt-6-1030x687.jpg","twitter_misc":{"Est. reading time":"14 minutes"},"schema":{"@context":"https:\/\/schema.org","@graph":[{"@type":"WebPage","@id":"https:\/\/uuesaaluseveinitalu.ee\/en\/tour-packages\/luxurious-journey-into-the-world-of-craft-wines\/","url":"https:\/\/uuesaaluseveinitalu.ee\/en\/tour-packages\/luxurious-journey-into-the-world-of-craft-wines\/","name":"Luxurious journey into the world of craft wines - Uue-Saaluse Veinitalu","isPartOf":{"@id":"https:\/\/uuesaaluseveinitalu.ee\/en\/#website"},"primaryImageOfPage":{"@id":"https:\/\/uuesaaluseveinitalu.ee\/en\/tour-packages\/luxurious-journey-into-the-world-of-craft-wines\/#primaryimage"},"image":{"@id":"https:\/\/uuesaaluseveinitalu.ee\/en\/tour-packages\/luxurious-journey-into-the-world-of-craft-wines\/#primaryimage"},"thumbnailUrl":"https:\/\/uuesaaluseveinitalu.ee\/wp-content\/uploads\/2024\/02\/pilt-6.jpg","datePublished":"2024-11-01T07:59:26+00:00","dateModified":"2024-11-01T07:59:27+00:00","breadcrumb":{"@id":"https:\/\/uuesaaluseveinitalu.ee\/en\/tour-packages\/luxurious-journey-into-the-world-of-craft-wines\/#breadcrumb"},"inLanguage":"en-US","potentialAction":[{"@type":"ReadAction","target":["https:\/\/uuesaaluseveinitalu.ee\/en\/tour-packages\/luxurious-journey-into-the-world-of-craft-wines\/"]}]},{"@type":"ImageObject","inLanguage":"en-US","@id":"https:\/\/uuesaaluseveinitalu.ee\/en\/tour-packages\/luxurious-journey-into-the-world-of-craft-wines\/#primaryimage","url":"https:\/\/uuesaaluseveinitalu.ee\/wp-content\/uploads\/2024\/02\/pilt-6.jpg","contentUrl":"https:\/\/uuesaaluseveinitalu.ee\/wp-content\/uploads\/2024\/02\/pilt-6.jpg","width":2400,"height":1600},{"@type":"BreadcrumbList","@id":"https:\/\/uuesaaluseveinitalu.ee\/en\/tour-packages\/luxurious-journey-into-the-world-of-craft-wines\/#breadcrumb","itemListElement":[{"@type":"ListItem","position":1,"name":"Home","item":"https:\/\/uuesaaluseveinitalu.ee\/en\/"},{"@type":"ListItem","position":2,"name":"Tour Packages","item":"https:\/\/uuesaaluseveinitalu.ee\/en\/tour-packages\/"},{"@type":"ListItem","position":3,"name":"Luxurious journey into the world of craft wines"}]},{"@type":"WebSite","@id":"https:\/\/uuesaaluseveinitalu.ee\/en\/#website","url":"https:\/\/uuesaaluseveinitalu.ee\/en\/","name":"Uue-Saaluse Veinitalu","description":"K\u00e4sit\u00f6\u00f6veinid Haanjamaalt!","potentialAction":[{"@type":"SearchAction","target":{"@type":"EntryPoint","urlTemplate":"https:\/\/uuesaaluseveinitalu.ee\/en\/?s={search_term_string}"},"query-input":{"@type":"PropertyValueSpecification","valueRequired":true,"valueName":"search_term_string"}}],"inLanguage":"en-US"}]}},"_links":{"self":[{"href":"https:\/\/uuesaaluseveinitalu.ee\/en\/wp-json\/wp\/v2\/pages\/8138","targetHints":{"allow":["GET"]}}],"collection":[{"href":"https:\/\/uuesaaluseveinitalu.ee\/en\/wp-json\/wp\/v2\/pages"}],"about":[{"href":"https:\/\/uuesaaluseveinitalu.ee\/en\/wp-json\/wp\/v2\/types\/page"}],"author":[{"embeddable":true,"href":"https:\/\/uuesaaluseveinitalu.ee\/en\/wp-json\/wp\/v2\/users\/1"}],"replies":[{"embeddable":true,"href":"https:\/\/uuesaaluseveinitalu.ee\/en\/wp-json\/wp\/v2\/comments?post=8138"}],"version-history":[{"count":2,"href":"https:\/\/uuesaaluseveinitalu.ee\/en\/wp-json\/wp\/v2\/pages\/8138\/revisions"}],"predecessor-version":[{"id":8140,"href":"https:\/\/uuesaaluseveinitalu.ee\/en\/wp-json\/wp\/v2\/pages\/8138\/revisions\/8140"}],"up":[{"embeddable":true,"href":"https:\/\/uuesaaluseveinitalu.ee\/en\/wp-json\/wp\/v2\/pages\/8117"}],"wp:featuredmedia":[{"embeddable":true,"href":"https:\/\/uuesaaluseveinitalu.ee\/en\/wp-json\/wp\/v2\/media\/7686"}],"wp:attachment":[{"href":"https:\/\/uuesaaluseveinitalu.ee\/en\/wp-json\/wp\/v2\/media?parent=8138"}],"curies":[{"name":"wp","href":"https:\/\/api.w.org\/{rel}","templated":true}]}}