{"id":8111,"date":"2024-10-31T17:59:25","date_gmt":"2024-10-31T15:59:25","guid":{"rendered":"https:\/\/uuesaaluseveinitalu.ee\/book-your-visit\/"},"modified":"2025-08-30T11:48:30","modified_gmt":"2025-08-30T08:48:30","slug":"book-your-visit","status":"publish","type":"page","link":"https:\/\/uuesaaluseveinitalu.ee\/en\/book-your-visit\/","title":{"rendered":"Book your visit"},"content":{"rendered":"<div  class='flex_column av-21och4-b6e4da9ab50d9df559f4697e6688900e av_one_full  avia-builder-el-0  avia-builder-el-no-sibling  first flex_column_div  '     ><p>\n<style type=\"text\/css\" data-created_by=\"avia_inline_auto\" id=\"style-css-av-lx0km0lg-1ab378243f6790270c1c132927e51bfc\">\n#top .av-special-heading.av-lx0km0lg-1ab378243f6790270c1c132927e51bfc{\npadding-bottom:10px;\n}\nbody .av-special-heading.av-lx0km0lg-1ab378243f6790270c1c132927e51bfc .av-special-heading-tag .heading-char{\nfont-size:25px;\n}\n.av-special-heading.av-lx0km0lg-1ab378243f6790270c1c132927e51bfc .av-subheading{\nfont-size:15px;\n}\n<\/style>\n<div  class='av-special-heading av-lx0km0lg-1ab378243f6790270c1c132927e51bfc av-special-heading-h1  avia-builder-el-1  el_before_av_contact  avia-builder-el-first '><h1 class='av-special-heading-tag '  itemprop=\"headline\"  >Book your visit<\/h1><div class=\"special-heading-border\"><div class=\"special-heading-inner-border\"><\/div><\/div><\/div><br \/>\n<form action=\"https:\/\/uuesaaluseveinitalu.ee\/en\/book-your-visit\/\" method=\"post\" data-fields-with-error=\"Found errors in the following field(s):\" class=\"avia_ajax_form av-form-labels-visible   avia-builder-el-2  el_after_av_heading  avia-builder-el-last   \" data-avia-form-id=\"1\" data-avia-redirect='' ><h3 class=''>Book a visit<\/h3><fieldset><p class='  first_form  form_element form_element_half' id='element_avia_1_1'><label for=\"avia_1_1\">Name and surname <abbr class=\"required\" title=\"required\">*<\/abbr><\/label> <input name=\"avia_1_1\" class=\"text_input is_empty\" type=\"text\" id=\"avia_1_1\" value=\"\" \/><\/p><p class='  form_element form_element_half' id='element_avia_2_1'><label for=\"avia_2_1\">Phone <abbr class=\"required\" title=\"required\">*<\/abbr><\/label> <input name=\"avia_2_1\" class=\"text_input is_phone\" type=\"text\" id=\"avia_2_1\" value=\"\" \/><\/p><p class='  first_form  form_element form_element_half' id='element_avia_3_1'><label for=\"avia_3_1\">E-mail <abbr class=\"required\" title=\"required\">*<\/abbr><\/label> <input name=\"avia_3_1\" class=\"text_input is_email\" type=\"text\" id=\"avia_3_1\" value=\"\" \/><\/p><p class='  form_element form_element_half' id='element_avia_4_1'><label for=\"avia_4_1\">Size of the group <abbr class=\"required\" title=\"required\">*<\/abbr><\/label> <input name=\"avia_4_1\" class=\"text_input is_number\" type=\"text\" id=\"avia_4_1\" value=\"\" \/><\/p><p class='  first_form  form_element form_element_half' id='element_avia_5_1'><label for=\"avia_5_1\">Time of your booking <abbr class=\"required\" title=\"required\">*<\/abbr><\/label> <input name=\"avia_5_1\" class=\"avia_datepicker text_input is_empty\" type=\"text\" id=\"avia_5_1\" value=\"\" placeholder=\"DD \/ MM \/ YY\" inputmode=\"none\" \/><\/p><p class='  form_element form_element_half' id='element_avia_6_1'><label for=\"avia_6_1\">Time<\/label><select  name=\"avia_6_1\" class=\"select \" id=\"avia_6_1\"><option   value='11:00'>11:00<\/option><option   value='12:00'>12:00<\/option><option   value='13:00'>13:00<\/option><option   value='14:00'>14:00<\/option><option   value='15:00'>15:00<\/option><option   value='16:00'>16:00<\/option><option   value='17:00'>17:00<\/option><option   value='18:00'>18:00<\/option><option   value='19:00'>19:00<\/option><\/select><\/p><p class='  first_form  form_element form_element_half' id='element_avia_7_1'><label for=\"avia_7_1\">Package <abbr class=\"required\" title=\"required\">*<\/abbr><\/label><select  name=\"avia_7_1\" class=\"select is_empty\" id=\"avia_7_1\"><option   value='MINIPAKETT \u2014 \u201eVeinipaus Uue-Saalusel\u201c'>MINIPAKETT \u2014 \u201eVeinipaus Uue-Saalusel\u201c<\/option><option   value='STANDARDPAKETT \u2014 \u201eKuidas elad&#44; v\u00e4ike veinitalu?\u201c'>STANDARDPAKETT \u2014 \u201eKuidas elad&#44; v\u00e4ike veinitalu?\u201c<\/option><option   value='PREMIUM-PAKETT \u2014 \u201eLuksuslik r\u00e4nnak k\u00e4sit\u00f6\u00f6veinide maailma\u201c'>PREMIUM-PAKETT \u2014 \u201eLuksuslik r\u00e4nnak k\u00e4sit\u00f6\u00f6veinide maailma\u201c<\/option><option   value='Romantiline veinituur kahele'>Romantiline veinituur kahele<\/option><\/select><\/p><p class='  form_element form_element_half' id='element_avia_8_1'><label for=\"avia_8_1\">Do you need catering? <abbr class=\"required\" title=\"required\">*<\/abbr><\/label><select  name=\"avia_8_1\" class=\"select is_empty\" id=\"avia_8_1\"><option   value='Yes'>Yes<\/option><option   value='No'>No<\/option><\/select><\/p><p class='  first_form  form_element form_fullwidth' id='element_avia_9_1'><label for=\"avia_9_1\" class=\"textare_label hidden textare_label_avia_9_1\">Additional information<\/label><textarea  name=\"avia_9_1\" class=\"text_area \" cols=\"40\" rows=\"7\" id=\"avia_9_1\" ><\/textarea><\/p><p class=\"hidden\"><input type=\"text\" name=\"avia_10_1\" class=\"hidden \" id=\"avia_10_1\" value=\"\" \/><\/p><p class='   form_element form_fullwidth' id='element_avia_11_1'><span class='value_verifier_label'>2 + 2 = ?<\/span><input name=\"avia_11_1_verifier\" type=\"hidden\" id=\"avia_11_1_verifier\" value=\"678487647\"\/><label for=\"avia_11_1\">Please prove that you are human by solving the equation <abbr class=\"required\" title=\"required\">*<\/abbr><\/label><input name=\"avia_11_1\" class=\"text_input captcha\" type=\"text\" id=\"avia_11_1\" value=\"\"\/><\/p><p class=\"form_element \"><input type=\"hidden\" value=\"1\" name=\"avia_generated_form1\" \/><input type=\"submit\" value=\"Send\" class=\"button\"  data-sending-label=\"Sending\"\/><\/p><\/fieldset><\/form><div id=\"ajaxresponse_1\" class=\"ajaxresponse ajaxresponse_1 hidden\"><\/div><\/p><\/div>\n","protected":false},"excerpt":{"rendered":"","protected":false},"author":1,"featured_media":0,"parent":0,"menu_order":0,"comment_status":"closed","ping_status":"closed","template":"","meta":{"_acf_changed":false,"footnotes":""},"class_list":["post-8111","page","type-page","status-publish","hentry"],"acf":[],"yoast_head":"<!-- This site is optimized with the Yoast SEO plugin v24.3 - https:\/\/yoast.com\/wordpress\/plugins\/seo\/ -->\n<title>Book your visit - Uue-Saaluse Veinitalu<\/title>\n<meta name=\"robots\" content=\"index, follow, max-snippet:-1, max-image-preview:large, max-video-preview:-1\" \/>\n<link rel=\"canonical\" href=\"https:\/\/uuesaaluseveinitalu.ee\/en\/book-your-visit\/\" \/>\n<meta property=\"og:locale\" content=\"en_US\" \/>\n<meta property=\"og:type\" content=\"article\" \/>\n<meta property=\"og:title\" content=\"Book your visit - Uue-Saaluse Veinitalu\" \/>\n<meta property=\"og:url\" content=\"https:\/\/uuesaaluseveinitalu.ee\/en\/book-your-visit\/\" \/>\n<meta property=\"og:site_name\" content=\"Uue-Saaluse Veinitalu\" \/>\n<meta property=\"article:modified_time\" content=\"2025-08-30T08:48:30+00:00\" \/>\n<meta name=\"twitter:card\" content=\"summary_large_image\" \/>\n<meta name=\"twitter:label1\" content=\"Est. reading time\" \/>\n\t<meta name=\"twitter:data1\" content=\"4 minutes\" \/>\n<script type=\"application\/ld+json\" class=\"yoast-schema-graph\">{\"@context\":\"https:\/\/schema.org\",\"@graph\":[{\"@type\":\"WebPage\",\"@id\":\"https:\/\/uuesaaluseveinitalu.ee\/en\/book-your-visit\/\",\"url\":\"https:\/\/uuesaaluseveinitalu.ee\/en\/book-your-visit\/\",\"name\":\"Book your visit - Uue-Saaluse Veinitalu\",\"isPartOf\":{\"@id\":\"https:\/\/uuesaaluseveinitalu.ee\/en\/#website\"},\"datePublished\":\"2024-10-31T15:59:25+00:00\",\"dateModified\":\"2025-08-30T08:48:30+00:00\",\"breadcrumb\":{\"@id\":\"https:\/\/uuesaaluseveinitalu.ee\/en\/book-your-visit\/#breadcrumb\"},\"inLanguage\":\"en-US\",\"potentialAction\":[{\"@type\":\"ReadAction\",\"target\":[\"https:\/\/uuesaaluseveinitalu.ee\/en\/book-your-visit\/\"]}]},{\"@type\":\"BreadcrumbList\",\"@id\":\"https:\/\/uuesaaluseveinitalu.ee\/en\/book-your-visit\/#breadcrumb\",\"itemListElement\":[{\"@type\":\"ListItem\",\"position\":1,\"name\":\"Home\",\"item\":\"https:\/\/uuesaaluseveinitalu.ee\/en\/\"},{\"@type\":\"ListItem\",\"position\":2,\"name\":\"Book your visit\"}]},{\"@type\":\"WebSite\",\"@id\":\"https:\/\/uuesaaluseveinitalu.ee\/en\/#website\",\"url\":\"https:\/\/uuesaaluseveinitalu.ee\/en\/\",\"name\":\"Uue-Saaluse Veinitalu\",\"description\":\"K\u00e4sit\u00f6\u00f6veinid Haanjamaalt!\",\"potentialAction\":[{\"@type\":\"SearchAction\",\"target\":{\"@type\":\"EntryPoint\",\"urlTemplate\":\"https:\/\/uuesaaluseveinitalu.ee\/en\/?s={search_term_string}\"},\"query-input\":{\"@type\":\"PropertyValueSpecification\",\"valueRequired\":true,\"valueName\":\"search_term_string\"}}],\"inLanguage\":\"en-US\"}]}<\/script>\n<!-- \/ Yoast SEO plugin. -->","yoast_head_json":{"title":"Book your visit - Uue-Saaluse Veinitalu","robots":{"index":"index","follow":"follow","max-snippet":"max-snippet:-1","max-image-preview":"max-image-preview:large","max-video-preview":"max-video-preview:-1"},"canonical":"https:\/\/uuesaaluseveinitalu.ee\/en\/book-your-visit\/","og_locale":"en_US","og_type":"article","og_title":"Book your visit - Uue-Saaluse Veinitalu","og_url":"https:\/\/uuesaaluseveinitalu.ee\/en\/book-your-visit\/","og_site_name":"Uue-Saaluse Veinitalu","article_modified_time":"2025-08-30T08:48:30+00:00","twitter_card":"summary_large_image","twitter_misc":{"Est. reading time":"4 minutes"},"schema":{"@context":"https:\/\/schema.org","@graph":[{"@type":"WebPage","@id":"https:\/\/uuesaaluseveinitalu.ee\/en\/book-your-visit\/","url":"https:\/\/uuesaaluseveinitalu.ee\/en\/book-your-visit\/","name":"Book your visit - Uue-Saaluse Veinitalu","isPartOf":{"@id":"https:\/\/uuesaaluseveinitalu.ee\/en\/#website"},"datePublished":"2024-10-31T15:59:25+00:00","dateModified":"2025-08-30T08:48:30+00:00","breadcrumb":{"@id":"https:\/\/uuesaaluseveinitalu.ee\/en\/book-your-visit\/#breadcrumb"},"inLanguage":"en-US","potentialAction":[{"@type":"ReadAction","target":["https:\/\/uuesaaluseveinitalu.ee\/en\/book-your-visit\/"]}]},{"@type":"BreadcrumbList","@id":"https:\/\/uuesaaluseveinitalu.ee\/en\/book-your-visit\/#breadcrumb","itemListElement":[{"@type":"ListItem","position":1,"name":"Home","item":"https:\/\/uuesaaluseveinitalu.ee\/en\/"},{"@type":"ListItem","position":2,"name":"Book your visit"}]},{"@type":"WebSite","@id":"https:\/\/uuesaaluseveinitalu.ee\/en\/#website","url":"https:\/\/uuesaaluseveinitalu.ee\/en\/","name":"Uue-Saaluse Veinitalu","description":"K\u00e4sit\u00f6\u00f6veinid Haanjamaalt!","potentialAction":[{"@type":"SearchAction","target":{"@type":"EntryPoint","urlTemplate":"https:\/\/uuesaaluseveinitalu.ee\/en\/?s={search_term_string}"},"query-input":{"@type":"PropertyValueSpecification","valueRequired":true,"valueName":"search_term_string"}}],"inLanguage":"en-US"}]}},"_links":{"self":[{"href":"https:\/\/uuesaaluseveinitalu.ee\/en\/wp-json\/wp\/v2\/pages\/8111","targetHints":{"allow":["GET"]}}],"collection":[{"href":"https:\/\/uuesaaluseveinitalu.ee\/en\/wp-json\/wp\/v2\/pages"}],"about":[{"href":"https:\/\/uuesaaluseveinitalu.ee\/en\/wp-json\/wp\/v2\/types\/page"}],"author":[{"embeddable":true,"href":"https:\/\/uuesaaluseveinitalu.ee\/en\/wp-json\/wp\/v2\/users\/1"}],"replies":[{"embeddable":true,"href":"https:\/\/uuesaaluseveinitalu.ee\/en\/wp-json\/wp\/v2\/comments?post=8111"}],"version-history":[{"count":5,"href":"https:\/\/uuesaaluseveinitalu.ee\/en\/wp-json\/wp\/v2\/pages\/8111\/revisions"}],"predecessor-version":[{"id":8702,"href":"https:\/\/uuesaaluseveinitalu.ee\/en\/wp-json\/wp\/v2\/pages\/8111\/revisions\/8702"}],"wp:attachment":[{"href":"https:\/\/uuesaaluseveinitalu.ee\/en\/wp-json\/wp\/v2\/media?parent=8111"}],"curies":[{"name":"wp","href":"https:\/\/api.w.org\/{rel}","templated":true}]}}