{"id":7046,"date":"2023-04-25T22:06:24","date_gmt":"2023-04-25T19:06:24","guid":{"rendered":"https:\/\/uuesaaluseveinitalu.ee\/our-videos\/"},"modified":"2023-04-25T22:06:24","modified_gmt":"2023-04-25T19:06:24","slug":"our-videos","status":"publish","type":"page","link":"https:\/\/uuesaaluseveinitalu.ee\/en\/our-videos\/","title":{"rendered":"Our videos"},"content":{"rendered":"\n<style type=\"text\/css\" data-created_by=\"avia_inline_auto\" id=\"style-css-av-beqit-00bf0a92a93699fe4e55a1bf8001565f\">\n#top .av-special-heading.av-beqit-00bf0a92a93699fe4e55a1bf8001565f{\npadding-bottom:10px;\n}\nbody .av-special-heading.av-beqit-00bf0a92a93699fe4e55a1bf8001565f .av-special-heading-tag .heading-char{\nfont-size:25px;\n}\n.av-special-heading.av-beqit-00bf0a92a93699fe4e55a1bf8001565f .av-subheading{\nfont-size:15px;\n}\n<\/style>\n<div  class='av-special-heading av-beqit-00bf0a92a93699fe4e55a1bf8001565f av-special-heading-h1  avia-builder-el-0  el_before_av_hr  avia-builder-el-first  av-linked-heading'><h1 class='av-special-heading-tag '  itemprop=\"headline\"  >Our videos<\/h1><div class=\"special-heading-border\"><div class=\"special-heading-inner-border\"><\/div><\/div><\/div>\n\n<style type=\"text\/css\" data-created_by=\"avia_inline_auto\" id=\"style-css-av-jziaijob-b47487d715115068db65065754f70045\">\n#top .hr.hr-invisible.av-jziaijob-b47487d715115068db65065754f70045{\nheight:25px;\n}\n<\/style>\n<div  class='hr av-jziaijob-b47487d715115068db65065754f70045 hr-invisible  avia-builder-el-1  el_after_av_heading  el_before_av_one_half '><span class='hr-inner '><span class=\"hr-inner-style\"><\/span><\/span><\/div>\n\n<style type=\"text\/css\" data-created_by=\"avia_inline_auto\" id=\"style-css-av-7j65r9-331b8d8d6de3b7896e21f0a2d2ede589\">\n.flex_column.av-7j65r9-331b8d8d6de3b7896e21f0a2d2ede589{\nborder-radius:0px 0px 0px 0px;\npadding:0px 0px 0px 0px;\n}\n<\/style>\n<div  class='flex_column av-7j65r9-331b8d8d6de3b7896e21f0a2d2ede589 av_one_half  avia-builder-el-2  el_after_av_hr  el_before_av_one_half  first flex_column_div av-zero-column-padding  '     ><p>\n<style type=\"text\/css\" data-created_by=\"avia_inline_auto\" id=\"style-css-av-knakoe7u-9ce1d3f3626bf4438397888466c6d7c5\">\n#top .av-special-heading.av-knakoe7u-9ce1d3f3626bf4438397888466c6d7c5{\npadding-bottom:10px;\n}\nbody .av-special-heading.av-knakoe7u-9ce1d3f3626bf4438397888466c6d7c5 .av-special-heading-tag .heading-char{\nfont-size:25px;\n}\n.av-special-heading.av-knakoe7u-9ce1d3f3626bf4438397888466c6d7c5 .av-subheading{\nfont-size:15px;\n}\n<\/style>\n<div  class='av-special-heading av-knakoe7u-9ce1d3f3626bf4438397888466c6d7c5 av-special-heading-h3  avia-builder-el-3  el_before_av_video  avia-builder-el-first  av-linked-heading'><h3 class='av-special-heading-tag '  itemprop=\"headline\"  >See how we bottled blackcurrant-raspberry wine!<\/h3><div class=\"special-heading-border\"><div class=\"special-heading-inner-border\"><\/div><\/div><\/div><br \/>\n<div  class='avia-video av-jziaavjf-2b668d16543399d29c3d5ed9f9334b41 avia-video-16-9 av-no-preview-image avia-video-load-always av-lazyload-immediate av-lazyload-video-embed'  itemprop=\"video\" itemtype=\"https:\/\/schema.org\/VideoObject\"  data-original_url='https:\/\/www.youtube.com\/watch?v=aQ32Jj5waso'><script type='text\/html' class='av-video-tmpl'><div class='avia-iframe-wrap'><iframe loading=\"lazy\" title=\"Vaata, kuidas me musts\u00f5stra-vaarikaveini villisime!\" width=\"1500\" height=\"844\" src=\"https:\/\/www.youtube.com\/embed\/aQ32Jj5waso?feature=oembed&autoplay=0&loop=0&controls=1&mute=0\" frameborder=\"0\" allow=\"accelerometer; autoplay; clipboard-write; encrypted-media; gyroscope; picture-in-picture; web-share\" allowfullscreen><\/iframe><\/div><\/script><div class='av-click-to-play-overlay'><div class=\"avia_playpause_icon\"><\/div><\/div><\/div><\/p><\/div>\n<style type=\"text\/css\" data-created_by=\"avia_inline_auto\" id=\"style-css-av-7j65r9-92ea2f3dd188f818f0bf32d17e2bc2be\">\n.flex_column.av-7j65r9-92ea2f3dd188f818f0bf32d17e2bc2be{\nborder-radius:0px 0px 0px 0px;\npadding:0px 0px 0px 0px;\n}\n<\/style>\n<div  class='flex_column av-7j65r9-92ea2f3dd188f818f0bf32d17e2bc2be av_one_half  avia-builder-el-5  el_after_av_one_half  el_before_av_one_half  flex_column_div av-zero-column-padding  '     ><p>\n<style type=\"text\/css\" data-created_by=\"avia_inline_auto\" id=\"style-css-av-2fzq2d-c42a80eabf9ce8320792882946e3b3d3\">\n#top .av-special-heading.av-2fzq2d-c42a80eabf9ce8320792882946e3b3d3{\npadding-bottom:10px;\n}\nbody .av-special-heading.av-2fzq2d-c42a80eabf9ce8320792882946e3b3d3 .av-special-heading-tag .heading-char{\nfont-size:25px;\n}\n.av-special-heading.av-2fzq2d-c42a80eabf9ce8320792882946e3b3d3 .av-subheading{\nfont-size:15px;\n}\n<\/style>\n<div  class='av-special-heading av-2fzq2d-c42a80eabf9ce8320792882946e3b3d3 av-special-heading-h3  avia-builder-el-6  el_before_av_video  avia-builder-el-first  av-linked-heading'><h3 class='av-special-heading-tag '  itemprop=\"headline\"  >Uue-Saaluse Winery<\/h3><div class=\"special-heading-border\"><div class=\"special-heading-inner-border\"><\/div><\/div><\/div><br \/>\n<div  class='avia-video av-jziaavjf-d912509bdeb3f011cbcceb966bdf2c8d avia-video-16-9 av-no-preview-image avia-video-load-always av-lazyload-immediate av-lazyload-video-embed'  itemprop=\"video\" itemtype=\"https:\/\/schema.org\/VideoObject\"  data-original_url='https:\/\/www.youtube.com\/watch?v=wHa5WAtCGSU'><script type='text\/html' class='av-video-tmpl'><div class='avia-iframe-wrap'><iframe loading=\"lazy\" title=\"Uue-Saaluse Veinitalu\" width=\"1500\" height=\"844\" src=\"https:\/\/www.youtube.com\/embed\/wHa5WAtCGSU?feature=oembed&autoplay=0&loop=0&controls=1&mute=0\" frameborder=\"0\" allow=\"accelerometer; autoplay; clipboard-write; encrypted-media; gyroscope; picture-in-picture; web-share\" allowfullscreen><\/iframe><\/div><\/script><div class='av-click-to-play-overlay'><div class=\"avia_playpause_icon\"><\/div><\/div><\/div><\/p><\/div><\/p>\n\n<style type=\"text\/css\" data-created_by=\"avia_inline_auto\" id=\"style-css-av-7j65r9-331b8d8d6de3b7896e21f0a2d2ede589\">\n.flex_column.av-7j65r9-331b8d8d6de3b7896e21f0a2d2ede589{\nborder-radius:0px 0px 0px 0px;\npadding:0px 0px 0px 0px;\n}\n<\/style>\n<div  class='flex_column av-7j65r9-331b8d8d6de3b7896e21f0a2d2ede589 av_one_half  avia-builder-el-8  el_after_av_one_half  el_before_av_one_half  first flex_column_div av-zero-column-padding  column-top-margin'     ><p>\n<style type=\"text\/css\" data-created_by=\"avia_inline_auto\" id=\"style-css-av-kmc8l4q6-e4a8a9f305eb1091a13cf2b020359cf3\">\n#top .av-special-heading.av-kmc8l4q6-e4a8a9f305eb1091a13cf2b020359cf3{\npadding-bottom:10px;\n}\nbody .av-special-heading.av-kmc8l4q6-e4a8a9f305eb1091a13cf2b020359cf3 .av-special-heading-tag .heading-char{\nfont-size:25px;\n}\n.av-special-heading.av-kmc8l4q6-e4a8a9f305eb1091a13cf2b020359cf3 .av-subheading{\nfont-size:15px;\n}\n<\/style>\n<div  class='av-special-heading av-kmc8l4q6-e4a8a9f305eb1091a13cf2b020359cf3 av-special-heading-h3  avia-builder-el-9  el_before_av_video  avia-builder-el-first  av-linked-heading'><h3 class='av-special-heading-tag '  itemprop=\"headline\"  >Autumn in Uue-Saaluse 2020.<\/h3><div class=\"special-heading-border\"><div class=\"special-heading-inner-border\"><\/div><\/div><\/div><br \/>\n<div  class='avia-video av-jziaavjf-66fd6aac33d7546a46c908296a57c4c8 avia-video-16-9 av-no-preview-image avia-video-load-always av-lazyload-immediate av-lazyload-video-embed'  itemprop=\"video\" itemtype=\"https:\/\/schema.org\/VideoObject\"  data-original_url='https:\/\/www.youtube.com\/watch?v=1JRqqb4A3MA'><script type='text\/html' class='av-video-tmpl'><div class='avia-iframe-wrap'><iframe loading=\"lazy\" title=\"Uue-Saaluse S\u00fcgis 2020\" width=\"1500\" height=\"844\" src=\"https:\/\/www.youtube.com\/embed\/1JRqqb4A3MA?feature=oembed&autoplay=0&loop=0&controls=1&mute=0\" frameborder=\"0\" allow=\"accelerometer; autoplay; clipboard-write; encrypted-media; gyroscope; picture-in-picture; web-share\" allowfullscreen><\/iframe><\/div><\/script><div class='av-click-to-play-overlay'><div class=\"avia_playpause_icon\"><\/div><\/div><\/div><\/p><\/div>\n\n<style type=\"text\/css\" data-created_by=\"avia_inline_auto\" id=\"style-css-av-7j65r9-92ea2f3dd188f818f0bf32d17e2bc2be\">\n.flex_column.av-7j65r9-92ea2f3dd188f818f0bf32d17e2bc2be{\nborder-radius:0px 0px 0px 0px;\npadding:0px 0px 0px 0px;\n}\n<\/style>\n<div  class='flex_column av-7j65r9-92ea2f3dd188f818f0bf32d17e2bc2be av_one_half  avia-builder-el-11  el_after_av_one_half  el_before_av_one_half  flex_column_div av-zero-column-padding  column-top-margin'     ><p>\n<style type=\"text\/css\" data-created_by=\"avia_inline_auto\" id=\"style-css-av-jziaccgd-89960c5e55a3eabcd62cc4788278d7f0\">\n#top .av-special-heading.av-jziaccgd-89960c5e55a3eabcd62cc4788278d7f0{\npadding-bottom:10px;\n}\nbody .av-special-heading.av-jziaccgd-89960c5e55a3eabcd62cc4788278d7f0 .av-special-heading-tag .heading-char{\nfont-size:25px;\n}\n.av-special-heading.av-jziaccgd-89960c5e55a3eabcd62cc4788278d7f0 .av-subheading{\nfont-size:15px;\n}\n<\/style>\n<div  class='av-special-heading av-jziaccgd-89960c5e55a3eabcd62cc4788278d7f0 av-special-heading-h3  avia-builder-el-12  el_before_av_video  avia-builder-el-first '><h3 class='av-special-heading-tag '  itemprop=\"headline\"  >Uue-Saaluse Winery<\/h3><div class=\"special-heading-border\"><div class=\"special-heading-inner-border\"><\/div><\/div><\/div><br \/>\n<div  class='avia-video av-jziaavjf-60f7910cfa2b21d044100aba860c1a90 avia-video-16-9 av-no-preview-image avia-video-load-always av-lazyload-immediate av-lazyload-video-embed'  itemprop=\"video\" itemtype=\"https:\/\/schema.org\/VideoObject\"  data-original_url='https:\/\/www.youtube.com\/watch?v=wH1HERp86zA'><script type='text\/html' class='av-video-tmpl'><div class='avia-iframe-wrap'><iframe loading=\"lazy\" title=\"Uue-Saaluse Veinitalu\" width=\"1500\" height=\"844\" src=\"https:\/\/www.youtube.com\/embed\/wH1HERp86zA?feature=oembed&autoplay=0&loop=0&controls=1&mute=0\" frameborder=\"0\" allow=\"accelerometer; autoplay; clipboard-write; encrypted-media; gyroscope; picture-in-picture; web-share\" allowfullscreen><\/iframe><\/div><\/script><div class='av-click-to-play-overlay'><div class=\"avia_playpause_icon\"><\/div><\/div><\/div><\/p><\/div>\n\n<style type=\"text\/css\" data-created_by=\"avia_inline_auto\" id=\"style-css-av-5yjmet-02f82db959b9e6f1f13054108601849c\">\n.flex_column.av-5yjmet-02f82db959b9e6f1f13054108601849c{\nborder-radius:0px 0px 0px 0px;\npadding:0px 0px 0px 0px;\n}\n<\/style>\n<div  class='flex_column av-5yjmet-02f82db959b9e6f1f13054108601849c av_one_half  avia-builder-el-14  el_after_av_one_half  el_before_av_one_half  first flex_column_div av-zero-column-padding  column-top-margin'     ><p>\n<style type=\"text\/css\" data-created_by=\"avia_inline_auto\" id=\"style-css-av-jziaccgd-8bd31499efa6916fdcb820e5755e6276\">\n#top .av-special-heading.av-jziaccgd-8bd31499efa6916fdcb820e5755e6276{\npadding-bottom:10px;\n}\nbody .av-special-heading.av-jziaccgd-8bd31499efa6916fdcb820e5755e6276 .av-special-heading-tag .heading-char{\nfont-size:25px;\n}\n.av-special-heading.av-jziaccgd-8bd31499efa6916fdcb820e5755e6276 .av-subheading{\nfont-size:15px;\n}\n<\/style>\n<div  class='av-special-heading av-jziaccgd-8bd31499efa6916fdcb820e5755e6276 av-special-heading-h3  avia-builder-el-15  el_before_av_video  avia-builder-el-first '><h3 class='av-special-heading-tag '  itemprop=\"headline\"  >Bottling blackcurrant mulled wine<\/h3><div class=\"special-heading-border\"><div class=\"special-heading-inner-border\"><\/div><\/div><\/div><br \/>\n<div  class='avia-video av-jziab33w-cdcd8fd8f4359e704ddf77b41ee3a3ee avia-video-16-9 av-no-preview-image avia-video-load-always av-lazyload-immediate av-lazyload-video-embed'  itemprop=\"video\" itemtype=\"https:\/\/schema.org\/VideoObject\"  data-original_url='https:\/\/www.youtube.com\/watch?v=3xR2oFBD_4Y'><script type='text\/html' class='av-video-tmpl'><div class='avia-iframe-wrap'><iframe loading=\"lazy\" title=\"Musts\u00f5stra h\u00f5\u00f5gveini villimine\" width=\"1500\" height=\"844\" src=\"https:\/\/www.youtube.com\/embed\/3xR2oFBD_4Y?feature=oembed&autoplay=0&loop=0&controls=1&mute=0\" frameborder=\"0\" allow=\"accelerometer; autoplay; clipboard-write; encrypted-media; gyroscope; picture-in-picture; web-share\" allowfullscreen><\/iframe><\/div><\/script><div class='av-click-to-play-overlay'><div class=\"avia_playpause_icon\"><\/div><\/div><\/div><\/p><\/div>\n\n<style type=\"text\/css\" data-created_by=\"avia_inline_auto\" id=\"style-css-av-42lmut-fc2a2501ae7b80c7b94e79649c7fee67\">\n.flex_column.av-42lmut-fc2a2501ae7b80c7b94e79649c7fee67{\nborder-radius:0px 0px 0px 0px;\npadding:0px 0px 0px 0px;\n}\n<\/style>\n<div  class='flex_column av-42lmut-fc2a2501ae7b80c7b94e79649c7fee67 av_one_half  avia-builder-el-17  el_after_av_one_half  el_before_av_one_half  flex_column_div av-zero-column-padding  column-top-margin'     ><p>\n<style type=\"text\/css\" data-created_by=\"avia_inline_auto\" id=\"style-css-av-jziaccgd-6e5334b3bb39c3defadd26fc875cdd8b\">\n#top .av-special-heading.av-jziaccgd-6e5334b3bb39c3defadd26fc875cdd8b{\npadding-bottom:10px;\n}\nbody .av-special-heading.av-jziaccgd-6e5334b3bb39c3defadd26fc875cdd8b .av-special-heading-tag .heading-char{\nfont-size:25px;\n}\n.av-special-heading.av-jziaccgd-6e5334b3bb39c3defadd26fc875cdd8b .av-subheading{\nfont-size:15px;\n}\n<\/style>\n<div  class='av-special-heading av-jziaccgd-6e5334b3bb39c3defadd26fc875cdd8b av-special-heading-h3  avia-builder-el-18  el_before_av_video  avia-builder-el-first '><h3 class='av-special-heading-tag '  itemprop=\"headline\"  >Open farms day on July 22, 2018<\/h3><div class=\"special-heading-border\"><div class=\"special-heading-inner-border\"><\/div><\/div><\/div><br \/>\n<div  class='avia-video av-jziabaj2-bf2cc8163edd45ce2ba14df8ad812b0c avia-video-16-9 av-no-preview-image avia-video-load-always av-lazyload-immediate av-lazyload-video-embed'  itemprop=\"video\" itemtype=\"https:\/\/schema.org\/VideoObject\"  data-original_url='https:\/\/www.youtube.com\/watch?v=EKDFjwbxZVU'><script type='text\/html' class='av-video-tmpl'><div class='avia-iframe-wrap'><iframe loading=\"lazy\" title=\"Uue-Saaluse Veinitalu - 22 juulil avatud talude p\u00e4ev\" width=\"1500\" height=\"844\" src=\"https:\/\/www.youtube.com\/embed\/EKDFjwbxZVU?feature=oembed&autoplay=0&loop=0&controls=1&mute=0\" frameborder=\"0\" allow=\"accelerometer; autoplay; clipboard-write; encrypted-media; gyroscope; picture-in-picture; web-share\" allowfullscreen><\/iframe><\/div><\/script><div class='av-click-to-play-overlay'><div class=\"avia_playpause_icon\"><\/div><\/div><\/div><\/p><\/div>\n\n<style type=\"text\/css\" data-created_by=\"avia_inline_auto\" id=\"style-css-av-1y9ndx-a2f3e85ddf9e26c1cb6a2436b232fe1e\">\n.flex_column.av-1y9ndx-a2f3e85ddf9e26c1cb6a2436b232fe1e{\nborder-radius:0px 0px 0px 0px;\npadding:0px 0px 0px 0px;\n}\n<\/style>\n<div  class='flex_column av-1y9ndx-a2f3e85ddf9e26c1cb6a2436b232fe1e av_one_half  avia-builder-el-20  el_after_av_one_half  el_before_av_one_half  first flex_column_div av-zero-column-padding  column-top-margin'     ><p>\n<style type=\"text\/css\" data-created_by=\"avia_inline_auto\" id=\"style-css-av-jziaccgd-cf2648ebbe2bca64e36ccf596899b1a4\">\n#top .av-special-heading.av-jziaccgd-cf2648ebbe2bca64e36ccf596899b1a4{\npadding-bottom:10px;\n}\nbody .av-special-heading.av-jziaccgd-cf2648ebbe2bca64e36ccf596899b1a4 .av-special-heading-tag .heading-char{\nfont-size:25px;\n}\n.av-special-heading.av-jziaccgd-cf2648ebbe2bca64e36ccf596899b1a4 .av-subheading{\nfont-size:15px;\n}\n<\/style>\n<div  class='av-special-heading av-jziaccgd-cf2648ebbe2bca64e36ccf596899b1a4 av-special-heading-h3  avia-builder-el-21  el_before_av_video  avia-builder-el-first '><h3 class='av-special-heading-tag '  itemprop=\"headline\"  >May 1, 2018 Uue-Saaluse wine farm<\/h3><div class=\"special-heading-border\"><div class=\"special-heading-inner-border\"><\/div><\/div><\/div><br \/>\n<div  class='avia-video av-jziabka7-dd7af1f03d0588539d51afd379df03f1 avia-video-16-9 av-no-preview-image avia-video-load-always av-lazyload-immediate av-lazyload-video-embed'  itemprop=\"video\" itemtype=\"https:\/\/schema.org\/VideoObject\"  data-original_url='https:\/\/www.youtube.com\/watch?v=3OPEpymFH00'><script type='text\/html' class='av-video-tmpl'><div class='avia-iframe-wrap'><iframe loading=\"lazy\" title=\"1. mai Uue-Saaluse veinitalus\" width=\"1500\" height=\"844\" src=\"https:\/\/www.youtube.com\/embed\/3OPEpymFH00?feature=oembed&autoplay=0&loop=0&controls=1&mute=0\" frameborder=\"0\" allow=\"accelerometer; autoplay; clipboard-write; encrypted-media; gyroscope; picture-in-picture; web-share\" allowfullscreen><\/iframe><\/div><\/script><div class='av-click-to-play-overlay'><div class=\"avia_playpause_icon\"><\/div><\/div><\/div><\/p><\/div>\n\n<style type=\"text\/css\" data-created_by=\"avia_inline_auto\" id=\"style-css-av-1y9ndx-f7b20dd6942fefd506b95c5cb2952919\">\n.flex_column.av-1y9ndx-f7b20dd6942fefd506b95c5cb2952919{\nborder-radius:0px 0px 0px 0px;\npadding:0px 0px 0px 0px;\n}\n<\/style>\n<div  class='flex_column av-1y9ndx-f7b20dd6942fefd506b95c5cb2952919 av_one_half  avia-builder-el-23  el_after_av_one_half  avia-builder-el-last  flex_column_div av-zero-column-padding  column-top-margin'     ><p>\n<style type=\"text\/css\" data-created_by=\"avia_inline_auto\" id=\"style-css-av-jziajm1d-ef488db93585a81cc8cb94015618b41f\">\n#top .av-special-heading.av-jziajm1d-ef488db93585a81cc8cb94015618b41f{\npadding-bottom:10px;\n}\nbody .av-special-heading.av-jziajm1d-ef488db93585a81cc8cb94015618b41f .av-special-heading-tag .heading-char{\nfont-size:25px;\n}\n.av-special-heading.av-jziajm1d-ef488db93585a81cc8cb94015618b41f .av-subheading{\nfont-size:15px;\n}\n<\/style>\n<div  class='av-special-heading av-jziajm1d-ef488db93585a81cc8cb94015618b41f av-special-heading-h3  avia-builder-el-24  el_before_av_video  avia-builder-el-first '><h3 class='av-special-heading-tag '  itemprop=\"headline\"  >Uue-Saaluse Winery with a drone<\/h3><div class=\"special-heading-border\"><div class=\"special-heading-inner-border\"><\/div><\/div><\/div><br \/>\n<div  class='avia-video av-jziabka7-09e61ec3608eea259fd7df203704822a avia-video-16-9 av-no-preview-image avia-video-load-always av-lazyload-immediate av-lazyload-video-embed'  itemprop=\"video\" itemtype=\"https:\/\/schema.org\/VideoObject\"  data-original_url='https:\/\/www.youtube.com\/watch?v=AYIFWKIVDWE'><script type='text\/html' class='av-video-tmpl'><div class='avia-iframe-wrap'><iframe loading=\"lazy\" title=\"Uue-Saaluse Veinitalu\" width=\"1500\" height=\"844\" src=\"https:\/\/www.youtube.com\/embed\/AYIFWKIVDWE?feature=oembed&autoplay=0&loop=0&controls=1&mute=0\" frameborder=\"0\" allow=\"accelerometer; autoplay; clipboard-write; encrypted-media; gyroscope; picture-in-picture; web-share\" allowfullscreen><\/iframe><\/div><\/script><div class='av-click-to-play-overlay'><div class=\"avia_playpause_icon\"><\/div><\/div><\/div><\/p><\/div>\n","protected":false},"excerpt":{"rendered":"","protected":false},"author":1,"featured_media":0,"parent":0,"menu_order":0,"comment_status":"closed","ping_status":"closed","template":"","meta":{"_acf_changed":false,"footnotes":""},"class_list":["post-7046","page","type-page","status-publish","hentry"],"acf":[],"yoast_head":"<!-- This site is optimized with the Yoast SEO plugin v24.3 - https:\/\/yoast.com\/wordpress\/plugins\/seo\/ -->\n<title>Our videos - Uue-Saaluse Veinitalu<\/title>\n<meta name=\"robots\" content=\"index, follow, max-snippet:-1, max-image-preview:large, max-video-preview:-1\" \/>\n<link rel=\"canonical\" href=\"https:\/\/uuesaaluseveinitalu.ee\/en\/our-videos\/\" \/>\n<meta property=\"og:locale\" content=\"en_US\" \/>\n<meta property=\"og:type\" content=\"article\" \/>\n<meta property=\"og:title\" content=\"Our videos - Uue-Saaluse Veinitalu\" \/>\n<meta property=\"og:url\" content=\"https:\/\/uuesaaluseveinitalu.ee\/en\/our-videos\/\" \/>\n<meta property=\"og:site_name\" content=\"Uue-Saaluse Veinitalu\" \/>\n<meta name=\"twitter:card\" content=\"summary_large_image\" \/>\n<meta name=\"twitter:label1\" content=\"Est. reading time\" \/>\n\t<meta name=\"twitter:data1\" content=\"8 minutes\" \/>\n<script type=\"application\/ld+json\" class=\"yoast-schema-graph\">{\"@context\":\"https:\/\/schema.org\",\"@graph\":[{\"@type\":\"WebPage\",\"@id\":\"https:\/\/uuesaaluseveinitalu.ee\/en\/our-videos\/\",\"url\":\"https:\/\/uuesaaluseveinitalu.ee\/en\/our-videos\/\",\"name\":\"Our videos - Uue-Saaluse Veinitalu\",\"isPartOf\":{\"@id\":\"https:\/\/uuesaaluseveinitalu.ee\/en\/#website\"},\"datePublished\":\"2023-04-25T19:06:24+00:00\",\"dateModified\":\"2023-04-25T19:06:24+00:00\",\"breadcrumb\":{\"@id\":\"https:\/\/uuesaaluseveinitalu.ee\/en\/our-videos\/#breadcrumb\"},\"inLanguage\":\"en-US\",\"potentialAction\":[{\"@type\":\"ReadAction\",\"target\":[\"https:\/\/uuesaaluseveinitalu.ee\/en\/our-videos\/\"]}]},{\"@type\":\"BreadcrumbList\",\"@id\":\"https:\/\/uuesaaluseveinitalu.ee\/en\/our-videos\/#breadcrumb\",\"itemListElement\":[{\"@type\":\"ListItem\",\"position\":1,\"name\":\"Home\",\"item\":\"https:\/\/uuesaaluseveinitalu.ee\/en\/\"},{\"@type\":\"ListItem\",\"position\":2,\"name\":\"Our videos\"}]},{\"@type\":\"WebSite\",\"@id\":\"https:\/\/uuesaaluseveinitalu.ee\/en\/#website\",\"url\":\"https:\/\/uuesaaluseveinitalu.ee\/en\/\",\"name\":\"Uue-Saaluse Veinitalu\",\"description\":\"K\u00e4sit\u00f6\u00f6veinid Haanjamaalt!\",\"potentialAction\":[{\"@type\":\"SearchAction\",\"target\":{\"@type\":\"EntryPoint\",\"urlTemplate\":\"https:\/\/uuesaaluseveinitalu.ee\/en\/?s={search_term_string}\"},\"query-input\":{\"@type\":\"PropertyValueSpecification\",\"valueRequired\":true,\"valueName\":\"search_term_string\"}}],\"inLanguage\":\"en-US\"}]}<\/script>\n<!-- \/ Yoast SEO plugin. -->","yoast_head_json":{"title":"Our videos - Uue-Saaluse Veinitalu","robots":{"index":"index","follow":"follow","max-snippet":"max-snippet:-1","max-image-preview":"max-image-preview:large","max-video-preview":"max-video-preview:-1"},"canonical":"https:\/\/uuesaaluseveinitalu.ee\/en\/our-videos\/","og_locale":"en_US","og_type":"article","og_title":"Our videos - Uue-Saaluse Veinitalu","og_url":"https:\/\/uuesaaluseveinitalu.ee\/en\/our-videos\/","og_site_name":"Uue-Saaluse Veinitalu","twitter_card":"summary_large_image","twitter_misc":{"Est. reading time":"8 minutes"},"schema":{"@context":"https:\/\/schema.org","@graph":[{"@type":"WebPage","@id":"https:\/\/uuesaaluseveinitalu.ee\/en\/our-videos\/","url":"https:\/\/uuesaaluseveinitalu.ee\/en\/our-videos\/","name":"Our videos - Uue-Saaluse Veinitalu","isPartOf":{"@id":"https:\/\/uuesaaluseveinitalu.ee\/en\/#website"},"datePublished":"2023-04-25T19:06:24+00:00","dateModified":"2023-04-25T19:06:24+00:00","breadcrumb":{"@id":"https:\/\/uuesaaluseveinitalu.ee\/en\/our-videos\/#breadcrumb"},"inLanguage":"en-US","potentialAction":[{"@type":"ReadAction","target":["https:\/\/uuesaaluseveinitalu.ee\/en\/our-videos\/"]}]},{"@type":"BreadcrumbList","@id":"https:\/\/uuesaaluseveinitalu.ee\/en\/our-videos\/#breadcrumb","itemListElement":[{"@type":"ListItem","position":1,"name":"Home","item":"https:\/\/uuesaaluseveinitalu.ee\/en\/"},{"@type":"ListItem","position":2,"name":"Our videos"}]},{"@type":"WebSite","@id":"https:\/\/uuesaaluseveinitalu.ee\/en\/#website","url":"https:\/\/uuesaaluseveinitalu.ee\/en\/","name":"Uue-Saaluse Veinitalu","description":"K\u00e4sit\u00f6\u00f6veinid Haanjamaalt!","potentialAction":[{"@type":"SearchAction","target":{"@type":"EntryPoint","urlTemplate":"https:\/\/uuesaaluseveinitalu.ee\/en\/?s={search_term_string}"},"query-input":{"@type":"PropertyValueSpecification","valueRequired":true,"valueName":"search_term_string"}}],"inLanguage":"en-US"}]}},"_links":{"self":[{"href":"https:\/\/uuesaaluseveinitalu.ee\/en\/wp-json\/wp\/v2\/pages\/7046","targetHints":{"allow":["GET"]}}],"collection":[{"href":"https:\/\/uuesaaluseveinitalu.ee\/en\/wp-json\/wp\/v2\/pages"}],"about":[{"href":"https:\/\/uuesaaluseveinitalu.ee\/en\/wp-json\/wp\/v2\/types\/page"}],"author":[{"embeddable":true,"href":"https:\/\/uuesaaluseveinitalu.ee\/en\/wp-json\/wp\/v2\/users\/1"}],"replies":[{"embeddable":true,"href":"https:\/\/uuesaaluseveinitalu.ee\/en\/wp-json\/wp\/v2\/comments?post=7046"}],"version-history":[{"count":2,"href":"https:\/\/uuesaaluseveinitalu.ee\/en\/wp-json\/wp\/v2\/pages\/7046\/revisions"}],"predecessor-version":[{"id":7048,"href":"https:\/\/uuesaaluseveinitalu.ee\/en\/wp-json\/wp\/v2\/pages\/7046\/revisions\/7048"}],"wp:attachment":[{"href":"https:\/\/uuesaaluseveinitalu.ee\/en\/wp-json\/wp\/v2\/media?parent=7046"}],"curies":[{"name":"wp","href":"https:\/\/api.w.org\/{rel}","templated":true}]}}