{"id":6997,"date":"2023-04-06T09:43:21","date_gmt":"2023-04-06T06:43:21","guid":{"rendered":"https:\/\/uuesaaluseveinitalu.ee\/guided-hiking-in-haanja-nature-park\/"},"modified":"2023-04-25T21:48:40","modified_gmt":"2023-04-25T18:48:40","slug":"guided-hiking-in-haanja-nature-park","status":"publish","type":"page","link":"https:\/\/uuesaaluseveinitalu.ee\/en\/guided-hiking-in-haanja-nature-park\/","title":{"rendered":"Guided hiking in Haanja Nature Park"},"content":{"rendered":"\n<style type=\"text\/css\" data-created_by=\"avia_inline_auto\" id=\"style-css-av-bs5rju-1951f57995d17df93f9fa380f8880303\">\n#top .av-special-heading.av-bs5rju-1951f57995d17df93f9fa380f8880303{\npadding-bottom:10px;\n}\nbody .av-special-heading.av-bs5rju-1951f57995d17df93f9fa380f8880303 .av-special-heading-tag .heading-char{\nfont-size:25px;\n}\n.av-special-heading.av-bs5rju-1951f57995d17df93f9fa380f8880303 .av-subheading{\nfont-size:15px;\n}\n<\/style>\n<div  class='av-special-heading av-bs5rju-1951f57995d17df93f9fa380f8880303 av-special-heading-h1  avia-builder-el-0  el_before_av_textblock  avia-builder-el-first  av-linked-heading'><h1 class='av-special-heading-tag '  itemprop=\"headline\"  >Guided hiking in Haanja Nature Park<\/h1><div class=\"special-heading-border\"><div class=\"special-heading-inner-border\"><\/div><\/div><\/div>\n<section  class='av_textblock_section av-l193y3mx-bd8a6d5b86078495dcb506596640016f '   itemscope=\"itemscope\" itemtype=\"https:\/\/schema.org\/CreativeWork\" ><div class='avia_textblock'  itemprop=\"text\" ><p>If you also want to enjoy local nature, then we have some ideas for you. Landlady Maris has been involved in the creation of hiking trails in V\u00f5rumaa and the preparation of information materials for many years, as well as leading nature study trips. Under the guidance of Maris, you can learn more about both nature and cultural heritage on the hike.<\/p>\n<\/div><\/section>\n<div  class='flex_column av-adbzmy-e80d6a6ee9b0b4d74dd9ae437583be1b av_one_half  avia-builder-el-2  el_after_av_textblock  el_before_av_one_half  first flex_column_div  column-top-margin'     ><p><section  class='av_textblock_section av-l1944er2-f27ea6db13b2d6c6290173ea99165434 '   itemscope=\"itemscope\" itemtype=\"https:\/\/schema.org\/CreativeWork\" ><div class='avia_textblock'  itemprop=\"text\" ><p>Near our farm is the <strong>Uue-Saaluse manor park<\/strong>, with the picturesque Kavadi lake, where a <strong>4.5 km long hiking trail<\/strong> starts, which goes around the lake. The lake has 4 small islands. The family of the winery will be happy to guide you to explore the local nature and cultural heritage. There is a nice swimming and camping spot with two campfires in the manor park. You can get more information about the <a href=\"https:\/\/loodusegakoos.ee\/kuhuminna\/kaitsealad\/haanja-looduspark\/1222\" target=\"_blank\" rel=\"noopener\"><strong>Kavadi hiking<\/strong><\/a> trail here:<\/p>\n<p>In addition, we offer the opportunity to hike on <strong>V\u00e4llam\u00e4e hill<\/strong>, which is located 5 km from the winery. The <strong>2.2 km hiking trail<\/strong> takes you to the top of one of the highest hills in Estonia, where you can experience the biggest difference in height and a primeval forest.<\/p>\n<p>We offer a hike for those who love nature and those who want silence to <strong>Luhasoo hiking trail<\/strong> or <strong>LakeKirikum\u00e4e hiking trail<\/strong>.<\/p>\n<p>It is possible to order a picnic basket made by O\u00dc Ulgumaa. The picnic basket has a wide selection of snacks and sea buckthorn juice. The price is 12\u20ac\/person. The picnic basket should be ordered at least 3 days before the desired delivery time, to order, write to us: info@uuesaaluseveinitalu.ee<\/p>\n<p><strong>The guiding costs 80\u20ac\/hour for a group.<\/strong><\/p>\n<\/div><\/section><br \/>\n<div  class='avia-button-wrap av-l19450mt-87ea418616035b82db8b9e78ff41181e-wrap avia-button-center  avia-builder-el-4  el_after_av_textblock  avia-builder-el-last '><a href='https:\/\/uuesaaluseveinitalu.ee\/en\/contact\/'  class='avia-button av-l19450mt-87ea418616035b82db8b9e78ff41181e av-link-btn avia-icon_select-no avia-size-large avia-position-center avia-color-theme-color'   aria-label=\"Contacts\"><span class='avia_iconbox_title' >Contacts<\/span><\/a><\/div><\/p><\/div><div  class='flex_column av-8qe2qy-78c82221bf58fd8cf1b1657458d33858 av_one_half  avia-builder-el-5  el_after_av_one_half  avia-builder-el-last  flex_column_div  column-top-margin'     ><div  class='avia-slideshow av-l194151g-2da54f414d3453ed95ebdd1426691561 avia-slideshow-portfolio av_slideshow avia-slide-slider  avia-builder-el-6  avia-builder-el-no-sibling  av-slideshow-ui av-control-default av-slideshow-manual av-loop-once av-loop-manual-endless av-default-height-applied avia-slideshow-1' data-slideshow-options=\"{&quot;animation&quot;:&quot;slide&quot;,&quot;autoplay&quot;:false,&quot;loop_autoplay&quot;:&quot;once&quot;,&quot;interval&quot;:5,&quot;loop_manual&quot;:&quot;manual-endless&quot;,&quot;autoplay_stopper&quot;:false,&quot;noNavigation&quot;:false,&quot;bg_slider&quot;:false,&quot;keep_padding&quot;:false,&quot;hoverpause&quot;:false,&quot;show_slide_delay&quot;:0}\"  itemprop=\"image\" itemscope=\"itemscope\" itemtype=\"https:\/\/schema.org\/ImageObject\" ><ul class='avia-slideshow-inner ' style='padding-bottom: 80.8080808081%;'><li  class='avia-slideshow-slide av-l194151g-2da54f414d3453ed95ebdd1426691561__0  slide-1 slide-odd'><div data-rel='slideshow-1' class='avia-slide-wrap '  title='Loodusmatk giidiga - Uue-Saaluse Veinitalu' ><img decoding=\"async\" fetchpriority=\"high\" class=\"wp-image-6111 avia-img-lazy-loading-not-6111\"  src=\"https:\/\/uuesaaluseveinitalu.ee\/wp-content\/uploads\/2022\/02\/maris1-495x400.jpg\" width=\"495\" height=\"400\" title='maris1' alt='Loodusmatk giidiga - Uue-Saaluse Veinitalu'  itemprop=\"thumbnailUrl\" srcset=\"https:\/\/uuesaaluseveinitalu.ee\/wp-content\/uploads\/2022\/02\/maris1-495x400.jpg 495w, https:\/\/uuesaaluseveinitalu.ee\/wp-content\/uploads\/2022\/02\/maris1-845x684.jpg 845w\" sizes=\"(max-width: 495px) 100vw, 495px\" \/><\/div><\/li><li  class='avia-slideshow-slide av-l194151g-2da54f414d3453ed95ebdd1426691561__1  slide-2 slide-even'><div data-rel='slideshow-1' class='avia-slide-wrap '   ><img decoding=\"async\" fetchpriority=\"high\" class=\"wp-image-4661 avia-img-lazy-loading-not-4661\"  src=\"https:\/\/uuesaaluseveinitalu.ee\/wp-content\/uploads\/2020\/11\/104.-Sugisene-vaade-Alajarvele_The-autumn-view-to-Lake-Alajarv.-495x400.jpg\" width=\"495\" height=\"400\" title='104. S\u00fcgisene vaade Alaj\u00e4rvele_The autumn view to Lake Alaj\u00e4rv.' alt=''  itemprop=\"thumbnailUrl\" srcset=\"https:\/\/uuesaaluseveinitalu.ee\/wp-content\/uploads\/2020\/11\/104.-Sugisene-vaade-Alajarvele_The-autumn-view-to-Lake-Alajarv.-495x400.jpg 495w, https:\/\/uuesaaluseveinitalu.ee\/wp-content\/uploads\/2020\/11\/104.-Sugisene-vaade-Alajarvele_The-autumn-view-to-Lake-Alajarv.-845x684.jpg 845w\" sizes=\"(max-width: 495px) 100vw, 495px\" \/><\/div><\/li><li  class='avia-slideshow-slide av-l194151g-2da54f414d3453ed95ebdd1426691561__2  slide-3 slide-odd'><div data-rel='slideshow-1' class='avia-slide-wrap '   ><img decoding=\"async\" fetchpriority=\"high\" class=\"wp-image-3147 avia-img-lazy-loading-not-3147\"  src=\"https:\/\/uuesaaluseveinitalu.ee\/wp-content\/uploads\/2018\/10\/43125575_706868709680395_8628099843190947840_n-495x400.jpg\" width=\"495\" height=\"400\" title='43125575_706868709680395_8628099843190947840_n' alt=''  itemprop=\"thumbnailUrl\" srcset=\"https:\/\/uuesaaluseveinitalu.ee\/wp-content\/uploads\/2018\/10\/43125575_706868709680395_8628099843190947840_n-495x400.jpg 495w, https:\/\/uuesaaluseveinitalu.ee\/wp-content\/uploads\/2018\/10\/43125575_706868709680395_8628099843190947840_n-845x684.jpg 845w\" sizes=\"(max-width: 495px) 100vw, 495px\" \/><\/div><\/li><li  class='avia-slideshow-slide av-l194151g-2da54f414d3453ed95ebdd1426691561__3  slide-4 slide-even'><div data-rel='slideshow-1' class='avia-slide-wrap '   ><img decoding=\"async\" fetchpriority=\"high\" class=\"wp-image-3394 avia-img-lazy-loading-not-3394\"  src=\"https:\/\/uuesaaluseveinitalu.ee\/wp-content\/uploads\/2019\/11\/MK_07.01.18_0004-495x400.jpg\" width=\"495\" height=\"400\" title='MK_07.01.18_0004' alt=''  itemprop=\"thumbnailUrl\" srcset=\"https:\/\/uuesaaluseveinitalu.ee\/wp-content\/uploads\/2019\/11\/MK_07.01.18_0004-495x400.jpg 495w, https:\/\/uuesaaluseveinitalu.ee\/wp-content\/uploads\/2019\/11\/MK_07.01.18_0004-845x684.jpg 845w\" sizes=\"(max-width: 495px) 100vw, 495px\" \/><\/div><\/li><\/ul><div class='avia-slideshow-arrows avia-slideshow-controls' ><a href='#prev' class='prev-slide ' aria-hidden='true' data-av_icon='\ue87c' data-av_iconfont='entypo-fontello'  tabindex='-1'>Previous<\/a><a href='#next' class='next-slide ' aria-hidden='true' data-av_icon='\ue87d' data-av_iconfont='entypo-fontello'  tabindex='-1'>Next<\/a><\/div><div class='avia-slideshow-dots avia-slideshow-controls'><a href='#1' class='goto-slide active' >1<\/a><a href='#2' class='goto-slide ' >2<\/a><a href='#3' class='goto-slide ' >3<\/a><a href='#4' class='goto-slide ' >4<\/a><\/div><\/div><\/div><\/p>\n","protected":false},"excerpt":{"rendered":"","protected":false},"author":1,"featured_media":0,"parent":0,"menu_order":0,"comment_status":"closed","ping_status":"closed","template":"","meta":{"_acf_changed":false,"footnotes":""},"class_list":["post-6997","page","type-page","status-publish","hentry"],"acf":[],"yoast_head":"<!-- This site is optimized with the Yoast SEO plugin v24.3 - https:\/\/yoast.com\/wordpress\/plugins\/seo\/ -->\n<title>Guided hiking in Haanja Nature Park - Uue-Saaluse Veinitalu<\/title>\n<meta name=\"robots\" content=\"index, follow, max-snippet:-1, max-image-preview:large, max-video-preview:-1\" \/>\n<link rel=\"canonical\" href=\"https:\/\/uuesaaluseveinitalu.ee\/en\/guided-hiking-in-haanja-nature-park\/\" \/>\n<meta property=\"og:locale\" content=\"en_US\" \/>\n<meta property=\"og:type\" content=\"article\" \/>\n<meta property=\"og:title\" content=\"Guided hiking in Haanja Nature Park - Uue-Saaluse Veinitalu\" \/>\n<meta property=\"og:url\" content=\"https:\/\/uuesaaluseveinitalu.ee\/en\/guided-hiking-in-haanja-nature-park\/\" \/>\n<meta property=\"og:site_name\" content=\"Uue-Saaluse Veinitalu\" \/>\n<meta property=\"article:modified_time\" content=\"2023-04-25T18:48:40+00:00\" \/>\n<meta name=\"twitter:card\" content=\"summary_large_image\" \/>\n<meta name=\"twitter:label1\" content=\"Est. reading time\" \/>\n\t<meta name=\"twitter:data1\" content=\"8 minutes\" \/>\n<script type=\"application\/ld+json\" class=\"yoast-schema-graph\">{\"@context\":\"https:\/\/schema.org\",\"@graph\":[{\"@type\":\"WebPage\",\"@id\":\"https:\/\/uuesaaluseveinitalu.ee\/en\/guided-hiking-in-haanja-nature-park\/\",\"url\":\"https:\/\/uuesaaluseveinitalu.ee\/en\/guided-hiking-in-haanja-nature-park\/\",\"name\":\"Guided hiking in Haanja Nature Park - Uue-Saaluse Veinitalu\",\"isPartOf\":{\"@id\":\"https:\/\/uuesaaluseveinitalu.ee\/en\/#website\"},\"datePublished\":\"2023-04-06T06:43:21+00:00\",\"dateModified\":\"2023-04-25T18:48:40+00:00\",\"breadcrumb\":{\"@id\":\"https:\/\/uuesaaluseveinitalu.ee\/en\/guided-hiking-in-haanja-nature-park\/#breadcrumb\"},\"inLanguage\":\"en-US\",\"potentialAction\":[{\"@type\":\"ReadAction\",\"target\":[\"https:\/\/uuesaaluseveinitalu.ee\/en\/guided-hiking-in-haanja-nature-park\/\"]}]},{\"@type\":\"BreadcrumbList\",\"@id\":\"https:\/\/uuesaaluseveinitalu.ee\/en\/guided-hiking-in-haanja-nature-park\/#breadcrumb\",\"itemListElement\":[{\"@type\":\"ListItem\",\"position\":1,\"name\":\"Home\",\"item\":\"https:\/\/uuesaaluseveinitalu.ee\/en\/\"},{\"@type\":\"ListItem\",\"position\":2,\"name\":\"Guided hiking in Haanja Nature Park\"}]},{\"@type\":\"WebSite\",\"@id\":\"https:\/\/uuesaaluseveinitalu.ee\/en\/#website\",\"url\":\"https:\/\/uuesaaluseveinitalu.ee\/en\/\",\"name\":\"Uue-Saaluse Veinitalu\",\"description\":\"K\u00e4sit\u00f6\u00f6veinid Haanjamaalt!\",\"potentialAction\":[{\"@type\":\"SearchAction\",\"target\":{\"@type\":\"EntryPoint\",\"urlTemplate\":\"https:\/\/uuesaaluseveinitalu.ee\/en\/?s={search_term_string}\"},\"query-input\":{\"@type\":\"PropertyValueSpecification\",\"valueRequired\":true,\"valueName\":\"search_term_string\"}}],\"inLanguage\":\"en-US\"}]}<\/script>\n<!-- \/ Yoast SEO plugin. -->","yoast_head_json":{"title":"Guided hiking in Haanja Nature Park - Uue-Saaluse Veinitalu","robots":{"index":"index","follow":"follow","max-snippet":"max-snippet:-1","max-image-preview":"max-image-preview:large","max-video-preview":"max-video-preview:-1"},"canonical":"https:\/\/uuesaaluseveinitalu.ee\/en\/guided-hiking-in-haanja-nature-park\/","og_locale":"en_US","og_type":"article","og_title":"Guided hiking in Haanja Nature Park - Uue-Saaluse Veinitalu","og_url":"https:\/\/uuesaaluseveinitalu.ee\/en\/guided-hiking-in-haanja-nature-park\/","og_site_name":"Uue-Saaluse Veinitalu","article_modified_time":"2023-04-25T18:48:40+00:00","twitter_card":"summary_large_image","twitter_misc":{"Est. reading time":"8 minutes"},"schema":{"@context":"https:\/\/schema.org","@graph":[{"@type":"WebPage","@id":"https:\/\/uuesaaluseveinitalu.ee\/en\/guided-hiking-in-haanja-nature-park\/","url":"https:\/\/uuesaaluseveinitalu.ee\/en\/guided-hiking-in-haanja-nature-park\/","name":"Guided hiking in Haanja Nature Park - Uue-Saaluse Veinitalu","isPartOf":{"@id":"https:\/\/uuesaaluseveinitalu.ee\/en\/#website"},"datePublished":"2023-04-06T06:43:21+00:00","dateModified":"2023-04-25T18:48:40+00:00","breadcrumb":{"@id":"https:\/\/uuesaaluseveinitalu.ee\/en\/guided-hiking-in-haanja-nature-park\/#breadcrumb"},"inLanguage":"en-US","potentialAction":[{"@type":"ReadAction","target":["https:\/\/uuesaaluseveinitalu.ee\/en\/guided-hiking-in-haanja-nature-park\/"]}]},{"@type":"BreadcrumbList","@id":"https:\/\/uuesaaluseveinitalu.ee\/en\/guided-hiking-in-haanja-nature-park\/#breadcrumb","itemListElement":[{"@type":"ListItem","position":1,"name":"Home","item":"https:\/\/uuesaaluseveinitalu.ee\/en\/"},{"@type":"ListItem","position":2,"name":"Guided hiking in Haanja Nature Park"}]},{"@type":"WebSite","@id":"https:\/\/uuesaaluseveinitalu.ee\/en\/#website","url":"https:\/\/uuesaaluseveinitalu.ee\/en\/","name":"Uue-Saaluse Veinitalu","description":"K\u00e4sit\u00f6\u00f6veinid Haanjamaalt!","potentialAction":[{"@type":"SearchAction","target":{"@type":"EntryPoint","urlTemplate":"https:\/\/uuesaaluseveinitalu.ee\/en\/?s={search_term_string}"},"query-input":{"@type":"PropertyValueSpecification","valueRequired":true,"valueName":"search_term_string"}}],"inLanguage":"en-US"}]}},"_links":{"self":[{"href":"https:\/\/uuesaaluseveinitalu.ee\/en\/wp-json\/wp\/v2\/pages\/6997","targetHints":{"allow":["GET"]}}],"collection":[{"href":"https:\/\/uuesaaluseveinitalu.ee\/en\/wp-json\/wp\/v2\/pages"}],"about":[{"href":"https:\/\/uuesaaluseveinitalu.ee\/en\/wp-json\/wp\/v2\/types\/page"}],"author":[{"embeddable":true,"href":"https:\/\/uuesaaluseveinitalu.ee\/en\/wp-json\/wp\/v2\/users\/1"}],"replies":[{"embeddable":true,"href":"https:\/\/uuesaaluseveinitalu.ee\/en\/wp-json\/wp\/v2\/comments?post=6997"}],"version-history":[{"count":5,"href":"https:\/\/uuesaaluseveinitalu.ee\/en\/wp-json\/wp\/v2\/pages\/6997\/revisions"}],"predecessor-version":[{"id":7039,"href":"https:\/\/uuesaaluseveinitalu.ee\/en\/wp-json\/wp\/v2\/pages\/6997\/revisions\/7039"}],"wp:attachment":[{"href":"https:\/\/uuesaaluseveinitalu.ee\/en\/wp-json\/wp\/v2\/media?parent=6997"}],"curies":[{"name":"wp","href":"https:\/\/api.w.org\/{rel}","templated":true}]}}