{"id":6833,"date":"2023-03-11T13:23:11","date_gmt":"2023-03-11T11:23:11","guid":{"rendered":"https:\/\/uuesaaluseveinitalu.ee\/feedback-of-our-visitors\/"},"modified":"2023-03-11T13:25:33","modified_gmt":"2023-03-11T11:25:33","slug":"feedback-of-our-visitors","status":"publish","type":"page","link":"https:\/\/uuesaaluseveinitalu.ee\/en\/feedback-of-our-visitors\/","title":{"rendered":"Feedback of our visitors"},"content":{"rendered":"\n<style type=\"text\/css\" data-created_by=\"avia_inline_auto\" id=\"style-css-av-kzy9g4o9-1377155156e6f35f13453e3a5ebeb234\">\n#top .av-special-heading.av-kzy9g4o9-1377155156e6f35f13453e3a5ebeb234{\npadding-bottom:10px;\n}\nbody .av-special-heading.av-kzy9g4o9-1377155156e6f35f13453e3a5ebeb234 .av-special-heading-tag .heading-char{\nfont-size:25px;\n}\n.av-special-heading.av-kzy9g4o9-1377155156e6f35f13453e3a5ebeb234 .av-subheading{\nfont-size:15px;\n}\n<\/style>\n<div  class='av-special-heading av-kzy9g4o9-1377155156e6f35f13453e3a5ebeb234 av-special-heading-h1  avia-builder-el-0  el_before_av_one_third  avia-builder-el-first '><h1 class='av-special-heading-tag '  itemprop=\"headline\"  >Feedback of our visitors<\/h1><div class=\"special-heading-border\"><div class=\"special-heading-inner-border\"><\/div><\/div><\/div>\n<div class='flex_column_table av-tb3vt4-63d7813e9243999fcfce0fe3d4849a42 sc-av_one_third av-equal-height-column-flextable'><div  class='flex_column av-tb3vt4-63d7813e9243999fcfce0fe3d4849a42 av_one_third  avia-builder-el-1  el_after_av_heading  el_before_av_one_third  testimonials-front first flex_column_table_cell av-equal-height-column av-align-middle  '     ><article  class='iconbox iconbox_left av-rjv7xk-3e644818f0195d745ffdcddaa30f2095  avia-builder-el-2  avia-builder-el-no-sibling '  itemscope=\"itemscope\" itemtype=\"https:\/\/schema.org\/CreativeWork\" ><div class=\"iconbox_content\"><header class=\"entry-content-header\" aria-label=\"Icon: It is an extremely surprising and enthralling experience to see such dedicated people doing what they love with their eyes shining. Many thanks and keep the wine flowing!\"><div class=\"iconbox_icon heading-color\" aria-hidden='true' data-av_icon='\ue833' data-av_iconfont='entypo-fontello'><\/div><h3 class='iconbox_content_title '  itemprop=\"headline\" >It is an extremely surprising and enthralling experience to see such dedicated people doing what they love with their eyes shining. Many thanks and keep the wine flowing!<\/h3><\/header><div class='iconbox_content_container '  itemprop=\"text\" ><p>4 bycyclists from Viimsi.<\/p>\n<\/div><\/div><footer class=\"entry-footer\"><\/footer><\/article><\/div>\n<div class='av-flex-placeholder'><\/div><div  class='flex_column av-pa6z60-0e4c169044718805906106d45240d0d5 av_one_third  avia-builder-el-3  el_after_av_one_third  el_before_av_one_third  testimonials-front flex_column_table_cell av-equal-height-column av-align-middle  '     ><article  class='iconbox iconbox_left av-okvet4-6fe4b66a7546d8c7e2edcc06a9b06bdb  avia-builder-el-4  avia-builder-el-no-sibling '  itemscope=\"itemscope\" itemtype=\"https:\/\/schema.org\/CreativeWork\" ><div class=\"iconbox_content\"><header class=\"entry-content-header\" aria-label=\"Icon: Thank you very much for the reception and organizing a nice birthday party! Much success, strength and health for your endeavors.\"><div class=\"iconbox_icon heading-color\" aria-hidden='true' data-av_icon='\ue833' data-av_iconfont='entypo-fontello'><\/div><h3 class='iconbox_content_title '  itemprop=\"headline\" >Thank you very much for the reception and organizing a nice birthday party! Much success, strength and health for your endeavors.<\/h3><\/header><div class='iconbox_content_container '  itemprop=\"text\" ><p>Grateful Sirje<\/p>\n<\/div><\/div><footer class=\"entry-footer\"><\/footer><\/article><\/div>\n<div class='av-flex-placeholder'><\/div><div  class='flex_column av-mybuw8-e8015e3b5499b7c8a36f777a01083496 av_one_third  avia-builder-el-5  el_after_av_one_third  el_before_av_one_third  testimonials-front flex_column_table_cell av-equal-height-column av-align-middle  '     ><article  class='iconbox iconbox_left av-l5yweg-b26ed7e1fc6ade2dcb25db52bf9800da  avia-builder-el-6  avia-builder-el-no-sibling '  itemscope=\"itemscope\" itemtype=\"https:\/\/schema.org\/CreativeWork\" ><div class=\"iconbox_content\"><header class=\"entry-content-header\" aria-label=\"Icon: It tasted good \ud83d\ude0a We bought a lot and are new fans.\"><div class=\"iconbox_icon heading-color\" aria-hidden='true' data-av_icon='\ue833' data-av_iconfont='entypo-fontello'><\/div><h3 class='iconbox_content_title '  itemprop=\"headline\" >It tasted good \ud83d\ude0a We bought a lot and are new fans.<\/h3><\/header><div class='iconbox_content_container '  itemprop=\"text\" ><p>Chamber choir LU<\/p>\n<\/div><\/div><footer class=\"entry-footer\"><\/footer><\/article><\/div><\/div><!--close column table wrapper. Autoclose: 1 -->\n<div class='flex_column_table av-ixzqpk-d0e402eb2eebbeb4a15eae1b6bd2b6dc sc-av_one_third av-equal-height-column-flextable'><div  class='flex_column av-ixzqpk-d0e402eb2eebbeb4a15eae1b6bd2b6dc av_one_third  avia-builder-el-7  el_after_av_one_third  el_before_av_one_third  testimonials-front first flex_column_table_cell av-equal-height-column av-align-middle  column-top-margin'     ><article  class='iconbox iconbox_left av-l4go6b3m-d9b9751dc6e5c43f2ce49fb2ec191554  avia-builder-el-8  avia-builder-el-no-sibling '  itemscope=\"itemscope\" itemtype=\"https:\/\/schema.org\/CreativeWork\" ><div class=\"iconbox_content\"><header class=\"entry-content-header\" aria-label=\"Icon: It was a wonderful pleasure! A wonderful autumn day brought colors, flavors and a bit of wisdom to us!\"><div class=\"iconbox_icon heading-color\" aria-hidden='true' data-av_icon='\ue833' data-av_iconfont='entypo-fontello'><\/div><h3 class='iconbox_content_title '  itemprop=\"headline\" >It was a wonderful pleasure! A wonderful autumn day brought colors, flavors and a bit of wisdom to us!<\/h3><\/header><div class='iconbox_content_container '  itemprop=\"text\" ><p>Krista<\/p>\n<\/div><\/div><footer class=\"entry-footer\"><\/footer><\/article><\/div>\n<div class='av-flex-placeholder'><\/div><div  class='flex_column av-hev03c-95e1663218e0e2964eb3c626241b4bf9 av_one_third  avia-builder-el-9  el_after_av_one_third  el_before_av_one_third  testimonials-front flex_column_table_cell av-equal-height-column av-align-middle  column-top-margin'     ><article  class='iconbox iconbox_left av-l4go6j4f-bad50366b9023adb90b93cf48e7bfbcd  avia-builder-el-10  avia-builder-el-no-sibling '  itemscope=\"itemscope\" itemtype=\"https:\/\/schema.org\/CreativeWork\" ><div class=\"iconbox_content\"><header class=\"entry-content-header\" aria-label=\"Icon: what you bottle is pure pleasure, beauty and love! May this power be shared for a long time!\"><div class=\"iconbox_icon heading-color\" aria-hidden='true' data-av_icon='\ue833' data-av_iconfont='entypo-fontello'><\/div><h3 class='iconbox_content_title '  itemprop=\"headline\" >what you bottle is pure pleasure, beauty and love! May this power be shared for a long time!<\/h3><\/header><div class='iconbox_content_container '  itemprop=\"text\" ><p>Maru<\/p>\n<\/div><\/div><footer class=\"entry-footer\"><\/footer><\/article><\/div>\n<div class='av-flex-placeholder'><\/div><div  class='flex_column av-1m9e88-67cd3010ae106ccf3d27685656d4fd94 av_one_third  avia-builder-el-11  el_after_av_one_third  el_before_av_one_third  testimonials-front flex_column_table_cell av-equal-height-column av-align-middle  column-top-margin'     ><article  class='iconbox iconbox_left av-l4go6pku-d4aaa425e60e5c1fda86688e988bf460  avia-builder-el-12  avia-builder-el-no-sibling '  itemscope=\"itemscope\" itemtype=\"https:\/\/schema.org\/CreativeWork\" ><div class=\"iconbox_content\"><header class=\"entry-content-header\" aria-label=\"Icon: It was a great pleasure to spend the evening with you on our wedding anniversary! Incomparable wine, food, company and music, wonderful place, you are a lovely family!\"><div class=\"iconbox_icon heading-color\" aria-hidden='true' data-av_icon='\ue833' data-av_iconfont='entypo-fontello'><\/div><h3 class='iconbox_content_title '  itemprop=\"headline\" >It was a great pleasure to spend the evening with you on our wedding anniversary! Incomparable wine, food, company and music, wonderful place, you are a lovely family!<\/h3><\/header><div class='iconbox_content_container '  itemprop=\"text\" ><p>Kuldar<\/p>\n<\/div><\/div><footer class=\"entry-footer\"><\/footer><\/article><\/div><\/div><!--close column table wrapper. Autoclose: 1 -->\n<div class='flex_column_table av-dydoxk-7cc83eae839f030416b7e0bdf707a350 sc-av_one_third av-equal-height-column-flextable'><div  class='flex_column av-dydoxk-7cc83eae839f030416b7e0bdf707a350 av_one_third  avia-builder-el-13  el_after_av_one_third  el_before_av_one_third  testimonials-front first flex_column_table_cell av-equal-height-column av-align-middle  column-top-margin'     ><article  class='iconbox iconbox_left av-l4go6xge-48c7d22b54599095994ae7de9bf09c6f  avia-builder-el-14  avia-builder-el-no-sibling '  itemscope=\"itemscope\" itemtype=\"https:\/\/schema.org\/CreativeWork\" ><div class=\"iconbox_content\"><header class=\"entry-content-header\" aria-label=\"Icon: Dear hosts, good kitchen fairies! We enjoyed every moment here with you, the hike, the flavors - a great company for one day!. Always enjoy what you do because it radiates to your guests: the joy of discovery, pleasure and gratitude. Good luck on your chosen path, take care!\"><div class=\"iconbox_icon heading-color\" aria-hidden='true' data-av_icon='\ue833' data-av_iconfont='entypo-fontello'><\/div><h3 class='iconbox_content_title '  itemprop=\"headline\" >Dear hosts, good kitchen fairies! We enjoyed every moment here with you, the hike, the flavors - a great company for one day!. Always enjoy what you do because it radiates to your guests: the joy of discovery, pleasure and gratitude. Good luck on your chosen path, take care!<\/h3><\/header><div class='iconbox_content_container '  itemprop=\"text\" ><p>Andres &amp; Ruth wiht friends.<\/p>\n<\/div><\/div><footer class=\"entry-footer\"><\/footer><\/article><\/div>\n<div class='av-flex-placeholder'><\/div><div  class='flex_column av-cjf79k-cb95d626ecb9a58ae2b9b933fc3e98ef av_one_third  avia-builder-el-15  el_after_av_one_third  el_before_av_one_third  testimonials-front flex_column_table_cell av-equal-height-column av-align-middle  column-top-margin'     ><article  class='iconbox iconbox_left av-l4go75ni-161fe56e03b77fe5ad4c92d25b728e26  avia-builder-el-16  avia-builder-el-no-sibling '  itemscope=\"itemscope\" itemtype=\"https:\/\/schema.org\/CreativeWork\" ><div class=\"iconbox_content\"><header class=\"entry-content-header\" aria-label=\"Icon: Attention, this is a very good wine farm!\"><div class=\"iconbox_icon heading-color\" aria-hidden='true' data-av_icon='\ue833' data-av_iconfont='entypo-fontello'><\/div><h3 class='iconbox_content_title '  itemprop=\"headline\" >Attention, this is a very good wine farm!<\/h3><\/header><div class='iconbox_content_container '  itemprop=\"text\" ><p>\u00dclle<\/p>\n<\/div><\/div><footer class=\"entry-footer\"><\/footer><\/article><\/div>\n<div class='av-flex-placeholder'><\/div><div  class='flex_column av-awdux4-89b857c1bf02ec608b7d00199f86a65a av_one_third  avia-builder-el-17  el_after_av_one_third  el_before_av_one_third  testimonials-front flex_column_table_cell av-equal-height-column av-align-middle  column-top-margin'     ><article  class='iconbox iconbox_left av-l4go7czt-fb4afbe5992452a6cea34108fdf85c98  avia-builder-el-18  avia-builder-el-no-sibling '  itemscope=\"itemscope\" itemtype=\"https:\/\/schema.org\/CreativeWork\" ><div class=\"iconbox_content\"><header class=\"entry-content-header\" aria-label=\"Icon: Very stylish reception, appropriate program, well-suited background music and a wide selection of wines. I wish you good will to continue and further develop towards the depths of wine culture.\"><div class=\"iconbox_icon heading-color\" aria-hidden='true' data-av_icon='\ue833' data-av_iconfont='entypo-fontello'><\/div><h3 class='iconbox_content_title '  itemprop=\"headline\" >Very stylish reception, appropriate program, well-suited background music and a wide selection of wines. I wish you good will to continue and further develop towards the depths of wine culture.<\/h3><\/header><div class='iconbox_content_container '  itemprop=\"text\" ><p>Heiki from Tallinn<\/p>\n<\/div><\/div><footer class=\"entry-footer\"><\/footer><\/article><\/div><\/div><!--close column table wrapper. Autoclose: 1 -->\n<div class='flex_column_table av-9ha0co-0a0c57ce67c31e8e6bf8a32b9cafa284 sc-av_one_third av-equal-height-column-flextable'><div  class='flex_column av-9ha0co-0a0c57ce67c31e8e6bf8a32b9cafa284 av_one_third  avia-builder-el-19  el_after_av_one_third  el_before_av_one_third  testimonials-front first flex_column_table_cell av-equal-height-column av-align-middle  column-top-margin'     ><article  class='iconbox iconbox_left av-l4go7nvl-b0ab6dc10e8647da463abd57b771f6ec  avia-builder-el-20  avia-builder-el-no-sibling '  itemscope=\"itemscope\" itemtype=\"https:\/\/schema.org\/CreativeWork\" ><div class=\"iconbox_content\"><header class=\"entry-content-header\" aria-label=\"Icon: Thank you very much for a nice tour and pleasant communication! It was great getting to know your farm and the food was delicious. Not talking about the drinks :-) I had read your website before, but I would not have expected something so memorable. I will take a lot from here to remember.\"><div class=\"iconbox_icon heading-color\" aria-hidden='true' data-av_icon='\ue833' data-av_iconfont='entypo-fontello'><\/div><h3 class='iconbox_content_title '  itemprop=\"headline\" >Thank you very much for a nice tour and pleasant communication! It was great getting to know your farm and the food was delicious. Not talking about the drinks \ud83d\ude42 I had read your website before, but I would not have expected something so memorable. I will take a lot from here to remember.<\/h3><\/header><div class='iconbox_content_container '  itemprop=\"text\" ><p>K\u00e4rt<\/p>\n<\/div><\/div><footer class=\"entry-footer\"><\/footer><\/article><\/div>\n<div class='av-flex-placeholder'><\/div><div  class='flex_column av-7j85bc-952379debfb4627f2f859217aec14f7b av_one_third  avia-builder-el-21  el_after_av_one_third  el_before_av_one_third  testimonials-front flex_column_table_cell av-equal-height-column av-align-middle  column-top-margin'     ><article  class='iconbox iconbox_left av-l4go82qi-214d5dffb666bb5f5cb092567dce4078  avia-builder-el-22  avia-builder-el-no-sibling '  itemscope=\"itemscope\" itemtype=\"https:\/\/schema.org\/CreativeWork\" ><div class=\"iconbox_content\"><header class=\"entry-content-header\" aria-label=\"Icon: We were very surprised and got a lot of new knowledge about wine making. The family is really into it, the assortment is pleasantly large and everyone found their favorite during the tasting. Good luck and great prizes in the future!\"><div class=\"iconbox_icon heading-color\" aria-hidden='true' data-av_icon='\ue833' data-av_iconfont='entypo-fontello'><\/div><h3 class='iconbox_content_title '  itemprop=\"headline\" >We were very surprised and got a lot of new knowledge about wine making. The family is really into it, the assortment is pleasantly large and everyone found their favorite during the tasting. Good luck and great prizes in the future!<\/h3><\/header><div class='iconbox_content_container '  itemprop=\"text\" ><p>The group from R\u00e4pina.<\/p>\n<\/div><\/div><footer class=\"entry-footer\"><\/footer><\/article><\/div>\n<div class='av-flex-placeholder'><\/div><div  class='flex_column av-5tamyw-90bd33cb24891e0f48d9999a779bf17c av_one_third  avia-builder-el-23  el_after_av_one_third  el_before_av_one_half  testimonials-front flex_column_table_cell av-equal-height-column av-align-middle  column-top-margin'     ><article  class='iconbox iconbox_left av-l4go8ahd-f526462d51afbe3b8f407ab881ef57a4  avia-builder-el-24  avia-builder-el-no-sibling '  itemscope=\"itemscope\" itemtype=\"https:\/\/schema.org\/CreativeWork\" ><div class=\"iconbox_content\"><header class=\"entry-content-header\" aria-label=\"Icon: Thank you for putting your soul into the popularization of local ingredients, doing wonderfully tasty science and always being ready to welcome everyone with joy.\"><div class=\"iconbox_icon heading-color\" aria-hidden='true' data-av_icon='\ue833' data-av_iconfont='entypo-fontello'><\/div><h3 class='iconbox_content_title '  itemprop=\"headline\" >Thank you for putting your soul into the popularization of local ingredients, doing wonderfully tasty science and always being ready to welcome everyone with joy.<\/h3><\/header><div class='iconbox_content_container '  itemprop=\"text\" ><p>Estonian Science Interest Education Association<\/p>\n<\/div><\/div><footer class=\"entry-footer\"><\/footer><\/article><\/div><\/div><!--close column table wrapper. Autoclose: 1 -->\n<div class='flex_column_table av-g9oxk-66fa701557c5f6c1f0016a7d121ee844 sc-av_one_half av-equal-height-column-flextable'><div  class='flex_column av-g9oxk-66fa701557c5f6c1f0016a7d121ee844 av_one_half  avia-builder-el-25  el_after_av_one_third  el_before_av_one_half  testimonials-front first flex_column_table_cell av-equal-height-column av-align-middle  column-top-margin'     ><article  class='iconbox iconbox_left av-l4go8lre-c7654945f7fc3fc7d1e53ee76aa318c7  avia-builder-el-26  avia-builder-el-no-sibling '  itemscope=\"itemscope\" itemtype=\"https:\/\/schema.org\/CreativeWork\" ><div class=\"iconbox_content\"><header class=\"entry-content-header\" aria-label=\"Icon: Unbelievable that such a gem is hidden among the woods. Good luck and a lot of power to your family! In vino veritas. \"><div class=\"iconbox_icon heading-color\" aria-hidden='true' data-av_icon='\ue833' data-av_iconfont='entypo-fontello'><\/div><h3 class='iconbox_content_title '  itemprop=\"headline\" >Unbelievable that such a gem is hidden among the woods. Good luck and a lot of power to your family! In vino veritas. <\/h3><\/header><div class='iconbox_content_container '  itemprop=\"text\" ><p>The people from Emaj\u00f5e School, Tartu.<\/p>\n<\/div><\/div><footer class=\"entry-footer\"><\/footer><\/article><\/div>\n<div class='av-flex-placeholder'><\/div><div  class='flex_column av-228o3s-409c1f31d8f1627c87d43c296b7ca3cb av_one_half  avia-builder-el-27  el_after_av_one_half  avia-builder-el-last  testimonials-front flex_column_table_cell av-equal-height-column av-align-middle  column-top-margin'     ><article  class='iconbox iconbox_left av-l4go8t0g-d00d6857993beba0fb3afe8608ea3fc8  avia-builder-el-28  avia-builder-el-no-sibling '  itemscope=\"itemscope\" itemtype=\"https:\/\/schema.org\/CreativeWork\" ><div class=\"iconbox_content\"><header class=\"entry-content-header\" aria-label=\"Icon: We felt at home and welcome at your place. You radiate love for your home and work at every step, and your hospitality is shared with all.\"><div class=\"iconbox_icon heading-color\" aria-hidden='true' data-av_icon='\ue833' data-av_iconfont='entypo-fontello'><\/div><h3 class='iconbox_content_title '  itemprop=\"headline\" >We felt at home and welcome at your place. You radiate love for your home and work at every step, and your hospitality is shared with all.<\/h3><\/header><div class='iconbox_content_container '  itemprop=\"text\" ><p>Teachers from Kambja.<\/p>\n<\/div><\/div><footer class=\"entry-footer\"><\/footer><\/article><\/div><\/div><!--close column table wrapper. Autoclose: 1 -->\n","protected":false},"excerpt":{"rendered":"","protected":false},"author":1,"featured_media":0,"parent":0,"menu_order":0,"comment_status":"closed","ping_status":"closed","template":"","meta":{"_acf_changed":false,"footnotes":""},"class_list":["post-6833","page","type-page","status-publish","hentry"],"acf":[],"yoast_head":"<!-- This site is optimized with the Yoast SEO plugin v24.3 - https:\/\/yoast.com\/wordpress\/plugins\/seo\/ -->\n<title>Feedback of our visitors - Uue-Saaluse Veinitalu<\/title>\n<meta name=\"robots\" content=\"index, follow, max-snippet:-1, max-image-preview:large, max-video-preview:-1\" \/>\n<link rel=\"canonical\" href=\"https:\/\/uuesaaluseveinitalu.ee\/en\/feedback-of-our-visitors\/\" \/>\n<meta property=\"og:locale\" content=\"en_US\" \/>\n<meta property=\"og:type\" content=\"article\" \/>\n<meta property=\"og:title\" content=\"Feedback of our visitors - Uue-Saaluse Veinitalu\" \/>\n<meta property=\"og:url\" content=\"https:\/\/uuesaaluseveinitalu.ee\/en\/feedback-of-our-visitors\/\" \/>\n<meta property=\"og:site_name\" content=\"Uue-Saaluse Veinitalu\" \/>\n<meta property=\"article:modified_time\" content=\"2023-03-11T11:25:33+00:00\" \/>\n<meta name=\"twitter:card\" content=\"summary_large_image\" \/>\n<meta name=\"twitter:label1\" content=\"Est. reading time\" \/>\n\t<meta name=\"twitter:data1\" content=\"24 minutes\" \/>\n<script type=\"application\/ld+json\" class=\"yoast-schema-graph\">{\"@context\":\"https:\/\/schema.org\",\"@graph\":[{\"@type\":\"WebPage\",\"@id\":\"https:\/\/uuesaaluseveinitalu.ee\/en\/feedback-of-our-visitors\/\",\"url\":\"https:\/\/uuesaaluseveinitalu.ee\/en\/feedback-of-our-visitors\/\",\"name\":\"Feedback of our visitors - Uue-Saaluse Veinitalu\",\"isPartOf\":{\"@id\":\"https:\/\/uuesaaluseveinitalu.ee\/en\/#website\"},\"datePublished\":\"2023-03-11T11:23:11+00:00\",\"dateModified\":\"2023-03-11T11:25:33+00:00\",\"breadcrumb\":{\"@id\":\"https:\/\/uuesaaluseveinitalu.ee\/en\/feedback-of-our-visitors\/#breadcrumb\"},\"inLanguage\":\"en-US\",\"potentialAction\":[{\"@type\":\"ReadAction\",\"target\":[\"https:\/\/uuesaaluseveinitalu.ee\/en\/feedback-of-our-visitors\/\"]}]},{\"@type\":\"BreadcrumbList\",\"@id\":\"https:\/\/uuesaaluseveinitalu.ee\/en\/feedback-of-our-visitors\/#breadcrumb\",\"itemListElement\":[{\"@type\":\"ListItem\",\"position\":1,\"name\":\"Home\",\"item\":\"https:\/\/uuesaaluseveinitalu.ee\/en\/\"},{\"@type\":\"ListItem\",\"position\":2,\"name\":\"Feedback of our visitors\"}]},{\"@type\":\"WebSite\",\"@id\":\"https:\/\/uuesaaluseveinitalu.ee\/en\/#website\",\"url\":\"https:\/\/uuesaaluseveinitalu.ee\/en\/\",\"name\":\"Uue-Saaluse Veinitalu\",\"description\":\"K\u00e4sit\u00f6\u00f6veinid Haanjamaalt!\",\"potentialAction\":[{\"@type\":\"SearchAction\",\"target\":{\"@type\":\"EntryPoint\",\"urlTemplate\":\"https:\/\/uuesaaluseveinitalu.ee\/en\/?s={search_term_string}\"},\"query-input\":{\"@type\":\"PropertyValueSpecification\",\"valueRequired\":true,\"valueName\":\"search_term_string\"}}],\"inLanguage\":\"en-US\"}]}<\/script>\n<!-- \/ Yoast SEO plugin. -->","yoast_head_json":{"title":"Feedback of our visitors - Uue-Saaluse Veinitalu","robots":{"index":"index","follow":"follow","max-snippet":"max-snippet:-1","max-image-preview":"max-image-preview:large","max-video-preview":"max-video-preview:-1"},"canonical":"https:\/\/uuesaaluseveinitalu.ee\/en\/feedback-of-our-visitors\/","og_locale":"en_US","og_type":"article","og_title":"Feedback of our visitors - Uue-Saaluse Veinitalu","og_url":"https:\/\/uuesaaluseveinitalu.ee\/en\/feedback-of-our-visitors\/","og_site_name":"Uue-Saaluse Veinitalu","article_modified_time":"2023-03-11T11:25:33+00:00","twitter_card":"summary_large_image","twitter_misc":{"Est. reading time":"24 minutes"},"schema":{"@context":"https:\/\/schema.org","@graph":[{"@type":"WebPage","@id":"https:\/\/uuesaaluseveinitalu.ee\/en\/feedback-of-our-visitors\/","url":"https:\/\/uuesaaluseveinitalu.ee\/en\/feedback-of-our-visitors\/","name":"Feedback of our visitors - Uue-Saaluse Veinitalu","isPartOf":{"@id":"https:\/\/uuesaaluseveinitalu.ee\/en\/#website"},"datePublished":"2023-03-11T11:23:11+00:00","dateModified":"2023-03-11T11:25:33+00:00","breadcrumb":{"@id":"https:\/\/uuesaaluseveinitalu.ee\/en\/feedback-of-our-visitors\/#breadcrumb"},"inLanguage":"en-US","potentialAction":[{"@type":"ReadAction","target":["https:\/\/uuesaaluseveinitalu.ee\/en\/feedback-of-our-visitors\/"]}]},{"@type":"BreadcrumbList","@id":"https:\/\/uuesaaluseveinitalu.ee\/en\/feedback-of-our-visitors\/#breadcrumb","itemListElement":[{"@type":"ListItem","position":1,"name":"Home","item":"https:\/\/uuesaaluseveinitalu.ee\/en\/"},{"@type":"ListItem","position":2,"name":"Feedback of our visitors"}]},{"@type":"WebSite","@id":"https:\/\/uuesaaluseveinitalu.ee\/en\/#website","url":"https:\/\/uuesaaluseveinitalu.ee\/en\/","name":"Uue-Saaluse Veinitalu","description":"K\u00e4sit\u00f6\u00f6veinid Haanjamaalt!","potentialAction":[{"@type":"SearchAction","target":{"@type":"EntryPoint","urlTemplate":"https:\/\/uuesaaluseveinitalu.ee\/en\/?s={search_term_string}"},"query-input":{"@type":"PropertyValueSpecification","valueRequired":true,"valueName":"search_term_string"}}],"inLanguage":"en-US"}]}},"_links":{"self":[{"href":"https:\/\/uuesaaluseveinitalu.ee\/en\/wp-json\/wp\/v2\/pages\/6833","targetHints":{"allow":["GET"]}}],"collection":[{"href":"https:\/\/uuesaaluseveinitalu.ee\/en\/wp-json\/wp\/v2\/pages"}],"about":[{"href":"https:\/\/uuesaaluseveinitalu.ee\/en\/wp-json\/wp\/v2\/types\/page"}],"author":[{"embeddable":true,"href":"https:\/\/uuesaaluseveinitalu.ee\/en\/wp-json\/wp\/v2\/users\/1"}],"replies":[{"embeddable":true,"href":"https:\/\/uuesaaluseveinitalu.ee\/en\/wp-json\/wp\/v2\/comments?post=6833"}],"version-history":[{"count":5,"href":"https:\/\/uuesaaluseveinitalu.ee\/en\/wp-json\/wp\/v2\/pages\/6833\/revisions"}],"predecessor-version":[{"id":6840,"href":"https:\/\/uuesaaluseveinitalu.ee\/en\/wp-json\/wp\/v2\/pages\/6833\/revisions\/6840"}],"wp:attachment":[{"href":"https:\/\/uuesaaluseveinitalu.ee\/en\/wp-json\/wp\/v2\/media?parent=6833"}],"curies":[{"name":"wp","href":"https:\/\/api.w.org\/{rel}","templated":true}]}}