{"id":4141,"date":"2020-06-04T16:51:15","date_gmt":"2020-06-04T16:51:15","guid":{"rendered":"https:\/\/uuesaaluseveinitalu.ee\/?page_id=4141"},"modified":"2020-06-08T20:05:16","modified_gmt":"2020-06-08T20:05:16","slug":"terms-and-conditions-of-sale-of-the-online-store","status":"publish","type":"page","link":"https:\/\/uuesaaluseveinitalu.ee\/en\/terms-and-conditions-of-sale-of-the-online-store\/","title":{"rendered":"TERMS AND CONDITIONS OF SALE OF THE ONLINE STORE"},"content":{"rendered":"<p><strong>TERMS AND CONDITIONS OF SALE OF THE ONLINE STORE<\/strong><\/p>\n<p>The owner of the online store www.uuesaaluseveinitalu.ee (hereinafter the Online Store) is O\u00dc K\u00f5ivsaare (registry code 12805192), located at Uue-Saaluse, R\u00f5uge Parish, V\u00f5rumaa 65147.<\/p>\n<p>Validity of the sales contract, goods and price information<\/p>\n<p>The terms of sale apply to the purchase of goods from the Online Store.<\/p>\n<p>The prices of the products sold in the online store are indicated next to the products. A fee for delivery of the goods is added to the price. All prices of goods sold in the online store are in euros.<\/p>\n<p>The fee for delivery of the goods depends on the location of the buyer and the method of delivery. The delivery fee is displayed to the buyer when ordering.<\/p>\n<p>Information about the goods is provided in the Online Store directly next to the goods.<\/p>\n<p>By ordering, the Buyer confirms that he is at least 18 years old and that he does not allow minors to access the goods ordered from the Online Store.<\/p>\n<p><strong>Placing an order<\/strong><\/p>\n<p>To order the goods, you must add the desired products to the shopping cart. To place an order, fill in the required data fields and select the appropriate method of product delivery. The screen will then display the amount of the fee, which can be paid securely through the following payment methods:<\/p>\n<p>Estonian banking links: Swedbank, SEB, Luminor, LHV, Coop Pank, Pocopay<\/p>\n<p>NB! When paying with a bank link, be sure to click the &#8220;Back to merchant&#8221; button on the bank&#8217;s page.<\/p>\n<p>Payments are mediated by Maksekeskus AS. Payment takes place outside the Online Store in a secure environment &#8211; when paying with a bank link in the secure environment of the respective bank and when paying with a credit card in the secure environment of Maksekeskus AS. The seller does not have access to the customer&#8217;s bank and credit card details.<\/p>\n<p>The agreement enters into force upon receipt of the amount due to the current account of the Online Store.<\/p>\n<p>The owner of the online store is the chief processor of personal data and forwards the personal data necessary for making payments to the authorized processor Maksekeskus AS.<\/p>\n<p>If the ordered goods cannot be delivered due to the end of the goods or for any other reason, the buyer will be notified as soon as possible and the money paid (incl. Delivery costs) will be refunded immediately, but not later than within 14 days of sending the notice.<\/p>\n<p><strong>Delivery<\/strong><\/p>\n<p>The goods are sent to the following countries: Estonia<\/p>\n<p>To receive the goods, the buyer has the following options: Itella Smartpost parcel machines all over Estonia and receiving the goods from the online store at Uue-Saaluse, R\u00f5uge parish V\u00f5rumaa.<\/p>\n<p>Shipping costs are borne by the buyer and the corresponding price information is displayed next to the shipping method.<\/p>\n<p>Shipments within Estonia generally reach the destination specified by the buyer within 3-7 working days from the entry into force of the sales contract.<\/p>\n<p>In exceptional cases, the right to deliver the goods within up to 45 calendar days.<\/p>\n<p><strong>Right of withdrawal<\/strong><\/p>\n<p>Pursuant to the legislation of the Republic of Estonia, the consumer&#8217;s right to withdraw from the contract and return the goods does not extend to alcoholic beverages (\u00a7 53 (2) 1) of the Law of Obligations Act)<\/p>\n<p>If the goods are incorrect or defective, the Online Store must be notified immediately upon receipt of the goods at the e-mail address info@uuesaaluseveinitalu.ee or by calling +3725183249. The costs of replacement or return of incorrect or defective goods shall be borne by the Online Store.<\/p>\n<p>The online store has the right to withdraw from the sale transaction and demand the return of the goods from the buyer if the price of the goods in the online store is marked significantly below the market price of the goods due to a mistake.<\/p>\n<p><strong>Order cancellation<\/strong><\/p>\n<p>The order can be canceled if you contact the Online Store at info@uuesaaluseveinitalu.ee or by calling +372 5183249 before the goods are out of stock. If the goods have already been shipped from the warehouse, it is not possible to cancel the order.<\/p>\n<p><strong>Privacy policy and processing of personal data<\/strong><\/p>\n<p>The Online Store is is the chief processor of personal data, the online store forwards the personal data necessary for making payments to the authorized processor Maksekeskus AS. The Online Store uses the personal data entered by the buyer only to process the order and send the goods to the buyer. The Online Store transmits personal data to transport companies in order to deliver the goods.<\/p>\n<p>The Online Store will send the buyer newsletters and offers to the buyer&#8217;s e-mail address only if the buyer has expressed a wish by entering the e-mail address on the website and has announced his \/ her wish to receive direct mail notifications.<\/p>\n<p>The buyer can cancel the offers and newsletters sent to the e-mail at any time by notifying us by e-mail or by following the instructions in the e-mail containing the offers.<\/p>\n<p><strong>Solving arguments<\/strong><\/p>\n<p>If the buyer has any complaints regarding the Online Store, they must be sent by e-mail to info@uuesaaluseveinitalu.ee or by phone: +372 5183249. If the buyer and the Online Store are unable to resolve the dispute by agreement, the buyer can contact the Consumer Disputes Committee.<\/p>\n","protected":false},"excerpt":{"rendered":"<p>TERMS AND CONDITIONS OF SALE OF THE ONLINE STORE The owner of the online store www.uuesaaluseveinitalu.ee (hereinafter the Online Store) is O\u00dc K\u00f5ivsaare (registry code 12805192), located at Uue-Saaluse, R\u00f5uge Parish, V\u00f5rumaa 65147. Validity of the sales contract, goods and price information The terms of sale apply to the purchase of goods from the Online [&hellip;]<\/p>\n","protected":false},"author":1,"featured_media":0,"parent":0,"menu_order":0,"comment_status":"closed","ping_status":"closed","template":"","meta":{"_acf_changed":false,"footnotes":""},"class_list":["post-4141","page","type-page","status-publish","hentry"],"acf":[],"yoast_head":"<!-- This site is optimized with the Yoast SEO plugin v24.3 - https:\/\/yoast.com\/wordpress\/plugins\/seo\/ -->\n<title>TERMS AND CONDITIONS OF SALE OF THE ONLINE STORE - Uue-Saaluse Veinitalu<\/title>\n<meta name=\"robots\" content=\"index, follow, max-snippet:-1, max-image-preview:large, max-video-preview:-1\" \/>\n<link rel=\"canonical\" href=\"https:\/\/uuesaaluseveinitalu.ee\/en\/terms-and-conditions-of-sale-of-the-online-store\/\" \/>\n<meta property=\"og:locale\" content=\"en_US\" \/>\n<meta property=\"og:type\" content=\"article\" \/>\n<meta property=\"og:title\" content=\"TERMS AND CONDITIONS OF SALE OF THE ONLINE STORE - Uue-Saaluse Veinitalu\" \/>\n<meta property=\"og:description\" content=\"TERMS AND CONDITIONS OF SALE OF THE ONLINE STORE The owner of the online store www.uuesaaluseveinitalu.ee (hereinafter the Online Store) is O\u00dc K\u00f5ivsaare (registry code 12805192), located at Uue-Saaluse, R\u00f5uge Parish, V\u00f5rumaa 65147. Validity of the sales contract, goods and price information The terms of sale apply to the purchase of goods from the Online [&hellip;]\" \/>\n<meta property=\"og:url\" content=\"https:\/\/uuesaaluseveinitalu.ee\/en\/terms-and-conditions-of-sale-of-the-online-store\/\" \/>\n<meta property=\"og:site_name\" content=\"Uue-Saaluse Veinitalu\" \/>\n<meta property=\"article:modified_time\" content=\"2020-06-08T20:05:16+00:00\" \/>\n<meta name=\"twitter:card\" content=\"summary_large_image\" \/>\n<meta name=\"twitter:label1\" content=\"Est. reading time\" \/>\n\t<meta name=\"twitter:data1\" content=\"4 minutes\" \/>\n<script type=\"application\/ld+json\" class=\"yoast-schema-graph\">{\"@context\":\"https:\/\/schema.org\",\"@graph\":[{\"@type\":\"WebPage\",\"@id\":\"https:\/\/uuesaaluseveinitalu.ee\/en\/terms-and-conditions-of-sale-of-the-online-store\/\",\"url\":\"https:\/\/uuesaaluseveinitalu.ee\/en\/terms-and-conditions-of-sale-of-the-online-store\/\",\"name\":\"TERMS AND CONDITIONS OF SALE OF THE ONLINE STORE - Uue-Saaluse Veinitalu\",\"isPartOf\":{\"@id\":\"https:\/\/uuesaaluseveinitalu.ee\/en\/#website\"},\"datePublished\":\"2020-06-04T16:51:15+00:00\",\"dateModified\":\"2020-06-08T20:05:16+00:00\",\"breadcrumb\":{\"@id\":\"https:\/\/uuesaaluseveinitalu.ee\/en\/terms-and-conditions-of-sale-of-the-online-store\/#breadcrumb\"},\"inLanguage\":\"en-US\",\"potentialAction\":[{\"@type\":\"ReadAction\",\"target\":[\"https:\/\/uuesaaluseveinitalu.ee\/en\/terms-and-conditions-of-sale-of-the-online-store\/\"]}]},{\"@type\":\"BreadcrumbList\",\"@id\":\"https:\/\/uuesaaluseveinitalu.ee\/en\/terms-and-conditions-of-sale-of-the-online-store\/#breadcrumb\",\"itemListElement\":[{\"@type\":\"ListItem\",\"position\":1,\"name\":\"Home\",\"item\":\"https:\/\/uuesaaluseveinitalu.ee\/en\/\"},{\"@type\":\"ListItem\",\"position\":2,\"name\":\"TERMS AND CONDITIONS OF SALE OF THE ONLINE STORE\"}]},{\"@type\":\"WebSite\",\"@id\":\"https:\/\/uuesaaluseveinitalu.ee\/en\/#website\",\"url\":\"https:\/\/uuesaaluseveinitalu.ee\/en\/\",\"name\":\"Uue-Saaluse Veinitalu\",\"description\":\"K\u00e4sit\u00f6\u00f6veinid Haanjamaalt!\",\"potentialAction\":[{\"@type\":\"SearchAction\",\"target\":{\"@type\":\"EntryPoint\",\"urlTemplate\":\"https:\/\/uuesaaluseveinitalu.ee\/en\/?s={search_term_string}\"},\"query-input\":{\"@type\":\"PropertyValueSpecification\",\"valueRequired\":true,\"valueName\":\"search_term_string\"}}],\"inLanguage\":\"en-US\"}]}<\/script>\n<!-- \/ Yoast SEO plugin. -->","yoast_head_json":{"title":"TERMS AND CONDITIONS OF SALE OF THE ONLINE STORE - Uue-Saaluse Veinitalu","robots":{"index":"index","follow":"follow","max-snippet":"max-snippet:-1","max-image-preview":"max-image-preview:large","max-video-preview":"max-video-preview:-1"},"canonical":"https:\/\/uuesaaluseveinitalu.ee\/en\/terms-and-conditions-of-sale-of-the-online-store\/","og_locale":"en_US","og_type":"article","og_title":"TERMS AND CONDITIONS OF SALE OF THE ONLINE STORE - Uue-Saaluse Veinitalu","og_description":"TERMS AND CONDITIONS OF SALE OF THE ONLINE STORE The owner of the online store www.uuesaaluseveinitalu.ee (hereinafter the Online Store) is O\u00dc K\u00f5ivsaare (registry code 12805192), located at Uue-Saaluse, R\u00f5uge Parish, V\u00f5rumaa 65147. Validity of the sales contract, goods and price information The terms of sale apply to the purchase of goods from the Online [&hellip;]","og_url":"https:\/\/uuesaaluseveinitalu.ee\/en\/terms-and-conditions-of-sale-of-the-online-store\/","og_site_name":"Uue-Saaluse Veinitalu","article_modified_time":"2020-06-08T20:05:16+00:00","twitter_card":"summary_large_image","twitter_misc":{"Est. reading time":"4 minutes"},"schema":{"@context":"https:\/\/schema.org","@graph":[{"@type":"WebPage","@id":"https:\/\/uuesaaluseveinitalu.ee\/en\/terms-and-conditions-of-sale-of-the-online-store\/","url":"https:\/\/uuesaaluseveinitalu.ee\/en\/terms-and-conditions-of-sale-of-the-online-store\/","name":"TERMS AND CONDITIONS OF SALE OF THE ONLINE STORE - Uue-Saaluse Veinitalu","isPartOf":{"@id":"https:\/\/uuesaaluseveinitalu.ee\/en\/#website"},"datePublished":"2020-06-04T16:51:15+00:00","dateModified":"2020-06-08T20:05:16+00:00","breadcrumb":{"@id":"https:\/\/uuesaaluseveinitalu.ee\/en\/terms-and-conditions-of-sale-of-the-online-store\/#breadcrumb"},"inLanguage":"en-US","potentialAction":[{"@type":"ReadAction","target":["https:\/\/uuesaaluseveinitalu.ee\/en\/terms-and-conditions-of-sale-of-the-online-store\/"]}]},{"@type":"BreadcrumbList","@id":"https:\/\/uuesaaluseveinitalu.ee\/en\/terms-and-conditions-of-sale-of-the-online-store\/#breadcrumb","itemListElement":[{"@type":"ListItem","position":1,"name":"Home","item":"https:\/\/uuesaaluseveinitalu.ee\/en\/"},{"@type":"ListItem","position":2,"name":"TERMS AND CONDITIONS OF SALE OF THE ONLINE STORE"}]},{"@type":"WebSite","@id":"https:\/\/uuesaaluseveinitalu.ee\/en\/#website","url":"https:\/\/uuesaaluseveinitalu.ee\/en\/","name":"Uue-Saaluse Veinitalu","description":"K\u00e4sit\u00f6\u00f6veinid Haanjamaalt!","potentialAction":[{"@type":"SearchAction","target":{"@type":"EntryPoint","urlTemplate":"https:\/\/uuesaaluseveinitalu.ee\/en\/?s={search_term_string}"},"query-input":{"@type":"PropertyValueSpecification","valueRequired":true,"valueName":"search_term_string"}}],"inLanguage":"en-US"}]}},"_links":{"self":[{"href":"https:\/\/uuesaaluseveinitalu.ee\/en\/wp-json\/wp\/v2\/pages\/4141","targetHints":{"allow":["GET"]}}],"collection":[{"href":"https:\/\/uuesaaluseveinitalu.ee\/en\/wp-json\/wp\/v2\/pages"}],"about":[{"href":"https:\/\/uuesaaluseveinitalu.ee\/en\/wp-json\/wp\/v2\/types\/page"}],"author":[{"embeddable":true,"href":"https:\/\/uuesaaluseveinitalu.ee\/en\/wp-json\/wp\/v2\/users\/1"}],"replies":[{"embeddable":true,"href":"https:\/\/uuesaaluseveinitalu.ee\/en\/wp-json\/wp\/v2\/comments?post=4141"}],"version-history":[{"count":5,"href":"https:\/\/uuesaaluseveinitalu.ee\/en\/wp-json\/wp\/v2\/pages\/4141\/revisions"}],"predecessor-version":[{"id":4184,"href":"https:\/\/uuesaaluseveinitalu.ee\/en\/wp-json\/wp\/v2\/pages\/4141\/revisions\/4184"}],"wp:attachment":[{"href":"https:\/\/uuesaaluseveinitalu.ee\/en\/wp-json\/wp\/v2\/media?parent=4141"}],"curies":[{"name":"wp","href":"https:\/\/api.w.org\/{rel}","templated":true}]}}