{"id":3742,"date":"2020-02-03T16:02:40","date_gmt":"2020-02-03T16:02:40","guid":{"rendered":"https:\/\/uuesaaluseveinitalu.ee\/?page_id=3742"},"modified":"2024-11-05T16:31:42","modified_gmt":"2024-11-05T14:31:42","slug":"catering","status":"publish","type":"page","link":"https:\/\/uuesaaluseveinitalu.ee\/en\/catering\/","title":{"rendered":"Catering"},"content":{"rendered":"\n<style type=\"text\/css\" data-created_by=\"avia_inline_auto\" id=\"style-css-av-34vk0m5-5414235964831d71e8bbdb7af0404bc1\">\n#top .av-special-heading.av-34vk0m5-5414235964831d71e8bbdb7af0404bc1{\npadding-bottom:10px;\n}\nbody .av-special-heading.av-34vk0m5-5414235964831d71e8bbdb7af0404bc1 .av-special-heading-tag .heading-char{\nfont-size:25px;\n}\n.av-special-heading.av-34vk0m5-5414235964831d71e8bbdb7af0404bc1 .av-subheading{\nfont-size:15px;\n}\n<\/style>\n<div  class='av-special-heading av-34vk0m5-5414235964831d71e8bbdb7af0404bc1 av-special-heading-h1  avia-builder-el-0  el_before_av_one_half  avia-builder-el-first  av-linked-heading'><h1 class='av-special-heading-tag '  itemprop=\"headline\"  >Catering<\/h1><div class=\"special-heading-border\"><div class=\"special-heading-inner-border\"><\/div><\/div><\/div>\n<div class='flex_column_table av-32zk3m5-c843bc0bcbcf2a4a0bba5de33fcd34ab sc-av_one_half av-equal-height-column-flextable'><div  class='flex_column av-32zk3m5-c843bc0bcbcf2a4a0bba5de33fcd34ab av_one_half  avia-builder-el-1  el_after_av_heading  el_before_av_one_half  first flex_column_table_cell av-equal-height-column av-align-middle  '     ><p><section  class='av_textblock_section av-32cgwrx-11ff2ad8b31145fc06293cd5f69fcd1b '   itemscope=\"itemscope\" itemtype=\"https:\/\/schema.org\/CreativeWork\" ><div class='avia_textblock'  itemprop=\"text\" ><p>Possibility to order a two- or three-course lunch or dinner in cooperation with <strong>Ulgumaa LTD.<\/strong> We can offer catering for groups of 6 people or more. We only offer a group menu, i.e. we ask the whole group to order the same food. We try to fulfill special food-related requests (lactose and gluten intolerance, vegan and vegetarian preferences).<\/p>\n<p>The prices include VAT.<\/p>\n<p>Ask offer by email: info@uuesaaluseveinitalu.ee<\/p>\n<\/div><\/section><br \/>\n<div  class='avia-buttonrow-wrap av-30n21q5-d681fea683696a28507cb5142fc10311 avia-buttonrow-center  avia-builder-el-3  el_after_av_textblock  avia-builder-el-last '>\n\n<style type=\"text\/css\" data-created_by=\"avia_inline_auto\" id=\"style-css-av-2ypbbx9-51a16a5087103d64ac18dd4096c8b469\">\n#top #wrap_all .avia-button.av-2ypbbx9-51a16a5087103d64ac18dd4096c8b469{\nmargin-bottom:5px;\nmargin-right:3px;\nmargin-left:3px;\n}\n<\/style>\n<a href='#sample menu&lt;br\/&gt;&lt;br\/&gt;'  class='avia-button av-2ypbbx9-51a16a5087103d64ac18dd4096c8b469 avia-icon_select-no avia-size-large avia-color-theme-color'   aria-label=\"Menu\"><span class='avia_iconbox_title' >Menu<\/span><\/a>\n\n<style type=\"text\/css\" data-created_by=\"avia_inline_auto\" id=\"style-css-av-2xpvlzx-60953c7a10ae011e2638fd81c4b4388b\">\n#top #wrap_all .avia-button.av-2xpvlzx-60953c7a10ae011e2638fd81c4b4388b{\nmargin-bottom:5px;\nmargin-right:3px;\nmargin-left:3px;\n}\n<\/style>\n<a href='#picnicbasket'  class='avia-button av-2xpvlzx-60953c7a10ae011e2638fd81c4b4388b avia-icon_select-no avia-size-large avia-color-theme-color'   aria-label=\"Picnic basket\"><span class='avia_iconbox_title' >Picnic basket<\/span><\/a>\n<\/div><\/p><\/div>\n<div class='av-flex-placeholder'><\/div><div  class='flex_column av-2v3g1ql-3e27fd62da06393ac34bcb1a35c5a1b0 av_one_half  avia-builder-el-4  el_after_av_one_half  el_before_av_hr  flex_column_table_cell av-equal-height-column av-align-middle  '     ><style type=\"text\/css\" data-created_by=\"avia_inline_auto\" id=\"style-css-av-2til5gt-807a93cb3e318bcdecfe087b0d6e163f\">\n.avia-image-container.av-2til5gt-807a93cb3e318bcdecfe087b0d6e163f img.avia_image{\nbox-shadow:none;\n}\n.avia-image-container.av-2til5gt-807a93cb3e318bcdecfe087b0d6e163f .av-image-caption-overlay-center{\ncolor:#ffffff;\n}\n<\/style>\n<div  class='avia-image-container av-2til5gt-807a93cb3e318bcdecfe087b0d6e163f av-styling- av-img-linked avia-align-center  avia-builder-el-5  avia-builder-el-no-sibling '   itemprop=\"image\" itemscope=\"itemscope\" itemtype=\"https:\/\/schema.org\/ImageObject\" ><div class=\"avia-image-container-inner\"><div class=\"avia-image-overlay-wrap\"><a href=\"https:\/\/uuesaaluseveinitalu.ee\/wp-content\/uploads\/2023\/06\/aulis-ja-pille.jpg\" data-srcset=\"https:\/\/uuesaaluseveinitalu.ee\/wp-content\/uploads\/2023\/06\/aulis-ja-pille.jpg 585w, https:\/\/uuesaaluseveinitalu.ee\/wp-content\/uploads\/2023\/06\/aulis-ja-pille-225x300.jpg 225w, https:\/\/uuesaaluseveinitalu.ee\/wp-content\/uploads\/2023\/06\/aulis-ja-pille-529x705.jpg 529w, https:\/\/uuesaaluseveinitalu.ee\/wp-content\/uploads\/2023\/06\/aulis-ja-pille-450x600.jpg 450w\" data-sizes=\"(max-width: 585px) 100vw, 585px\" class='avia_image '  aria-label='aulis ja pille'><img decoding=\"async\" fetchpriority=\"high\" class='wp-image-7192 avia-img-lazy-loading-not-7192 avia_image ' src=\"https:\/\/uuesaaluseveinitalu.ee\/wp-content\/uploads\/2023\/06\/aulis-ja-pille-225x300.jpg\" alt='' title='aulis ja pille'  height=\"300\" width=\"225\"  itemprop=\"thumbnailUrl\" srcset=\"https:\/\/uuesaaluseveinitalu.ee\/wp-content\/uploads\/2023\/06\/aulis-ja-pille-225x300.jpg 225w, https:\/\/uuesaaluseveinitalu.ee\/wp-content\/uploads\/2023\/06\/aulis-ja-pille-529x705.jpg 529w, https:\/\/uuesaaluseveinitalu.ee\/wp-content\/uploads\/2023\/06\/aulis-ja-pille-450x600.jpg 450w, https:\/\/uuesaaluseveinitalu.ee\/wp-content\/uploads\/2023\/06\/aulis-ja-pille.jpg 585w\" sizes=\"(max-width: 225px) 100vw, 225px\" \/><\/a><\/div><\/div><\/div><\/div><\/div><!--close column table wrapper. Autoclose: 1 -->\n\n<style type=\"text\/css\" data-created_by=\"avia_inline_auto\" id=\"style-css-av-2sedqzh-470d18c5a068bb0e31d3d00308086a72\">\n#top .hr.hr-invisible.av-2sedqzh-470d18c5a068bb0e31d3d00308086a72{\nheight:50px;\n}\n<\/style>\n<div  class='hr av-2sedqzh-470d18c5a068bb0e31d3d00308086a72 hr-invisible  avia-builder-el-6  el_after_av_one_half  el_before_av_hr '><span class='hr-inner '><span class=\"hr-inner-style\"><\/span><\/span><\/div>\n\n<style type=\"text\/css\" data-created_by=\"avia_inline_auto\" id=\"style-css-av-2imsn4d-75822a0f67e9b54f1dbeb08addaa159b\">\n#top .hr.hr-invisible.av-2imsn4d-75822a0f67e9b54f1dbeb08addaa159b{\nheight:50px;\n}\n<\/style>\n<div  id=\"naidismenuu\"  class='hr av-2imsn4d-75822a0f67e9b54f1dbeb08addaa159b hr-invisible  avia-builder-el-7  el_after_av_hr  el_before_av_one_half '><span class='hr-inner '><span class=\"hr-inner-style\"><\/span><\/span><\/div>\n<div  class='flex_column av-4quucd-f4ff325f87368649a8354a9544f7a41d av_one_half  avia-builder-el-8  el_after_av_hr  el_before_av_one_half  first flex_column_div  '     ><p>\n<style type=\"text\/css\" data-created_by=\"avia_inline_auto\" id=\"style-css-av-2zr3xp-85f801195130430681e48c6e5fb9a64b\">\n#top .hr.hr-invisible.av-2zr3xp-85f801195130430681e48c6e5fb9a64b{\nheight:10px;\n}\n<\/style>\n<div  class='hr av-2zr3xp-85f801195130430681e48c6e5fb9a64b hr-invisible  avia-builder-el-9  el_before_av_heading  avia-builder-el-first '><span class='hr-inner '><span class=\"hr-inner-style\"><\/span><\/span><\/div><br \/>\n\n<style type=\"text\/css\" data-created_by=\"avia_inline_auto\" id=\"style-css-av-lfuyx7pi-87001326540de8fdeff7ca92c2830ee2\">\n#top .av-special-heading.av-lfuyx7pi-87001326540de8fdeff7ca92c2830ee2{\npadding-bottom:10px;\n}\nbody .av-special-heading.av-lfuyx7pi-87001326540de8fdeff7ca92c2830ee2 .av-special-heading-tag .heading-char{\nfont-size:25px;\n}\n.av-special-heading.av-lfuyx7pi-87001326540de8fdeff7ca92c2830ee2 .av-subheading{\nfont-size:15px;\n}\n<\/style>\n<div  id=\"piknikukorv\"  class='av-special-heading av-lfuyx7pi-87001326540de8fdeff7ca92c2830ee2 av-special-heading-h1 blockquote modern-quote modern-centered  avia-builder-el-10  el_after_av_hr  el_before_av_textblock  av-linked-heading'><h1 class='av-special-heading-tag '  itemprop=\"headline\"  >Christmas menu<\/h1><div class=\"special-heading-border\"><div class=\"special-heading-inner-border\"><\/div><\/div><\/div><br \/>\n<section  class='av_textblock_section av-lfuyszv9-d927534fc387cd7961ece7d16cf41f3e '   itemscope=\"itemscope\" itemtype=\"https:\/\/schema.org\/CreativeWork\" ><div class='avia_textblock'  itemprop=\"text\" ><p>In cooperation with Ulgumaa Buffet, we offer a Christmas menu for groups upon pre-order. You can organize a birthday, a gathering of friends, a team event, a bachelorette or bachelorette party in our winery.<\/p>\n<p>You can order a two- or three-course lunch or dinner. We can offer catering for groups of 6 people or more. We only offer a group menu, i.e. we ask the whole group to order the same food if possible. We try to fulfill special food-related requests (lactose and gluten intolerance, vegan and vegetarian preferences).<\/p>\n<p><strong>Ask offer by email: info@uuesaaluseveinitalu.ee<\/strong><\/p>\n<p>Ulgumaa Buffet is our good cooperation partner whose handwriting is characterized by:<\/p>\n<ul>\n<li>slow cooked seasonal food (slow food)<\/li>\n<li>made from mostly local ingredients<\/li>\n<li>served directly from the pot or pan (prepared on site)<\/li>\n<li>You can freely take it, just like at home, according to your taste (if you like it, you can take another portion for the same price).<\/li>\n<li>the chef has a unique natural talent for finding the right balance of flavors in his dishes.<\/li>\n<li>Sommelier and winemaker Maris Kivistik matches local wines to the menu.<\/li>\n<\/ul>\n<\/div><\/section><\/p><\/div>\n<div  class='flex_column av-2850wd-207bfb56aa71fc1a40dd9fc26ce1e762 av_one_half  avia-builder-el-12  el_after_av_one_half  el_before_av_hr  flex_column_div  '     ><style type=\"text\/css\" data-created_by=\"avia_inline_auto\" id=\"style-css-av-lraz8rcq-4c4b3e95cea6ef57d1e4ffd792d76b17\">\n.avia-image-container.av-lraz8rcq-4c4b3e95cea6ef57d1e4ffd792d76b17 img.avia_image{\nbox-shadow:none;\n}\n.avia-image-container.av-lraz8rcq-4c4b3e95cea6ef57d1e4ffd792d76b17 .av-image-caption-overlay-center{\ncolor:#ffffff;\n}\n<\/style>\n<div  class='avia-image-container av-lraz8rcq-4c4b3e95cea6ef57d1e4ffd792d76b17 av-styling- av-img-linked avia-align-center  avia-builder-el-13  avia-builder-el-no-sibling '   itemprop=\"image\" itemscope=\"itemscope\" itemtype=\"https:\/\/schema.org\/ImageObject\" ><div class=\"avia-image-container-inner\"><div class=\"avia-image-overlay-wrap\"><img decoding=\"async\" fetchpriority=\"high\" class='wp-image- avia-img-lazy-loading-not- avia_image ' src=\"https:\/\/uuesaaluseveinitalu.ee\/wp-content\/uploads\/2024\/11\/joulumenuu-2024-postitus.jpg\" alt='' title=''   itemprop=\"thumbnailUrl\"  \/><\/div><\/div><\/div><\/div>\n\n<style type=\"text\/css\" data-created_by=\"avia_inline_auto\" id=\"style-css-av-1wjpr1-227f535a1bbacfdbdd4e61d124c8eb72\">\n#top .hr.hr-invisible.av-1wjpr1-227f535a1bbacfdbdd4e61d124c8eb72{\nheight:50px;\n}\n<\/style>\n<div  class='hr av-1wjpr1-227f535a1bbacfdbdd4e61d124c8eb72 hr-invisible  avia-builder-el-14  el_after_av_one_half  el_before_av_heading '><span class='hr-inner '><span class=\"hr-inner-style\"><\/span><\/span><\/div>\n\n<style type=\"text\/css\" data-created_by=\"avia_inline_auto\" id=\"style-css-av-6ukbml-648649524ba256d9b9ce626dc300fd1e\">\n#top .hr.hr-invisible.av-6ukbml-648649524ba256d9b9ce626dc300fd1e{\nheight:50px;\n}\n<\/style>\n<div  class='hr av-6ukbml-648649524ba256d9b9ce626dc300fd1e hr-invisible'><span class='hr-inner '><span class=\"hr-inner-style\"><\/span><\/span><\/div>\n<div  class='avia-button-wrap av-5f1gxp-cf6aa6535b1f282adf6ca31713142af4-wrap avia-button-center '><a href='https:\/\/uuesaaluseveinitalu.ee\/en\/contact\/'  class='avia-button av-5f1gxp-cf6aa6535b1f282adf6ca31713142af4 av-link-btn avia-icon_select-yes-left-icon avia-size-large avia-position-center avia-color-theme-color'   aria-label=\"Contacts\"><span class='avia_button_icon avia_button_icon_left' aria-hidden='true' data-av_icon='\ue805' data-av_iconfont='entypo-fontello'><\/span><span class='avia_iconbox_title' >Contacts<\/span><\/a><\/div>\n\n<style type=\"text\/css\" data-created_by=\"avia_inline_auto\" id=\"style-css-av-3xkbdp-48f0dcebd7890c9da3e31147a6b6fc64\">\n#top .hr.hr-invisible.av-3xkbdp-48f0dcebd7890c9da3e31147a6b6fc64{\nheight:50px;\n}\n<\/style>\n<div  class='hr av-3xkbdp-48f0dcebd7890c9da3e31147a6b6fc64 hr-invisible'><span class='hr-inner '><span class=\"hr-inner-style\"><\/span><\/span><\/div>\n\n<style type=\"text\/css\" data-created_by=\"avia_inline_auto\" id=\"style-css-av-21mjjh-01bb5112c94e9155c5edf2528ebdac61\">\n.avia-image-container.av-21mjjh-01bb5112c94e9155c5edf2528ebdac61 img.avia_image{\nbox-shadow:none;\n}\n.avia-image-container.av-21mjjh-01bb5112c94e9155c5edf2528ebdac61 .av-image-caption-overlay-center{\ncolor:#ffffff;\n}\n<\/style>\n<div  class='avia-image-container av-21mjjh-01bb5112c94e9155c5edf2528ebdac61 av-styling- avia-align-center'   itemprop=\"image\" itemscope=\"itemscope\" itemtype=\"https:\/\/schema.org\/ImageObject\" ><div class=\"avia-image-container-inner\"><div class=\"avia-image-overlay-wrap\"><img decoding=\"async\" fetchpriority=\"high\" class='wp-image-6197 avia-img-lazy-loading-not-6197 avia_image ' src=\"https:\/\/uuesaaluseveinitalu.ee\/wp-content\/uploads\/2022\/03\/Uue-Saaluse-61-1030x629.jpg\" alt='Toitlustus - Uue Saaluse Veinitalu' title='Uue-Saaluse-61'  height=\"629\" width=\"1030\"  itemprop=\"thumbnailUrl\" srcset=\"https:\/\/uuesaaluseveinitalu.ee\/wp-content\/uploads\/2022\/03\/Uue-Saaluse-61-1030x629.jpg 1030w, https:\/\/uuesaaluseveinitalu.ee\/wp-content\/uploads\/2022\/03\/Uue-Saaluse-61-300x183.jpg 300w, https:\/\/uuesaaluseveinitalu.ee\/wp-content\/uploads\/2022\/03\/Uue-Saaluse-61-768x469.jpg 768w, https:\/\/uuesaaluseveinitalu.ee\/wp-content\/uploads\/2022\/03\/Uue-Saaluse-61-705x431.jpg 705w, https:\/\/uuesaaluseveinitalu.ee\/wp-content\/uploads\/2022\/03\/Uue-Saaluse-61-450x275.jpg 450w, https:\/\/uuesaaluseveinitalu.ee\/wp-content\/uploads\/2022\/03\/Uue-Saaluse-61.jpg 1200w\" sizes=\"(max-width: 1030px) 100vw, 1030px\" \/><\/div><\/div><\/div>\n","protected":false},"excerpt":{"rendered":"","protected":false},"author":1,"featured_media":0,"parent":0,"menu_order":0,"comment_status":"closed","ping_status":"closed","template":"","meta":{"_acf_changed":false,"footnotes":""},"class_list":["post-3742","page","type-page","status-publish","hentry"],"acf":[],"yoast_head":"<!-- This site is optimized with the Yoast SEO plugin v24.3 - https:\/\/yoast.com\/wordpress\/plugins\/seo\/ -->\n<title>Catering - Uue-Saaluse Veinitalu<\/title>\n<meta name=\"robots\" content=\"index, follow, max-snippet:-1, max-image-preview:large, max-video-preview:-1\" \/>\n<link rel=\"canonical\" href=\"https:\/\/uuesaaluseveinitalu.ee\/en\/catering\/\" \/>\n<meta property=\"og:locale\" content=\"en_US\" \/>\n<meta property=\"og:type\" content=\"article\" \/>\n<meta property=\"og:title\" content=\"Catering - Uue-Saaluse Veinitalu\" \/>\n<meta property=\"og:url\" content=\"https:\/\/uuesaaluseveinitalu.ee\/en\/catering\/\" \/>\n<meta property=\"og:site_name\" content=\"Uue-Saaluse Veinitalu\" \/>\n<meta property=\"article:modified_time\" content=\"2024-11-05T14:31:42+00:00\" \/>\n<meta name=\"twitter:card\" content=\"summary_large_image\" \/>\n<meta name=\"twitter:label1\" content=\"Est. reading time\" \/>\n\t<meta name=\"twitter:data1\" content=\"14 minutes\" \/>\n<script type=\"application\/ld+json\" class=\"yoast-schema-graph\">{\"@context\":\"https:\/\/schema.org\",\"@graph\":[{\"@type\":\"WebPage\",\"@id\":\"https:\/\/uuesaaluseveinitalu.ee\/en\/catering\/\",\"url\":\"https:\/\/uuesaaluseveinitalu.ee\/en\/catering\/\",\"name\":\"Catering - Uue-Saaluse Veinitalu\",\"isPartOf\":{\"@id\":\"https:\/\/uuesaaluseveinitalu.ee\/en\/#website\"},\"datePublished\":\"2020-02-03T16:02:40+00:00\",\"dateModified\":\"2024-11-05T14:31:42+00:00\",\"breadcrumb\":{\"@id\":\"https:\/\/uuesaaluseveinitalu.ee\/en\/catering\/#breadcrumb\"},\"inLanguage\":\"en-US\",\"potentialAction\":[{\"@type\":\"ReadAction\",\"target\":[\"https:\/\/uuesaaluseveinitalu.ee\/en\/catering\/\"]}]},{\"@type\":\"BreadcrumbList\",\"@id\":\"https:\/\/uuesaaluseveinitalu.ee\/en\/catering\/#breadcrumb\",\"itemListElement\":[{\"@type\":\"ListItem\",\"position\":1,\"name\":\"Home\",\"item\":\"https:\/\/uuesaaluseveinitalu.ee\/en\/\"},{\"@type\":\"ListItem\",\"position\":2,\"name\":\"Catering\"}]},{\"@type\":\"WebSite\",\"@id\":\"https:\/\/uuesaaluseveinitalu.ee\/en\/#website\",\"url\":\"https:\/\/uuesaaluseveinitalu.ee\/en\/\",\"name\":\"Uue-Saaluse Veinitalu\",\"description\":\"K\u00e4sit\u00f6\u00f6veinid Haanjamaalt!\",\"potentialAction\":[{\"@type\":\"SearchAction\",\"target\":{\"@type\":\"EntryPoint\",\"urlTemplate\":\"https:\/\/uuesaaluseveinitalu.ee\/en\/?s={search_term_string}\"},\"query-input\":{\"@type\":\"PropertyValueSpecification\",\"valueRequired\":true,\"valueName\":\"search_term_string\"}}],\"inLanguage\":\"en-US\"}]}<\/script>\n<!-- \/ Yoast SEO plugin. -->","yoast_head_json":{"title":"Catering - Uue-Saaluse Veinitalu","robots":{"index":"index","follow":"follow","max-snippet":"max-snippet:-1","max-image-preview":"max-image-preview:large","max-video-preview":"max-video-preview:-1"},"canonical":"https:\/\/uuesaaluseveinitalu.ee\/en\/catering\/","og_locale":"en_US","og_type":"article","og_title":"Catering - Uue-Saaluse Veinitalu","og_url":"https:\/\/uuesaaluseveinitalu.ee\/en\/catering\/","og_site_name":"Uue-Saaluse Veinitalu","article_modified_time":"2024-11-05T14:31:42+00:00","twitter_card":"summary_large_image","twitter_misc":{"Est. reading time":"14 minutes"},"schema":{"@context":"https:\/\/schema.org","@graph":[{"@type":"WebPage","@id":"https:\/\/uuesaaluseveinitalu.ee\/en\/catering\/","url":"https:\/\/uuesaaluseveinitalu.ee\/en\/catering\/","name":"Catering - Uue-Saaluse Veinitalu","isPartOf":{"@id":"https:\/\/uuesaaluseveinitalu.ee\/en\/#website"},"datePublished":"2020-02-03T16:02:40+00:00","dateModified":"2024-11-05T14:31:42+00:00","breadcrumb":{"@id":"https:\/\/uuesaaluseveinitalu.ee\/en\/catering\/#breadcrumb"},"inLanguage":"en-US","potentialAction":[{"@type":"ReadAction","target":["https:\/\/uuesaaluseveinitalu.ee\/en\/catering\/"]}]},{"@type":"BreadcrumbList","@id":"https:\/\/uuesaaluseveinitalu.ee\/en\/catering\/#breadcrumb","itemListElement":[{"@type":"ListItem","position":1,"name":"Home","item":"https:\/\/uuesaaluseveinitalu.ee\/en\/"},{"@type":"ListItem","position":2,"name":"Catering"}]},{"@type":"WebSite","@id":"https:\/\/uuesaaluseveinitalu.ee\/en\/#website","url":"https:\/\/uuesaaluseveinitalu.ee\/en\/","name":"Uue-Saaluse Veinitalu","description":"K\u00e4sit\u00f6\u00f6veinid Haanjamaalt!","potentialAction":[{"@type":"SearchAction","target":{"@type":"EntryPoint","urlTemplate":"https:\/\/uuesaaluseveinitalu.ee\/en\/?s={search_term_string}"},"query-input":{"@type":"PropertyValueSpecification","valueRequired":true,"valueName":"search_term_string"}}],"inLanguage":"en-US"}]}},"_links":{"self":[{"href":"https:\/\/uuesaaluseveinitalu.ee\/en\/wp-json\/wp\/v2\/pages\/3742","targetHints":{"allow":["GET"]}}],"collection":[{"href":"https:\/\/uuesaaluseveinitalu.ee\/en\/wp-json\/wp\/v2\/pages"}],"about":[{"href":"https:\/\/uuesaaluseveinitalu.ee\/en\/wp-json\/wp\/v2\/types\/page"}],"author":[{"embeddable":true,"href":"https:\/\/uuesaaluseveinitalu.ee\/en\/wp-json\/wp\/v2\/users\/1"}],"replies":[{"embeddable":true,"href":"https:\/\/uuesaaluseveinitalu.ee\/en\/wp-json\/wp\/v2\/comments?post=3742"}],"version-history":[{"count":5,"href":"https:\/\/uuesaaluseveinitalu.ee\/en\/wp-json\/wp\/v2\/pages\/3742\/revisions"}],"predecessor-version":[{"id":8200,"href":"https:\/\/uuesaaluseveinitalu.ee\/en\/wp-json\/wp\/v2\/pages\/3742\/revisions\/8200"}],"wp:attachment":[{"href":"https:\/\/uuesaaluseveinitalu.ee\/en\/wp-json\/wp\/v2\/media?parent=3742"}],"curies":[{"name":"wp","href":"https:\/\/api.w.org\/{rel}","templated":true}]}}