{"id":2974,"date":"2019-05-02T15:01:05","date_gmt":"2019-05-02T15:01:05","guid":{"rendered":"https:\/\/koduveinid.ee\/?page_id=2974"},"modified":"2019-05-02T15:01:05","modified_gmt":"2019-05-02T15:01:05","slug":"projects","status":"publish","type":"page","link":"https:\/\/uuesaaluseveinitalu.ee\/en\/projects\/","title":{"rendered":"Projects"},"content":{"rendered":"\n<style type=\"text\/css\" data-created_by=\"avia_inline_auto\" id=\"style-css-av-av_heading-4efc9453b9740d19b73e67860b7bcc89\">\n#top .av-special-heading.av-av_heading-4efc9453b9740d19b73e67860b7bcc89{\npadding-bottom:10px;\n}\nbody .av-special-heading.av-av_heading-4efc9453b9740d19b73e67860b7bcc89 .av-special-heading-tag .heading-char{\nfont-size:25px;\n}\n.av-special-heading.av-av_heading-4efc9453b9740d19b73e67860b7bcc89 .av-subheading{\nfont-size:15px;\n}\n<\/style>\n<div  class='av-special-heading av-av_heading-4efc9453b9740d19b73e67860b7bcc89 av-special-heading-h1  avia-builder-el-0  el_before_av_hr  avia-builder-el-first '><h1 class='av-special-heading-tag '  itemprop=\"headline\"  >Projects<\/h1><div class=\"special-heading-border\"><div class=\"special-heading-inner-border\"><\/div><\/div><\/div>\n\n<style type=\"text\/css\" data-created_by=\"avia_inline_auto\" id=\"style-css-av-av_hr-4474f20d2389e2e5ecf918a02da5132e\">\n#top .hr.hr-invisible.av-av_hr-4474f20d2389e2e5ecf918a02da5132e{\nheight:50px;\n}\n<\/style>\n<div  class='hr av-av_hr-4474f20d2389e2e5ecf918a02da5132e hr-invisible  avia-builder-el-1  el_after_av_heading  el_before_av_one_half '><span class='hr-inner '><span class=\"hr-inner-style\"><\/span><\/span><\/div>\n<div class='flex_column_table av-av_one_half-1f15b01c231f8b34e1362c844f22d166 sc-av_one_half av-equal-height-column-flextable'>\n<style type=\"text\/css\" data-created_by=\"avia_inline_auto\" id=\"style-css-av-av_one_half-1f15b01c231f8b34e1362c844f22d166\">\n.flex_column.av-av_one_half-1f15b01c231f8b34e1362c844f22d166{\nborder-radius:0px 0px 0px 0px;\npadding:0px 0px 0px 0px;\n}\n<\/style>\n<div  class='flex_column av-av_one_half-1f15b01c231f8b34e1362c844f22d166 av_one_half  avia-builder-el-2  el_after_av_hr  el_before_av_one_half  first flex_column_table_cell av-equal-height-column av-align-middle av-zero-column-padding  '     ><section  class='av_textblock_section av-av_textblock-2bd894dbf2e4bf2c4acf98ce4fbf94aa '   itemscope=\"itemscope\" itemtype=\"https:\/\/schema.org\/CreativeWork\" ><div class='avia_textblock'  itemprop=\"text\" ><h2>THE PROJECT &#8220;LAUNCHING WINE PRODUCTION IN K\u00d5IVSAARE FARM\u201c<\/h2>\n<p>K\u00f5ivsaare LTD got financial aid with the help of V\u00f5rumaa Partnerluskogu to launch the wine production according to the LEADER programme measure nr 2.1 &#8211; Development of the Business Environment.<\/p>\n<p><strong>The project was carried out from 5 September 2016 to 31 May 2017.<\/strong><\/p>\n<\/div><\/section><\/div>\n<div class='av-flex-placeholder'><\/div>\n<style type=\"text\/css\" data-created_by=\"avia_inline_auto\" id=\"style-css-av-av_one_half-c8fc129dc35fd1ae2a1e410224d39ea8\">\n.flex_column.av-av_one_half-c8fc129dc35fd1ae2a1e410224d39ea8{\nborder-radius:0px 0px 0px 0px;\npadding:0px 0px 0px 0px;\n}\n<\/style>\n<div  class='flex_column av-av_one_half-c8fc129dc35fd1ae2a1e410224d39ea8 av_one_half  avia-builder-el-4  el_after_av_one_half  avia-builder-el-last  flex_column_table_cell av-equal-height-column av-align-middle av-zero-column-padding  '     ><style type=\"text\/css\" data-created_by=\"avia_inline_auto\" id=\"style-css-av-av_image-50555dd7c32e9d0aa47dc7e985658a88\">\n.avia-image-container.av-av_image-50555dd7c32e9d0aa47dc7e985658a88 img.avia_image{\nbox-shadow:none;\n}\n.avia-image-container.av-av_image-50555dd7c32e9d0aa47dc7e985658a88 .av-image-caption-overlay-center{\ncolor:#ffffff;\n}\n<\/style>\n<div  class='avia-image-container av-av_image-50555dd7c32e9d0aa47dc7e985658a88 av-styling- avia-align-center  avia-builder-el-5  avia-builder-el-no-sibling '   itemprop=\"image\" itemscope=\"itemscope\" itemtype=\"https:\/\/schema.org\/ImageObject\" ><div class=\"avia-image-container-inner\"><div class=\"avia-image-overlay-wrap\"><img decoding=\"async\" fetchpriority=\"high\" class='wp-image-2987 avia-img-lazy-loading-not-2987 avia_image ' src=\"https:\/\/uuesaaluseveinitalu.ee\/wp-content\/uploads\/2017\/08\/logo-leader-eesti-infosilt.png\" alt='' title='logo-leader-eesti-infosilt'  height=\"526\" width=\"755\"  itemprop=\"thumbnailUrl\" srcset=\"https:\/\/uuesaaluseveinitalu.ee\/wp-content\/uploads\/2017\/08\/logo-leader-eesti-infosilt.png 755w, https:\/\/uuesaaluseveinitalu.ee\/wp-content\/uploads\/2017\/08\/logo-leader-eesti-infosilt-450x314.png 450w, https:\/\/uuesaaluseveinitalu.ee\/wp-content\/uploads\/2017\/08\/logo-leader-eesti-infosilt-300x209.png 300w, https:\/\/uuesaaluseveinitalu.ee\/wp-content\/uploads\/2017\/08\/logo-leader-eesti-infosilt-705x491.png 705w\" sizes=\"(max-width: 755px) 100vw, 755px\" \/><\/div><\/div><\/div><\/div><\/div><!--close column table wrapper. Autoclose: 1 -->\n","protected":false},"excerpt":{"rendered":"","protected":false},"author":1,"featured_media":0,"parent":0,"menu_order":0,"comment_status":"closed","ping_status":"closed","template":"","meta":{"_acf_changed":false,"footnotes":""},"class_list":["post-2974","page","type-page","status-publish","hentry"],"acf":[],"yoast_head":"<!-- This site is optimized with the Yoast SEO plugin v24.3 - https:\/\/yoast.com\/wordpress\/plugins\/seo\/ -->\n<title>Projects - Uue-Saaluse Veinitalu<\/title>\n<meta name=\"robots\" content=\"index, follow, max-snippet:-1, max-image-preview:large, max-video-preview:-1\" \/>\n<link rel=\"canonical\" href=\"https:\/\/uuesaaluseveinitalu.ee\/en\/projects\/\" \/>\n<meta property=\"og:locale\" content=\"en_US\" \/>\n<meta property=\"og:type\" content=\"article\" \/>\n<meta property=\"og:title\" content=\"Projects - Uue-Saaluse Veinitalu\" \/>\n<meta property=\"og:url\" content=\"https:\/\/uuesaaluseveinitalu.ee\/en\/projects\/\" \/>\n<meta property=\"og:site_name\" content=\"Uue-Saaluse Veinitalu\" \/>\n<meta name=\"twitter:card\" content=\"summary_large_image\" \/>\n<meta name=\"twitter:label1\" content=\"Est. reading time\" \/>\n\t<meta name=\"twitter:data1\" content=\"2 minutes\" \/>\n<script type=\"application\/ld+json\" class=\"yoast-schema-graph\">{\"@context\":\"https:\/\/schema.org\",\"@graph\":[{\"@type\":\"WebPage\",\"@id\":\"https:\/\/uuesaaluseveinitalu.ee\/en\/projects\/\",\"url\":\"https:\/\/uuesaaluseveinitalu.ee\/en\/projects\/\",\"name\":\"Projects - Uue-Saaluse Veinitalu\",\"isPartOf\":{\"@id\":\"https:\/\/uuesaaluseveinitalu.ee\/en\/#website\"},\"datePublished\":\"2019-05-02T15:01:05+00:00\",\"dateModified\":\"2019-05-02T15:01:05+00:00\",\"breadcrumb\":{\"@id\":\"https:\/\/uuesaaluseveinitalu.ee\/en\/projects\/#breadcrumb\"},\"inLanguage\":\"en-US\",\"potentialAction\":[{\"@type\":\"ReadAction\",\"target\":[\"https:\/\/uuesaaluseveinitalu.ee\/en\/projects\/\"]}]},{\"@type\":\"BreadcrumbList\",\"@id\":\"https:\/\/uuesaaluseveinitalu.ee\/en\/projects\/#breadcrumb\",\"itemListElement\":[{\"@type\":\"ListItem\",\"position\":1,\"name\":\"Home\",\"item\":\"https:\/\/uuesaaluseveinitalu.ee\/en\/\"},{\"@type\":\"ListItem\",\"position\":2,\"name\":\"Projects\"}]},{\"@type\":\"WebSite\",\"@id\":\"https:\/\/uuesaaluseveinitalu.ee\/en\/#website\",\"url\":\"https:\/\/uuesaaluseveinitalu.ee\/en\/\",\"name\":\"Uue-Saaluse Veinitalu\",\"description\":\"K\u00e4sit\u00f6\u00f6veinid Haanjamaalt!\",\"potentialAction\":[{\"@type\":\"SearchAction\",\"target\":{\"@type\":\"EntryPoint\",\"urlTemplate\":\"https:\/\/uuesaaluseveinitalu.ee\/en\/?s={search_term_string}\"},\"query-input\":{\"@type\":\"PropertyValueSpecification\",\"valueRequired\":true,\"valueName\":\"search_term_string\"}}],\"inLanguage\":\"en-US\"}]}<\/script>\n<!-- \/ Yoast SEO plugin. -->","yoast_head_json":{"title":"Projects - Uue-Saaluse Veinitalu","robots":{"index":"index","follow":"follow","max-snippet":"max-snippet:-1","max-image-preview":"max-image-preview:large","max-video-preview":"max-video-preview:-1"},"canonical":"https:\/\/uuesaaluseveinitalu.ee\/en\/projects\/","og_locale":"en_US","og_type":"article","og_title":"Projects - Uue-Saaluse Veinitalu","og_url":"https:\/\/uuesaaluseveinitalu.ee\/en\/projects\/","og_site_name":"Uue-Saaluse Veinitalu","twitter_card":"summary_large_image","twitter_misc":{"Est. reading time":"2 minutes"},"schema":{"@context":"https:\/\/schema.org","@graph":[{"@type":"WebPage","@id":"https:\/\/uuesaaluseveinitalu.ee\/en\/projects\/","url":"https:\/\/uuesaaluseveinitalu.ee\/en\/projects\/","name":"Projects - Uue-Saaluse Veinitalu","isPartOf":{"@id":"https:\/\/uuesaaluseveinitalu.ee\/en\/#website"},"datePublished":"2019-05-02T15:01:05+00:00","dateModified":"2019-05-02T15:01:05+00:00","breadcrumb":{"@id":"https:\/\/uuesaaluseveinitalu.ee\/en\/projects\/#breadcrumb"},"inLanguage":"en-US","potentialAction":[{"@type":"ReadAction","target":["https:\/\/uuesaaluseveinitalu.ee\/en\/projects\/"]}]},{"@type":"BreadcrumbList","@id":"https:\/\/uuesaaluseveinitalu.ee\/en\/projects\/#breadcrumb","itemListElement":[{"@type":"ListItem","position":1,"name":"Home","item":"https:\/\/uuesaaluseveinitalu.ee\/en\/"},{"@type":"ListItem","position":2,"name":"Projects"}]},{"@type":"WebSite","@id":"https:\/\/uuesaaluseveinitalu.ee\/en\/#website","url":"https:\/\/uuesaaluseveinitalu.ee\/en\/","name":"Uue-Saaluse Veinitalu","description":"K\u00e4sit\u00f6\u00f6veinid Haanjamaalt!","potentialAction":[{"@type":"SearchAction","target":{"@type":"EntryPoint","urlTemplate":"https:\/\/uuesaaluseveinitalu.ee\/en\/?s={search_term_string}"},"query-input":{"@type":"PropertyValueSpecification","valueRequired":true,"valueName":"search_term_string"}}],"inLanguage":"en-US"}]}},"_links":{"self":[{"href":"https:\/\/uuesaaluseveinitalu.ee\/en\/wp-json\/wp\/v2\/pages\/2974","targetHints":{"allow":["GET"]}}],"collection":[{"href":"https:\/\/uuesaaluseveinitalu.ee\/en\/wp-json\/wp\/v2\/pages"}],"about":[{"href":"https:\/\/uuesaaluseveinitalu.ee\/en\/wp-json\/wp\/v2\/types\/page"}],"author":[{"embeddable":true,"href":"https:\/\/uuesaaluseveinitalu.ee\/en\/wp-json\/wp\/v2\/users\/1"}],"replies":[{"embeddable":true,"href":"https:\/\/uuesaaluseveinitalu.ee\/en\/wp-json\/wp\/v2\/comments?post=2974"}],"version-history":[{"count":1,"href":"https:\/\/uuesaaluseveinitalu.ee\/en\/wp-json\/wp\/v2\/pages\/2974\/revisions"}],"predecessor-version":[{"id":2975,"href":"https:\/\/uuesaaluseveinitalu.ee\/en\/wp-json\/wp\/v2\/pages\/2974\/revisions\/2975"}],"wp:attachment":[{"href":"https:\/\/uuesaaluseveinitalu.ee\/en\/wp-json\/wp\/v2\/media?parent=2974"}],"curies":[{"name":"wp","href":"https:\/\/api.w.org\/{rel}","templated":true}]}}