{"id":2972,"date":"2019-05-02T15:00:30","date_gmt":"2019-05-02T15:00:30","guid":{"rendered":"https:\/\/koduveinid.ee\/?page_id=2972"},"modified":"2021-02-05T20:58:36","modified_gmt":"2021-02-05T18:58:36","slug":"awards","status":"publish","type":"page","link":"https:\/\/uuesaaluseveinitalu.ee\/en\/awards\/","title":{"rendered":"Awards"},"content":{"rendered":"\n<style type=\"text\/css\" data-created_by=\"avia_inline_auto\" id=\"style-css-av-av_heading-bec9f96301c63a673bcb570d54a72ff7\">\n#top .av-special-heading.av-av_heading-bec9f96301c63a673bcb570d54a72ff7{\npadding-bottom:10px;\n}\nbody .av-special-heading.av-av_heading-bec9f96301c63a673bcb570d54a72ff7 .av-special-heading-tag .heading-char{\nfont-size:25px;\n}\n.av-special-heading.av-av_heading-bec9f96301c63a673bcb570d54a72ff7 .av-subheading{\nfont-size:15px;\n}\n<\/style>\n<div  class='av-special-heading av-av_heading-bec9f96301c63a673bcb570d54a72ff7 av-special-heading-h1  avia-builder-el-0  el_before_av_hr  avia-builder-el-first '><h1 class='av-special-heading-tag '  itemprop=\"headline\"  >Awards<\/h1><div class=\"special-heading-border\"><div class=\"special-heading-inner-border\"><\/div><\/div><\/div>\n\n<style type=\"text\/css\" data-created_by=\"avia_inline_auto\" id=\"style-css-av-hfuauk-94412718770394ce4a97f2e6fced6e34\">\n#top .hr.hr-invisible.av-hfuauk-94412718770394ce4a97f2e6fced6e34{\nheight:30px;\n}\n<\/style>\n<div  class='hr av-hfuauk-94412718770394ce4a97f2e6fced6e34 hr-invisible  avia-builder-el-1  el_after_av_heading  el_before_av_one_fourth '><span class='hr-inner '><span class=\"hr-inner-style\"><\/span><\/span><\/div>\n<div class='flex_column_table av-fi4vcc-ce09ced9c3ee94ce87a472a4b4387efd sc-av_one_fourth av-equal-height-column-flextable'>\n<style type=\"text\/css\" data-created_by=\"avia_inline_auto\" id=\"style-css-av-fi4vcc-ce09ced9c3ee94ce87a472a4b4387efd\">\n.flex_column.av-fi4vcc-ce09ced9c3ee94ce87a472a4b4387efd{\nborder-radius:0px 0px 0px 0px;\npadding:0px 0px 0px 0px;\n}\n<\/style>\n<div  class='flex_column av-fi4vcc-ce09ced9c3ee94ce87a472a4b4387efd av_one_fourth  avia-builder-el-2  el_after_av_hr  el_before_av_one_fourth  first flex_column_table_cell av-equal-height-column av-align-middle av-zero-column-padding  '     ><style type=\"text\/css\" data-created_by=\"avia_inline_auto\" id=\"style-css-av-et1nws-6a1c6e1e34fbee7b42330d3b8becde49\">\n.avia-image-container.av-et1nws-6a1c6e1e34fbee7b42330d3b8becde49 img.avia_image{\nbox-shadow:none;\n}\n.avia-image-container.av-et1nws-6a1c6e1e34fbee7b42330d3b8becde49 .av-image-caption-overlay-center{\ncolor:#ffffff;\n}\n<\/style>\n<div  class='avia-image-container av-et1nws-6a1c6e1e34fbee7b42330d3b8becde49 av-styling- avia-align-center  avia-builder-el-3  avia-builder-el-no-sibling '   itemprop=\"image\" itemscope=\"itemscope\" itemtype=\"https:\/\/schema.org\/ImageObject\" ><div class=\"avia-image-container-inner\"><div class=\"avia-image-overlay-wrap\"><img decoding=\"async\" fetchpriority=\"high\" class='wp-image-4976 avia-img-lazy-loading-not-4976 avia_image ' src=\"https:\/\/uuesaaluseveinitalu.ee\/wp-content\/uploads\/2020\/12\/kuld.png\" alt='' title='kuld'  height=\"912\" width=\"688\"  itemprop=\"thumbnailUrl\" srcset=\"https:\/\/uuesaaluseveinitalu.ee\/wp-content\/uploads\/2020\/12\/kuld.png 688w, https:\/\/uuesaaluseveinitalu.ee\/wp-content\/uploads\/2020\/12\/kuld-226x300.png 226w, https:\/\/uuesaaluseveinitalu.ee\/wp-content\/uploads\/2020\/12\/kuld-532x705.png 532w, https:\/\/uuesaaluseveinitalu.ee\/wp-content\/uploads\/2020\/12\/kuld-450x597.png 450w\" sizes=\"(max-width: 688px) 100vw, 688px\" \/><\/div><\/div><\/div><\/div>\n<div class='av-flex-placeholder'><\/div>\n<style type=\"text\/css\" data-created_by=\"avia_inline_auto\" id=\"style-css-av-fi4vcc-42ab03e048eb6aa57af396f3aae4db26\">\n.flex_column.av-fi4vcc-42ab03e048eb6aa57af396f3aae4db26{\nborder-radius:0px 0px 0px 0px;\npadding:0px 0px 0px 0px;\n}\n<\/style>\n<div  class='flex_column av-fi4vcc-42ab03e048eb6aa57af396f3aae4db26 av_one_fourth  avia-builder-el-4  el_after_av_one_fourth  el_before_av_one_half  flex_column_table_cell av-equal-height-column av-align-middle av-zero-column-padding  '     ><style type=\"text\/css\" data-created_by=\"avia_inline_auto\" id=\"style-css-av-et1nws-feba19e07540a94691e357aa77343343\">\n.avia-image-container.av-et1nws-feba19e07540a94691e357aa77343343 img.avia_image{\nbox-shadow:none;\n}\n.avia-image-container.av-et1nws-feba19e07540a94691e357aa77343343 .av-image-caption-overlay-center{\ncolor:#ffffff;\n}\n<\/style>\n<div  class='avia-image-container av-et1nws-feba19e07540a94691e357aa77343343 av-styling- avia-align-center  avia-builder-el-5  avia-builder-el-no-sibling '   itemprop=\"image\" itemscope=\"itemscope\" itemtype=\"https:\/\/schema.org\/ImageObject\" ><div class=\"avia-image-container-inner\"><div class=\"avia-image-overlay-wrap\"><img decoding=\"async\" fetchpriority=\"high\" class='wp-image-4974 avia-img-lazy-loading-not-4974 avia_image ' src=\"https:\/\/uuesaaluseveinitalu.ee\/wp-content\/uploads\/2020\/12\/hobe.png\" alt='' title='h\u00f5be'  height=\"910\" width=\"692\"  itemprop=\"thumbnailUrl\" srcset=\"https:\/\/uuesaaluseveinitalu.ee\/wp-content\/uploads\/2020\/12\/hobe.png 692w, https:\/\/uuesaaluseveinitalu.ee\/wp-content\/uploads\/2020\/12\/hobe-228x300.png 228w, https:\/\/uuesaaluseveinitalu.ee\/wp-content\/uploads\/2020\/12\/hobe-536x705.png 536w, https:\/\/uuesaaluseveinitalu.ee\/wp-content\/uploads\/2020\/12\/hobe-450x592.png 450w\" sizes=\"(max-width: 692px) 100vw, 692px\" \/><\/div><\/div><\/div><\/div>\n<div class='av-flex-placeholder'><\/div>\n<style type=\"text\/css\" data-created_by=\"avia_inline_auto\" id=\"style-css-av-d28fl8-a11ed49d622bb24b722d51c03a7488c1\">\n.flex_column.av-d28fl8-a11ed49d622bb24b722d51c03a7488c1{\nborder-radius:0px 0px 0px 0px;\npadding:0px 0px 0px 0px;\n}\n<\/style>\n<div  class='flex_column av-d28fl8-a11ed49d622bb24b722d51c03a7488c1 av_one_half  avia-builder-el-6  el_after_av_one_fourth  el_before_av_hr  flex_column_table_cell av-equal-height-column av-align-middle av-zero-column-padding  '     ><section  class='av_textblock_section av-b6eax8-ab7e68f6df62555804383c09faec2cef '   itemscope=\"itemscope\" itemtype=\"https:\/\/schema.org\/CreativeWork\" ><div class='avia_textblock'  itemprop=\"text\" ><h2>At the contest of the Best Estonian Beverages 2020 held by the Estonian Association of Sommeljers Uue-Saaluse Winery got gold medal in the category of sparkling wines with Japanese quince sparkling wine &#8220;Ebak\u00fcdoonia&#8221; and silver medal with the black-currant sparkling wine &#8220;Ruben&#8221;.<\/h2>\n<h2><\/h2>\n<\/div><\/section><\/div><\/div><!--close column table wrapper. Autoclose: 1 -->\n\n<style type=\"text\/css\" data-created_by=\"avia_inline_auto\" id=\"style-css-av-hfuauk-94412718770394ce4a97f2e6fced6e34\">\n#top .hr.hr-invisible.av-hfuauk-94412718770394ce4a97f2e6fced6e34{\nheight:30px;\n}\n<\/style>\n<div  class='hr av-hfuauk-94412718770394ce4a97f2e6fced6e34 hr-invisible  avia-builder-el-8  el_after_av_one_half  el_before_av_one_third '><span class='hr-inner '><span class=\"hr-inner-style\"><\/span><\/span><\/div>\n<div  class='hr av-9vxul8-d47b4b849b27270cdeafaf36644a5271 hr-default'><span class='hr-inner '><span class=\"hr-inner-style\"><\/span><\/span><\/div>\n<div class='flex_column_table av-d28fl8-cbb684290c3902c95f2ef7eebd6b5d60 sc-av_one_third av-equal-height-column-flextable'>\n<style type=\"text\/css\" data-created_by=\"avia_inline_auto\" id=\"style-css-av-d28fl8-cbb684290c3902c95f2ef7eebd6b5d60\">\n.flex_column.av-d28fl8-cbb684290c3902c95f2ef7eebd6b5d60{\nborder-radius:0px 0px 0px 0px;\npadding:0px 0px 0px 0px;\n}\n<\/style>\n<div  class='flex_column av-d28fl8-cbb684290c3902c95f2ef7eebd6b5d60 av_one_third  avia-builder-el-9  el_after_av_hr  el_before_av_one_third  first flex_column_table_cell av-equal-height-column av-align-middle av-zero-column-padding  '     ><section  class='av_textblock_section av-b6eax8-ab7e68f6df62555804383c09faec2cef '   itemscope=\"itemscope\" itemtype=\"https:\/\/schema.org\/CreativeWork\" ><div class='avia_textblock'  itemprop=\"text\" ><h2>Uue-Saaluse Winery got the title of the Best Estonian Alternative Farm in 2019. The award was given by the Union of Estonian Farmers.<\/h2>\n<h2><\/h2>\n<\/div><\/section><\/div>\n<div class='av-flex-placeholder'><\/div>\n<style type=\"text\/css\" data-created_by=\"avia_inline_auto\" id=\"style-css-av-fi4vcc-42ab03e048eb6aa57af396f3aae4db26\">\n.flex_column.av-fi4vcc-42ab03e048eb6aa57af396f3aae4db26{\nborder-radius:0px 0px 0px 0px;\npadding:0px 0px 0px 0px;\n}\n<\/style>\n<div  class='flex_column av-fi4vcc-42ab03e048eb6aa57af396f3aae4db26 av_one_third  avia-builder-el-11  el_after_av_one_third  el_before_av_one_third  flex_column_table_cell av-equal-height-column av-align-middle av-zero-column-padding  '     ><style type=\"text\/css\" data-created_by=\"avia_inline_auto\" id=\"style-css-av-et1nws-bb0b6724dc431032677a5d73857c79a5\">\n.avia-image-container.av-et1nws-bb0b6724dc431032677a5d73857c79a5 img.avia_image{\nbox-shadow:none;\n}\n.avia-image-container.av-et1nws-bb0b6724dc431032677a5d73857c79a5 .av-image-caption-overlay-center{\ncolor:#ffffff;\n}\n<\/style>\n<div  class='avia-image-container av-et1nws-bb0b6724dc431032677a5d73857c79a5 av-styling- avia-align-center  avia-builder-el-12  avia-builder-el-no-sibling '   itemprop=\"image\" itemscope=\"itemscope\" itemtype=\"https:\/\/schema.org\/ImageObject\" ><div class=\"avia-image-container-inner\"><div class=\"avia-image-overlay-wrap\"><img decoding=\"async\" fetchpriority=\"high\" class='wp-image-4801 avia-img-lazy-loading-not-4801 avia_image ' src=\"https:\/\/uuesaaluseveinitalu.ee\/wp-content\/uploads\/2020\/11\/52-scaled.jpg\" alt='' title='52'  height=\"1920\" width=\"2560\"  itemprop=\"thumbnailUrl\" srcset=\"https:\/\/uuesaaluseveinitalu.ee\/wp-content\/uploads\/2020\/11\/52-scaled.jpg 2560w, https:\/\/uuesaaluseveinitalu.ee\/wp-content\/uploads\/2020\/11\/52-300x225.jpg 300w, https:\/\/uuesaaluseveinitalu.ee\/wp-content\/uploads\/2020\/11\/52-1030x773.jpg 1030w, https:\/\/uuesaaluseveinitalu.ee\/wp-content\/uploads\/2020\/11\/52-768x576.jpg 768w, https:\/\/uuesaaluseveinitalu.ee\/wp-content\/uploads\/2020\/11\/52-1536x1152.jpg 1536w, https:\/\/uuesaaluseveinitalu.ee\/wp-content\/uploads\/2020\/11\/52-2048x1536.jpg 2048w, https:\/\/uuesaaluseveinitalu.ee\/wp-content\/uploads\/2020\/11\/52-1500x1125.jpg 1500w, https:\/\/uuesaaluseveinitalu.ee\/wp-content\/uploads\/2020\/11\/52-705x529.jpg 705w, https:\/\/uuesaaluseveinitalu.ee\/wp-content\/uploads\/2020\/11\/52-450x338.jpg 450w\" sizes=\"(max-width: 2560px) 100vw, 2560px\" \/><\/div><\/div><\/div><\/div>\n<div class='av-flex-placeholder'><\/div>\n<style type=\"text\/css\" data-created_by=\"avia_inline_auto\" id=\"style-css-av-fi4vcc-42ab03e048eb6aa57af396f3aae4db26\">\n.flex_column.av-fi4vcc-42ab03e048eb6aa57af396f3aae4db26{\nborder-radius:0px 0px 0px 0px;\npadding:0px 0px 0px 0px;\n}\n<\/style>\n<div  class='flex_column av-fi4vcc-42ab03e048eb6aa57af396f3aae4db26 av_one_third  avia-builder-el-13  el_after_av_one_third  el_before_av_hr  flex_column_table_cell av-equal-height-column av-align-middle av-zero-column-padding  '     ><style type=\"text\/css\" data-created_by=\"avia_inline_auto\" id=\"style-css-av-et1nws-8be6c38d4c0c0149bd0c580b7655f236\">\n.avia-image-container.av-et1nws-8be6c38d4c0c0149bd0c580b7655f236 img.avia_image{\nbox-shadow:none;\n}\n.avia-image-container.av-et1nws-8be6c38d4c0c0149bd0c580b7655f236 .av-image-caption-overlay-center{\ncolor:#ffffff;\n}\n<\/style>\n<div  class='avia-image-container av-et1nws-8be6c38d4c0c0149bd0c580b7655f236 av-styling- avia-align-center  avia-builder-el-14  avia-builder-el-no-sibling '   itemprop=\"image\" itemscope=\"itemscope\" itemtype=\"https:\/\/schema.org\/ImageObject\" ><div class=\"avia-image-container-inner\"><div class=\"avia-image-overlay-wrap\"><img decoding=\"async\" fetchpriority=\"high\" class='wp-image-4799 avia-img-lazy-loading-not-4799 avia_image ' src=\"https:\/\/uuesaaluseveinitalu.ee\/wp-content\/uploads\/2020\/11\/51-scaled.jpg\" alt='' title='51'  height=\"1920\" width=\"2560\"  itemprop=\"thumbnailUrl\" srcset=\"https:\/\/uuesaaluseveinitalu.ee\/wp-content\/uploads\/2020\/11\/51-scaled.jpg 2560w, https:\/\/uuesaaluseveinitalu.ee\/wp-content\/uploads\/2020\/11\/51-300x225.jpg 300w, https:\/\/uuesaaluseveinitalu.ee\/wp-content\/uploads\/2020\/11\/51-1030x773.jpg 1030w, https:\/\/uuesaaluseveinitalu.ee\/wp-content\/uploads\/2020\/11\/51-768x576.jpg 768w, https:\/\/uuesaaluseveinitalu.ee\/wp-content\/uploads\/2020\/11\/51-1536x1152.jpg 1536w, https:\/\/uuesaaluseveinitalu.ee\/wp-content\/uploads\/2020\/11\/51-2048x1536.jpg 2048w, https:\/\/uuesaaluseveinitalu.ee\/wp-content\/uploads\/2020\/11\/51-1500x1125.jpg 1500w, https:\/\/uuesaaluseveinitalu.ee\/wp-content\/uploads\/2020\/11\/51-705x529.jpg 705w, https:\/\/uuesaaluseveinitalu.ee\/wp-content\/uploads\/2020\/11\/51-450x338.jpg 450w\" sizes=\"(max-width: 2560px) 100vw, 2560px\" \/><\/div><\/div><\/div><\/div><\/div><!--close column table wrapper. Autoclose: 1 -->\n<div  class='hr av-9vxul8-d47b4b849b27270cdeafaf36644a5271 hr-default  avia-builder-el-15  el_after_av_one_third  el_before_av_one_half '><span class='hr-inner '><span class=\"hr-inner-style\"><\/span><\/span><\/div>\n<div class='flex_column_table av-fi4vcc-b727245dbf4b8b3a3742f80e5881edc2 sc-av_one_half av-equal-height-column-flextable'>\n<style type=\"text\/css\" data-created_by=\"avia_inline_auto\" id=\"style-css-av-fi4vcc-b727245dbf4b8b3a3742f80e5881edc2\">\n.flex_column.av-fi4vcc-b727245dbf4b8b3a3742f80e5881edc2{\nborder-radius:0px 0px 0px 0px;\npadding:0px 0px 0px 0px;\n}\n<\/style>\n<div  class='flex_column av-fi4vcc-b727245dbf4b8b3a3742f80e5881edc2 av_one_half  avia-builder-el-16  el_after_av_hr  el_before_av_one_half  first flex_column_table_cell av-equal-height-column av-align-middle av-zero-column-padding  '     ><style type=\"text\/css\" data-created_by=\"avia_inline_auto\" id=\"style-css-av-et1nws-98a6052ac4f634b7c7deb95c8465112f\">\n.avia-image-container.av-et1nws-98a6052ac4f634b7c7deb95c8465112f img.avia_image{\nbox-shadow:none;\n}\n.avia-image-container.av-et1nws-98a6052ac4f634b7c7deb95c8465112f .av-image-caption-overlay-center{\ncolor:#ffffff;\n}\n<\/style>\n<div  class='avia-image-container av-et1nws-98a6052ac4f634b7c7deb95c8465112f av-styling- avia-align-center  avia-builder-el-17  avia-builder-el-no-sibling '   itemprop=\"image\" itemscope=\"itemscope\" itemtype=\"https:\/\/schema.org\/ImageObject\" ><div class=\"avia-image-container-inner\"><div class=\"avia-image-overlay-wrap\"><img decoding=\"async\" fetchpriority=\"high\" class='wp-image-2985 avia-img-lazy-loading-not-2985 avia_image ' src=\"https:\/\/uuesaaluseveinitalu.ee\/wp-content\/uploads\/2017\/08\/File_000-3-e1502820249182.jpeg\" alt='' title='File_000 (3)'  height=\"2448\" width=\"3264\"  itemprop=\"thumbnailUrl\" srcset=\"https:\/\/uuesaaluseveinitalu.ee\/wp-content\/uploads\/2017\/08\/File_000-3-e1502820249182.jpeg 3264w, https:\/\/uuesaaluseveinitalu.ee\/wp-content\/uploads\/2017\/08\/File_000-3-e1502820249182-450x338.jpeg 450w, https:\/\/uuesaaluseveinitalu.ee\/wp-content\/uploads\/2017\/08\/File_000-3-e1502820249182-300x225.jpeg 300w, https:\/\/uuesaaluseveinitalu.ee\/wp-content\/uploads\/2017\/08\/File_000-3-e1502820249182-768x576.jpeg 768w, https:\/\/uuesaaluseveinitalu.ee\/wp-content\/uploads\/2017\/08\/File_000-3-e1502820249182-1030x773.jpeg 1030w, https:\/\/uuesaaluseveinitalu.ee\/wp-content\/uploads\/2017\/08\/File_000-3-e1502820249182-1500x1125.jpeg 1500w, https:\/\/uuesaaluseveinitalu.ee\/wp-content\/uploads\/2017\/08\/File_000-3-e1502820249182-705x529.jpeg 705w\" sizes=\"(max-width: 3264px) 100vw, 3264px\" \/><\/div><\/div><\/div><\/div>\n<div class='av-flex-placeholder'><\/div>\n<style type=\"text\/css\" data-created_by=\"avia_inline_auto\" id=\"style-css-av-d28fl8-a11ed49d622bb24b722d51c03a7488c1\">\n.flex_column.av-d28fl8-a11ed49d622bb24b722d51c03a7488c1{\nborder-radius:0px 0px 0px 0px;\npadding:0px 0px 0px 0px;\n}\n<\/style>\n<div  class='flex_column av-d28fl8-a11ed49d622bb24b722d51c03a7488c1 av_one_half  avia-builder-el-18  el_after_av_one_half  el_before_av_hr  flex_column_table_cell av-equal-height-column av-align-middle av-zero-column-padding  '     ><section  class='av_textblock_section av-b6eax8-5160ab1594dbe5db54ac3893c3465a2c '   itemscope=\"itemscope\" itemtype=\"https:\/\/schema.org\/CreativeWork\" ><div class='avia_textblock'  itemprop=\"text\" ><h2>K\u00f5ivsaare LTD was awarded with the title of the best entrepreneur of 2016 by Haanja Municipality Government.<\/h2>\n<h2><\/h2>\n<\/div><\/section><\/div><\/div><!--close column table wrapper. Autoclose: 1 -->\n<div  class='hr av-9vxul8-d47b4b849b27270cdeafaf36644a5271 hr-default  avia-builder-el-20  el_after_av_one_half  el_before_av_one_half '><span class='hr-inner '><span class=\"hr-inner-style\"><\/span><\/span><\/div>\n<div class='flex_column_table av-82kgd8-271def05a130680ec082b2d6bc36d85c sc-av_one_half av-equal-height-column-flextable'>\n<style type=\"text\/css\" data-created_by=\"avia_inline_auto\" id=\"style-css-av-82kgd8-271def05a130680ec082b2d6bc36d85c\">\n.flex_column.av-82kgd8-271def05a130680ec082b2d6bc36d85c{\nborder-radius:0px 0px 0px 0px;\npadding:0px 0px 0px 0px;\n}\n<\/style>\n<div  class='flex_column av-82kgd8-271def05a130680ec082b2d6bc36d85c av_one_half  avia-builder-el-21  el_after_av_hr  el_before_av_one_half  first flex_column_table_cell av-equal-height-column av-align-middle av-zero-column-padding  '     ><section  class='av_textblock_section av-5gltoc-4907457fca7796cbfd1714663a0fd67f '   itemscope=\"itemscope\" itemtype=\"https:\/\/schema.org\/CreativeWork\" ><div class='avia_textblock'  itemprop=\"text\" ><h2>In the 2017 Home Wine Competition of the newspaper &#8220;Maaleht&#8221; Maris Kivistik&#8217;s &#8220;Blackcurrant wine with a hint of raspberry&#8221; reached the finals.<\/h2>\n<\/div><\/section><\/div>\n<div class='av-flex-placeholder'><\/div>\n<style type=\"text\/css\" data-created_by=\"avia_inline_auto\" id=\"style-css-av-4twkdo-bd1f85aea0ffd7e2493ab05a9ca25bc4\">\n.flex_column.av-4twkdo-bd1f85aea0ffd7e2493ab05a9ca25bc4{\nborder-radius:0px 0px 0px 0px;\npadding:0px 0px 0px 0px;\n}\n<\/style>\n<div  class='flex_column av-4twkdo-bd1f85aea0ffd7e2493ab05a9ca25bc4 av_one_half  avia-builder-el-23  el_after_av_one_half  avia-builder-el-last  flex_column_table_cell av-equal-height-column av-align-middle av-zero-column-padding  '     ><style type=\"text\/css\" data-created_by=\"avia_inline_auto\" id=\"style-css-av-2bfr0c-bfb203dc7dcfeeb943ad6e5bfa02ac11\">\n.avia-image-container.av-2bfr0c-bfb203dc7dcfeeb943ad6e5bfa02ac11 img.avia_image{\nbox-shadow:none;\n}\n.avia-image-container.av-2bfr0c-bfb203dc7dcfeeb943ad6e5bfa02ac11 .av-image-caption-overlay-center{\ncolor:#ffffff;\n}\n<\/style>\n<div  class='avia-image-container av-2bfr0c-bfb203dc7dcfeeb943ad6e5bfa02ac11 av-styling- avia-align-center  avia-builder-el-24  avia-builder-el-no-sibling '   itemprop=\"image\" itemscope=\"itemscope\" itemtype=\"https:\/\/schema.org\/ImageObject\" ><div class=\"avia-image-container-inner\"><div class=\"avia-image-overlay-wrap\"><img decoding=\"async\" fetchpriority=\"high\" class='wp-image-2986 avia-img-lazy-loading-not-2986 avia_image ' src=\"https:\/\/uuesaaluseveinitalu.ee\/wp-content\/uploads\/2017\/08\/File_001-1-e1502820210277-773x1030.jpeg\" alt='' title='File_001 (1)'  height=\"1030\" width=\"773\"  itemprop=\"thumbnailUrl\" srcset=\"https:\/\/uuesaaluseveinitalu.ee\/wp-content\/uploads\/2017\/08\/File_001-1-e1502820210277-773x1030.jpeg 773w, https:\/\/uuesaaluseveinitalu.ee\/wp-content\/uploads\/2017\/08\/File_001-1-e1502820210277-450x600.jpeg 450w, https:\/\/uuesaaluseveinitalu.ee\/wp-content\/uploads\/2017\/08\/File_001-1-e1502820210277-225x300.jpeg 225w, https:\/\/uuesaaluseveinitalu.ee\/wp-content\/uploads\/2017\/08\/File_001-1-e1502820210277-768x1024.jpeg 768w, https:\/\/uuesaaluseveinitalu.ee\/wp-content\/uploads\/2017\/08\/File_001-1-e1502820210277-1125x1500.jpeg 1125w, https:\/\/uuesaaluseveinitalu.ee\/wp-content\/uploads\/2017\/08\/File_001-1-e1502820210277-529x705.jpeg 529w\" sizes=\"(max-width: 773px) 100vw, 773px\" \/><\/div><\/div><\/div><\/div><\/div><!--close column table wrapper. Autoclose: 1 -->\n","protected":false},"excerpt":{"rendered":"","protected":false},"author":1,"featured_media":0,"parent":0,"menu_order":0,"comment_status":"closed","ping_status":"closed","template":"","meta":{"_acf_changed":false,"footnotes":""},"class_list":["post-2972","page","type-page","status-publish","hentry"],"acf":[],"yoast_head":"<!-- This site is optimized with the Yoast SEO plugin v24.3 - https:\/\/yoast.com\/wordpress\/plugins\/seo\/ -->\n<title>Awards - Uue-Saaluse Veinitalu<\/title>\n<meta name=\"robots\" content=\"index, follow, max-snippet:-1, max-image-preview:large, max-video-preview:-1\" \/>\n<link rel=\"canonical\" href=\"https:\/\/uuesaaluseveinitalu.ee\/en\/awards\/\" \/>\n<meta property=\"og:locale\" content=\"en_US\" \/>\n<meta property=\"og:type\" content=\"article\" \/>\n<meta property=\"og:title\" content=\"Awards - Uue-Saaluse Veinitalu\" \/>\n<meta property=\"og:url\" content=\"https:\/\/uuesaaluseveinitalu.ee\/en\/awards\/\" \/>\n<meta property=\"og:site_name\" content=\"Uue-Saaluse Veinitalu\" \/>\n<meta property=\"article:modified_time\" content=\"2021-02-05T18:58:36+00:00\" \/>\n<meta name=\"twitter:card\" content=\"summary_large_image\" \/>\n<meta name=\"twitter:label1\" content=\"Est. reading time\" \/>\n\t<meta name=\"twitter:data1\" content=\"9 minutes\" \/>\n<script type=\"application\/ld+json\" class=\"yoast-schema-graph\">{\"@context\":\"https:\/\/schema.org\",\"@graph\":[{\"@type\":\"WebPage\",\"@id\":\"https:\/\/uuesaaluseveinitalu.ee\/en\/awards\/\",\"url\":\"https:\/\/uuesaaluseveinitalu.ee\/en\/awards\/\",\"name\":\"Awards - Uue-Saaluse Veinitalu\",\"isPartOf\":{\"@id\":\"https:\/\/uuesaaluseveinitalu.ee\/en\/#website\"},\"datePublished\":\"2019-05-02T15:00:30+00:00\",\"dateModified\":\"2021-02-05T18:58:36+00:00\",\"breadcrumb\":{\"@id\":\"https:\/\/uuesaaluseveinitalu.ee\/en\/awards\/#breadcrumb\"},\"inLanguage\":\"en-US\",\"potentialAction\":[{\"@type\":\"ReadAction\",\"target\":[\"https:\/\/uuesaaluseveinitalu.ee\/en\/awards\/\"]}]},{\"@type\":\"BreadcrumbList\",\"@id\":\"https:\/\/uuesaaluseveinitalu.ee\/en\/awards\/#breadcrumb\",\"itemListElement\":[{\"@type\":\"ListItem\",\"position\":1,\"name\":\"Home\",\"item\":\"https:\/\/uuesaaluseveinitalu.ee\/en\/\"},{\"@type\":\"ListItem\",\"position\":2,\"name\":\"Awards\"}]},{\"@type\":\"WebSite\",\"@id\":\"https:\/\/uuesaaluseveinitalu.ee\/en\/#website\",\"url\":\"https:\/\/uuesaaluseveinitalu.ee\/en\/\",\"name\":\"Uue-Saaluse Veinitalu\",\"description\":\"K\u00e4sit\u00f6\u00f6veinid Haanjamaalt!\",\"potentialAction\":[{\"@type\":\"SearchAction\",\"target\":{\"@type\":\"EntryPoint\",\"urlTemplate\":\"https:\/\/uuesaaluseveinitalu.ee\/en\/?s={search_term_string}\"},\"query-input\":{\"@type\":\"PropertyValueSpecification\",\"valueRequired\":true,\"valueName\":\"search_term_string\"}}],\"inLanguage\":\"en-US\"}]}<\/script>\n<!-- \/ Yoast SEO plugin. -->","yoast_head_json":{"title":"Awards - Uue-Saaluse Veinitalu","robots":{"index":"index","follow":"follow","max-snippet":"max-snippet:-1","max-image-preview":"max-image-preview:large","max-video-preview":"max-video-preview:-1"},"canonical":"https:\/\/uuesaaluseveinitalu.ee\/en\/awards\/","og_locale":"en_US","og_type":"article","og_title":"Awards - Uue-Saaluse Veinitalu","og_url":"https:\/\/uuesaaluseveinitalu.ee\/en\/awards\/","og_site_name":"Uue-Saaluse Veinitalu","article_modified_time":"2021-02-05T18:58:36+00:00","twitter_card":"summary_large_image","twitter_misc":{"Est. reading time":"9 minutes"},"schema":{"@context":"https:\/\/schema.org","@graph":[{"@type":"WebPage","@id":"https:\/\/uuesaaluseveinitalu.ee\/en\/awards\/","url":"https:\/\/uuesaaluseveinitalu.ee\/en\/awards\/","name":"Awards - Uue-Saaluse Veinitalu","isPartOf":{"@id":"https:\/\/uuesaaluseveinitalu.ee\/en\/#website"},"datePublished":"2019-05-02T15:00:30+00:00","dateModified":"2021-02-05T18:58:36+00:00","breadcrumb":{"@id":"https:\/\/uuesaaluseveinitalu.ee\/en\/awards\/#breadcrumb"},"inLanguage":"en-US","potentialAction":[{"@type":"ReadAction","target":["https:\/\/uuesaaluseveinitalu.ee\/en\/awards\/"]}]},{"@type":"BreadcrumbList","@id":"https:\/\/uuesaaluseveinitalu.ee\/en\/awards\/#breadcrumb","itemListElement":[{"@type":"ListItem","position":1,"name":"Home","item":"https:\/\/uuesaaluseveinitalu.ee\/en\/"},{"@type":"ListItem","position":2,"name":"Awards"}]},{"@type":"WebSite","@id":"https:\/\/uuesaaluseveinitalu.ee\/en\/#website","url":"https:\/\/uuesaaluseveinitalu.ee\/en\/","name":"Uue-Saaluse Veinitalu","description":"K\u00e4sit\u00f6\u00f6veinid Haanjamaalt!","potentialAction":[{"@type":"SearchAction","target":{"@type":"EntryPoint","urlTemplate":"https:\/\/uuesaaluseveinitalu.ee\/en\/?s={search_term_string}"},"query-input":{"@type":"PropertyValueSpecification","valueRequired":true,"valueName":"search_term_string"}}],"inLanguage":"en-US"}]}},"_links":{"self":[{"href":"https:\/\/uuesaaluseveinitalu.ee\/en\/wp-json\/wp\/v2\/pages\/2972","targetHints":{"allow":["GET"]}}],"collection":[{"href":"https:\/\/uuesaaluseveinitalu.ee\/en\/wp-json\/wp\/v2\/pages"}],"about":[{"href":"https:\/\/uuesaaluseveinitalu.ee\/en\/wp-json\/wp\/v2\/types\/page"}],"author":[{"embeddable":true,"href":"https:\/\/uuesaaluseveinitalu.ee\/en\/wp-json\/wp\/v2\/users\/1"}],"replies":[{"embeddable":true,"href":"https:\/\/uuesaaluseveinitalu.ee\/en\/wp-json\/wp\/v2\/comments?post=2972"}],"version-history":[{"count":4,"href":"https:\/\/uuesaaluseveinitalu.ee\/en\/wp-json\/wp\/v2\/pages\/2972\/revisions"}],"predecessor-version":[{"id":5037,"href":"https:\/\/uuesaaluseveinitalu.ee\/en\/wp-json\/wp\/v2\/pages\/2972\/revisions\/5037"}],"wp:attachment":[{"href":"https:\/\/uuesaaluseveinitalu.ee\/en\/wp-json\/wp\/v2\/media?parent=2972"}],"curies":[{"name":"wp","href":"https:\/\/api.w.org\/{rel}","templated":true}]}}